{"id":54460,"date":"2020-11-28T16:30:02","date_gmt":"2020-11-28T14:30:02","guid":{"rendered":"https:\/\/www.stuccovenezianoshop.com\/produkt\/wand-phobik-mat-satyna\/"},"modified":"2020-11-28T16:30:02","modified_gmt":"2020-11-28T14:30:02","slug":"wand-phobik-mat-satyna","status":"publish","type":"product","link":"https:\/\/www.stuccovenezianoshop.com\/pl\/prodotto\/wand-phobik-mat-satyna\/","title":{"rendered":"Wand Phobik Mat\/Satyna"},"content":{"rendered":"<p>Wand Phobik to p\u0142ynny produkt o wysokiej odporno\u015bci na wod\u0119, kt\u00f3ry poprawia zmywalno\u015b\u0107 powierzchni. Nak\u0142adany w grubej warstwie, zapewnia doskona\u0142\u0105 ochron\u0119 powierzchni z matowym lub satynowym efektem, zachowuj\u0105c chromatyczne w\u0142a\u015bciwo\u015bci pod\u0142o\u017ca.<br \/>\n\u0141atwy do na\u0142o\u017cenia wa\u0142kiem lub p\u0119dzlem.<\/p>\n","protected":false},"excerpt":{"rendered":"<p>Wand Phobik to p\u0142ynny produkt o wysokiej odporno\u015bci na wod\u0119, kt\u00f3ry poprawia zmywalno\u015b\u0107 powierzchni. Nak\u0142adany w grubej warstwie, zapewnia doskona\u0142\u0105 ochron\u0119 powierzchni z matowym lub satynowym efektem, zachowuj\u0105c chromatyczne w\u0142a\u015bciwo\u015bci pod\u0142o\u017ca.<\/p>\n<h4>Cechy produktu:<\/h4>\n<p><span class=\"avvertenze\">Uwagi: gotowy do u\u017cycia<\/span><br \/>\n<span class=\"nature\">Charakter: Hydrofobizacja<\/span><br \/>\n<span class=\"aspetto\">Wygl\u0105d: transparentny bezbarwny mat\/satyna<\/span><br \/>\n<a href=\"https:\/\/www.stuccovenezianoshop.com\/wp-content\/uploads\/pdf\/036_TECHNISCHES_MERKBLATT_WAND_PHOBIK_MATT_SATIN.pdf\" target=\"_blank\" rel=\"noopener noreferrer\"><span class=\"pdf\">Karta techniczna<\/span><\/a><\/p>\n<p><a href=\"https:\/\/www.stuccovenezianoshop.com\/pl\/poradnik\/#WandPhobik\"><button class=\"video-button\">Samouczek wideo<\/button><\/a><\/p>\n","protected":false},"featured_media":32461,"comment_status":"closed","ping_status":"closed","template":"","meta":{"_acf_changed":false},"product_brand":[],"product_cat":[1100],"product_tag":[],"class_list":{"0":"post-54460","1":"product","2":"type-product","3":"status-publish","4":"has-post-thumbnail","6":"product_cat-woski-i-srodki-ochronne","7":"description-off","9":"first","10":"instock","11":"taxable","12":"shipping-taxable","13":"purchasable","14":"product-type-variable"},"acf":[],"yoast_head":"<!-- This site is optimized with the Yoast SEO plugin v27.5 - https:\/\/yoast.com\/product\/yoast-seo-wordpress\/ -->\n<title>Wand Phobik Mat\/Satyna &#8226; Stucco Veneziano<\/title>\n<meta name=\"description\" content=\"Wand Phobik to p\u0142ynny produkt o wysokiej odporno\u015bci na wod\u0119, kt\u00f3ry poprawia zmywalno\u015b\u0107 powierzchni. Stucco Veneziano Shop\" \/>\n<meta name=\"robots\" content=\"index, follow, max-snippet:-1, max-image-preview:large, max-video-preview:-1\" \/>\n<link rel=\"canonical\" href=\"https:\/\/www.stuccovenezianoshop.com\/pl\/prodotto\/wand-phobik-mat-satyna\/\" \/>\n<meta property=\"og:locale\" content=\"pl_PL\" \/>\n<meta property=\"og:type\" content=\"article\" \/>\n<meta property=\"og:title\" content=\"Wand Phobik Mat\/Satyna &#8226; Stucco Veneziano\" \/>\n<meta property=\"og:description\" content=\"Wand Phobik to p\u0142ynny produkt o wysokiej odporno\u015bci na wod\u0119, kt\u00f3ry poprawia zmywalno\u015b\u0107 powierzchni. Stucco Veneziano Shop\" \/>\n<meta property=\"og:url\" content=\"https:\/\/www.stuccovenezianoshop.com\/pl\/prodotto\/wand-phobik-mat-satyna\/\" \/>\n<meta property=\"og:site_name\" content=\"Stucco Veneziano\" \/>\n<meta property=\"article:publisher\" content=\"https:\/\/www.facebook.com\/stuccovenezianoshop\" \/>\n<meta name=\"twitter:card\" content=\"summary_large_image\" \/>\n<script type=\"application\/ld+json\" class=\"yoast-schema-graph\">{\"@context\":\"https:\\\/\\\/schema.org\",\"@graph\":[{\"@type\":\"WebPage\",\"@id\":\"https:\\\/\\\/www.stuccovenezianoshop.com\\\/pl\\\/prodotto\\\/wand-phobik-mat-satyna\\\/\",\"url\":\"https:\\\/\\\/www.stuccovenezianoshop.com\\\/pl\\\/prodotto\\\/wand-phobik-mat-satyna\\\/\",\"name\":\"Wand Phobik Mat\\\/Satyna &#8226; Stucco Veneziano\",\"isPartOf\":{\"@id\":\"https:\\\/\\\/www.stuccovenezianoshop.com\\\/pl\\\/#website\"},\"primaryImageOfPage\":{\"@id\":\"https:\\\/\\\/www.stuccovenezianoshop.com\\\/pl\\\/prodotto\\\/wand-phobik-mat-satyna\\\/#primaryimage\"},\"image\":{\"@id\":\"https:\\\/\\\/www.stuccovenezianoshop.com\\\/pl\\\/prodotto\\\/wand-phobik-mat-satyna\\\/#primaryimage\"},\"thumbnailUrl\":\"https:\\\/\\\/www.stuccovenezianoshop.com\\\/wp-content\\\/uploads\\\/2020\\\/11\\\/Lt_1_5_Taniche.avif\",\"datePublished\":\"2020-11-28T14:30:02+00:00\",\"description\":\"Wand Phobik to p\u0142ynny produkt o wysokiej odporno\u015bci na wod\u0119, kt\u00f3ry poprawia zmywalno\u015b\u0107 powierzchni. Stucco Veneziano Shop\",\"breadcrumb\":{\"@id\":\"https:\\\/\\\/www.stuccovenezianoshop.com\\\/pl\\\/prodotto\\\/wand-phobik-mat-satyna\\\/#breadcrumb\"},\"inLanguage\":\"pl-PL\",\"potentialAction\":[{\"@type\":\"ReadAction\",\"target\":[\"https:\\\/\\\/www.stuccovenezianoshop.com\\\/pl\\\/prodotto\\\/wand-phobik-mat-satyna\\\/\"]}]},{\"@type\":\"ImageObject\",\"inLanguage\":\"pl-PL\",\"@id\":\"https:\\\/\\\/www.stuccovenezianoshop.com\\\/pl\\\/prodotto\\\/wand-phobik-mat-satyna\\\/#primaryimage\",\"url\":\"https:\\\/\\\/www.stuccovenezianoshop.com\\\/wp-content\\\/uploads\\\/2020\\\/11\\\/Lt_1_5_Taniche.avif\",\"contentUrl\":\"https:\\\/\\\/www.stuccovenezianoshop.com\\\/wp-content\\\/uploads\\\/2020\\\/11\\\/Lt_1_5_Taniche.avif\",\"width\":1080,\"height\":1080},{\"@type\":\"BreadcrumbList\",\"@id\":\"https:\\\/\\\/www.stuccovenezianoshop.com\\\/pl\\\/prodotto\\\/wand-phobik-mat-satyna\\\/#breadcrumb\",\"itemListElement\":[{\"@type\":\"ListItem\",\"position\":1,\"name\":\"Strona g\u0142\u00f3wna\",\"item\":\"https:\\\/\\\/www.stuccovenezianoshop.com\\\/pl\\\/\"},{\"@type\":\"ListItem\",\"position\":2,\"name\":\"Sklep\",\"item\":\"https:\\\/\\\/www.stuccovenezianoshop.com\\\/pl\\\/sklep\\\/\"},{\"@type\":\"ListItem\",\"position\":3,\"name\":\"Wand Phobik Mat\\\/Satyna\"}]},{\"@type\":\"WebSite\",\"@id\":\"https:\\\/\\\/www.stuccovenezianoshop.com\\\/pl\\\/#website\",\"url\":\"https:\\\/\\\/www.stuccovenezianoshop.com\\\/pl\\\/\",\"name\":\"Stucco Veneziano\",\"description\":\"\",\"publisher\":{\"@id\":\"https:\\\/\\\/www.stuccovenezianoshop.com\\\/pl\\\/#organization\"},\"potentialAction\":[{\"@type\":\"SearchAction\",\"target\":{\"@type\":\"EntryPoint\",\"urlTemplate\":\"https:\\\/\\\/www.stuccovenezianoshop.com\\\/pl\\\/?s={search_term_string}\"},\"query-input\":{\"@type\":\"PropertyValueSpecification\",\"valueRequired\":true,\"valueName\":\"search_term_string\"}}],\"inLanguage\":\"pl-PL\"},{\"@type\":\"Organization\",\"@id\":\"https:\\\/\\\/www.stuccovenezianoshop.com\\\/pl\\\/#organization\",\"name\":\"Stucco Veneziano\",\"url\":\"https:\\\/\\\/www.stuccovenezianoshop.com\\\/pl\\\/\",\"logo\":{\"@type\":\"ImageObject\",\"inLanguage\":\"pl-PL\",\"@id\":\"https:\\\/\\\/www.stuccovenezianoshop.com\\\/pl\\\/#\\\/schema\\\/logo\\\/image\\\/\",\"url\":\"https:\\\/\\\/www.stuccovenezianoshop.com\\\/wp-content\\\/uploads\\\/2021\\\/08\\\/Logo-mobile-2x.avif\",\"contentUrl\":\"https:\\\/\\\/www.stuccovenezianoshop.com\\\/wp-content\\\/uploads\\\/2021\\\/08\\\/Logo-mobile-2x.avif\",\"width\":121,\"height\":70,\"caption\":\"Stucco Veneziano\"},\"image\":{\"@id\":\"https:\\\/\\\/www.stuccovenezianoshop.com\\\/pl\\\/#\\\/schema\\\/logo\\\/image\\\/\"},\"sameAs\":[\"https:\\\/\\\/www.facebook.com\\\/stuccovenezianoshop\",\"https:\\\/\\\/www.instagram.com\\\/stuccovenezianoshop\\\/\"]}]}<\/script>\n<!-- \/ Yoast SEO plugin. -->","yoast_head_json":{"title":"Wand Phobik Mat\/Satyna &#8226; Stucco Veneziano","description":"Wand Phobik to p\u0142ynny produkt o wysokiej odporno\u015bci na wod\u0119, kt\u00f3ry poprawia zmywalno\u015b\u0107 powierzchni. Stucco Veneziano Shop","robots":{"index":"index","follow":"follow","max-snippet":"max-snippet:-1","max-image-preview":"max-image-preview:large","max-video-preview":"max-video-preview:-1"},"canonical":"https:\/\/www.stuccovenezianoshop.com\/pl\/prodotto\/wand-phobik-mat-satyna\/","og_locale":"pl_PL","og_type":"article","og_title":"Wand Phobik Mat\/Satyna &#8226; Stucco Veneziano","og_description":"Wand Phobik to p\u0142ynny produkt o wysokiej odporno\u015bci na wod\u0119, kt\u00f3ry poprawia zmywalno\u015b\u0107 powierzchni. Stucco Veneziano Shop","og_url":"https:\/\/www.stuccovenezianoshop.com\/pl\/prodotto\/wand-phobik-mat-satyna\/","og_site_name":"Stucco Veneziano","article_publisher":"https:\/\/www.facebook.com\/stuccovenezianoshop","twitter_card":"summary_large_image","schema":{"@context":"https:\/\/schema.org","@graph":[{"@type":"WebPage","@id":"https:\/\/www.stuccovenezianoshop.com\/pl\/prodotto\/wand-phobik-mat-satyna\/","url":"https:\/\/www.stuccovenezianoshop.com\/pl\/prodotto\/wand-phobik-mat-satyna\/","name":"Wand Phobik Mat\/Satyna &#8226; Stucco Veneziano","isPartOf":{"@id":"https:\/\/www.stuccovenezianoshop.com\/pl\/#website"},"primaryImageOfPage":{"@id":"https:\/\/www.stuccovenezianoshop.com\/pl\/prodotto\/wand-phobik-mat-satyna\/#primaryimage"},"image":{"@id":"https:\/\/www.stuccovenezianoshop.com\/pl\/prodotto\/wand-phobik-mat-satyna\/#primaryimage"},"thumbnailUrl":"https:\/\/www.stuccovenezianoshop.com\/wp-content\/uploads\/2020\/11\/Lt_1_5_Taniche.avif","datePublished":"2020-11-28T14:30:02+00:00","description":"Wand Phobik to p\u0142ynny produkt o wysokiej odporno\u015bci na wod\u0119, kt\u00f3ry poprawia zmywalno\u015b\u0107 powierzchni. Stucco Veneziano Shop","breadcrumb":{"@id":"https:\/\/www.stuccovenezianoshop.com\/pl\/prodotto\/wand-phobik-mat-satyna\/#breadcrumb"},"inLanguage":"pl-PL","potentialAction":[{"@type":"ReadAction","target":["https:\/\/www.stuccovenezianoshop.com\/pl\/prodotto\/wand-phobik-mat-satyna\/"]}]},{"@type":"ImageObject","inLanguage":"pl-PL","@id":"https:\/\/www.stuccovenezianoshop.com\/pl\/prodotto\/wand-phobik-mat-satyna\/#primaryimage","url":"https:\/\/www.stuccovenezianoshop.com\/wp-content\/uploads\/2020\/11\/Lt_1_5_Taniche.avif","contentUrl":"https:\/\/www.stuccovenezianoshop.com\/wp-content\/uploads\/2020\/11\/Lt_1_5_Taniche.avif","width":1080,"height":1080},{"@type":"BreadcrumbList","@id":"https:\/\/www.stuccovenezianoshop.com\/pl\/prodotto\/wand-phobik-mat-satyna\/#breadcrumb","itemListElement":[{"@type":"ListItem","position":1,"name":"Strona g\u0142\u00f3wna","item":"https:\/\/www.stuccovenezianoshop.com\/pl\/"},{"@type":"ListItem","position":2,"name":"Sklep","item":"https:\/\/www.stuccovenezianoshop.com\/pl\/sklep\/"},{"@type":"ListItem","position":3,"name":"Wand Phobik Mat\/Satyna"}]},{"@type":"WebSite","@id":"https:\/\/www.stuccovenezianoshop.com\/pl\/#website","url":"https:\/\/www.stuccovenezianoshop.com\/pl\/","name":"Stucco Veneziano","description":"","publisher":{"@id":"https:\/\/www.stuccovenezianoshop.com\/pl\/#organization"},"potentialAction":[{"@type":"SearchAction","target":{"@type":"EntryPoint","urlTemplate":"https:\/\/www.stuccovenezianoshop.com\/pl\/?s={search_term_string}"},"query-input":{"@type":"PropertyValueSpecification","valueRequired":true,"valueName":"search_term_string"}}],"inLanguage":"pl-PL"},{"@type":"Organization","@id":"https:\/\/www.stuccovenezianoshop.com\/pl\/#organization","name":"Stucco Veneziano","url":"https:\/\/www.stuccovenezianoshop.com\/pl\/","logo":{"@type":"ImageObject","inLanguage":"pl-PL","@id":"https:\/\/www.stuccovenezianoshop.com\/pl\/#\/schema\/logo\/image\/","url":"https:\/\/www.stuccovenezianoshop.com\/wp-content\/uploads\/2021\/08\/Logo-mobile-2x.avif","contentUrl":"https:\/\/www.stuccovenezianoshop.com\/wp-content\/uploads\/2021\/08\/Logo-mobile-2x.avif","width":121,"height":70,"caption":"Stucco Veneziano"},"image":{"@id":"https:\/\/www.stuccovenezianoshop.com\/pl\/#\/schema\/logo\/image\/"},"sameAs":["https:\/\/www.facebook.com\/stuccovenezianoshop","https:\/\/www.instagram.com\/stuccovenezianoshop\/"]}]}},"_links":{"self":[{"href":"https:\/\/www.stuccovenezianoshop.com\/pl\/wp-json\/wp\/v2\/product\/54460","targetHints":{"allow":["GET"]}}],"collection":[{"href":"https:\/\/www.stuccovenezianoshop.com\/pl\/wp-json\/wp\/v2\/product"}],"about":[{"href":"https:\/\/www.stuccovenezianoshop.com\/pl\/wp-json\/wp\/v2\/types\/product"}],"replies":[{"embeddable":true,"href":"https:\/\/www.stuccovenezianoshop.com\/pl\/wp-json\/wp\/v2\/comments?post=54460"}],"wp:featuredmedia":[{"embeddable":true,"href":"https:\/\/www.stuccovenezianoshop.com\/pl\/wp-json\/wp\/v2\/media\/32461"}],"wp:attachment":[{"href":"https:\/\/www.stuccovenezianoshop.com\/pl\/wp-json\/wp\/v2\/media?parent=54460"}],"wp:term":[{"taxonomy":"product_brand","embeddable":true,"href":"https:\/\/www.stuccovenezianoshop.com\/pl\/wp-json\/wp\/v2\/product_brand?post=54460"},{"taxonomy":"product_cat","embeddable":true,"href":"https:\/\/www.stuccovenezianoshop.com\/pl\/wp-json\/wp\/v2\/product_cat?post=54460"},{"taxonomy":"product_tag","embeddable":true,"href":"https:\/\/www.stuccovenezianoshop.com\/pl\/wp-json\/wp\/v2\/product_tag?post=54460"}],"curies":[{"name":"wp","href":"https:\/\/api.w.org\/{rel}","templated":true}]}}