{"id":54375,"date":"2020-11-28T11:28:27","date_gmt":"2020-11-28T09:28:27","guid":{"rendered":"https:\/\/www.stuccovenezianoshop.com\/produkt\/podklad-griffsbrueck\/"},"modified":"2020-11-28T11:28:27","modified_gmt":"2020-11-28T09:28:27","slug":"podklad-griffsbrueck","status":"publish","type":"product","link":"https:\/\/www.stuccovenezianoshop.com\/pl\/prodotto\/podklad-griffsbrueck\/","title":{"rendered":"Podk\u0142ad Griffsbr\u00fcck"},"content":{"rendered":"<p>Grunt Griffsbr\u00fcck to innowacyjny grunt, kt\u00f3ry zosta\u0142 specjalnie opracowany do powierzchni nieporowatych, wymagaj\u0105cych silnego zakotwiczenia.<br \/>\nProdukt zapewnia idealne warunki do solidnego zakotwiczenia na p\u0142ytkach, glazurowanej ceramice, plastiku, marmurze, \u017celazie oraz powierzchniach ju\u017c pokrytych takimi materia\u0142ami.<br \/>\nGrunt Griffsbr\u00fcck to gotowy do u\u017cycia produkt, kt\u00f3rego mikroziarna pozostaj\u0105 r\u00f3wnomiernie rozprowadzone, co umo\u017cliwia jednolite zastosowanie.<\/p>\n","protected":false},"excerpt":{"rendered":"<p>Grunt Griffsbr\u00fcck to innowacyjny grunt, kt\u00f3ry zosta\u0142 specjalnie opracowany do powierzchni nieporowatych, wymagaj\u0105cych silnego zakotwiczenia. Produkt zapewnia idealne warunki do solidnego zakotwiczenia na p\u0142ytkach, glazurowanej ceramice, plastiku, marmurze, \u017celazie oraz powierzchniach ju\u017c pokrytych takimi materia\u0142ami. <\/p>\n<h4>Cechy produktu:<\/h4>\n<p><span class=\"avvertenze\">Uwagi: gotowy do u\u017cycia <\/span><br \/>\n<span class=\"nature\">Natura: transparentny Syntetyczny o bardzo wysokiej przyczepno\u015bci <\/span><br \/>\n<span class=\"aspetto\">Wygl\u0105d: transparentny p\u00f3\u0142mat <\/span><br \/>\n<a href=\"https:\/\/www.stuccovenezianoshop.com\/wp-content\/uploads\/2021\/09\/040_TECHNISCHES_MERKBLATT_GRUNDIERUNG_GRIFFSBRUeCK.pdf\" target=\"_blank\" rel=\"noopener noreferrer\"><span class=\"pdf\">Karta techniczna<\/span><\/a><br \/>\n<a href=\"https:\/\/www.stuccovenezianoshop.com\/wp-content\/uploads\/2021\/09\/040_SICHERHEITSDATENBLATT_GRUNDIERUNG_GRIFFSBRUeCK.pdf\" target=\"_blank\" rel=\"noopener noreferrer\"><span class=\"pdf\">Karta charakterystyki<\/span><\/a><\/p>\n<p><a href=\"https:\/\/www.stuccovenezianoshop.com\/pl\/poradnik\/#GrundierungGriffsbr%C3%BCck\"><button class=\"video-button\">Samouczek wideo<\/button><\/a><\/p>\n","protected":false},"featured_media":34353,"comment_status":"closed","ping_status":"closed","template":"","meta":{"_acf_changed":false},"product_brand":[],"product_cat":[1548],"product_tag":[],"class_list":{"0":"post-54375","1":"product","2":"type-product","3":"status-publish","4":"has-post-thumbnail","6":"product_cat-masy-poziomujace-i-podklady","7":"description-off","9":"first","10":"instock","11":"taxable","12":"shipping-taxable","13":"purchasable","14":"product-type-variable"},"acf":[],"yoast_head":"<!-- This site is optimized with the Yoast SEO plugin v27.5 - https:\/\/yoast.com\/product\/yoast-seo-wordpress\/ -->\n<title>Podk\u0142ad Griffsbr\u00fcck &#8226; Stucco Veneziano<\/title>\n<meta name=\"description\" content=\"Grunt Griffsbr\u00fcck to innowacyjny grunt. Sklep Stucco Veneziano. Darmowa wysy\u0142ka! Gwarancja i jako\u015b\u0107 materia\u0142\u00f3w\" \/>\n<meta name=\"robots\" content=\"index, follow, max-snippet:-1, max-image-preview:large, max-video-preview:-1\" \/>\n<link rel=\"canonical\" href=\"https:\/\/www.stuccovenezianoshop.com\/pl\/prodotto\/podklad-griffsbrueck\/\" \/>\n<meta property=\"og:locale\" content=\"pl_PL\" \/>\n<meta property=\"og:type\" content=\"article\" \/>\n<meta property=\"og:title\" content=\"Podk\u0142ad Griffsbr\u00fcck &#8226; Stucco Veneziano\" \/>\n<meta property=\"og:description\" content=\"Grunt Griffsbr\u00fcck to innowacyjny grunt. Sklep Stucco Veneziano. Darmowa wysy\u0142ka! Gwarancja i jako\u015b\u0107 materia\u0142\u00f3w\" \/>\n<meta property=\"og:url\" content=\"https:\/\/www.stuccovenezianoshop.com\/pl\/prodotto\/podklad-griffsbrueck\/\" \/>\n<meta property=\"og:site_name\" content=\"Stucco Veneziano\" \/>\n<meta property=\"article:publisher\" content=\"https:\/\/www.facebook.com\/stuccovenezianoshop\" \/>\n<meta name=\"twitter:card\" content=\"summary_large_image\" \/>\n<script type=\"application\/ld+json\" class=\"yoast-schema-graph\">{\"@context\":\"https:\\\/\\\/schema.org\",\"@graph\":[{\"@type\":\"WebPage\",\"@id\":\"https:\\\/\\\/www.stuccovenezianoshop.com\\\/pl\\\/prodotto\\\/podklad-griffsbrueck\\\/\",\"url\":\"https:\\\/\\\/www.stuccovenezianoshop.com\\\/pl\\\/prodotto\\\/podklad-griffsbrueck\\\/\",\"name\":\"Podk\u0142ad Griffsbr\u00fcck &#8226; Stucco Veneziano\",\"isPartOf\":{\"@id\":\"https:\\\/\\\/www.stuccovenezianoshop.com\\\/pl\\\/#website\"},\"primaryImageOfPage\":{\"@id\":\"https:\\\/\\\/www.stuccovenezianoshop.com\\\/pl\\\/prodotto\\\/podklad-griffsbrueck\\\/#primaryimage\"},\"image\":{\"@id\":\"https:\\\/\\\/www.stuccovenezianoshop.com\\\/pl\\\/prodotto\\\/podklad-griffsbrueck\\\/#primaryimage\"},\"thumbnailUrl\":\"https:\\\/\\\/www.stuccovenezianoshop.com\\\/wp-content\\\/uploads\\\/2020\\\/11\\\/Grundierung-Griffsbruck_2.avif\",\"datePublished\":\"2020-11-28T09:28:27+00:00\",\"description\":\"Grunt Griffsbr\u00fcck to innowacyjny grunt. Sklep Stucco Veneziano. Darmowa wysy\u0142ka! Gwarancja i jako\u015b\u0107 materia\u0142\u00f3w\",\"breadcrumb\":{\"@id\":\"https:\\\/\\\/www.stuccovenezianoshop.com\\\/pl\\\/prodotto\\\/podklad-griffsbrueck\\\/#breadcrumb\"},\"inLanguage\":\"pl-PL\",\"potentialAction\":[{\"@type\":\"ReadAction\",\"target\":[\"https:\\\/\\\/www.stuccovenezianoshop.com\\\/pl\\\/prodotto\\\/podklad-griffsbrueck\\\/\"]}]},{\"@type\":\"ImageObject\",\"inLanguage\":\"pl-PL\",\"@id\":\"https:\\\/\\\/www.stuccovenezianoshop.com\\\/pl\\\/prodotto\\\/podklad-griffsbrueck\\\/#primaryimage\",\"url\":\"https:\\\/\\\/www.stuccovenezianoshop.com\\\/wp-content\\\/uploads\\\/2020\\\/11\\\/Grundierung-Griffsbruck_2.avif\",\"contentUrl\":\"https:\\\/\\\/www.stuccovenezianoshop.com\\\/wp-content\\\/uploads\\\/2020\\\/11\\\/Grundierung-Griffsbruck_2.avif\",\"width\":1080,\"height\":1080},{\"@type\":\"BreadcrumbList\",\"@id\":\"https:\\\/\\\/www.stuccovenezianoshop.com\\\/pl\\\/prodotto\\\/podklad-griffsbrueck\\\/#breadcrumb\",\"itemListElement\":[{\"@type\":\"ListItem\",\"position\":1,\"name\":\"Strona g\u0142\u00f3wna\",\"item\":\"https:\\\/\\\/www.stuccovenezianoshop.com\\\/pl\\\/\"},{\"@type\":\"ListItem\",\"position\":2,\"name\":\"Sklep\",\"item\":\"https:\\\/\\\/www.stuccovenezianoshop.com\\\/pl\\\/sklep\\\/\"},{\"@type\":\"ListItem\",\"position\":3,\"name\":\"Podk\u0142ad Griffsbr\u00fcck\"}]},{\"@type\":\"WebSite\",\"@id\":\"https:\\\/\\\/www.stuccovenezianoshop.com\\\/pl\\\/#website\",\"url\":\"https:\\\/\\\/www.stuccovenezianoshop.com\\\/pl\\\/\",\"name\":\"Stucco Veneziano\",\"description\":\"\",\"publisher\":{\"@id\":\"https:\\\/\\\/www.stuccovenezianoshop.com\\\/pl\\\/#organization\"},\"potentialAction\":[{\"@type\":\"SearchAction\",\"target\":{\"@type\":\"EntryPoint\",\"urlTemplate\":\"https:\\\/\\\/www.stuccovenezianoshop.com\\\/pl\\\/?s={search_term_string}\"},\"query-input\":{\"@type\":\"PropertyValueSpecification\",\"valueRequired\":true,\"valueName\":\"search_term_string\"}}],\"inLanguage\":\"pl-PL\"},{\"@type\":\"Organization\",\"@id\":\"https:\\\/\\\/www.stuccovenezianoshop.com\\\/pl\\\/#organization\",\"name\":\"Stucco Veneziano\",\"url\":\"https:\\\/\\\/www.stuccovenezianoshop.com\\\/pl\\\/\",\"logo\":{\"@type\":\"ImageObject\",\"inLanguage\":\"pl-PL\",\"@id\":\"https:\\\/\\\/www.stuccovenezianoshop.com\\\/pl\\\/#\\\/schema\\\/logo\\\/image\\\/\",\"url\":\"https:\\\/\\\/www.stuccovenezianoshop.com\\\/wp-content\\\/uploads\\\/2021\\\/08\\\/Logo-mobile-2x.avif\",\"contentUrl\":\"https:\\\/\\\/www.stuccovenezianoshop.com\\\/wp-content\\\/uploads\\\/2021\\\/08\\\/Logo-mobile-2x.avif\",\"width\":121,\"height\":70,\"caption\":\"Stucco Veneziano\"},\"image\":{\"@id\":\"https:\\\/\\\/www.stuccovenezianoshop.com\\\/pl\\\/#\\\/schema\\\/logo\\\/image\\\/\"},\"sameAs\":[\"https:\\\/\\\/www.facebook.com\\\/stuccovenezianoshop\",\"https:\\\/\\\/www.instagram.com\\\/stuccovenezianoshop\\\/\"]}]}<\/script>\n<!-- \/ Yoast SEO plugin. -->","yoast_head_json":{"title":"Podk\u0142ad Griffsbr\u00fcck &#8226; Stucco Veneziano","description":"Grunt Griffsbr\u00fcck to innowacyjny grunt. Sklep Stucco Veneziano. Darmowa wysy\u0142ka! Gwarancja i jako\u015b\u0107 materia\u0142\u00f3w","robots":{"index":"index","follow":"follow","max-snippet":"max-snippet:-1","max-image-preview":"max-image-preview:large","max-video-preview":"max-video-preview:-1"},"canonical":"https:\/\/www.stuccovenezianoshop.com\/pl\/prodotto\/podklad-griffsbrueck\/","og_locale":"pl_PL","og_type":"article","og_title":"Podk\u0142ad Griffsbr\u00fcck &#8226; Stucco Veneziano","og_description":"Grunt Griffsbr\u00fcck to innowacyjny grunt. Sklep Stucco Veneziano. Darmowa wysy\u0142ka! Gwarancja i jako\u015b\u0107 materia\u0142\u00f3w","og_url":"https:\/\/www.stuccovenezianoshop.com\/pl\/prodotto\/podklad-griffsbrueck\/","og_site_name":"Stucco Veneziano","article_publisher":"https:\/\/www.facebook.com\/stuccovenezianoshop","twitter_card":"summary_large_image","schema":{"@context":"https:\/\/schema.org","@graph":[{"@type":"WebPage","@id":"https:\/\/www.stuccovenezianoshop.com\/pl\/prodotto\/podklad-griffsbrueck\/","url":"https:\/\/www.stuccovenezianoshop.com\/pl\/prodotto\/podklad-griffsbrueck\/","name":"Podk\u0142ad Griffsbr\u00fcck &#8226; Stucco Veneziano","isPartOf":{"@id":"https:\/\/www.stuccovenezianoshop.com\/pl\/#website"},"primaryImageOfPage":{"@id":"https:\/\/www.stuccovenezianoshop.com\/pl\/prodotto\/podklad-griffsbrueck\/#primaryimage"},"image":{"@id":"https:\/\/www.stuccovenezianoshop.com\/pl\/prodotto\/podklad-griffsbrueck\/#primaryimage"},"thumbnailUrl":"https:\/\/www.stuccovenezianoshop.com\/wp-content\/uploads\/2020\/11\/Grundierung-Griffsbruck_2.avif","datePublished":"2020-11-28T09:28:27+00:00","description":"Grunt Griffsbr\u00fcck to innowacyjny grunt. Sklep Stucco Veneziano. Darmowa wysy\u0142ka! Gwarancja i jako\u015b\u0107 materia\u0142\u00f3w","breadcrumb":{"@id":"https:\/\/www.stuccovenezianoshop.com\/pl\/prodotto\/podklad-griffsbrueck\/#breadcrumb"},"inLanguage":"pl-PL","potentialAction":[{"@type":"ReadAction","target":["https:\/\/www.stuccovenezianoshop.com\/pl\/prodotto\/podklad-griffsbrueck\/"]}]},{"@type":"ImageObject","inLanguage":"pl-PL","@id":"https:\/\/www.stuccovenezianoshop.com\/pl\/prodotto\/podklad-griffsbrueck\/#primaryimage","url":"https:\/\/www.stuccovenezianoshop.com\/wp-content\/uploads\/2020\/11\/Grundierung-Griffsbruck_2.avif","contentUrl":"https:\/\/www.stuccovenezianoshop.com\/wp-content\/uploads\/2020\/11\/Grundierung-Griffsbruck_2.avif","width":1080,"height":1080},{"@type":"BreadcrumbList","@id":"https:\/\/www.stuccovenezianoshop.com\/pl\/prodotto\/podklad-griffsbrueck\/#breadcrumb","itemListElement":[{"@type":"ListItem","position":1,"name":"Strona g\u0142\u00f3wna","item":"https:\/\/www.stuccovenezianoshop.com\/pl\/"},{"@type":"ListItem","position":2,"name":"Sklep","item":"https:\/\/www.stuccovenezianoshop.com\/pl\/sklep\/"},{"@type":"ListItem","position":3,"name":"Podk\u0142ad Griffsbr\u00fcck"}]},{"@type":"WebSite","@id":"https:\/\/www.stuccovenezianoshop.com\/pl\/#website","url":"https:\/\/www.stuccovenezianoshop.com\/pl\/","name":"Stucco Veneziano","description":"","publisher":{"@id":"https:\/\/www.stuccovenezianoshop.com\/pl\/#organization"},"potentialAction":[{"@type":"SearchAction","target":{"@type":"EntryPoint","urlTemplate":"https:\/\/www.stuccovenezianoshop.com\/pl\/?s={search_term_string}"},"query-input":{"@type":"PropertyValueSpecification","valueRequired":true,"valueName":"search_term_string"}}],"inLanguage":"pl-PL"},{"@type":"Organization","@id":"https:\/\/www.stuccovenezianoshop.com\/pl\/#organization","name":"Stucco Veneziano","url":"https:\/\/www.stuccovenezianoshop.com\/pl\/","logo":{"@type":"ImageObject","inLanguage":"pl-PL","@id":"https:\/\/www.stuccovenezianoshop.com\/pl\/#\/schema\/logo\/image\/","url":"https:\/\/www.stuccovenezianoshop.com\/wp-content\/uploads\/2021\/08\/Logo-mobile-2x.avif","contentUrl":"https:\/\/www.stuccovenezianoshop.com\/wp-content\/uploads\/2021\/08\/Logo-mobile-2x.avif","width":121,"height":70,"caption":"Stucco Veneziano"},"image":{"@id":"https:\/\/www.stuccovenezianoshop.com\/pl\/#\/schema\/logo\/image\/"},"sameAs":["https:\/\/www.facebook.com\/stuccovenezianoshop","https:\/\/www.instagram.com\/stuccovenezianoshop\/"]}]}},"_links":{"self":[{"href":"https:\/\/www.stuccovenezianoshop.com\/pl\/wp-json\/wp\/v2\/product\/54375","targetHints":{"allow":["GET"]}}],"collection":[{"href":"https:\/\/www.stuccovenezianoshop.com\/pl\/wp-json\/wp\/v2\/product"}],"about":[{"href":"https:\/\/www.stuccovenezianoshop.com\/pl\/wp-json\/wp\/v2\/types\/product"}],"replies":[{"embeddable":true,"href":"https:\/\/www.stuccovenezianoshop.com\/pl\/wp-json\/wp\/v2\/comments?post=54375"}],"wp:featuredmedia":[{"embeddable":true,"href":"https:\/\/www.stuccovenezianoshop.com\/pl\/wp-json\/wp\/v2\/media\/34353"}],"wp:attachment":[{"href":"https:\/\/www.stuccovenezianoshop.com\/pl\/wp-json\/wp\/v2\/media?parent=54375"}],"wp:term":[{"taxonomy":"product_brand","embeddable":true,"href":"https:\/\/www.stuccovenezianoshop.com\/pl\/wp-json\/wp\/v2\/product_brand?post=54375"},{"taxonomy":"product_cat","embeddable":true,"href":"https:\/\/www.stuccovenezianoshop.com\/pl\/wp-json\/wp\/v2\/product_cat?post=54375"},{"taxonomy":"product_tag","embeddable":true,"href":"https:\/\/www.stuccovenezianoshop.com\/pl\/wp-json\/wp\/v2\/product_tag?post=54375"}],"curies":[{"name":"wp","href":"https:\/\/api.w.org\/{rel}","templated":true}]}}