{"id":54282,"date":"2020-11-28T10:01:54","date_gmt":"2020-11-28T08:01:54","guid":{"rendered":"https:\/\/www.stuccovenezianoshop.com\/produkt\/zestaw-efektu-patyny\/"},"modified":"2025-07-07T14:06:36","modified_gmt":"2025-07-07T12:06:36","slug":"zestaw-efektu-patyny","status":"publish","type":"product","link":"https:\/\/www.stuccovenezianoshop.com\/pl\/prodotto\/zestaw-efektu-patyny\/","title":{"rendered":"Zestaw efektu patyny"},"content":{"rendered":"<p>System sk\u0142adaj\u0105cy si\u0119 z produktu bazowego, efekt patyny, oraz utleniaj\u0105cego wyko\u0144czenia, aktywator efektu patyny. Zastosowanie tego drugiego na pierwszy wywo\u0142uje utlenianie, kt\u00f3re jest ca\u0142kowicie identyczne z tym, kt\u00f3re wyst\u0119puje na powierzchni \u017celaznej wystawionej na naturaln\u0105 korozj\u0119 atmosferyczn\u0105. Uszczelniacz jest r\u00f3wnie\u017c do\u0142\u0105czony.  <\/p>\n<p>Efekt patyny to produkt dekoracyjny do tworzenia efektu patyny. Dzi\u0119ki swojemu sk\u0142adowi produkt mo\u017ce by\u0107 u\u017cywany w pomieszczeniach i nadaje \u015bcianie szorstk\u0105 i miejsk\u0105 tekstur\u0119. Powierzchnie ozdobione efektem patyny s\u0105 dynamiczne, ich estetyczny wygl\u0105d mo\u017ce zmienia\u0107 si\u0119 z czasem.  <\/p>\n<p><strong>Efekt ze zdj\u0119\u0107 uzyskuje si\u0119 poprzez kombinacj\u0119 efektu rdzy i efektu patyny<\/strong><\/p>\n<p>&nbsp;<\/p>\n","protected":false},"excerpt":{"rendered":"<p>System sk\u0142adaj\u0105cy si\u0119 z produktu bazowego, efekt patyny, oraz utleniaj\u0105cego wyko\u0144czenia, aktywator efektu patyny. Na\u0142o\u017cenie tego drugiego na pierwsze tworzy utlenianie, kt\u00f3re jest ca\u0142kowicie identyczne z tym wyst\u0119puj\u0105cym na powierzchni \u017celaznej, wystawionej na naturaln\u0105 korozj\u0119 atmosferyczn\u0105. Uszczelniacz jest r\u00f3wnie\u017c do\u0142\u0105czony.<br \/>\nIlo\u015b\u0107 &#8211; 1 l <\/p>\n<h4>Cechy produktu:<\/h4>\n<p><span class=\"avvertenze\">Wskaz\u00f3wki: Rozcie\u0144czy\u0107 wod\u0105 15% &#8211; na\u0142o\u017cy\u0107 dwie lub wi\u0119cej warstw aktywatora, aby utrzyma\u0107 efekt patyny<\/span><br \/>\n<span class=\"nature\">Natura: Farby z miedzi\u0105 w proszku<\/span><br \/>\n<span class=\"aspetto\">Wygl\u0105d: czerwona farba aktywowana aktywatorem uzyskuje odcienie patyny. Zabezpieczy\u0107 uszczelniaczem  <\/span><br \/>\n<a href=\"https:\/\/www.stuccovenezianoshop.com\/wp-content\/uploads\/2021\/09\/052_TECHNISCHES_MERKBLATT_GRUeNSPANEFFEKT__AKTIVATOR.pdf\" target=\"_blank\" rel=\"noopener noreferrer\"><span class=\"pdf\">Karta techniczna<\/span><\/a><\/p>\n<p><span style=\"color: #ffffff;\"><a style=\"color: #ffffff;\" href=\"https:\/\/www.stuccovenezianoshop.com\/pl\/poradnik\/#Gr%C3%BCnspaneffektKit\"><button class=\"video-button\">Samouczek wideo<\/button><\/a><\/span><\/p>\n","protected":false},"featured_media":35133,"comment_status":"closed","ping_status":"closed","template":"","meta":{"_acf_changed":false},"product_brand":[],"product_cat":[974,1346,1870],"product_tag":[],"class_list":{"0":"post-54282","1":"product","2":"type-product","3":"status-publish","4":"has-post-thumbnail","6":"product_cat-tynki-marmurowe","7":"product_cat-ulubione-produkty-klientow","8":"product_cat-utlenianie","9":"description-off","11":"first","12":"instock","13":"taxable","14":"shipping-taxable","15":"purchasable","16":"product-type-simple"},"acf":[],"yoast_head":"<!-- This site is optimized with the Yoast SEO plugin v27.5 - https:\/\/yoast.com\/product\/yoast-seo-wordpress\/ -->\n<title>Zestaw efektu patyny &#8226; Stucco Veneziano<\/title>\n<meta name=\"description\" content=\"System sk\u0142adaj\u0105cy si\u0119 z produktu bazowego, efekt patyny, oraz utleniaj\u0105cego wyko\u0144czenia, aktywator efektu patyny. Stucco Veneziano Shop\" \/>\n<meta name=\"robots\" content=\"index, follow, max-snippet:-1, max-image-preview:large, max-video-preview:-1\" \/>\n<link rel=\"canonical\" href=\"https:\/\/www.stuccovenezianoshop.com\/pl\/prodotto\/zestaw-efektu-patyny\/\" \/>\n<meta property=\"og:locale\" content=\"pl_PL\" \/>\n<meta property=\"og:type\" content=\"article\" \/>\n<meta property=\"og:title\" content=\"Zestaw efektu patyny &#8226; Stucco Veneziano\" \/>\n<meta property=\"og:description\" content=\"System sk\u0142adaj\u0105cy si\u0119 z produktu bazowego, efekt patyny, oraz utleniaj\u0105cego wyko\u0144czenia, aktywator efektu patyny. Stucco Veneziano Shop\" \/>\n<meta property=\"og:url\" content=\"https:\/\/www.stuccovenezianoshop.com\/pl\/prodotto\/zestaw-efektu-patyny\/\" \/>\n<meta property=\"og:site_name\" content=\"Stucco Veneziano\" \/>\n<meta property=\"article:publisher\" content=\"https:\/\/www.facebook.com\/stuccovenezianoshop\" \/>\n<meta property=\"article:modified_time\" content=\"2025-07-07T12:06:36+00:00\" \/>\n<meta name=\"twitter:card\" content=\"summary_large_image\" \/>\n<meta name=\"twitter:label1\" content=\"Szacowany czas czytania\" \/>\n\t<meta name=\"twitter:data1\" content=\"1 minuta\" \/>\n<script type=\"application\/ld+json\" class=\"yoast-schema-graph\">{\"@context\":\"https:\\\/\\\/schema.org\",\"@graph\":[{\"@type\":\"WebPage\",\"@id\":\"https:\\\/\\\/www.stuccovenezianoshop.com\\\/pl\\\/prodotto\\\/zestaw-efektu-patyny\\\/\",\"url\":\"https:\\\/\\\/www.stuccovenezianoshop.com\\\/pl\\\/prodotto\\\/zestaw-efektu-patyny\\\/\",\"name\":\"Zestaw efektu patyny &#8226; Stucco Veneziano\",\"isPartOf\":{\"@id\":\"https:\\\/\\\/www.stuccovenezianoshop.com\\\/pl\\\/#website\"},\"primaryImageOfPage\":{\"@id\":\"https:\\\/\\\/www.stuccovenezianoshop.com\\\/pl\\\/prodotto\\\/zestaw-efektu-patyny\\\/#primaryimage\"},\"image\":{\"@id\":\"https:\\\/\\\/www.stuccovenezianoshop.com\\\/pl\\\/prodotto\\\/zestaw-efektu-patyny\\\/#primaryimage\"},\"thumbnailUrl\":\"https:\\\/\\\/www.stuccovenezianoshop.com\\\/wp-content\\\/uploads\\\/2022\\\/05\\\/Verdigris-P1233742-e1652804166383.avif\",\"datePublished\":\"2020-11-28T08:01:54+00:00\",\"dateModified\":\"2025-07-07T12:06:36+00:00\",\"description\":\"System sk\u0142adaj\u0105cy si\u0119 z produktu bazowego, efekt patyny, oraz utleniaj\u0105cego wyko\u0144czenia, aktywator efektu patyny. Stucco Veneziano Shop\",\"breadcrumb\":{\"@id\":\"https:\\\/\\\/www.stuccovenezianoshop.com\\\/pl\\\/prodotto\\\/zestaw-efektu-patyny\\\/#breadcrumb\"},\"inLanguage\":\"pl-PL\",\"potentialAction\":[{\"@type\":\"ReadAction\",\"target\":[\"https:\\\/\\\/www.stuccovenezianoshop.com\\\/pl\\\/prodotto\\\/zestaw-efektu-patyny\\\/\"]}]},{\"@type\":\"ImageObject\",\"inLanguage\":\"pl-PL\",\"@id\":\"https:\\\/\\\/www.stuccovenezianoshop.com\\\/pl\\\/prodotto\\\/zestaw-efektu-patyny\\\/#primaryimage\",\"url\":\"https:\\\/\\\/www.stuccovenezianoshop.com\\\/wp-content\\\/uploads\\\/2022\\\/05\\\/Verdigris-P1233742-e1652804166383.avif\",\"contentUrl\":\"https:\\\/\\\/www.stuccovenezianoshop.com\\\/wp-content\\\/uploads\\\/2022\\\/05\\\/Verdigris-P1233742-e1652804166383.avif\",\"width\":1200,\"height\":1200},{\"@type\":\"BreadcrumbList\",\"@id\":\"https:\\\/\\\/www.stuccovenezianoshop.com\\\/pl\\\/prodotto\\\/zestaw-efektu-patyny\\\/#breadcrumb\",\"itemListElement\":[{\"@type\":\"ListItem\",\"position\":1,\"name\":\"Strona g\u0142\u00f3wna\",\"item\":\"https:\\\/\\\/www.stuccovenezianoshop.com\\\/pl\\\/\"},{\"@type\":\"ListItem\",\"position\":2,\"name\":\"Sklep\",\"item\":\"https:\\\/\\\/www.stuccovenezianoshop.com\\\/pl\\\/sklep\\\/\"},{\"@type\":\"ListItem\",\"position\":3,\"name\":\"Zestaw efektu patyny\"}]},{\"@type\":\"WebSite\",\"@id\":\"https:\\\/\\\/www.stuccovenezianoshop.com\\\/pl\\\/#website\",\"url\":\"https:\\\/\\\/www.stuccovenezianoshop.com\\\/pl\\\/\",\"name\":\"Stucco Veneziano\",\"description\":\"\",\"publisher\":{\"@id\":\"https:\\\/\\\/www.stuccovenezianoshop.com\\\/pl\\\/#organization\"},\"potentialAction\":[{\"@type\":\"SearchAction\",\"target\":{\"@type\":\"EntryPoint\",\"urlTemplate\":\"https:\\\/\\\/www.stuccovenezianoshop.com\\\/pl\\\/?s={search_term_string}\"},\"query-input\":{\"@type\":\"PropertyValueSpecification\",\"valueRequired\":true,\"valueName\":\"search_term_string\"}}],\"inLanguage\":\"pl-PL\"},{\"@type\":\"Organization\",\"@id\":\"https:\\\/\\\/www.stuccovenezianoshop.com\\\/pl\\\/#organization\",\"name\":\"Stucco Veneziano\",\"url\":\"https:\\\/\\\/www.stuccovenezianoshop.com\\\/pl\\\/\",\"logo\":{\"@type\":\"ImageObject\",\"inLanguage\":\"pl-PL\",\"@id\":\"https:\\\/\\\/www.stuccovenezianoshop.com\\\/pl\\\/#\\\/schema\\\/logo\\\/image\\\/\",\"url\":\"https:\\\/\\\/www.stuccovenezianoshop.com\\\/wp-content\\\/uploads\\\/2021\\\/08\\\/Logo-mobile-2x.avif\",\"contentUrl\":\"https:\\\/\\\/www.stuccovenezianoshop.com\\\/wp-content\\\/uploads\\\/2021\\\/08\\\/Logo-mobile-2x.avif\",\"width\":121,\"height\":70,\"caption\":\"Stucco Veneziano\"},\"image\":{\"@id\":\"https:\\\/\\\/www.stuccovenezianoshop.com\\\/pl\\\/#\\\/schema\\\/logo\\\/image\\\/\"},\"sameAs\":[\"https:\\\/\\\/www.facebook.com\\\/stuccovenezianoshop\",\"https:\\\/\\\/www.instagram.com\\\/stuccovenezianoshop\\\/\"]}]}<\/script>\n<!-- \/ Yoast SEO plugin. -->","yoast_head_json":{"title":"Zestaw efektu patyny &#8226; Stucco Veneziano","description":"System sk\u0142adaj\u0105cy si\u0119 z produktu bazowego, efekt patyny, oraz utleniaj\u0105cego wyko\u0144czenia, aktywator efektu patyny. Stucco Veneziano Shop","robots":{"index":"index","follow":"follow","max-snippet":"max-snippet:-1","max-image-preview":"max-image-preview:large","max-video-preview":"max-video-preview:-1"},"canonical":"https:\/\/www.stuccovenezianoshop.com\/pl\/prodotto\/zestaw-efektu-patyny\/","og_locale":"pl_PL","og_type":"article","og_title":"Zestaw efektu patyny &#8226; Stucco Veneziano","og_description":"System sk\u0142adaj\u0105cy si\u0119 z produktu bazowego, efekt patyny, oraz utleniaj\u0105cego wyko\u0144czenia, aktywator efektu patyny. Stucco Veneziano Shop","og_url":"https:\/\/www.stuccovenezianoshop.com\/pl\/prodotto\/zestaw-efektu-patyny\/","og_site_name":"Stucco Veneziano","article_publisher":"https:\/\/www.facebook.com\/stuccovenezianoshop","article_modified_time":"2025-07-07T12:06:36+00:00","twitter_card":"summary_large_image","twitter_misc":{"Szacowany czas czytania":"1 minuta"},"schema":{"@context":"https:\/\/schema.org","@graph":[{"@type":"WebPage","@id":"https:\/\/www.stuccovenezianoshop.com\/pl\/prodotto\/zestaw-efektu-patyny\/","url":"https:\/\/www.stuccovenezianoshop.com\/pl\/prodotto\/zestaw-efektu-patyny\/","name":"Zestaw efektu patyny &#8226; Stucco Veneziano","isPartOf":{"@id":"https:\/\/www.stuccovenezianoshop.com\/pl\/#website"},"primaryImageOfPage":{"@id":"https:\/\/www.stuccovenezianoshop.com\/pl\/prodotto\/zestaw-efektu-patyny\/#primaryimage"},"image":{"@id":"https:\/\/www.stuccovenezianoshop.com\/pl\/prodotto\/zestaw-efektu-patyny\/#primaryimage"},"thumbnailUrl":"https:\/\/www.stuccovenezianoshop.com\/wp-content\/uploads\/2022\/05\/Verdigris-P1233742-e1652804166383.avif","datePublished":"2020-11-28T08:01:54+00:00","dateModified":"2025-07-07T12:06:36+00:00","description":"System sk\u0142adaj\u0105cy si\u0119 z produktu bazowego, efekt patyny, oraz utleniaj\u0105cego wyko\u0144czenia, aktywator efektu patyny. Stucco Veneziano Shop","breadcrumb":{"@id":"https:\/\/www.stuccovenezianoshop.com\/pl\/prodotto\/zestaw-efektu-patyny\/#breadcrumb"},"inLanguage":"pl-PL","potentialAction":[{"@type":"ReadAction","target":["https:\/\/www.stuccovenezianoshop.com\/pl\/prodotto\/zestaw-efektu-patyny\/"]}]},{"@type":"ImageObject","inLanguage":"pl-PL","@id":"https:\/\/www.stuccovenezianoshop.com\/pl\/prodotto\/zestaw-efektu-patyny\/#primaryimage","url":"https:\/\/www.stuccovenezianoshop.com\/wp-content\/uploads\/2022\/05\/Verdigris-P1233742-e1652804166383.avif","contentUrl":"https:\/\/www.stuccovenezianoshop.com\/wp-content\/uploads\/2022\/05\/Verdigris-P1233742-e1652804166383.avif","width":1200,"height":1200},{"@type":"BreadcrumbList","@id":"https:\/\/www.stuccovenezianoshop.com\/pl\/prodotto\/zestaw-efektu-patyny\/#breadcrumb","itemListElement":[{"@type":"ListItem","position":1,"name":"Strona g\u0142\u00f3wna","item":"https:\/\/www.stuccovenezianoshop.com\/pl\/"},{"@type":"ListItem","position":2,"name":"Sklep","item":"https:\/\/www.stuccovenezianoshop.com\/pl\/sklep\/"},{"@type":"ListItem","position":3,"name":"Zestaw efektu patyny"}]},{"@type":"WebSite","@id":"https:\/\/www.stuccovenezianoshop.com\/pl\/#website","url":"https:\/\/www.stuccovenezianoshop.com\/pl\/","name":"Stucco Veneziano","description":"","publisher":{"@id":"https:\/\/www.stuccovenezianoshop.com\/pl\/#organization"},"potentialAction":[{"@type":"SearchAction","target":{"@type":"EntryPoint","urlTemplate":"https:\/\/www.stuccovenezianoshop.com\/pl\/?s={search_term_string}"},"query-input":{"@type":"PropertyValueSpecification","valueRequired":true,"valueName":"search_term_string"}}],"inLanguage":"pl-PL"},{"@type":"Organization","@id":"https:\/\/www.stuccovenezianoshop.com\/pl\/#organization","name":"Stucco Veneziano","url":"https:\/\/www.stuccovenezianoshop.com\/pl\/","logo":{"@type":"ImageObject","inLanguage":"pl-PL","@id":"https:\/\/www.stuccovenezianoshop.com\/pl\/#\/schema\/logo\/image\/","url":"https:\/\/www.stuccovenezianoshop.com\/wp-content\/uploads\/2021\/08\/Logo-mobile-2x.avif","contentUrl":"https:\/\/www.stuccovenezianoshop.com\/wp-content\/uploads\/2021\/08\/Logo-mobile-2x.avif","width":121,"height":70,"caption":"Stucco Veneziano"},"image":{"@id":"https:\/\/www.stuccovenezianoshop.com\/pl\/#\/schema\/logo\/image\/"},"sameAs":["https:\/\/www.facebook.com\/stuccovenezianoshop","https:\/\/www.instagram.com\/stuccovenezianoshop\/"]}]}},"_links":{"self":[{"href":"https:\/\/www.stuccovenezianoshop.com\/pl\/wp-json\/wp\/v2\/product\/54282","targetHints":{"allow":["GET"]}}],"collection":[{"href":"https:\/\/www.stuccovenezianoshop.com\/pl\/wp-json\/wp\/v2\/product"}],"about":[{"href":"https:\/\/www.stuccovenezianoshop.com\/pl\/wp-json\/wp\/v2\/types\/product"}],"replies":[{"embeddable":true,"href":"https:\/\/www.stuccovenezianoshop.com\/pl\/wp-json\/wp\/v2\/comments?post=54282"}],"wp:featuredmedia":[{"embeddable":true,"href":"https:\/\/www.stuccovenezianoshop.com\/pl\/wp-json\/wp\/v2\/media\/35133"}],"wp:attachment":[{"href":"https:\/\/www.stuccovenezianoshop.com\/pl\/wp-json\/wp\/v2\/media?parent=54282"}],"wp:term":[{"taxonomy":"product_brand","embeddable":true,"href":"https:\/\/www.stuccovenezianoshop.com\/pl\/wp-json\/wp\/v2\/product_brand?post=54282"},{"taxonomy":"product_cat","embeddable":true,"href":"https:\/\/www.stuccovenezianoshop.com\/pl\/wp-json\/wp\/v2\/product_cat?post=54282"},{"taxonomy":"product_tag","embeddable":true,"href":"https:\/\/www.stuccovenezianoshop.com\/pl\/wp-json\/wp\/v2\/product_tag?post=54282"}],"curies":[{"name":"wp","href":"https:\/\/api.w.org\/{rel}","templated":true}]}}