{"id":54069,"date":"2020-10-28T17:57:27","date_gmt":"2020-10-28T15:57:27","guid":{"rendered":"https:\/\/www.stuccovenezianoshop.com\/produkt\/masa-modelarska-3d\/"},"modified":"2020-10-28T17:57:27","modified_gmt":"2020-10-28T15:57:27","slug":"masa-modelarska-3d","status":"publish","type":"product","link":"https:\/\/www.stuccovenezianoshop.com\/pl\/prodotto\/masa-modelarska-3d\/","title":{"rendered":"Masa modelarska 3D"},"content":{"rendered":"<p>Masa do modelowania 3D to p\u00f3\u0142plastyczne wyko\u0144czenie, opracowane do grubych powierzchni i odpowiednie do tworzenia oryginalnych efekt\u00f3w dekoracyjnych w reliefie.<br \/>\nDzi\u0119ki precyzyjnej formule produkt jest mi\u0119kki i \u0142atwy w nak\u0142adaniu, oferuj\u0105c szerok\u0105 gam\u0119 metod aplikacji, aby spe\u0142ni\u0107 nawet najbardziej wymagaj\u0105ce potrzeby dekoracyjne.<br \/>\nProdukt mo\u017ce by\u0107 barwiony przy u\u017cyciu systemu kolor\u00f3w Stucco Veneziano Shop. Produkt mo\u017ce by\u0107 barwiony przy u\u017cyciu systemu kolor\u00f3w Stucco Veneziano Shop. <\/p>\n","protected":false},"excerpt":{"rendered":"<p>Masa do modelowania 3D to p\u00f3\u0142plastyczne wyko\u0144czenie, opracowane do grubych powierzchni i odpowiednie do tworzenia oryginalnych efekt\u00f3w dekoracyjnych w reliefie.<br \/>\nDzi\u0119ki precyzyjnej formule produkt jest mi\u0119kki i \u0142atwy w nak\u0142adaniu, oferuj\u0105c szerok\u0105 gam\u0119 metod aplikacji, aby spe\u0142ni\u0107 nawet najbardziej wymagaj\u0105ce potrzeby dekoracyjne.<\/p>\n<p><strong>Kolor produktu bazowego jest bia\u0142y. <\/strong><strong>Aby zabarwi\u0107 produkt, na\u0142\u00f3\u017c jedn\u0105 lub wi\u0119cej warstw \u201e<a href=\"https:\/\/www.stuccovenezianoshop.com\/pl\/produkt\/lazura-dekoracyjna-mineralna\/?v=cd32106bcb6d\"><span style=\"color: #3366ff;\">Lazury dekoracyjnej mineralnej<\/span><\/a>\u201d lub \u201e<a href=\"https:\/\/www.stuccovenezianoshop.com\/produkt\/metallic-farben\/?v=cd32106bcb6d\"><span style=\"color: #3366ff;\">Farb metalicznych<\/span><\/a>\u201d w wybranym kolorze.<\/strong><\/p>\n<h4>Cechy produktu:<\/h4>\n<p><span class=\"extern\">Zastosowanie zewn\u0119trzne: Cykl Marmorino do zastosowa\u0144 zewn\u0119trznych &#8211; konieczne jest na\u0142o\u017cenie warstwy Wapiennej Warstwy Outdoor jako podk\u0142adu<\/span><br \/>\n<span style=\"font-weight: 400;\">Wydajno\u015b\u0107 na warstw\u0119: <strong>przy grubo\u015bci 2-3 mm, ok. 0,3 &#8211; 0,4 m\u00b2\/kg<\/strong><\/span><br \/>\n<span class=\"avvertenze\">Wskaz\u00f3wki: Proszek do mieszania z wod\u0105 <\/span><br \/>\n<span class=\"nature\">Sk\u0142ad: Wapno + py\u0142 marmurowy 300 mikron\u00f3w <\/span><br \/>\n<span class=\"aspetto\">Wygl\u0105d: Multi-efekt z grubymi\/matowymi odcieniami<\/span><br \/>\n<a href=\"https:\/\/www.stuccovenezianoshop.com\/wp-content\/uploads\/pdf\/066_SCHEDA_TECNICA_SPIELMASSE_3D.pdf\" target=\"_blank\" rel=\"noopener noreferrer\"><span class=\"pdf\">Karta techniczna<\/span><\/a><br \/>\n<a href=\"https:\/\/www.stuccovenezianoshop.com\/wp-content\/uploads\/pdf\/security\/066_SICHERHEITSDATENBLATT_SPIELMASSE_3D.pdf\" target=\"_blank\" rel=\"noopener noreferrer\"><span class=\"pdf\">Karta charakterystyki<\/span><\/a><\/p>\n<p><a href=\"https:\/\/www.stuccovenezianoshop.com\/pl\/poradnik\/#Spielmasse3D\"><button class=\"video-button\">Samouczek wideo<\/button><\/a><\/p>\n","protected":false},"featured_media":33785,"comment_status":"closed","ping_status":"closed","template":"","meta":{"_acf_changed":false},"product_brand":[],"product_cat":[1372,974],"product_tag":[],"class_list":{"0":"post-54069","1":"product","2":"type-product","3":"status-publish","4":"has-post-thumbnail","6":"product_cat-efekt-strukturalny","7":"product_cat-tynki-marmurowe","8":"description-off","10":"first","11":"instock","12":"taxable","13":"shipping-taxable","14":"purchasable","15":"product-type-variable","16":"has-default-attributes"},"acf":[],"yoast_head":"<!-- This site is optimized with the Yoast SEO plugin v27.5 - https:\/\/yoast.com\/product\/yoast-seo-wordpress\/ -->\n<title>Masa modelarska 3D &#8226; Stucco Veneziano<\/title>\n<meta name=\"description\" content=\"Masa do modelowania 3D to p\u00f3\u0142plastyczne wyko\u0144czenie. Sklep Stucco Veneziano. Darmowa i szybka wysy\u0142ka! Gwarancja i jako\u015b\u0107 materia\u0142\u00f3w\" \/>\n<meta name=\"robots\" content=\"index, follow, max-snippet:-1, max-image-preview:large, max-video-preview:-1\" \/>\n<link rel=\"canonical\" href=\"https:\/\/www.stuccovenezianoshop.com\/pl\/prodotto\/masa-modelarska-3d\/\" \/>\n<meta property=\"og:locale\" content=\"pl_PL\" \/>\n<meta property=\"og:type\" content=\"article\" \/>\n<meta property=\"og:title\" content=\"Masa modelarska 3D &#8226; Stucco Veneziano\" \/>\n<meta property=\"og:description\" content=\"Masa do modelowania 3D to p\u00f3\u0142plastyczne wyko\u0144czenie. Sklep Stucco Veneziano. Darmowa i szybka wysy\u0142ka! Gwarancja i jako\u015b\u0107 materia\u0142\u00f3w\" \/>\n<meta property=\"og:url\" content=\"https:\/\/www.stuccovenezianoshop.com\/pl\/prodotto\/masa-modelarska-3d\/\" \/>\n<meta property=\"og:site_name\" content=\"Stucco Veneziano\" \/>\n<meta property=\"article:publisher\" content=\"https:\/\/www.facebook.com\/stuccovenezianoshop\" \/>\n<meta name=\"twitter:card\" content=\"summary_large_image\" \/>\n<script type=\"application\/ld+json\" class=\"yoast-schema-graph\">{\"@context\":\"https:\\\/\\\/schema.org\",\"@graph\":[{\"@type\":\"WebPage\",\"@id\":\"https:\\\/\\\/www.stuccovenezianoshop.com\\\/pl\\\/prodotto\\\/masa-modelarska-3d\\\/\",\"url\":\"https:\\\/\\\/www.stuccovenezianoshop.com\\\/pl\\\/prodotto\\\/masa-modelarska-3d\\\/\",\"name\":\"Masa modelarska 3D &#8226; Stucco Veneziano\",\"isPartOf\":{\"@id\":\"https:\\\/\\\/www.stuccovenezianoshop.com\\\/pl\\\/#website\"},\"primaryImageOfPage\":{\"@id\":\"https:\\\/\\\/www.stuccovenezianoshop.com\\\/pl\\\/prodotto\\\/masa-modelarska-3d\\\/#primaryimage\"},\"image\":{\"@id\":\"https:\\\/\\\/www.stuccovenezianoshop.com\\\/pl\\\/prodotto\\\/masa-modelarska-3d\\\/#primaryimage\"},\"thumbnailUrl\":\"https:\\\/\\\/www.stuccovenezianoshop.com\\\/wp-content\\\/uploads\\\/2020\\\/10\\\/Decora_3D_V004_1.avif\",\"datePublished\":\"2020-10-28T15:57:27+00:00\",\"description\":\"Masa do modelowania 3D to p\u00f3\u0142plastyczne wyko\u0144czenie. Sklep Stucco Veneziano. Darmowa i szybka wysy\u0142ka! Gwarancja i jako\u015b\u0107 materia\u0142\u00f3w\",\"breadcrumb\":{\"@id\":\"https:\\\/\\\/www.stuccovenezianoshop.com\\\/pl\\\/prodotto\\\/masa-modelarska-3d\\\/#breadcrumb\"},\"inLanguage\":\"pl-PL\",\"potentialAction\":[{\"@type\":\"ReadAction\",\"target\":[\"https:\\\/\\\/www.stuccovenezianoshop.com\\\/pl\\\/prodotto\\\/masa-modelarska-3d\\\/\"]}]},{\"@type\":\"ImageObject\",\"inLanguage\":\"pl-PL\",\"@id\":\"https:\\\/\\\/www.stuccovenezianoshop.com\\\/pl\\\/prodotto\\\/masa-modelarska-3d\\\/#primaryimage\",\"url\":\"https:\\\/\\\/www.stuccovenezianoshop.com\\\/wp-content\\\/uploads\\\/2020\\\/10\\\/Decora_3D_V004_1.avif\",\"contentUrl\":\"https:\\\/\\\/www.stuccovenezianoshop.com\\\/wp-content\\\/uploads\\\/2020\\\/10\\\/Decora_3D_V004_1.avif\",\"width\":1080,\"height\":1080},{\"@type\":\"BreadcrumbList\",\"@id\":\"https:\\\/\\\/www.stuccovenezianoshop.com\\\/pl\\\/prodotto\\\/masa-modelarska-3d\\\/#breadcrumb\",\"itemListElement\":[{\"@type\":\"ListItem\",\"position\":1,\"name\":\"Strona g\u0142\u00f3wna\",\"item\":\"https:\\\/\\\/www.stuccovenezianoshop.com\\\/pl\\\/\"},{\"@type\":\"ListItem\",\"position\":2,\"name\":\"Sklep\",\"item\":\"https:\\\/\\\/www.stuccovenezianoshop.com\\\/pl\\\/sklep\\\/\"},{\"@type\":\"ListItem\",\"position\":3,\"name\":\"Masa modelarska 3D\"}]},{\"@type\":\"WebSite\",\"@id\":\"https:\\\/\\\/www.stuccovenezianoshop.com\\\/pl\\\/#website\",\"url\":\"https:\\\/\\\/www.stuccovenezianoshop.com\\\/pl\\\/\",\"name\":\"Stucco Veneziano\",\"description\":\"\",\"publisher\":{\"@id\":\"https:\\\/\\\/www.stuccovenezianoshop.com\\\/pl\\\/#organization\"},\"potentialAction\":[{\"@type\":\"SearchAction\",\"target\":{\"@type\":\"EntryPoint\",\"urlTemplate\":\"https:\\\/\\\/www.stuccovenezianoshop.com\\\/pl\\\/?s={search_term_string}\"},\"query-input\":{\"@type\":\"PropertyValueSpecification\",\"valueRequired\":true,\"valueName\":\"search_term_string\"}}],\"inLanguage\":\"pl-PL\"},{\"@type\":\"Organization\",\"@id\":\"https:\\\/\\\/www.stuccovenezianoshop.com\\\/pl\\\/#organization\",\"name\":\"Stucco Veneziano\",\"url\":\"https:\\\/\\\/www.stuccovenezianoshop.com\\\/pl\\\/\",\"logo\":{\"@type\":\"ImageObject\",\"inLanguage\":\"pl-PL\",\"@id\":\"https:\\\/\\\/www.stuccovenezianoshop.com\\\/pl\\\/#\\\/schema\\\/logo\\\/image\\\/\",\"url\":\"https:\\\/\\\/www.stuccovenezianoshop.com\\\/wp-content\\\/uploads\\\/2021\\\/08\\\/Logo-mobile-2x.avif\",\"contentUrl\":\"https:\\\/\\\/www.stuccovenezianoshop.com\\\/wp-content\\\/uploads\\\/2021\\\/08\\\/Logo-mobile-2x.avif\",\"width\":121,\"height\":70,\"caption\":\"Stucco Veneziano\"},\"image\":{\"@id\":\"https:\\\/\\\/www.stuccovenezianoshop.com\\\/pl\\\/#\\\/schema\\\/logo\\\/image\\\/\"},\"sameAs\":[\"https:\\\/\\\/www.facebook.com\\\/stuccovenezianoshop\",\"https:\\\/\\\/www.instagram.com\\\/stuccovenezianoshop\\\/\"]}]}<\/script>\n<!-- \/ Yoast SEO plugin. -->","yoast_head_json":{"title":"Masa modelarska 3D &#8226; Stucco Veneziano","description":"Masa do modelowania 3D to p\u00f3\u0142plastyczne wyko\u0144czenie. Sklep Stucco Veneziano. Darmowa i szybka wysy\u0142ka! Gwarancja i jako\u015b\u0107 materia\u0142\u00f3w","robots":{"index":"index","follow":"follow","max-snippet":"max-snippet:-1","max-image-preview":"max-image-preview:large","max-video-preview":"max-video-preview:-1"},"canonical":"https:\/\/www.stuccovenezianoshop.com\/pl\/prodotto\/masa-modelarska-3d\/","og_locale":"pl_PL","og_type":"article","og_title":"Masa modelarska 3D &#8226; Stucco Veneziano","og_description":"Masa do modelowania 3D to p\u00f3\u0142plastyczne wyko\u0144czenie. Sklep Stucco Veneziano. Darmowa i szybka wysy\u0142ka! Gwarancja i jako\u015b\u0107 materia\u0142\u00f3w","og_url":"https:\/\/www.stuccovenezianoshop.com\/pl\/prodotto\/masa-modelarska-3d\/","og_site_name":"Stucco Veneziano","article_publisher":"https:\/\/www.facebook.com\/stuccovenezianoshop","twitter_card":"summary_large_image","schema":{"@context":"https:\/\/schema.org","@graph":[{"@type":"WebPage","@id":"https:\/\/www.stuccovenezianoshop.com\/pl\/prodotto\/masa-modelarska-3d\/","url":"https:\/\/www.stuccovenezianoshop.com\/pl\/prodotto\/masa-modelarska-3d\/","name":"Masa modelarska 3D &#8226; Stucco Veneziano","isPartOf":{"@id":"https:\/\/www.stuccovenezianoshop.com\/pl\/#website"},"primaryImageOfPage":{"@id":"https:\/\/www.stuccovenezianoshop.com\/pl\/prodotto\/masa-modelarska-3d\/#primaryimage"},"image":{"@id":"https:\/\/www.stuccovenezianoshop.com\/pl\/prodotto\/masa-modelarska-3d\/#primaryimage"},"thumbnailUrl":"https:\/\/www.stuccovenezianoshop.com\/wp-content\/uploads\/2020\/10\/Decora_3D_V004_1.avif","datePublished":"2020-10-28T15:57:27+00:00","description":"Masa do modelowania 3D to p\u00f3\u0142plastyczne wyko\u0144czenie. Sklep Stucco Veneziano. Darmowa i szybka wysy\u0142ka! Gwarancja i jako\u015b\u0107 materia\u0142\u00f3w","breadcrumb":{"@id":"https:\/\/www.stuccovenezianoshop.com\/pl\/prodotto\/masa-modelarska-3d\/#breadcrumb"},"inLanguage":"pl-PL","potentialAction":[{"@type":"ReadAction","target":["https:\/\/www.stuccovenezianoshop.com\/pl\/prodotto\/masa-modelarska-3d\/"]}]},{"@type":"ImageObject","inLanguage":"pl-PL","@id":"https:\/\/www.stuccovenezianoshop.com\/pl\/prodotto\/masa-modelarska-3d\/#primaryimage","url":"https:\/\/www.stuccovenezianoshop.com\/wp-content\/uploads\/2020\/10\/Decora_3D_V004_1.avif","contentUrl":"https:\/\/www.stuccovenezianoshop.com\/wp-content\/uploads\/2020\/10\/Decora_3D_V004_1.avif","width":1080,"height":1080},{"@type":"BreadcrumbList","@id":"https:\/\/www.stuccovenezianoshop.com\/pl\/prodotto\/masa-modelarska-3d\/#breadcrumb","itemListElement":[{"@type":"ListItem","position":1,"name":"Strona g\u0142\u00f3wna","item":"https:\/\/www.stuccovenezianoshop.com\/pl\/"},{"@type":"ListItem","position":2,"name":"Sklep","item":"https:\/\/www.stuccovenezianoshop.com\/pl\/sklep\/"},{"@type":"ListItem","position":3,"name":"Masa modelarska 3D"}]},{"@type":"WebSite","@id":"https:\/\/www.stuccovenezianoshop.com\/pl\/#website","url":"https:\/\/www.stuccovenezianoshop.com\/pl\/","name":"Stucco Veneziano","description":"","publisher":{"@id":"https:\/\/www.stuccovenezianoshop.com\/pl\/#organization"},"potentialAction":[{"@type":"SearchAction","target":{"@type":"EntryPoint","urlTemplate":"https:\/\/www.stuccovenezianoshop.com\/pl\/?s={search_term_string}"},"query-input":{"@type":"PropertyValueSpecification","valueRequired":true,"valueName":"search_term_string"}}],"inLanguage":"pl-PL"},{"@type":"Organization","@id":"https:\/\/www.stuccovenezianoshop.com\/pl\/#organization","name":"Stucco Veneziano","url":"https:\/\/www.stuccovenezianoshop.com\/pl\/","logo":{"@type":"ImageObject","inLanguage":"pl-PL","@id":"https:\/\/www.stuccovenezianoshop.com\/pl\/#\/schema\/logo\/image\/","url":"https:\/\/www.stuccovenezianoshop.com\/wp-content\/uploads\/2021\/08\/Logo-mobile-2x.avif","contentUrl":"https:\/\/www.stuccovenezianoshop.com\/wp-content\/uploads\/2021\/08\/Logo-mobile-2x.avif","width":121,"height":70,"caption":"Stucco Veneziano"},"image":{"@id":"https:\/\/www.stuccovenezianoshop.com\/pl\/#\/schema\/logo\/image\/"},"sameAs":["https:\/\/www.facebook.com\/stuccovenezianoshop","https:\/\/www.instagram.com\/stuccovenezianoshop\/"]}]}},"_links":{"self":[{"href":"https:\/\/www.stuccovenezianoshop.com\/pl\/wp-json\/wp\/v2\/product\/54069","targetHints":{"allow":["GET"]}}],"collection":[{"href":"https:\/\/www.stuccovenezianoshop.com\/pl\/wp-json\/wp\/v2\/product"}],"about":[{"href":"https:\/\/www.stuccovenezianoshop.com\/pl\/wp-json\/wp\/v2\/types\/product"}],"replies":[{"embeddable":true,"href":"https:\/\/www.stuccovenezianoshop.com\/pl\/wp-json\/wp\/v2\/comments?post=54069"}],"wp:featuredmedia":[{"embeddable":true,"href":"https:\/\/www.stuccovenezianoshop.com\/pl\/wp-json\/wp\/v2\/media\/33785"}],"wp:attachment":[{"href":"https:\/\/www.stuccovenezianoshop.com\/pl\/wp-json\/wp\/v2\/media?parent=54069"}],"wp:term":[{"taxonomy":"product_brand","embeddable":true,"href":"https:\/\/www.stuccovenezianoshop.com\/pl\/wp-json\/wp\/v2\/product_brand?post=54069"},{"taxonomy":"product_cat","embeddable":true,"href":"https:\/\/www.stuccovenezianoshop.com\/pl\/wp-json\/wp\/v2\/product_cat?post=54069"},{"taxonomy":"product_tag","embeddable":true,"href":"https:\/\/www.stuccovenezianoshop.com\/pl\/wp-json\/wp\/v2\/product_tag?post=54069"}],"curies":[{"name":"wp","href":"https:\/\/api.w.org\/{rel}","templated":true}]}}