{"id":54019,"date":"2020-10-28T18:00:39","date_gmt":"2020-10-28T16:00:39","guid":{"rendered":"https:\/\/www.stuccovenezianoshop.com\/produkt\/glimmer-high-tech\/"},"modified":"2020-10-28T18:00:39","modified_gmt":"2020-10-28T16:00:39","slug":"glimmer-high-tech","status":"publish","type":"product","link":"https:\/\/www.stuccovenezianoshop.com\/pl\/prodotto\/glimmer-high-tech\/","title":{"rendered":"Glimmer High Tech"},"content":{"rendered":"<p>Glimmer High Tech to produkt proszkowy na bazie wyselekcjonowanych m\u0105czek marmurowych, specjalnego srebrnego miki i spoiw hydraulicznych do presti\u017cowych powierzchni matowych i satynowych z efektem marmuru i kamienia antycznego.<br \/>\nProdukt do u\u017cytku wewn\u0119trznego i zewn\u0119trznego, kt\u00f3ry poprzez proste nak\u0142adanie pozwala uzyska\u0107 nowoczesny, kryj\u0105cy efekt wyg\u0142adzenia z refleksami miki i cieniowaniem kamienia naturalnego.<br \/>\nProdukt mo\u017ce by\u0107 barwiony przy u\u017cyciu systemu kolor\u00f3w Stucco Veneziano Shop.<\/p>\n<p>W\u0142a\u015bciwo\u015bci Glimmer High Tech:<br \/>\n&#8211; nowoczesny i oryginalny wygl\u0105d<br \/>\n&#8211; produkt na bazie wapna z eleganck\u0105 mik\u0105<br \/>\n&#8211; efekt matowy charakterystyczny dla starego kamienia<br \/>\n&#8211; trwa\u0142y i \u0142atwy w czyszczeniu<br \/>\n&#8211; oddychaj\u0105cy i przeciwgrzybiczny<\/p>\n","protected":false},"excerpt":{"rendered":"<p>Glimmer High Tech to produkt proszkowy na bazie wyselekcjonowanych m\u0105czek marmurowych, specjalnego srebrnego miki i spoiw hydraulicznych do presti\u017cowych powierzchni matowych i satynowych z efektem marmuru i kamienia antycznego.<br \/>\nKolor produktu bazowego jest bia\u0142y.<\/p>\n<h4>Cechy produktu:<\/h4>\n<p><span class=\"extern\">Zastosowanie zewn\u0119trzne: W cyklu Marmorino do zastosowa\u0144 zewn\u0119trznych konieczne jest na\u0142o\u017cenie warstwy Kalkschicht Outdoor jako podk\u0142adu.<\/span><\/p>\n<p><span style=\"font-weight: 400;\">Wydajno\u015b\u0107 na warstw\u0119: <\/span><strong>ok. 1 &#8211; 1,5 m\u00b2\/kg<\/strong><br \/>\n<span class=\"avvertenze\">Wskaz\u00f3wki: Proszek miesza\u0107 z wod\u0105 <\/span><br \/>\n<span class=\"nature\">Sk\u0142ad: Wodorotlenek wapnia\/cement + proszek marmurowy 700 mikron\u00f3w + mika <\/span><br \/>\n<span class=\"aspetto\">Wygl\u0105d: Tynk o g\u0142adkich i surowych odcieniach ze specjalnym refleksyjnym\/matowym p\u00f3\u0142satynowym wype\u0142niaczem mineralnym <\/span><br \/>\n<a href=\"https:\/\/www.stuccovenezianoshop.com\/wp-content\/uploads\/pdf\/060_TECHNISCHES_MERKBLATT_GLIMMER_HIGH_TECH.pdf\" target=\"_blank\" rel=\"noopener noreferrer\"><span class=\"pdf\">Karta techniczna<\/span><\/a><br \/>\n<a href=\"https:\/\/www.stuccovenezianoshop.com\/wp-content\/uploads\/pdf\/security\/060_SICHERHEITSDATENBLATT_GLIMMER_HIGH_TECH.pdf\" target=\"_blank\" rel=\"noopener noreferrer\"><span class=\"pdf\">Karta charakterystyki<\/span><\/a><\/p>\n<p><a href=\"https:\/\/www.stuccovenezianoshop.com\/pl\/poradnik\/#GlimmerHighTech\"><button class=\"video-button\">Samouczek wideo<\/button><\/a><\/p>\n","protected":false},"featured_media":35077,"comment_status":"closed","ping_status":"closed","template":"","meta":{"_acf_changed":false},"product_brand":[],"product_cat":[1372,974,1346],"product_tag":[],"class_list":{"0":"post-54019","1":"product","2":"type-product","3":"status-publish","4":"has-post-thumbnail","6":"product_cat-efekt-strukturalny","7":"product_cat-tynki-marmurowe","8":"product_cat-ulubione-produkty-klientow","9":"description-off","11":"first","12":"instock","13":"taxable","14":"shipping-taxable","15":"purchasable","16":"product-type-variable","17":"has-default-attributes"},"acf":[],"yoast_head":"<!-- This site is optimized with the Yoast SEO plugin v27.5 - https:\/\/yoast.com\/product\/yoast-seo-wordpress\/ -->\n<title>Glimmer High Tech &#8226; Stucco Veneziano<\/title>\n<meta name=\"description\" content=\"Glimmer High Tech to produkt w postaci pasty na bazie wyselekcjonowanych m\u0105czek marmurowych. Stiuk Glimmer. Sklep Stucco Veneziano.\" \/>\n<meta name=\"robots\" content=\"index, follow, max-snippet:-1, max-image-preview:large, max-video-preview:-1\" \/>\n<link rel=\"canonical\" href=\"https:\/\/www.stuccovenezianoshop.com\/pl\/prodotto\/glimmer-high-tech\/\" \/>\n<meta property=\"og:locale\" content=\"pl_PL\" \/>\n<meta property=\"og:type\" content=\"article\" \/>\n<meta property=\"og:title\" content=\"Glimmer High Tech &#8226; Stucco Veneziano\" \/>\n<meta property=\"og:description\" content=\"Glimmer High Tech to produkt w postaci pasty na bazie wyselekcjonowanych m\u0105czek marmurowych. Stiuk Glimmer. Sklep Stucco Veneziano.\" \/>\n<meta property=\"og:url\" content=\"https:\/\/www.stuccovenezianoshop.com\/pl\/prodotto\/glimmer-high-tech\/\" \/>\n<meta property=\"og:site_name\" content=\"Stucco Veneziano\" \/>\n<meta property=\"article:publisher\" content=\"https:\/\/www.facebook.com\/stuccovenezianoshop\" \/>\n<meta name=\"twitter:card\" content=\"summary_large_image\" \/>\n<meta name=\"twitter:label1\" content=\"Szacowany czas czytania\" \/>\n\t<meta name=\"twitter:data1\" content=\"1 minuta\" \/>\n<script type=\"application\/ld+json\" class=\"yoast-schema-graph\">{\"@context\":\"https:\\\/\\\/schema.org\",\"@graph\":[{\"@type\":\"WebPage\",\"@id\":\"https:\\\/\\\/www.stuccovenezianoshop.com\\\/pl\\\/prodotto\\\/glimmer-high-tech\\\/\",\"url\":\"https:\\\/\\\/www.stuccovenezianoshop.com\\\/pl\\\/prodotto\\\/glimmer-high-tech\\\/\",\"name\":\"Glimmer High Tech &#8226; Stucco Veneziano\",\"isPartOf\":{\"@id\":\"https:\\\/\\\/www.stuccovenezianoshop.com\\\/pl\\\/#website\"},\"primaryImageOfPage\":{\"@id\":\"https:\\\/\\\/www.stuccovenezianoshop.com\\\/pl\\\/prodotto\\\/glimmer-high-tech\\\/#primaryimage\"},\"image\":{\"@id\":\"https:\\\/\\\/www.stuccovenezianoshop.com\\\/pl\\\/prodotto\\\/glimmer-high-tech\\\/#primaryimage\"},\"thumbnailUrl\":\"https:\\\/\\\/www.stuccovenezianoshop.com\\\/wp-content\\\/uploads\\\/2022\\\/05\\\/Glimmer-High-Tech-e1652804982642.avif\",\"datePublished\":\"2020-10-28T16:00:39+00:00\",\"description\":\"Glimmer High Tech to produkt w postaci pasty na bazie wyselekcjonowanych m\u0105czek marmurowych. Stiuk Glimmer. Sklep Stucco Veneziano.\",\"breadcrumb\":{\"@id\":\"https:\\\/\\\/www.stuccovenezianoshop.com\\\/pl\\\/prodotto\\\/glimmer-high-tech\\\/#breadcrumb\"},\"inLanguage\":\"pl-PL\",\"potentialAction\":[{\"@type\":\"ReadAction\",\"target\":[\"https:\\\/\\\/www.stuccovenezianoshop.com\\\/pl\\\/prodotto\\\/glimmer-high-tech\\\/\"]}]},{\"@type\":\"ImageObject\",\"inLanguage\":\"pl-PL\",\"@id\":\"https:\\\/\\\/www.stuccovenezianoshop.com\\\/pl\\\/prodotto\\\/glimmer-high-tech\\\/#primaryimage\",\"url\":\"https:\\\/\\\/www.stuccovenezianoshop.com\\\/wp-content\\\/uploads\\\/2022\\\/05\\\/Glimmer-High-Tech-e1652804982642.avif\",\"contentUrl\":\"https:\\\/\\\/www.stuccovenezianoshop.com\\\/wp-content\\\/uploads\\\/2022\\\/05\\\/Glimmer-High-Tech-e1652804982642.avif\",\"width\":1200,\"height\":1200},{\"@type\":\"BreadcrumbList\",\"@id\":\"https:\\\/\\\/www.stuccovenezianoshop.com\\\/pl\\\/prodotto\\\/glimmer-high-tech\\\/#breadcrumb\",\"itemListElement\":[{\"@type\":\"ListItem\",\"position\":1,\"name\":\"Strona g\u0142\u00f3wna\",\"item\":\"https:\\\/\\\/www.stuccovenezianoshop.com\\\/pl\\\/\"},{\"@type\":\"ListItem\",\"position\":2,\"name\":\"Sklep\",\"item\":\"https:\\\/\\\/www.stuccovenezianoshop.com\\\/pl\\\/sklep\\\/\"},{\"@type\":\"ListItem\",\"position\":3,\"name\":\"Glimmer High Tech\"}]},{\"@type\":\"WebSite\",\"@id\":\"https:\\\/\\\/www.stuccovenezianoshop.com\\\/pl\\\/#website\",\"url\":\"https:\\\/\\\/www.stuccovenezianoshop.com\\\/pl\\\/\",\"name\":\"Stucco Veneziano\",\"description\":\"\",\"publisher\":{\"@id\":\"https:\\\/\\\/www.stuccovenezianoshop.com\\\/pl\\\/#organization\"},\"potentialAction\":[{\"@type\":\"SearchAction\",\"target\":{\"@type\":\"EntryPoint\",\"urlTemplate\":\"https:\\\/\\\/www.stuccovenezianoshop.com\\\/pl\\\/?s={search_term_string}\"},\"query-input\":{\"@type\":\"PropertyValueSpecification\",\"valueRequired\":true,\"valueName\":\"search_term_string\"}}],\"inLanguage\":\"pl-PL\"},{\"@type\":\"Organization\",\"@id\":\"https:\\\/\\\/www.stuccovenezianoshop.com\\\/pl\\\/#organization\",\"name\":\"Stucco Veneziano\",\"url\":\"https:\\\/\\\/www.stuccovenezianoshop.com\\\/pl\\\/\",\"logo\":{\"@type\":\"ImageObject\",\"inLanguage\":\"pl-PL\",\"@id\":\"https:\\\/\\\/www.stuccovenezianoshop.com\\\/pl\\\/#\\\/schema\\\/logo\\\/image\\\/\",\"url\":\"https:\\\/\\\/www.stuccovenezianoshop.com\\\/wp-content\\\/uploads\\\/2021\\\/08\\\/Logo-mobile-2x.avif\",\"contentUrl\":\"https:\\\/\\\/www.stuccovenezianoshop.com\\\/wp-content\\\/uploads\\\/2021\\\/08\\\/Logo-mobile-2x.avif\",\"width\":121,\"height\":70,\"caption\":\"Stucco Veneziano\"},\"image\":{\"@id\":\"https:\\\/\\\/www.stuccovenezianoshop.com\\\/pl\\\/#\\\/schema\\\/logo\\\/image\\\/\"},\"sameAs\":[\"https:\\\/\\\/www.facebook.com\\\/stuccovenezianoshop\",\"https:\\\/\\\/www.instagram.com\\\/stuccovenezianoshop\\\/\"]}]}<\/script>\n<!-- \/ Yoast SEO plugin. -->","yoast_head_json":{"title":"Glimmer High Tech &#8226; Stucco Veneziano","description":"Glimmer High Tech to produkt w postaci pasty na bazie wyselekcjonowanych m\u0105czek marmurowych. Stiuk Glimmer. Sklep Stucco Veneziano.","robots":{"index":"index","follow":"follow","max-snippet":"max-snippet:-1","max-image-preview":"max-image-preview:large","max-video-preview":"max-video-preview:-1"},"canonical":"https:\/\/www.stuccovenezianoshop.com\/pl\/prodotto\/glimmer-high-tech\/","og_locale":"pl_PL","og_type":"article","og_title":"Glimmer High Tech &#8226; Stucco Veneziano","og_description":"Glimmer High Tech to produkt w postaci pasty na bazie wyselekcjonowanych m\u0105czek marmurowych. Stiuk Glimmer. Sklep Stucco Veneziano.","og_url":"https:\/\/www.stuccovenezianoshop.com\/pl\/prodotto\/glimmer-high-tech\/","og_site_name":"Stucco Veneziano","article_publisher":"https:\/\/www.facebook.com\/stuccovenezianoshop","twitter_card":"summary_large_image","twitter_misc":{"Szacowany czas czytania":"1 minuta"},"schema":{"@context":"https:\/\/schema.org","@graph":[{"@type":"WebPage","@id":"https:\/\/www.stuccovenezianoshop.com\/pl\/prodotto\/glimmer-high-tech\/","url":"https:\/\/www.stuccovenezianoshop.com\/pl\/prodotto\/glimmer-high-tech\/","name":"Glimmer High Tech &#8226; Stucco Veneziano","isPartOf":{"@id":"https:\/\/www.stuccovenezianoshop.com\/pl\/#website"},"primaryImageOfPage":{"@id":"https:\/\/www.stuccovenezianoshop.com\/pl\/prodotto\/glimmer-high-tech\/#primaryimage"},"image":{"@id":"https:\/\/www.stuccovenezianoshop.com\/pl\/prodotto\/glimmer-high-tech\/#primaryimage"},"thumbnailUrl":"https:\/\/www.stuccovenezianoshop.com\/wp-content\/uploads\/2022\/05\/Glimmer-High-Tech-e1652804982642.avif","datePublished":"2020-10-28T16:00:39+00:00","description":"Glimmer High Tech to produkt w postaci pasty na bazie wyselekcjonowanych m\u0105czek marmurowych. Stiuk Glimmer. Sklep Stucco Veneziano.","breadcrumb":{"@id":"https:\/\/www.stuccovenezianoshop.com\/pl\/prodotto\/glimmer-high-tech\/#breadcrumb"},"inLanguage":"pl-PL","potentialAction":[{"@type":"ReadAction","target":["https:\/\/www.stuccovenezianoshop.com\/pl\/prodotto\/glimmer-high-tech\/"]}]},{"@type":"ImageObject","inLanguage":"pl-PL","@id":"https:\/\/www.stuccovenezianoshop.com\/pl\/prodotto\/glimmer-high-tech\/#primaryimage","url":"https:\/\/www.stuccovenezianoshop.com\/wp-content\/uploads\/2022\/05\/Glimmer-High-Tech-e1652804982642.avif","contentUrl":"https:\/\/www.stuccovenezianoshop.com\/wp-content\/uploads\/2022\/05\/Glimmer-High-Tech-e1652804982642.avif","width":1200,"height":1200},{"@type":"BreadcrumbList","@id":"https:\/\/www.stuccovenezianoshop.com\/pl\/prodotto\/glimmer-high-tech\/#breadcrumb","itemListElement":[{"@type":"ListItem","position":1,"name":"Strona g\u0142\u00f3wna","item":"https:\/\/www.stuccovenezianoshop.com\/pl\/"},{"@type":"ListItem","position":2,"name":"Sklep","item":"https:\/\/www.stuccovenezianoshop.com\/pl\/sklep\/"},{"@type":"ListItem","position":3,"name":"Glimmer High Tech"}]},{"@type":"WebSite","@id":"https:\/\/www.stuccovenezianoshop.com\/pl\/#website","url":"https:\/\/www.stuccovenezianoshop.com\/pl\/","name":"Stucco Veneziano","description":"","publisher":{"@id":"https:\/\/www.stuccovenezianoshop.com\/pl\/#organization"},"potentialAction":[{"@type":"SearchAction","target":{"@type":"EntryPoint","urlTemplate":"https:\/\/www.stuccovenezianoshop.com\/pl\/?s={search_term_string}"},"query-input":{"@type":"PropertyValueSpecification","valueRequired":true,"valueName":"search_term_string"}}],"inLanguage":"pl-PL"},{"@type":"Organization","@id":"https:\/\/www.stuccovenezianoshop.com\/pl\/#organization","name":"Stucco Veneziano","url":"https:\/\/www.stuccovenezianoshop.com\/pl\/","logo":{"@type":"ImageObject","inLanguage":"pl-PL","@id":"https:\/\/www.stuccovenezianoshop.com\/pl\/#\/schema\/logo\/image\/","url":"https:\/\/www.stuccovenezianoshop.com\/wp-content\/uploads\/2021\/08\/Logo-mobile-2x.avif","contentUrl":"https:\/\/www.stuccovenezianoshop.com\/wp-content\/uploads\/2021\/08\/Logo-mobile-2x.avif","width":121,"height":70,"caption":"Stucco Veneziano"},"image":{"@id":"https:\/\/www.stuccovenezianoshop.com\/pl\/#\/schema\/logo\/image\/"},"sameAs":["https:\/\/www.facebook.com\/stuccovenezianoshop","https:\/\/www.instagram.com\/stuccovenezianoshop\/"]}]}},"_links":{"self":[{"href":"https:\/\/www.stuccovenezianoshop.com\/pl\/wp-json\/wp\/v2\/product\/54019","targetHints":{"allow":["GET"]}}],"collection":[{"href":"https:\/\/www.stuccovenezianoshop.com\/pl\/wp-json\/wp\/v2\/product"}],"about":[{"href":"https:\/\/www.stuccovenezianoshop.com\/pl\/wp-json\/wp\/v2\/types\/product"}],"replies":[{"embeddable":true,"href":"https:\/\/www.stuccovenezianoshop.com\/pl\/wp-json\/wp\/v2\/comments?post=54019"}],"wp:featuredmedia":[{"embeddable":true,"href":"https:\/\/www.stuccovenezianoshop.com\/pl\/wp-json\/wp\/v2\/media\/35077"}],"wp:attachment":[{"href":"https:\/\/www.stuccovenezianoshop.com\/pl\/wp-json\/wp\/v2\/media?parent=54019"}],"wp:term":[{"taxonomy":"product_brand","embeddable":true,"href":"https:\/\/www.stuccovenezianoshop.com\/pl\/wp-json\/wp\/v2\/product_brand?post=54019"},{"taxonomy":"product_cat","embeddable":true,"href":"https:\/\/www.stuccovenezianoshop.com\/pl\/wp-json\/wp\/v2\/product_cat?post=54019"},{"taxonomy":"product_tag","embeddable":true,"href":"https:\/\/www.stuccovenezianoshop.com\/pl\/wp-json\/wp\/v2\/product_tag?post=54019"}],"curies":[{"name":"wp","href":"https:\/\/api.w.org\/{rel}","templated":true}]}}