{"id":54012,"date":"2020-10-29T17:19:13","date_gmt":"2020-10-29T15:19:13","guid":{"rendered":"https:\/\/www.stuccovenezianoshop.com\/produkt\/etruski-dilavato\/"},"modified":"2020-10-29T17:19:13","modified_gmt":"2020-10-29T15:19:13","slug":"etruski-dilavato","status":"publish","type":"product","link":"https:\/\/www.stuccovenezianoshop.com\/pl\/prodotto\/etruski-dilavato\/","title":{"rendered":"Etruski Dilavato"},"content":{"rendered":"<p>Etruskisch Dilavato to presti\u017cowy produkt sk\u0142adaj\u0105cy si\u0119 z wapna, marmuru i dodatk\u00f3w. Po odpowiednim przygotowaniu mo\u017ce by\u0107 stosowany na ka\u017cdym rodzaju pod\u0142o\u017ca. Jego specjalne zastosowanie pozwala uzyska\u0107 szorstki i chropowaty efekt, kt\u00f3ry podkre\u015bla cenne ziarna piasku, z kt\u00f3rych si\u0119 sk\u0142ada.<br \/>\nStarannie dobrane surowce zapewniaj\u0105 bardzo wysoki poziom oddychalno\u015bci i siln\u0105 odporno\u015b\u0107 na ple\u015b\u0144, bakterie i zasady.<br \/>\nProdukt dost\u0119pny jest w czterech kolorach: naturalna biel, be\u017c, \u017c\u00f3\u0142ty i czerwony. <\/p>\n","protected":false},"excerpt":{"rendered":"<p>Etruskisch Dilavato to presti\u017cowy produkt sk\u0142adaj\u0105cy si\u0119 z wapna, marmuru i dodatk\u00f3w. Po odpowiednim przygotowaniu mo\u017ce by\u0107 stosowany na ka\u017cdym rodzaju pod\u0142o\u017ca. Jego specjalne zastosowanie pozwala uzyska\u0107 szorstki i chropowaty efekt, kt\u00f3ry podkre\u015bla cenne ziarna piasku, z kt\u00f3rych si\u0119 sk\u0142ada. <\/p>\n<h4>Cechy produktu:<\/h4>\n<p><span class=\"extern\">Na zewn\u0105trz: mo\u017ce by\u0107 nak\u0142adany tylko jako ostatnia warstwa na cykle Marmorino do zastosowa\u0144 zewn\u0119trznych<\/span><br \/>\n<span style=\"font-weight: 400;\">Wydajno\u015b\u0107 na warstw\u0119: <\/span><strong>ok. 3 &#8211; 4 m\u00b2\/kg<\/strong><br \/>\nUwagi: Proszek do mieszania z wod\u0105<br \/>\n<span class=\"nature\">Natura: <\/span>Wapno hydrauliczne + mieszanka kruszyw<br \/>\nWygl\u0105d: g\u0142adki satynowy z kolorowymi punktami marmuru<\/p>\n<p><a href=\"https:\/\/www.stuccovenezianoshop.com\/wp-content\/uploads\/2021\/09\/074_TECHNISCHES_MERKBLATT_ETRUSKISCH_DILAVATO.pdf\" target=\"_blank\" rel=\"noopener noreferrer\"><span class=\"pdf\">Karta techniczna<\/span><\/a><br \/>\n<a href=\"https:\/\/www.stuccovenezianoshop.com\/wp-content\/uploads\/2021\/09\/074_SICHERHEITSDATENBLATT_ETRUSKISCH_DILAVATO.pdf\" target=\"_blank\" rel=\"noopener noreferrer\"><span class=\"pdf\">Karta charakterystyki<\/span><\/a><\/p>\n<p><a href=\"https:\/\/www.stuccovenezianoshop.com\/pl\/poradnik\/#EtruskischDilavato\"><button class=\"video-button\">Samouczek wideo<\/button><\/a><\/p>\n","protected":false},"featured_media":33745,"comment_status":"closed","ping_status":"closed","template":"","meta":{"_acf_changed":false},"product_brand":[],"product_cat":[1372,974],"product_tag":[],"class_list":{"0":"post-54012","1":"product","2":"type-product","3":"status-publish","4":"has-post-thumbnail","6":"product_cat-efekt-strukturalny","7":"product_cat-tynki-marmurowe","8":"description-off","10":"first","11":"instock","12":"taxable","13":"shipping-taxable","14":"purchasable","15":"product-type-variable","16":"has-default-attributes"},"acf":[],"yoast_head":"<!-- This site is optimized with the Yoast SEO plugin v27.5 - https:\/\/yoast.com\/product\/yoast-seo-wordpress\/ -->\n<title>Etruski Dilavato &#8226; Stucco Veneziano<\/title>\n<meta name=\"description\" content=\"Etruskisch Dilavato to presti\u017cowy produkt sk\u0142adaj\u0105cy si\u0119 z wapna, marmuru i dodatk\u00f3w. Stucco Veneziano Shop\" \/>\n<meta name=\"robots\" content=\"index, follow, max-snippet:-1, max-image-preview:large, max-video-preview:-1\" \/>\n<link rel=\"canonical\" href=\"https:\/\/www.stuccovenezianoshop.com\/pl\/prodotto\/etruski-dilavato\/\" \/>\n<meta property=\"og:locale\" content=\"pl_PL\" \/>\n<meta property=\"og:type\" content=\"article\" \/>\n<meta property=\"og:title\" content=\"Etruski Dilavato &#8226; Stucco Veneziano\" \/>\n<meta property=\"og:description\" content=\"Etruskisch Dilavato to presti\u017cowy produkt sk\u0142adaj\u0105cy si\u0119 z wapna, marmuru i dodatk\u00f3w. Stucco Veneziano Shop\" \/>\n<meta property=\"og:url\" content=\"https:\/\/www.stuccovenezianoshop.com\/pl\/prodotto\/etruski-dilavato\/\" \/>\n<meta property=\"og:site_name\" content=\"Stucco Veneziano\" \/>\n<meta property=\"article:publisher\" content=\"https:\/\/www.facebook.com\/stuccovenezianoshop\" \/>\n<meta name=\"twitter:card\" content=\"summary_large_image\" \/>\n<script type=\"application\/ld+json\" class=\"yoast-schema-graph\">{\"@context\":\"https:\\\/\\\/schema.org\",\"@graph\":[{\"@type\":\"WebPage\",\"@id\":\"https:\\\/\\\/www.stuccovenezianoshop.com\\\/pl\\\/prodotto\\\/etruski-dilavato\\\/\",\"url\":\"https:\\\/\\\/www.stuccovenezianoshop.com\\\/pl\\\/prodotto\\\/etruski-dilavato\\\/\",\"name\":\"Etruski Dilavato &#8226; Stucco Veneziano\",\"isPartOf\":{\"@id\":\"https:\\\/\\\/www.stuccovenezianoshop.com\\\/pl\\\/#website\"},\"primaryImageOfPage\":{\"@id\":\"https:\\\/\\\/www.stuccovenezianoshop.com\\\/pl\\\/prodotto\\\/etruski-dilavato\\\/#primaryimage\"},\"image\":{\"@id\":\"https:\\\/\\\/www.stuccovenezianoshop.com\\\/pl\\\/prodotto\\\/etruski-dilavato\\\/#primaryimage\"},\"thumbnailUrl\":\"https:\\\/\\\/www.stuccovenezianoshop.com\\\/wp-content\\\/uploads\\\/2020\\\/10\\\/Etruskisch-Dilavato_Dolomiti.jpg\",\"datePublished\":\"2020-10-29T15:19:13+00:00\",\"description\":\"Etruskisch Dilavato to presti\u017cowy produkt sk\u0142adaj\u0105cy si\u0119 z wapna, marmuru i dodatk\u00f3w. Stucco Veneziano Shop\",\"breadcrumb\":{\"@id\":\"https:\\\/\\\/www.stuccovenezianoshop.com\\\/pl\\\/prodotto\\\/etruski-dilavato\\\/#breadcrumb\"},\"inLanguage\":\"pl-PL\",\"potentialAction\":[{\"@type\":\"ReadAction\",\"target\":[\"https:\\\/\\\/www.stuccovenezianoshop.com\\\/pl\\\/prodotto\\\/etruski-dilavato\\\/\"]}]},{\"@type\":\"ImageObject\",\"inLanguage\":\"pl-PL\",\"@id\":\"https:\\\/\\\/www.stuccovenezianoshop.com\\\/pl\\\/prodotto\\\/etruski-dilavato\\\/#primaryimage\",\"url\":\"https:\\\/\\\/www.stuccovenezianoshop.com\\\/wp-content\\\/uploads\\\/2020\\\/10\\\/Etruskisch-Dilavato_Dolomiti.jpg\",\"contentUrl\":\"https:\\\/\\\/www.stuccovenezianoshop.com\\\/wp-content\\\/uploads\\\/2020\\\/10\\\/Etruskisch-Dilavato_Dolomiti.jpg\",\"width\":1080,\"height\":1080},{\"@type\":\"BreadcrumbList\",\"@id\":\"https:\\\/\\\/www.stuccovenezianoshop.com\\\/pl\\\/prodotto\\\/etruski-dilavato\\\/#breadcrumb\",\"itemListElement\":[{\"@type\":\"ListItem\",\"position\":1,\"name\":\"Strona g\u0142\u00f3wna\",\"item\":\"https:\\\/\\\/www.stuccovenezianoshop.com\\\/pl\\\/\"},{\"@type\":\"ListItem\",\"position\":2,\"name\":\"Sklep\",\"item\":\"https:\\\/\\\/www.stuccovenezianoshop.com\\\/pl\\\/sklep\\\/\"},{\"@type\":\"ListItem\",\"position\":3,\"name\":\"Etruski Dilavato\"}]},{\"@type\":\"WebSite\",\"@id\":\"https:\\\/\\\/www.stuccovenezianoshop.com\\\/pl\\\/#website\",\"url\":\"https:\\\/\\\/www.stuccovenezianoshop.com\\\/pl\\\/\",\"name\":\"Stucco Veneziano\",\"description\":\"\",\"publisher\":{\"@id\":\"https:\\\/\\\/www.stuccovenezianoshop.com\\\/pl\\\/#organization\"},\"potentialAction\":[{\"@type\":\"SearchAction\",\"target\":{\"@type\":\"EntryPoint\",\"urlTemplate\":\"https:\\\/\\\/www.stuccovenezianoshop.com\\\/pl\\\/?s={search_term_string}\"},\"query-input\":{\"@type\":\"PropertyValueSpecification\",\"valueRequired\":true,\"valueName\":\"search_term_string\"}}],\"inLanguage\":\"pl-PL\"},{\"@type\":\"Organization\",\"@id\":\"https:\\\/\\\/www.stuccovenezianoshop.com\\\/pl\\\/#organization\",\"name\":\"Stucco Veneziano\",\"url\":\"https:\\\/\\\/www.stuccovenezianoshop.com\\\/pl\\\/\",\"logo\":{\"@type\":\"ImageObject\",\"inLanguage\":\"pl-PL\",\"@id\":\"https:\\\/\\\/www.stuccovenezianoshop.com\\\/pl\\\/#\\\/schema\\\/logo\\\/image\\\/\",\"url\":\"https:\\\/\\\/www.stuccovenezianoshop.com\\\/wp-content\\\/uploads\\\/2021\\\/08\\\/Logo-mobile-2x.avif\",\"contentUrl\":\"https:\\\/\\\/www.stuccovenezianoshop.com\\\/wp-content\\\/uploads\\\/2021\\\/08\\\/Logo-mobile-2x.avif\",\"width\":121,\"height\":70,\"caption\":\"Stucco Veneziano\"},\"image\":{\"@id\":\"https:\\\/\\\/www.stuccovenezianoshop.com\\\/pl\\\/#\\\/schema\\\/logo\\\/image\\\/\"},\"sameAs\":[\"https:\\\/\\\/www.facebook.com\\\/stuccovenezianoshop\",\"https:\\\/\\\/www.instagram.com\\\/stuccovenezianoshop\\\/\"]}]}<\/script>\n<!-- \/ Yoast SEO plugin. -->","yoast_head_json":{"title":"Etruski Dilavato &#8226; Stucco Veneziano","description":"Etruskisch Dilavato to presti\u017cowy produkt sk\u0142adaj\u0105cy si\u0119 z wapna, marmuru i dodatk\u00f3w. Stucco Veneziano Shop","robots":{"index":"index","follow":"follow","max-snippet":"max-snippet:-1","max-image-preview":"max-image-preview:large","max-video-preview":"max-video-preview:-1"},"canonical":"https:\/\/www.stuccovenezianoshop.com\/pl\/prodotto\/etruski-dilavato\/","og_locale":"pl_PL","og_type":"article","og_title":"Etruski Dilavato &#8226; Stucco Veneziano","og_description":"Etruskisch Dilavato to presti\u017cowy produkt sk\u0142adaj\u0105cy si\u0119 z wapna, marmuru i dodatk\u00f3w. Stucco Veneziano Shop","og_url":"https:\/\/www.stuccovenezianoshop.com\/pl\/prodotto\/etruski-dilavato\/","og_site_name":"Stucco Veneziano","article_publisher":"https:\/\/www.facebook.com\/stuccovenezianoshop","twitter_card":"summary_large_image","schema":{"@context":"https:\/\/schema.org","@graph":[{"@type":"WebPage","@id":"https:\/\/www.stuccovenezianoshop.com\/pl\/prodotto\/etruski-dilavato\/","url":"https:\/\/www.stuccovenezianoshop.com\/pl\/prodotto\/etruski-dilavato\/","name":"Etruski Dilavato &#8226; Stucco Veneziano","isPartOf":{"@id":"https:\/\/www.stuccovenezianoshop.com\/pl\/#website"},"primaryImageOfPage":{"@id":"https:\/\/www.stuccovenezianoshop.com\/pl\/prodotto\/etruski-dilavato\/#primaryimage"},"image":{"@id":"https:\/\/www.stuccovenezianoshop.com\/pl\/prodotto\/etruski-dilavato\/#primaryimage"},"thumbnailUrl":"https:\/\/www.stuccovenezianoshop.com\/wp-content\/uploads\/2020\/10\/Etruskisch-Dilavato_Dolomiti.jpg","datePublished":"2020-10-29T15:19:13+00:00","description":"Etruskisch Dilavato to presti\u017cowy produkt sk\u0142adaj\u0105cy si\u0119 z wapna, marmuru i dodatk\u00f3w. Stucco Veneziano Shop","breadcrumb":{"@id":"https:\/\/www.stuccovenezianoshop.com\/pl\/prodotto\/etruski-dilavato\/#breadcrumb"},"inLanguage":"pl-PL","potentialAction":[{"@type":"ReadAction","target":["https:\/\/www.stuccovenezianoshop.com\/pl\/prodotto\/etruski-dilavato\/"]}]},{"@type":"ImageObject","inLanguage":"pl-PL","@id":"https:\/\/www.stuccovenezianoshop.com\/pl\/prodotto\/etruski-dilavato\/#primaryimage","url":"https:\/\/www.stuccovenezianoshop.com\/wp-content\/uploads\/2020\/10\/Etruskisch-Dilavato_Dolomiti.jpg","contentUrl":"https:\/\/www.stuccovenezianoshop.com\/wp-content\/uploads\/2020\/10\/Etruskisch-Dilavato_Dolomiti.jpg","width":1080,"height":1080},{"@type":"BreadcrumbList","@id":"https:\/\/www.stuccovenezianoshop.com\/pl\/prodotto\/etruski-dilavato\/#breadcrumb","itemListElement":[{"@type":"ListItem","position":1,"name":"Strona g\u0142\u00f3wna","item":"https:\/\/www.stuccovenezianoshop.com\/pl\/"},{"@type":"ListItem","position":2,"name":"Sklep","item":"https:\/\/www.stuccovenezianoshop.com\/pl\/sklep\/"},{"@type":"ListItem","position":3,"name":"Etruski Dilavato"}]},{"@type":"WebSite","@id":"https:\/\/www.stuccovenezianoshop.com\/pl\/#website","url":"https:\/\/www.stuccovenezianoshop.com\/pl\/","name":"Stucco Veneziano","description":"","publisher":{"@id":"https:\/\/www.stuccovenezianoshop.com\/pl\/#organization"},"potentialAction":[{"@type":"SearchAction","target":{"@type":"EntryPoint","urlTemplate":"https:\/\/www.stuccovenezianoshop.com\/pl\/?s={search_term_string}"},"query-input":{"@type":"PropertyValueSpecification","valueRequired":true,"valueName":"search_term_string"}}],"inLanguage":"pl-PL"},{"@type":"Organization","@id":"https:\/\/www.stuccovenezianoshop.com\/pl\/#organization","name":"Stucco Veneziano","url":"https:\/\/www.stuccovenezianoshop.com\/pl\/","logo":{"@type":"ImageObject","inLanguage":"pl-PL","@id":"https:\/\/www.stuccovenezianoshop.com\/pl\/#\/schema\/logo\/image\/","url":"https:\/\/www.stuccovenezianoshop.com\/wp-content\/uploads\/2021\/08\/Logo-mobile-2x.avif","contentUrl":"https:\/\/www.stuccovenezianoshop.com\/wp-content\/uploads\/2021\/08\/Logo-mobile-2x.avif","width":121,"height":70,"caption":"Stucco Veneziano"},"image":{"@id":"https:\/\/www.stuccovenezianoshop.com\/pl\/#\/schema\/logo\/image\/"},"sameAs":["https:\/\/www.facebook.com\/stuccovenezianoshop","https:\/\/www.instagram.com\/stuccovenezianoshop\/"]}]}},"_links":{"self":[{"href":"https:\/\/www.stuccovenezianoshop.com\/pl\/wp-json\/wp\/v2\/product\/54012","targetHints":{"allow":["GET"]}}],"collection":[{"href":"https:\/\/www.stuccovenezianoshop.com\/pl\/wp-json\/wp\/v2\/product"}],"about":[{"href":"https:\/\/www.stuccovenezianoshop.com\/pl\/wp-json\/wp\/v2\/types\/product"}],"replies":[{"embeddable":true,"href":"https:\/\/www.stuccovenezianoshop.com\/pl\/wp-json\/wp\/v2\/comments?post=54012"}],"wp:featuredmedia":[{"embeddable":true,"href":"https:\/\/www.stuccovenezianoshop.com\/pl\/wp-json\/wp\/v2\/media\/33745"}],"wp:attachment":[{"href":"https:\/\/www.stuccovenezianoshop.com\/pl\/wp-json\/wp\/v2\/media?parent=54012"}],"wp:term":[{"taxonomy":"product_brand","embeddable":true,"href":"https:\/\/www.stuccovenezianoshop.com\/pl\/wp-json\/wp\/v2\/product_brand?post=54012"},{"taxonomy":"product_cat","embeddable":true,"href":"https:\/\/www.stuccovenezianoshop.com\/pl\/wp-json\/wp\/v2\/product_cat?post=54012"},{"taxonomy":"product_tag","embeddable":true,"href":"https:\/\/www.stuccovenezianoshop.com\/pl\/wp-json\/wp\/v2\/product_tag?post=54012"}],"curies":[{"name":"wp","href":"https:\/\/api.w.org\/{rel}","templated":true}]}}