{"id":53990,"date":"2020-10-27T17:06:00","date_gmt":"2020-10-27T15:06:00","guid":{"rendered":"https:\/\/www.stuccovenezianoshop.com\/produkt\/marmorino-matowe-cocciopesto\/"},"modified":"2020-10-27T17:06:00","modified_gmt":"2020-10-27T15:06:00","slug":"marmorino-matowe-cocciopesto","status":"publish","type":"product","link":"https:\/\/www.stuccovenezianoshop.com\/pl\/prodotto\/marmorino-matowe-cocciopesto\/","title":{"rendered":"Marmorino Matowe Cocciopesto"},"content":{"rendered":"<p>Marmorino Matt Cocciopesto to produkt do u\u017cytku wewn\u0119trznego i zewn\u0119trznego, kt\u00f3ry pozwala osi\u0105gn\u0105\u0107 tradycyjny matowy efekt weneckiego Marmorino, z dodatkiem efektu Cocciopesto, powstaj\u0105cego dzi\u0119ki tonerowi wcze\u015bniej zmieszanemu z Marmorino.<\/p>\n","protected":false},"excerpt":{"rendered":"<p>Marmorino Matt Cocciopesto to produkt do u\u017cytku wewn\u0119trznego i zewn\u0119trznego, kt\u00f3ry pozwala osi\u0105gn\u0105\u0107 tradycyjny matowy efekt weneckiego Marmorino, z dodatkiem efektu Cocciopesto, powstaj\u0105cego dzi\u0119ki tonerowi wcze\u015bniej zmieszanemu z Marmorino.<\/p>\n<h4>Cechy produktu:<\/h4>\n<p><span class=\"extern\">Na zewn\u0105trz: Cykl Marmorino na zewn\u0105trz: Nale\u017cy na\u0142o\u017cy\u0107 warstw\u0119 \u201ePodk\u0142adu Outdoor\u201d jako gruntu.<\/span><br \/>\nWydajno\u015b\u0107: <strong>ok. 1,2 \u2013 1,6m\u00b2\/kg<\/strong><br \/>\n<span class=\"avvertenze\">Wskaz\u00f3wki: 375 g tonera do mieszania z Marmorino Matt, wyko\u0144czenie z Marmorino Antico <\/span><br \/>\n<span class=\"nature\">Natura: wapno + proszek kamionkowy <\/span><br \/>\n<span class=\"aspetto\">Wygl\u0105d: g\u0142adki satynowy z punktami kamionki <\/span><br \/>\n<a href=\"https:\/\/www.stuccovenezianoshop.com\/wp-content\/uploads\/pdf\/059_TECHNISCHES_MERKBLATT_TONER_COCCIOPESTO.pdf\" target=\"_blank\" rel=\"noopener noreferrer\"><span class=\"pdf\">Karta techniczna<\/span><\/a><\/p>\n<p><a href=\"https:\/\/www.stuccovenezianoshop.com\/wp-content\/uploads\/2021\/09\/019_TECHNISCHES_MERKBLATT_MARMORINO_MATT-.pdf\" target=\"_blank\" rel=\"noopener noreferrer\"><span class=\"pdf\">Karta techniczna<\/span><\/a><\/p>\n<p><a href=\"https:\/\/www.stuccovenezianoshop.com\/wp-content\/uploads\/pdf\/security\/019_SICHERHEITSDATENBLATT_MARMORINO_MATT.pdf\" target=\"_blank\" rel=\"noopener noreferrer\"><span class=\"pdf\">Karta charakterystyki<\/span><\/a><\/p>\n<p><a href=\"https:\/\/www.stuccovenezianoshop.com\/pl\/poradnik\/#MarmorinoMattCocciopesto\"><button class=\"video-button\">Samouczek wideo<\/button><\/a><\/p>\n","protected":false},"featured_media":33737,"comment_status":"closed","ping_status":"closed","template":"","meta":{"_acf_changed":false},"product_brand":[],"product_cat":[1358,1353,957,974],"product_tag":[],"class_list":{"0":"post-53990","1":"product","2":"type-product","3":"status-publish","4":"has-post-thumbnail","6":"product_cat-efekt-matowy","7":"product_cat-marmorino-pl","8":"product_cat-mieszane","9":"product_cat-tynki-marmurowe","10":"description-off","12":"first","13":"instock","14":"taxable","15":"shipping-taxable","16":"purchasable","17":"product-type-variable","18":"has-default-attributes"},"acf":[],"yoast_head":"<!-- This site is optimized with the Yoast SEO plugin v27.5 - https:\/\/yoast.com\/product\/yoast-seo-wordpress\/ -->\n<title>Marmorino Matowe Cocciopesto &#8226; Stucco Veneziano<\/title>\n<meta name=\"description\" content=\"Marmorino Matt Cocciopesto pozwala uzyska\u0107 tradycyjny matowy efekt weneckiego marmorino. Stiuk wenecki\" \/>\n<meta name=\"robots\" content=\"index, follow, max-snippet:-1, max-image-preview:large, max-video-preview:-1\" \/>\n<link rel=\"canonical\" href=\"https:\/\/www.stuccovenezianoshop.com\/pl\/prodotto\/marmorino-matowe-cocciopesto\/\" \/>\n<meta property=\"og:locale\" content=\"pl_PL\" \/>\n<meta property=\"og:type\" content=\"article\" \/>\n<meta property=\"og:title\" content=\"Marmorino Matowe Cocciopesto &#8226; Stucco Veneziano\" \/>\n<meta property=\"og:description\" content=\"Marmorino Matt Cocciopesto pozwala uzyska\u0107 tradycyjny matowy efekt weneckiego marmorino. Stiuk wenecki\" \/>\n<meta property=\"og:url\" content=\"https:\/\/www.stuccovenezianoshop.com\/pl\/prodotto\/marmorino-matowe-cocciopesto\/\" \/>\n<meta property=\"og:site_name\" content=\"Stucco Veneziano\" \/>\n<meta property=\"article:publisher\" content=\"https:\/\/www.facebook.com\/stuccovenezianoshop\" \/>\n<meta name=\"twitter:card\" content=\"summary_large_image\" \/>\n<script type=\"application\/ld+json\" class=\"yoast-schema-graph\">{\"@context\":\"https:\\\/\\\/schema.org\",\"@graph\":[{\"@type\":\"WebPage\",\"@id\":\"https:\\\/\\\/www.stuccovenezianoshop.com\\\/pl\\\/prodotto\\\/marmorino-matowe-cocciopesto\\\/\",\"url\":\"https:\\\/\\\/www.stuccovenezianoshop.com\\\/pl\\\/prodotto\\\/marmorino-matowe-cocciopesto\\\/\",\"name\":\"Marmorino Matowe Cocciopesto &#8226; Stucco Veneziano\",\"isPartOf\":{\"@id\":\"https:\\\/\\\/www.stuccovenezianoshop.com\\\/pl\\\/#website\"},\"primaryImageOfPage\":{\"@id\":\"https:\\\/\\\/www.stuccovenezianoshop.com\\\/pl\\\/prodotto\\\/marmorino-matowe-cocciopesto\\\/#primaryimage\"},\"image\":{\"@id\":\"https:\\\/\\\/www.stuccovenezianoshop.com\\\/pl\\\/prodotto\\\/marmorino-matowe-cocciopesto\\\/#primaryimage\"},\"thumbnailUrl\":\"https:\\\/\\\/www.stuccovenezianoshop.com\\\/wp-content\\\/uploads\\\/2020\\\/10\\\/Marmorino-Coccio-Pesto_03.avif\",\"datePublished\":\"2020-10-27T15:06:00+00:00\",\"description\":\"Marmorino Matt Cocciopesto pozwala uzyska\u0107 tradycyjny matowy efekt weneckiego marmorino. Stiuk wenecki\",\"breadcrumb\":{\"@id\":\"https:\\\/\\\/www.stuccovenezianoshop.com\\\/pl\\\/prodotto\\\/marmorino-matowe-cocciopesto\\\/#breadcrumb\"},\"inLanguage\":\"pl-PL\",\"potentialAction\":[{\"@type\":\"ReadAction\",\"target\":[\"https:\\\/\\\/www.stuccovenezianoshop.com\\\/pl\\\/prodotto\\\/marmorino-matowe-cocciopesto\\\/\"]}]},{\"@type\":\"ImageObject\",\"inLanguage\":\"pl-PL\",\"@id\":\"https:\\\/\\\/www.stuccovenezianoshop.com\\\/pl\\\/prodotto\\\/marmorino-matowe-cocciopesto\\\/#primaryimage\",\"url\":\"https:\\\/\\\/www.stuccovenezianoshop.com\\\/wp-content\\\/uploads\\\/2020\\\/10\\\/Marmorino-Coccio-Pesto_03.avif\",\"contentUrl\":\"https:\\\/\\\/www.stuccovenezianoshop.com\\\/wp-content\\\/uploads\\\/2020\\\/10\\\/Marmorino-Coccio-Pesto_03.avif\",\"width\":1080,\"height\":1080,\"caption\":\"tynk marmorino\"},{\"@type\":\"BreadcrumbList\",\"@id\":\"https:\\\/\\\/www.stuccovenezianoshop.com\\\/pl\\\/prodotto\\\/marmorino-matowe-cocciopesto\\\/#breadcrumb\",\"itemListElement\":[{\"@type\":\"ListItem\",\"position\":1,\"name\":\"Strona g\u0142\u00f3wna\",\"item\":\"https:\\\/\\\/www.stuccovenezianoshop.com\\\/pl\\\/\"},{\"@type\":\"ListItem\",\"position\":2,\"name\":\"Sklep\",\"item\":\"https:\\\/\\\/www.stuccovenezianoshop.com\\\/pl\\\/sklep\\\/\"},{\"@type\":\"ListItem\",\"position\":3,\"name\":\"Marmorino Matowe Cocciopesto\"}]},{\"@type\":\"WebSite\",\"@id\":\"https:\\\/\\\/www.stuccovenezianoshop.com\\\/pl\\\/#website\",\"url\":\"https:\\\/\\\/www.stuccovenezianoshop.com\\\/pl\\\/\",\"name\":\"Stucco Veneziano\",\"description\":\"\",\"publisher\":{\"@id\":\"https:\\\/\\\/www.stuccovenezianoshop.com\\\/pl\\\/#organization\"},\"potentialAction\":[{\"@type\":\"SearchAction\",\"target\":{\"@type\":\"EntryPoint\",\"urlTemplate\":\"https:\\\/\\\/www.stuccovenezianoshop.com\\\/pl\\\/?s={search_term_string}\"},\"query-input\":{\"@type\":\"PropertyValueSpecification\",\"valueRequired\":true,\"valueName\":\"search_term_string\"}}],\"inLanguage\":\"pl-PL\"},{\"@type\":\"Organization\",\"@id\":\"https:\\\/\\\/www.stuccovenezianoshop.com\\\/pl\\\/#organization\",\"name\":\"Stucco Veneziano\",\"url\":\"https:\\\/\\\/www.stuccovenezianoshop.com\\\/pl\\\/\",\"logo\":{\"@type\":\"ImageObject\",\"inLanguage\":\"pl-PL\",\"@id\":\"https:\\\/\\\/www.stuccovenezianoshop.com\\\/pl\\\/#\\\/schema\\\/logo\\\/image\\\/\",\"url\":\"https:\\\/\\\/www.stuccovenezianoshop.com\\\/wp-content\\\/uploads\\\/2021\\\/08\\\/Logo-mobile-2x.avif\",\"contentUrl\":\"https:\\\/\\\/www.stuccovenezianoshop.com\\\/wp-content\\\/uploads\\\/2021\\\/08\\\/Logo-mobile-2x.avif\",\"width\":121,\"height\":70,\"caption\":\"Stucco Veneziano\"},\"image\":{\"@id\":\"https:\\\/\\\/www.stuccovenezianoshop.com\\\/pl\\\/#\\\/schema\\\/logo\\\/image\\\/\"},\"sameAs\":[\"https:\\\/\\\/www.facebook.com\\\/stuccovenezianoshop\",\"https:\\\/\\\/www.instagram.com\\\/stuccovenezianoshop\\\/\"]}]}<\/script>\n<!-- \/ Yoast SEO plugin. -->","yoast_head_json":{"title":"Marmorino Matowe Cocciopesto &#8226; Stucco Veneziano","description":"Marmorino Matt Cocciopesto pozwala uzyska\u0107 tradycyjny matowy efekt weneckiego marmorino. Stiuk wenecki","robots":{"index":"index","follow":"follow","max-snippet":"max-snippet:-1","max-image-preview":"max-image-preview:large","max-video-preview":"max-video-preview:-1"},"canonical":"https:\/\/www.stuccovenezianoshop.com\/pl\/prodotto\/marmorino-matowe-cocciopesto\/","og_locale":"pl_PL","og_type":"article","og_title":"Marmorino Matowe Cocciopesto &#8226; Stucco Veneziano","og_description":"Marmorino Matt Cocciopesto pozwala uzyska\u0107 tradycyjny matowy efekt weneckiego marmorino. Stiuk wenecki","og_url":"https:\/\/www.stuccovenezianoshop.com\/pl\/prodotto\/marmorino-matowe-cocciopesto\/","og_site_name":"Stucco Veneziano","article_publisher":"https:\/\/www.facebook.com\/stuccovenezianoshop","twitter_card":"summary_large_image","schema":{"@context":"https:\/\/schema.org","@graph":[{"@type":"WebPage","@id":"https:\/\/www.stuccovenezianoshop.com\/pl\/prodotto\/marmorino-matowe-cocciopesto\/","url":"https:\/\/www.stuccovenezianoshop.com\/pl\/prodotto\/marmorino-matowe-cocciopesto\/","name":"Marmorino Matowe Cocciopesto &#8226; Stucco Veneziano","isPartOf":{"@id":"https:\/\/www.stuccovenezianoshop.com\/pl\/#website"},"primaryImageOfPage":{"@id":"https:\/\/www.stuccovenezianoshop.com\/pl\/prodotto\/marmorino-matowe-cocciopesto\/#primaryimage"},"image":{"@id":"https:\/\/www.stuccovenezianoshop.com\/pl\/prodotto\/marmorino-matowe-cocciopesto\/#primaryimage"},"thumbnailUrl":"https:\/\/www.stuccovenezianoshop.com\/wp-content\/uploads\/2020\/10\/Marmorino-Coccio-Pesto_03.avif","datePublished":"2020-10-27T15:06:00+00:00","description":"Marmorino Matt Cocciopesto pozwala uzyska\u0107 tradycyjny matowy efekt weneckiego marmorino. Stiuk wenecki","breadcrumb":{"@id":"https:\/\/www.stuccovenezianoshop.com\/pl\/prodotto\/marmorino-matowe-cocciopesto\/#breadcrumb"},"inLanguage":"pl-PL","potentialAction":[{"@type":"ReadAction","target":["https:\/\/www.stuccovenezianoshop.com\/pl\/prodotto\/marmorino-matowe-cocciopesto\/"]}]},{"@type":"ImageObject","inLanguage":"pl-PL","@id":"https:\/\/www.stuccovenezianoshop.com\/pl\/prodotto\/marmorino-matowe-cocciopesto\/#primaryimage","url":"https:\/\/www.stuccovenezianoshop.com\/wp-content\/uploads\/2020\/10\/Marmorino-Coccio-Pesto_03.avif","contentUrl":"https:\/\/www.stuccovenezianoshop.com\/wp-content\/uploads\/2020\/10\/Marmorino-Coccio-Pesto_03.avif","width":1080,"height":1080,"caption":"tynk marmorino"},{"@type":"BreadcrumbList","@id":"https:\/\/www.stuccovenezianoshop.com\/pl\/prodotto\/marmorino-matowe-cocciopesto\/#breadcrumb","itemListElement":[{"@type":"ListItem","position":1,"name":"Strona g\u0142\u00f3wna","item":"https:\/\/www.stuccovenezianoshop.com\/pl\/"},{"@type":"ListItem","position":2,"name":"Sklep","item":"https:\/\/www.stuccovenezianoshop.com\/pl\/sklep\/"},{"@type":"ListItem","position":3,"name":"Marmorino Matowe Cocciopesto"}]},{"@type":"WebSite","@id":"https:\/\/www.stuccovenezianoshop.com\/pl\/#website","url":"https:\/\/www.stuccovenezianoshop.com\/pl\/","name":"Stucco Veneziano","description":"","publisher":{"@id":"https:\/\/www.stuccovenezianoshop.com\/pl\/#organization"},"potentialAction":[{"@type":"SearchAction","target":{"@type":"EntryPoint","urlTemplate":"https:\/\/www.stuccovenezianoshop.com\/pl\/?s={search_term_string}"},"query-input":{"@type":"PropertyValueSpecification","valueRequired":true,"valueName":"search_term_string"}}],"inLanguage":"pl-PL"},{"@type":"Organization","@id":"https:\/\/www.stuccovenezianoshop.com\/pl\/#organization","name":"Stucco Veneziano","url":"https:\/\/www.stuccovenezianoshop.com\/pl\/","logo":{"@type":"ImageObject","inLanguage":"pl-PL","@id":"https:\/\/www.stuccovenezianoshop.com\/pl\/#\/schema\/logo\/image\/","url":"https:\/\/www.stuccovenezianoshop.com\/wp-content\/uploads\/2021\/08\/Logo-mobile-2x.avif","contentUrl":"https:\/\/www.stuccovenezianoshop.com\/wp-content\/uploads\/2021\/08\/Logo-mobile-2x.avif","width":121,"height":70,"caption":"Stucco Veneziano"},"image":{"@id":"https:\/\/www.stuccovenezianoshop.com\/pl\/#\/schema\/logo\/image\/"},"sameAs":["https:\/\/www.facebook.com\/stuccovenezianoshop","https:\/\/www.instagram.com\/stuccovenezianoshop\/"]}]}},"_links":{"self":[{"href":"https:\/\/www.stuccovenezianoshop.com\/pl\/wp-json\/wp\/v2\/product\/53990","targetHints":{"allow":["GET"]}}],"collection":[{"href":"https:\/\/www.stuccovenezianoshop.com\/pl\/wp-json\/wp\/v2\/product"}],"about":[{"href":"https:\/\/www.stuccovenezianoshop.com\/pl\/wp-json\/wp\/v2\/types\/product"}],"replies":[{"embeddable":true,"href":"https:\/\/www.stuccovenezianoshop.com\/pl\/wp-json\/wp\/v2\/comments?post=53990"}],"wp:featuredmedia":[{"embeddable":true,"href":"https:\/\/www.stuccovenezianoshop.com\/pl\/wp-json\/wp\/v2\/media\/33737"}],"wp:attachment":[{"href":"https:\/\/www.stuccovenezianoshop.com\/pl\/wp-json\/wp\/v2\/media?parent=53990"}],"wp:term":[{"taxonomy":"product_brand","embeddable":true,"href":"https:\/\/www.stuccovenezianoshop.com\/pl\/wp-json\/wp\/v2\/product_brand?post=53990"},{"taxonomy":"product_cat","embeddable":true,"href":"https:\/\/www.stuccovenezianoshop.com\/pl\/wp-json\/wp\/v2\/product_cat?post=53990"},{"taxonomy":"product_tag","embeddable":true,"href":"https:\/\/www.stuccovenezianoshop.com\/pl\/wp-json\/wp\/v2\/product_tag?post=53990"}],"curies":[{"name":"wp","href":"https:\/\/api.w.org\/{rel}","templated":true}]}}