{"id":53804,"date":"2020-10-27T17:06:56","date_gmt":"2020-10-27T15:06:56","guid":{"rendered":"https:\/\/www.stuccovenezianoshop.com\/produkt\/marmorino-perlowy\/"},"modified":"2020-10-27T17:06:56","modified_gmt":"2020-10-27T15:06:56","slug":"marmorino-perlowy","status":"publish","type":"product","link":"https:\/\/www.stuccovenezianoshop.com\/pl\/prodotto\/marmorino-perlowy\/","title":{"rendered":"Marmorino Per\u0142owy"},"content":{"rendered":"<p>Marmorino Perlmutter to produkt do zastosowa\u0144 wewn\u0119trznych i zewn\u0119trznych, kt\u00f3ry umo\u017cliwia uzyskanie tradycyjnego matowego efektu weneckiego marmorino przy u\u017cyciu r\u00f3\u017cnych technik aplikacji. Charakterystyczn\u0105 cech\u0105 s\u0105 zmielone ziarna masy per\u0142owej, kt\u00f3re nadaj\u0105 gotowemu produktowi naturalny, l\u015bni\u0105cy po\u0142ysk. Do wysokiej jako\u015bci naturalnych sk\u0142adnik\u00f3w nale\u017c\u0105 r\u00f3wnie\u017c cz\u0105steczki brokatu, kt\u00f3re wygl\u0105daj\u0105 szczeg\u00f3lnie pi\u0119knie i elegancko przy padaj\u0105cym \u015bwietle.<br \/>\nProdukt mo\u017cna barwi\u0107 za pomoc\u0105 systemu kolorystycznego Stucco Veneziano Shop.  <\/p>\n<p>W\u0142a\u015bciwo\u015bci Marmorino Perlmutter:<br \/>\n&#8211; naturalne sk\u0142adniki (prawdziwa m\u0105czka marmurowa, wapno bagienne).<br \/>\n&#8211; unikalna struktura marmurowa z cz\u0105steczkami masy per\u0142owej<br \/>\n&#8211; mo\u017cna barwi\u0107 w 108 kolorach &#8211; r\u00f3wnie\u017c kolory RAL<br \/>\n&#8211; dekoracja \u015bcian z jedwabistym po\u0142yskiem<br \/>\n&#8211; Trwa\u0142y i \u0142atwy w czyszczeniu<br \/>\n&#8211; oddychaj\u0105cy i zapobiegaj\u0105cy ple\u015bni<br \/>\n&#8211; \u0142atwy w aplikacji<\/p>\n","protected":false},"excerpt":{"rendered":"<p>Marmorino Perlmutter to produkt do zastosowa\u0144 wewn\u0119trznych i zewn\u0119trznych, kt\u00f3ry umo\u017cliwia uzyskanie tradycyjnego matowego efektu weneckiego marmorino przy u\u017cyciu r\u00f3\u017cnych technik aplikacji.<br \/>\nCharakterystyczn\u0105 cech\u0105 s\u0105 zmielone ziarna masy per\u0142owej, kt\u00f3re nadaj\u0105 gotowemu produktowi naturalny, l\u015bni\u0105cy po\u0142ysk.<br \/>\nKolor produktu bazowego to bia\u0142y.<\/p>\n<h4>Cechy produktu:<\/h4>\n<p><span class=\"extern\">Zastosowanie zewn\u0119trzne: Toner nadaje si\u0119 do zastosowa\u0144 zewn\u0119trznych<\/span><br \/>\n<span style=\"font-weight: 400;\">Wydajno\u015b\u0107: <\/span><strong>ok. 1,2 &#8211; 1,6 m\u00b2\/kg<\/strong><br \/>\n<span class=\"avvertenze\">Uwagi: gotowy do u\u017cycia<\/span><br \/>\n<span class=\"nature\">Natura: Wapno + proszek marmurowy + australijska masa per\u0142owa 800 mikron\u00f3w <\/span><br \/>\n<span class=\"aspetto\">Wygl\u0105d: g\u0142adki p\u00f3\u0142matowy z punktami masy per\u0142owej <\/span><br \/>\n<a href=\"https:\/\/www.stuccovenezianoshop.com\/wp-content\/uploads\/pdf\/024_TECHNISCHES_MERKBLATT_MARMORINO_PERLMUTTER.pdf\" target=\"_blank\" rel=\"noopener noreferrer\"><span class=\"pdf\">Karta techniczna<\/span><\/a><br \/>\n<a href=\"https:\/\/www.stuccovenezianoshop.com\/wp-content\/uploads\/pdf\/security\/024_SICHERHEITSDATENBLATT_MARMORINO_MATT_PERLMUTTER.pdf\" target=\"_blank\" rel=\"noopener noreferrer\"><span class=\"pdf\">Karta charakterystyki<\/span><\/a><\/p>\n<p><a href=\"https:\/\/www.stuccovenezianoshop.com\/pl\/poradnik\/#MarmorinoPerlmutter\"><button class=\"video-button\">Samouczek wideo<\/button><\/a><\/p>\n","protected":false},"featured_media":33721,"comment_status":"closed","ping_status":"closed","template":"","meta":{"_acf_changed":false},"product_brand":[],"product_cat":[1358,1353,957,974],"product_tag":[],"class_list":{"0":"post-53804","1":"product","2":"type-product","3":"status-publish","4":"has-post-thumbnail","6":"product_cat-efekt-matowy","7":"product_cat-marmorino-pl","8":"product_cat-mieszane","9":"product_cat-tynki-marmurowe","10":"description-off","12":"first","13":"instock","14":"taxable","15":"shipping-taxable","16":"purchasable","17":"product-type-variable","18":"has-default-attributes"},"acf":[],"yoast_head":"<!-- This site is optimized with the Yoast SEO plugin v27.5 - https:\/\/yoast.com\/product\/yoast-seo-wordpress\/ -->\n<title>Marmorino Per\u0142owy &#8226; Stucco Veneziano<\/title>\n<meta name=\"description\" content=\"Marmorino Perlmutter umo\u017cliwia uzyskanie tradycyjnego matowego efektu weneckiego marmorino przy u\u017cyciu r\u00f3\u017cnych technik aplikacji\" \/>\n<meta name=\"robots\" content=\"index, follow, max-snippet:-1, max-image-preview:large, max-video-preview:-1\" \/>\n<link rel=\"canonical\" href=\"https:\/\/www.stuccovenezianoshop.com\/pl\/prodotto\/marmorino-perlowy\/\" \/>\n<meta property=\"og:locale\" content=\"pl_PL\" \/>\n<meta property=\"og:type\" content=\"article\" \/>\n<meta property=\"og:title\" content=\"Marmorino Per\u0142owy &#8226; Stucco Veneziano\" \/>\n<meta property=\"og:description\" content=\"Marmorino Perlmutter umo\u017cliwia uzyskanie tradycyjnego matowego efektu weneckiego marmorino przy u\u017cyciu r\u00f3\u017cnych technik aplikacji\" \/>\n<meta property=\"og:url\" content=\"https:\/\/www.stuccovenezianoshop.com\/pl\/prodotto\/marmorino-perlowy\/\" \/>\n<meta property=\"og:site_name\" content=\"Stucco Veneziano\" \/>\n<meta property=\"article:publisher\" content=\"https:\/\/www.facebook.com\/stuccovenezianoshop\" \/>\n<meta name=\"twitter:card\" content=\"summary_large_image\" \/>\n<meta name=\"twitter:label1\" content=\"Szacowany czas czytania\" \/>\n\t<meta name=\"twitter:data1\" content=\"1 minuta\" \/>\n<script type=\"application\/ld+json\" class=\"yoast-schema-graph\">{\"@context\":\"https:\\\/\\\/schema.org\",\"@graph\":[{\"@type\":\"WebPage\",\"@id\":\"https:\\\/\\\/www.stuccovenezianoshop.com\\\/pl\\\/prodotto\\\/marmorino-perlowy\\\/\",\"url\":\"https:\\\/\\\/www.stuccovenezianoshop.com\\\/pl\\\/prodotto\\\/marmorino-perlowy\\\/\",\"name\":\"Marmorino Per\u0142owy &#8226; Stucco Veneziano\",\"isPartOf\":{\"@id\":\"https:\\\/\\\/www.stuccovenezianoshop.com\\\/pl\\\/#website\"},\"primaryImageOfPage\":{\"@id\":\"https:\\\/\\\/www.stuccovenezianoshop.com\\\/pl\\\/prodotto\\\/marmorino-perlowy\\\/#primaryimage\"},\"image\":{\"@id\":\"https:\\\/\\\/www.stuccovenezianoshop.com\\\/pl\\\/prodotto\\\/marmorino-perlowy\\\/#primaryimage\"},\"thumbnailUrl\":\"https:\\\/\\\/www.stuccovenezianoshop.com\\\/wp-content\\\/uploads\\\/2020\\\/10\\\/Marmorino-Perlmutter_Ambi_3.avif\",\"datePublished\":\"2020-10-27T15:06:56+00:00\",\"description\":\"Marmorino Perlmutter umo\u017cliwia uzyskanie tradycyjnego matowego efektu weneckiego marmorino przy u\u017cyciu r\u00f3\u017cnych technik aplikacji\",\"breadcrumb\":{\"@id\":\"https:\\\/\\\/www.stuccovenezianoshop.com\\\/pl\\\/prodotto\\\/marmorino-perlowy\\\/#breadcrumb\"},\"inLanguage\":\"pl-PL\",\"potentialAction\":[{\"@type\":\"ReadAction\",\"target\":[\"https:\\\/\\\/www.stuccovenezianoshop.com\\\/pl\\\/prodotto\\\/marmorino-perlowy\\\/\"]}]},{\"@type\":\"ImageObject\",\"inLanguage\":\"pl-PL\",\"@id\":\"https:\\\/\\\/www.stuccovenezianoshop.com\\\/pl\\\/prodotto\\\/marmorino-perlowy\\\/#primaryimage\",\"url\":\"https:\\\/\\\/www.stuccovenezianoshop.com\\\/wp-content\\\/uploads\\\/2020\\\/10\\\/Marmorino-Perlmutter_Ambi_3.avif\",\"contentUrl\":\"https:\\\/\\\/www.stuccovenezianoshop.com\\\/wp-content\\\/uploads\\\/2020\\\/10\\\/Marmorino-Perlmutter_Ambi_3.avif\",\"width\":1080,\"height\":1080,\"caption\":\"Marmorino Per\u0142owy\"},{\"@type\":\"BreadcrumbList\",\"@id\":\"https:\\\/\\\/www.stuccovenezianoshop.com\\\/pl\\\/prodotto\\\/marmorino-perlowy\\\/#breadcrumb\",\"itemListElement\":[{\"@type\":\"ListItem\",\"position\":1,\"name\":\"Strona g\u0142\u00f3wna\",\"item\":\"https:\\\/\\\/www.stuccovenezianoshop.com\\\/pl\\\/\"},{\"@type\":\"ListItem\",\"position\":2,\"name\":\"Sklep\",\"item\":\"https:\\\/\\\/www.stuccovenezianoshop.com\\\/pl\\\/sklep\\\/\"},{\"@type\":\"ListItem\",\"position\":3,\"name\":\"Marmorino Per\u0142owy\"}]},{\"@type\":\"WebSite\",\"@id\":\"https:\\\/\\\/www.stuccovenezianoshop.com\\\/pl\\\/#website\",\"url\":\"https:\\\/\\\/www.stuccovenezianoshop.com\\\/pl\\\/\",\"name\":\"Stucco Veneziano\",\"description\":\"\",\"publisher\":{\"@id\":\"https:\\\/\\\/www.stuccovenezianoshop.com\\\/pl\\\/#organization\"},\"potentialAction\":[{\"@type\":\"SearchAction\",\"target\":{\"@type\":\"EntryPoint\",\"urlTemplate\":\"https:\\\/\\\/www.stuccovenezianoshop.com\\\/pl\\\/?s={search_term_string}\"},\"query-input\":{\"@type\":\"PropertyValueSpecification\",\"valueRequired\":true,\"valueName\":\"search_term_string\"}}],\"inLanguage\":\"pl-PL\"},{\"@type\":\"Organization\",\"@id\":\"https:\\\/\\\/www.stuccovenezianoshop.com\\\/pl\\\/#organization\",\"name\":\"Stucco Veneziano\",\"url\":\"https:\\\/\\\/www.stuccovenezianoshop.com\\\/pl\\\/\",\"logo\":{\"@type\":\"ImageObject\",\"inLanguage\":\"pl-PL\",\"@id\":\"https:\\\/\\\/www.stuccovenezianoshop.com\\\/pl\\\/#\\\/schema\\\/logo\\\/image\\\/\",\"url\":\"https:\\\/\\\/www.stuccovenezianoshop.com\\\/wp-content\\\/uploads\\\/2021\\\/08\\\/Logo-mobile-2x.avif\",\"contentUrl\":\"https:\\\/\\\/www.stuccovenezianoshop.com\\\/wp-content\\\/uploads\\\/2021\\\/08\\\/Logo-mobile-2x.avif\",\"width\":121,\"height\":70,\"caption\":\"Stucco Veneziano\"},\"image\":{\"@id\":\"https:\\\/\\\/www.stuccovenezianoshop.com\\\/pl\\\/#\\\/schema\\\/logo\\\/image\\\/\"},\"sameAs\":[\"https:\\\/\\\/www.facebook.com\\\/stuccovenezianoshop\",\"https:\\\/\\\/www.instagram.com\\\/stuccovenezianoshop\\\/\"]}]}<\/script>\n<!-- \/ Yoast SEO plugin. -->","yoast_head_json":{"title":"Marmorino Per\u0142owy &#8226; Stucco Veneziano","description":"Marmorino Perlmutter umo\u017cliwia uzyskanie tradycyjnego matowego efektu weneckiego marmorino przy u\u017cyciu r\u00f3\u017cnych technik aplikacji","robots":{"index":"index","follow":"follow","max-snippet":"max-snippet:-1","max-image-preview":"max-image-preview:large","max-video-preview":"max-video-preview:-1"},"canonical":"https:\/\/www.stuccovenezianoshop.com\/pl\/prodotto\/marmorino-perlowy\/","og_locale":"pl_PL","og_type":"article","og_title":"Marmorino Per\u0142owy &#8226; Stucco Veneziano","og_description":"Marmorino Perlmutter umo\u017cliwia uzyskanie tradycyjnego matowego efektu weneckiego marmorino przy u\u017cyciu r\u00f3\u017cnych technik aplikacji","og_url":"https:\/\/www.stuccovenezianoshop.com\/pl\/prodotto\/marmorino-perlowy\/","og_site_name":"Stucco Veneziano","article_publisher":"https:\/\/www.facebook.com\/stuccovenezianoshop","twitter_card":"summary_large_image","twitter_misc":{"Szacowany czas czytania":"1 minuta"},"schema":{"@context":"https:\/\/schema.org","@graph":[{"@type":"WebPage","@id":"https:\/\/www.stuccovenezianoshop.com\/pl\/prodotto\/marmorino-perlowy\/","url":"https:\/\/www.stuccovenezianoshop.com\/pl\/prodotto\/marmorino-perlowy\/","name":"Marmorino Per\u0142owy &#8226; Stucco Veneziano","isPartOf":{"@id":"https:\/\/www.stuccovenezianoshop.com\/pl\/#website"},"primaryImageOfPage":{"@id":"https:\/\/www.stuccovenezianoshop.com\/pl\/prodotto\/marmorino-perlowy\/#primaryimage"},"image":{"@id":"https:\/\/www.stuccovenezianoshop.com\/pl\/prodotto\/marmorino-perlowy\/#primaryimage"},"thumbnailUrl":"https:\/\/www.stuccovenezianoshop.com\/wp-content\/uploads\/2020\/10\/Marmorino-Perlmutter_Ambi_3.avif","datePublished":"2020-10-27T15:06:56+00:00","description":"Marmorino Perlmutter umo\u017cliwia uzyskanie tradycyjnego matowego efektu weneckiego marmorino przy u\u017cyciu r\u00f3\u017cnych technik aplikacji","breadcrumb":{"@id":"https:\/\/www.stuccovenezianoshop.com\/pl\/prodotto\/marmorino-perlowy\/#breadcrumb"},"inLanguage":"pl-PL","potentialAction":[{"@type":"ReadAction","target":["https:\/\/www.stuccovenezianoshop.com\/pl\/prodotto\/marmorino-perlowy\/"]}]},{"@type":"ImageObject","inLanguage":"pl-PL","@id":"https:\/\/www.stuccovenezianoshop.com\/pl\/prodotto\/marmorino-perlowy\/#primaryimage","url":"https:\/\/www.stuccovenezianoshop.com\/wp-content\/uploads\/2020\/10\/Marmorino-Perlmutter_Ambi_3.avif","contentUrl":"https:\/\/www.stuccovenezianoshop.com\/wp-content\/uploads\/2020\/10\/Marmorino-Perlmutter_Ambi_3.avif","width":1080,"height":1080,"caption":"Marmorino Per\u0142owy"},{"@type":"BreadcrumbList","@id":"https:\/\/www.stuccovenezianoshop.com\/pl\/prodotto\/marmorino-perlowy\/#breadcrumb","itemListElement":[{"@type":"ListItem","position":1,"name":"Strona g\u0142\u00f3wna","item":"https:\/\/www.stuccovenezianoshop.com\/pl\/"},{"@type":"ListItem","position":2,"name":"Sklep","item":"https:\/\/www.stuccovenezianoshop.com\/pl\/sklep\/"},{"@type":"ListItem","position":3,"name":"Marmorino Per\u0142owy"}]},{"@type":"WebSite","@id":"https:\/\/www.stuccovenezianoshop.com\/pl\/#website","url":"https:\/\/www.stuccovenezianoshop.com\/pl\/","name":"Stucco Veneziano","description":"","publisher":{"@id":"https:\/\/www.stuccovenezianoshop.com\/pl\/#organization"},"potentialAction":[{"@type":"SearchAction","target":{"@type":"EntryPoint","urlTemplate":"https:\/\/www.stuccovenezianoshop.com\/pl\/?s={search_term_string}"},"query-input":{"@type":"PropertyValueSpecification","valueRequired":true,"valueName":"search_term_string"}}],"inLanguage":"pl-PL"},{"@type":"Organization","@id":"https:\/\/www.stuccovenezianoshop.com\/pl\/#organization","name":"Stucco Veneziano","url":"https:\/\/www.stuccovenezianoshop.com\/pl\/","logo":{"@type":"ImageObject","inLanguage":"pl-PL","@id":"https:\/\/www.stuccovenezianoshop.com\/pl\/#\/schema\/logo\/image\/","url":"https:\/\/www.stuccovenezianoshop.com\/wp-content\/uploads\/2021\/08\/Logo-mobile-2x.avif","contentUrl":"https:\/\/www.stuccovenezianoshop.com\/wp-content\/uploads\/2021\/08\/Logo-mobile-2x.avif","width":121,"height":70,"caption":"Stucco Veneziano"},"image":{"@id":"https:\/\/www.stuccovenezianoshop.com\/pl\/#\/schema\/logo\/image\/"},"sameAs":["https:\/\/www.facebook.com\/stuccovenezianoshop","https:\/\/www.instagram.com\/stuccovenezianoshop\/"]}]}},"_links":{"self":[{"href":"https:\/\/www.stuccovenezianoshop.com\/pl\/wp-json\/wp\/v2\/product\/53804","targetHints":{"allow":["GET"]}}],"collection":[{"href":"https:\/\/www.stuccovenezianoshop.com\/pl\/wp-json\/wp\/v2\/product"}],"about":[{"href":"https:\/\/www.stuccovenezianoshop.com\/pl\/wp-json\/wp\/v2\/types\/product"}],"replies":[{"embeddable":true,"href":"https:\/\/www.stuccovenezianoshop.com\/pl\/wp-json\/wp\/v2\/comments?post=53804"}],"wp:featuredmedia":[{"embeddable":true,"href":"https:\/\/www.stuccovenezianoshop.com\/pl\/wp-json\/wp\/v2\/media\/33721"}],"wp:attachment":[{"href":"https:\/\/www.stuccovenezianoshop.com\/pl\/wp-json\/wp\/v2\/media?parent=53804"}],"wp:term":[{"taxonomy":"product_brand","embeddable":true,"href":"https:\/\/www.stuccovenezianoshop.com\/pl\/wp-json\/wp\/v2\/product_brand?post=53804"},{"taxonomy":"product_cat","embeddable":true,"href":"https:\/\/www.stuccovenezianoshop.com\/pl\/wp-json\/wp\/v2\/product_cat?post=53804"},{"taxonomy":"product_tag","embeddable":true,"href":"https:\/\/www.stuccovenezianoshop.com\/pl\/wp-json\/wp\/v2\/product_tag?post=53804"}],"curies":[{"name":"wp","href":"https:\/\/api.w.org\/{rel}","templated":true}]}}