{"id":53716,"date":"2020-10-27T16:52:07","date_gmt":"2020-10-27T14:52:07","guid":{"rendered":"https:\/\/www.stuccovenezianoshop.com\/produkt\/stucco-spatolato-high-gloss\/"},"modified":"2020-10-27T16:52:07","modified_gmt":"2020-10-27T14:52:07","slug":"stucco-spatolato-high-gloss","status":"publish","type":"product","link":"https:\/\/www.stuccovenezianoshop.com\/pl\/prodotto\/stucco-spatolato-high-gloss\/","title":{"rendered":"Stucco Spatolato High Gloss"},"content":{"rendered":"<p>Stucco Spatolato High Gloss to nowoczesny produkt syntetyczny, kt\u00f3ry dzi\u0119ki swojej specjalnej mieszance m\u0105czek marmurowych, specjalnych \u017cywic, olej\u00f3w i naturalnych esencji jest \u0142atwiejszy w obr\u00f3bce ni\u017c inne podobne produkty i nadaje \u015bcianie bardzo b\u0142yszcz\u0105cy efekt. Wysoki po\u0142ysk uzyskuje si\u0119 za pomoc\u0105 prostych szpachelek ze stali nierdzewnej. Jest bardzo \u0142atwy w aplikacji i wymaga jedynie dw\u00f3ch warstw na \u015bcianie, aby uzyska\u0107 po\u017c\u0105dany efekt.  Produkt mo\u017ce by\u0107 barwiony przy u\u017cyciu systemu kolor\u00f3w Stucco Veneziano Shop.<\/p>\n","protected":false},"excerpt":{"rendered":"<p>Stucco Spatolato High Gloss to nowoczesny produkt syntetyczny, kt\u00f3ry dzi\u0119ki swojej specjalnej mieszance m\u0105czek marmurowych, specjalnych \u017cywic, olej\u00f3w i naturalnych esencji jest \u0142atwiejszy w obr\u00f3bce ni\u017c inne podobne produkty i nadaje \u015bcianie bardzo b\u0142yszcz\u0105cy efekt.<\/p>\n<h4>Cechy produktu:<\/h4>\n<p><span class=\"warning\">Uwaga: ten produkt sprzedawany jest w kolorze bia\u0142ym \/ neutralnym. Wybierz tonery kolor\u00f3w poni\u017cej. <\/span><br \/>\n<span class=\"avvertenze\">Wskaz\u00f3wki: Gotowy do u\u017cycia <\/span><br \/>\n<span class=\"nature\">Charakter: Syntetyczny drobny <\/span><br \/>\n<span class=\"aspetto\">Wygl\u0105d: Superb\u0142yszcz\u0105cy g\u0142adki <\/span><br \/>\n<a href=\"https:\/\/www.stuccovenezianoshop.com\/wp-content\/uploads\/pdf\/071_TECHNISCHES_MERKBLATT_STUCCO_SPATOLATO_GLOSS.pdf\" target=\"_blank\" rel=\"noopener noreferrer\"><span class=\"pdf\">Karta techniczna<\/span><\/a><br \/>\n<a href=\"https:\/\/www.stuccovenezianoshop.com\/wp-content\/uploads\/pdf\/security\/071_SICHERHEITSDATENBLATT_SPATOLATO_GLOSS.pdf\" target=\"_blank\" rel=\"noopener noreferrer\"><span class=\"pdf\">Karta charakterystyki<\/span><\/a><\/p>\n<p><a href=\"https:\/\/www.stuccovenezianoshop.com\/pl\/poradnik\/#StuccoSpatolatoHighGloss\"><button class=\"video-button\">Samouczek wideo<\/button><\/a><\/p>\n","protected":false},"featured_media":35253,"comment_status":"closed","ping_status":"closed","template":"","meta":{"_acf_changed":false},"product_brand":[],"product_cat":[1345,974,1346],"product_tag":[],"class_list":{"0":"post-53716","1":"product","2":"type-product","3":"status-publish","4":"has-post-thumbnail","6":"product_cat-efekt-polysku","7":"product_cat-tynki-marmurowe","8":"product_cat-ulubione-produkty-klientow","9":"description-off","11":"first","12":"instock","13":"taxable","14":"shipping-taxable","15":"purchasable","16":"product-type-variable","17":"has-default-attributes"},"acf":[],"yoast_head":"<!-- This site is optimized with the Yoast SEO plugin v27.5 - https:\/\/yoast.com\/product\/yoast-seo-wordpress\/ -->\n<title>Stucco Spatolato High Gloss &#8226; Stucco Veneziano<\/title>\n<meta name=\"robots\" content=\"index, follow, max-snippet:-1, max-image-preview:large, max-video-preview:-1\" \/>\n<link rel=\"canonical\" href=\"https:\/\/www.stuccovenezianoshop.com\/pl\/prodotto\/stucco-spatolato-high-gloss\/\" \/>\n<meta property=\"og:locale\" content=\"pl_PL\" \/>\n<meta property=\"og:type\" content=\"article\" \/>\n<meta property=\"og:title\" content=\"Stucco Spatolato High Gloss &#8226; Stucco Veneziano\" \/>\n<meta property=\"og:description\" content=\"Stucco Spatolato High Gloss to nowoczesny produkt syntetyczny, kt\u00f3ry dzi\u0119ki swojej specjalnej mieszance m\u0105czek marmurowych, specjalnych \u017cywic, olej\u00f3w i naturalnych esencji jest \u0142atwiejszy w obr\u00f3bce ni\u017c inne podobne produkty i nadaje \u015bcianie bardzo b\u0142yszcz\u0105cy efekt. Cechy produktu: Uwaga: ten produkt sprzedawany jest w kolorze bia\u0142ym \/ neutralnym. Wybierz tonery kolor\u00f3w poni\u017cej. Wskaz\u00f3wki: Gotowy do u\u017cycia Charakter: Syntetyczny drobny Wygl\u0105d: Superb\u0142yszcz\u0105cy g\u0142adki Karta techniczna Karta charakterystyki Samouczek wideo\" \/>\n<meta property=\"og:url\" content=\"https:\/\/www.stuccovenezianoshop.com\/pl\/prodotto\/stucco-spatolato-high-gloss\/\" \/>\n<meta property=\"og:site_name\" content=\"Stucco Veneziano\" \/>\n<meta property=\"article:publisher\" content=\"https:\/\/www.facebook.com\/stuccovenezianoshop\" \/>\n<meta name=\"twitter:card\" content=\"summary_large_image\" \/>\n<script type=\"application\/ld+json\" class=\"yoast-schema-graph\">{\"@context\":\"https:\\\/\\\/schema.org\",\"@graph\":[{\"@type\":\"WebPage\",\"@id\":\"https:\\\/\\\/www.stuccovenezianoshop.com\\\/pl\\\/prodotto\\\/stucco-spatolato-high-gloss\\\/\",\"url\":\"https:\\\/\\\/www.stuccovenezianoshop.com\\\/pl\\\/prodotto\\\/stucco-spatolato-high-gloss\\\/\",\"name\":\"Stucco Spatolato High Gloss &#8226; Stucco Veneziano\",\"isPartOf\":{\"@id\":\"https:\\\/\\\/www.stuccovenezianoshop.com\\\/pl\\\/#website\"},\"primaryImageOfPage\":{\"@id\":\"https:\\\/\\\/www.stuccovenezianoshop.com\\\/pl\\\/prodotto\\\/stucco-spatolato-high-gloss\\\/#primaryimage\"},\"image\":{\"@id\":\"https:\\\/\\\/www.stuccovenezianoshop.com\\\/pl\\\/prodotto\\\/stucco-spatolato-high-gloss\\\/#primaryimage\"},\"thumbnailUrl\":\"https:\\\/\\\/www.stuccovenezianoshop.com\\\/wp-content\\\/uploads\\\/2022\\\/05\\\/Spatolato_Veneziano_High_Gloss_2.avif\",\"datePublished\":\"2020-10-27T14:52:07+00:00\",\"breadcrumb\":{\"@id\":\"https:\\\/\\\/www.stuccovenezianoshop.com\\\/pl\\\/prodotto\\\/stucco-spatolato-high-gloss\\\/#breadcrumb\"},\"inLanguage\":\"pl-PL\",\"potentialAction\":[{\"@type\":\"ReadAction\",\"target\":[\"https:\\\/\\\/www.stuccovenezianoshop.com\\\/pl\\\/prodotto\\\/stucco-spatolato-high-gloss\\\/\"]}]},{\"@type\":\"ImageObject\",\"inLanguage\":\"pl-PL\",\"@id\":\"https:\\\/\\\/www.stuccovenezianoshop.com\\\/pl\\\/prodotto\\\/stucco-spatolato-high-gloss\\\/#primaryimage\",\"url\":\"https:\\\/\\\/www.stuccovenezianoshop.com\\\/wp-content\\\/uploads\\\/2022\\\/05\\\/Spatolato_Veneziano_High_Gloss_2.avif\",\"contentUrl\":\"https:\\\/\\\/www.stuccovenezianoshop.com\\\/wp-content\\\/uploads\\\/2022\\\/05\\\/Spatolato_Veneziano_High_Gloss_2.avif\",\"width\":1080,\"height\":1080},{\"@type\":\"BreadcrumbList\",\"@id\":\"https:\\\/\\\/www.stuccovenezianoshop.com\\\/pl\\\/prodotto\\\/stucco-spatolato-high-gloss\\\/#breadcrumb\",\"itemListElement\":[{\"@type\":\"ListItem\",\"position\":1,\"name\":\"Strona g\u0142\u00f3wna\",\"item\":\"https:\\\/\\\/www.stuccovenezianoshop.com\\\/pl\\\/\"},{\"@type\":\"ListItem\",\"position\":2,\"name\":\"Sklep\",\"item\":\"https:\\\/\\\/www.stuccovenezianoshop.com\\\/pl\\\/sklep\\\/\"},{\"@type\":\"ListItem\",\"position\":3,\"name\":\"Stucco Spatolato High Gloss\"}]},{\"@type\":\"WebSite\",\"@id\":\"https:\\\/\\\/www.stuccovenezianoshop.com\\\/pl\\\/#website\",\"url\":\"https:\\\/\\\/www.stuccovenezianoshop.com\\\/pl\\\/\",\"name\":\"Stucco Veneziano\",\"description\":\"\",\"publisher\":{\"@id\":\"https:\\\/\\\/www.stuccovenezianoshop.com\\\/pl\\\/#organization\"},\"potentialAction\":[{\"@type\":\"SearchAction\",\"target\":{\"@type\":\"EntryPoint\",\"urlTemplate\":\"https:\\\/\\\/www.stuccovenezianoshop.com\\\/pl\\\/?s={search_term_string}\"},\"query-input\":{\"@type\":\"PropertyValueSpecification\",\"valueRequired\":true,\"valueName\":\"search_term_string\"}}],\"inLanguage\":\"pl-PL\"},{\"@type\":\"Organization\",\"@id\":\"https:\\\/\\\/www.stuccovenezianoshop.com\\\/pl\\\/#organization\",\"name\":\"Stucco Veneziano\",\"url\":\"https:\\\/\\\/www.stuccovenezianoshop.com\\\/pl\\\/\",\"logo\":{\"@type\":\"ImageObject\",\"inLanguage\":\"pl-PL\",\"@id\":\"https:\\\/\\\/www.stuccovenezianoshop.com\\\/pl\\\/#\\\/schema\\\/logo\\\/image\\\/\",\"url\":\"https:\\\/\\\/www.stuccovenezianoshop.com\\\/wp-content\\\/uploads\\\/2021\\\/08\\\/Logo-mobile-2x.avif\",\"contentUrl\":\"https:\\\/\\\/www.stuccovenezianoshop.com\\\/wp-content\\\/uploads\\\/2021\\\/08\\\/Logo-mobile-2x.avif\",\"width\":121,\"height\":70,\"caption\":\"Stucco Veneziano\"},\"image\":{\"@id\":\"https:\\\/\\\/www.stuccovenezianoshop.com\\\/pl\\\/#\\\/schema\\\/logo\\\/image\\\/\"},\"sameAs\":[\"https:\\\/\\\/www.facebook.com\\\/stuccovenezianoshop\",\"https:\\\/\\\/www.instagram.com\\\/stuccovenezianoshop\\\/\"]}]}<\/script>\n<!-- \/ Yoast SEO plugin. -->","yoast_head_json":{"title":"Stucco Spatolato High Gloss &#8226; Stucco Veneziano","robots":{"index":"index","follow":"follow","max-snippet":"max-snippet:-1","max-image-preview":"max-image-preview:large","max-video-preview":"max-video-preview:-1"},"canonical":"https:\/\/www.stuccovenezianoshop.com\/pl\/prodotto\/stucco-spatolato-high-gloss\/","og_locale":"pl_PL","og_type":"article","og_title":"Stucco Spatolato High Gloss &#8226; Stucco Veneziano","og_description":"Stucco Spatolato High Gloss to nowoczesny produkt syntetyczny, kt\u00f3ry dzi\u0119ki swojej specjalnej mieszance m\u0105czek marmurowych, specjalnych \u017cywic, olej\u00f3w i naturalnych esencji jest \u0142atwiejszy w obr\u00f3bce ni\u017c inne podobne produkty i nadaje \u015bcianie bardzo b\u0142yszcz\u0105cy efekt. Cechy produktu: Uwaga: ten produkt sprzedawany jest w kolorze bia\u0142ym \/ neutralnym. Wybierz tonery kolor\u00f3w poni\u017cej. Wskaz\u00f3wki: Gotowy do u\u017cycia Charakter: Syntetyczny drobny Wygl\u0105d: Superb\u0142yszcz\u0105cy g\u0142adki Karta techniczna Karta charakterystyki Samouczek wideo","og_url":"https:\/\/www.stuccovenezianoshop.com\/pl\/prodotto\/stucco-spatolato-high-gloss\/","og_site_name":"Stucco Veneziano","article_publisher":"https:\/\/www.facebook.com\/stuccovenezianoshop","twitter_card":"summary_large_image","schema":{"@context":"https:\/\/schema.org","@graph":[{"@type":"WebPage","@id":"https:\/\/www.stuccovenezianoshop.com\/pl\/prodotto\/stucco-spatolato-high-gloss\/","url":"https:\/\/www.stuccovenezianoshop.com\/pl\/prodotto\/stucco-spatolato-high-gloss\/","name":"Stucco Spatolato High Gloss &#8226; Stucco Veneziano","isPartOf":{"@id":"https:\/\/www.stuccovenezianoshop.com\/pl\/#website"},"primaryImageOfPage":{"@id":"https:\/\/www.stuccovenezianoshop.com\/pl\/prodotto\/stucco-spatolato-high-gloss\/#primaryimage"},"image":{"@id":"https:\/\/www.stuccovenezianoshop.com\/pl\/prodotto\/stucco-spatolato-high-gloss\/#primaryimage"},"thumbnailUrl":"https:\/\/www.stuccovenezianoshop.com\/wp-content\/uploads\/2022\/05\/Spatolato_Veneziano_High_Gloss_2.avif","datePublished":"2020-10-27T14:52:07+00:00","breadcrumb":{"@id":"https:\/\/www.stuccovenezianoshop.com\/pl\/prodotto\/stucco-spatolato-high-gloss\/#breadcrumb"},"inLanguage":"pl-PL","potentialAction":[{"@type":"ReadAction","target":["https:\/\/www.stuccovenezianoshop.com\/pl\/prodotto\/stucco-spatolato-high-gloss\/"]}]},{"@type":"ImageObject","inLanguage":"pl-PL","@id":"https:\/\/www.stuccovenezianoshop.com\/pl\/prodotto\/stucco-spatolato-high-gloss\/#primaryimage","url":"https:\/\/www.stuccovenezianoshop.com\/wp-content\/uploads\/2022\/05\/Spatolato_Veneziano_High_Gloss_2.avif","contentUrl":"https:\/\/www.stuccovenezianoshop.com\/wp-content\/uploads\/2022\/05\/Spatolato_Veneziano_High_Gloss_2.avif","width":1080,"height":1080},{"@type":"BreadcrumbList","@id":"https:\/\/www.stuccovenezianoshop.com\/pl\/prodotto\/stucco-spatolato-high-gloss\/#breadcrumb","itemListElement":[{"@type":"ListItem","position":1,"name":"Strona g\u0142\u00f3wna","item":"https:\/\/www.stuccovenezianoshop.com\/pl\/"},{"@type":"ListItem","position":2,"name":"Sklep","item":"https:\/\/www.stuccovenezianoshop.com\/pl\/sklep\/"},{"@type":"ListItem","position":3,"name":"Stucco Spatolato High Gloss"}]},{"@type":"WebSite","@id":"https:\/\/www.stuccovenezianoshop.com\/pl\/#website","url":"https:\/\/www.stuccovenezianoshop.com\/pl\/","name":"Stucco Veneziano","description":"","publisher":{"@id":"https:\/\/www.stuccovenezianoshop.com\/pl\/#organization"},"potentialAction":[{"@type":"SearchAction","target":{"@type":"EntryPoint","urlTemplate":"https:\/\/www.stuccovenezianoshop.com\/pl\/?s={search_term_string}"},"query-input":{"@type":"PropertyValueSpecification","valueRequired":true,"valueName":"search_term_string"}}],"inLanguage":"pl-PL"},{"@type":"Organization","@id":"https:\/\/www.stuccovenezianoshop.com\/pl\/#organization","name":"Stucco Veneziano","url":"https:\/\/www.stuccovenezianoshop.com\/pl\/","logo":{"@type":"ImageObject","inLanguage":"pl-PL","@id":"https:\/\/www.stuccovenezianoshop.com\/pl\/#\/schema\/logo\/image\/","url":"https:\/\/www.stuccovenezianoshop.com\/wp-content\/uploads\/2021\/08\/Logo-mobile-2x.avif","contentUrl":"https:\/\/www.stuccovenezianoshop.com\/wp-content\/uploads\/2021\/08\/Logo-mobile-2x.avif","width":121,"height":70,"caption":"Stucco Veneziano"},"image":{"@id":"https:\/\/www.stuccovenezianoshop.com\/pl\/#\/schema\/logo\/image\/"},"sameAs":["https:\/\/www.facebook.com\/stuccovenezianoshop","https:\/\/www.instagram.com\/stuccovenezianoshop\/"]}]}},"_links":{"self":[{"href":"https:\/\/www.stuccovenezianoshop.com\/pl\/wp-json\/wp\/v2\/product\/53716","targetHints":{"allow":["GET"]}}],"collection":[{"href":"https:\/\/www.stuccovenezianoshop.com\/pl\/wp-json\/wp\/v2\/product"}],"about":[{"href":"https:\/\/www.stuccovenezianoshop.com\/pl\/wp-json\/wp\/v2\/types\/product"}],"replies":[{"embeddable":true,"href":"https:\/\/www.stuccovenezianoshop.com\/pl\/wp-json\/wp\/v2\/comments?post=53716"}],"wp:featuredmedia":[{"embeddable":true,"href":"https:\/\/www.stuccovenezianoshop.com\/pl\/wp-json\/wp\/v2\/media\/35253"}],"wp:attachment":[{"href":"https:\/\/www.stuccovenezianoshop.com\/pl\/wp-json\/wp\/v2\/media?parent=53716"}],"wp:term":[{"taxonomy":"product_brand","embeddable":true,"href":"https:\/\/www.stuccovenezianoshop.com\/pl\/wp-json\/wp\/v2\/product_brand?post=53716"},{"taxonomy":"product_cat","embeddable":true,"href":"https:\/\/www.stuccovenezianoshop.com\/pl\/wp-json\/wp\/v2\/product_cat?post=53716"},{"taxonomy":"product_tag","embeddable":true,"href":"https:\/\/www.stuccovenezianoshop.com\/pl\/wp-json\/wp\/v2\/product_tag?post=53716"}],"curies":[{"name":"wp","href":"https:\/\/api.w.org\/{rel}","templated":true}]}}