{"id":53699,"date":"2020-10-27T16:33:03","date_gmt":"2020-10-27T14:33:03","guid":{"rendered":"https:\/\/www.stuccovenezianoshop.com\/produkt\/stiuk-wenecki\/"},"modified":"2026-01-31T00:10:18","modified_gmt":"2026-01-30T22:10:18","slug":"stiuk-wenecki","status":"publish","type":"product","link":"https:\/\/www.stuccovenezianoshop.com\/pl\/prodotto\/stiuk-wenecki\/","title":{"rendered":"Stiuk wenecki"},"content":{"rendered":"<p>Stucco Veneziano to bardzo drobna masa szpachlowa do wysokiej jako\u015bci wyko\u0144cze\u0144 \u015bcian.<br \/>\nJako b\u0142yszcz\u0105cy tynk \u015bcienny nadaje elegancj\u0119 i styl w duchu w\u0142oskiej finezji. Sk\u0142adaj\u0105cy si\u0119 z wapna i py\u0142u marmurowego, dopasowuje si\u0119 do \u015bcian, jest wizualnie przekonuj\u0105cy i \u0142atwy do czyszczenia.<br \/>\nProdukt mo\u017cna dostosowa\u0107 do odcieni kolorystycznych systemu Stucco Veneziano Shop. <\/p>\n<p>W\u0142a\u015bciwo\u015bci Stucco Veneziano:<\/p>\n<ul>\n<li>W\u0142oska technika szpachlowania na bazie naturalnej<\/li>\n<li>mo\u017ce by\u0107 barwiony na 108 kolor\u00f3w \u2013 mo\u017cliwe r\u00f3wnie\u017c kolory RAL<\/li>\n<li>wysoka warto\u015b\u0107 ekologiczna, przeciwple\u015bniowy<\/li>\n<li>trwa\u0142y tynk \u015bcienny<\/li>\n<li>szlachetny wygl\u0105d na wysoki po\u0142ysk\/lustrzany na \u015bcianie<\/li>\n<li>Wapno i py\u0142 marmurowy z prawdziwego marmuru<\/li>\n<li>\u0142atwy w czyszczeniu<\/li>\n<li>nadaje si\u0119 zar\u00f3wno do pomieszcze\u0144 mieszkalnych, jak i komercyjnych<\/li>\n<\/ul>\n<h2>Wi\u0119cej informacji o Stucco Veneziano<\/h2>\n<h3>Pochodzenie i technika<\/h3>\n<p>Stucco Veneziano, w t\u0142umaczeniu \u201e\u201estiuk wenecki\u201d\u201d, to stara technika uszlachetniania \u015bcian pochodz\u0105ca z W\u0142och. Technika ta polega na nak\u0142adaniu kilku warstw tynku wapiennego, kt\u00f3re nast\u0119pnie s\u0105 kompresowane i polerowane, aby uzyska\u0107 b\u0142yszcz\u0105c\u0105 i g\u0142adk\u0105 powierzchni\u0119. Ten proces, znany jako \u201e\u201etechnika prasowania wapna\u201d\u201d, nadaje \u015bcianom wygl\u0105d przypominaj\u0105cy marmur.  <\/p>\n<h3>Wszechstronne zastosowania<\/h3>\n<p>Stucco Veneziano jest niezwykle wszechstronny i mo\u017ce by\u0107 stosowany na niemal wszystkich powierzchniach wewn\u0119trznych i zewn\u0119trznych. Jest idealny do kuchni, \u0142azienek, salon\u00f3w, sypialni, gara\u017cy, fasad i \u015bcian zewn\u0119trznych. Jego adaptacyjno\u015b\u0107 sprawia, \u017ce doskonale nadaje si\u0119 zar\u00f3wno do pomieszcze\u0144 mieszkalnych, jak i komercyjnych, dodaj\u0105c ka\u017cdemu wn\u0119trzu nut\u0119 elegancji i wyrafinowania.  <\/p>\n<h3>Estetyczny wygl\u0105d<\/h3>\n<p>\u015aciany pokryte Stucco Veneziano wyr\u00f3\u017cniaj\u0105 si\u0119 lustrzan\u0105 g\u0142adko\u015bci\u0105 powierzchni i luksusowym wygl\u0105dem polerowanego marmuru. Stopie\u0144 po\u0142ysku mo\u017cna indywidualnie dostosowa\u0107, u\u017cywaj\u0105c wosku lub myd\u0142a podczas wyka\u0144czania. W ten spos\u00f3b mo\u017cna uzyska\u0107 powierzchnie od umiarkowanego po\u0142ysku do bardzo wysokiego po\u0142ysku.  <\/p>\n<h3>Zalety i korzy\u015bci<\/h3>\n<p>Opr\u00f3cz swojej doskona\u0142ej estetyki, Stucco Veneziano oferuje liczne praktyczne zalety:<\/p>\n<ul>\n<li><strong>Trwa\u0142o\u015b\u0107:<\/strong> Utrzymuje si\u0119 przez dziesi\u0119ciolecia, co zmniejsza potrzeb\u0119 cz\u0119stych prac konserwacyjnych.<\/li>\n<li><strong>Poprawa klimatu w pomieszczeniu:<\/strong> Wspiera zdrowy klimat w pomieszczeniu, absorbuj\u0105c zapachy i rozk\u0142adaj\u0105c szkodliwe substancje w powietrzu.<\/li>\n<li><strong>Zapobieganie ple\u015bni:<\/strong> Naturalny sk\u0142ad wapienny sprawia, \u017ce produkt jest wysoce odporny na powstawanie ple\u015bni.<\/li>\n<li><strong>Bezpiecze\u0144stwo:<\/strong> Jest ognioodporny, a zatem nadaje si\u0119 r\u00f3wnie\u017c do stosowania w pobli\u017cu komink\u00f3w i piec\u00f3w.<\/li>\n<\/ul>\n<h3>Zu\u017cycie i zastosowanie<\/h3>\n<p>Dla uzyskania perfekcyjnego wyko\u0144czenia zaleca si\u0119 na\u0142o\u017cenie trzech warstw Stucco Veneziano, przy zu\u017cyciu oko\u0142o 1200 gram\u00f3w na metr kwadratowy. Je\u015bli powierzchnia bazowa nie jest ca\u0142kowicie g\u0142adka, mo\u017cna zastosowa\u0107 tynk podk\u0142adowy, aby zmniejszy\u0107 zu\u017cycie do oko\u0142o 700 gram\u00f3w na metr kwadratowy. <\/p>\n<h3>Instrukcja stosowania<\/h3>\n<p>Aby pom\u00f3c Pa\u0144stwu w prawid\u0142owym zastosowaniu Stucco Veneziano, przygotowali\u015bmy szczeg\u00f3\u0142owy przewodnik, kt\u00f3ry zawiera instrukcje dotycz\u0105ce u\u017cycia Marmorino, myd\u0142a weneckiego, wosku punickiego i balsamu z wosku pszczelego. Dzi\u0119ki tym wskaz\u00f3wkom mog\u0105 Pa\u0144stwo osi\u0105gn\u0105\u0107 profesjonalne i trwa\u0142e rezultaty. <\/p>\n","protected":false},"excerpt":{"rendered":"<p>Stucco Veneziano to bardzo drobna masa szpachlowa do wysokiej jako\u015bci wyko\u0144cze\u0144 \u015bcian. Jako b\u0142yszcz\u0105cy tynk \u015bcienny nadaje elegancj\u0119 i styl w duchu w\u0142oskiej finezji. <\/p>\n","protected":false},"featured_media":35129,"comment_status":"open","ping_status":"closed","template":"","meta":{"_acf_changed":false},"product_brand":[],"product_cat":[1371,958,1345,957,1424,974],"product_tag":[],"class_list":{"0":"post-53699","1":"product","2":"type-product","3":"status-publish","4":"has-post-thumbnail","6":"product_cat-bestseller-pl","7":"product_cat-bestsellery-2022","8":"product_cat-efekt-polysku","9":"product_cat-mieszane","10":"product_cat-stiuk-wenecki","11":"product_cat-tynki-marmurowe","12":"description-off","14":"first","15":"instock","16":"taxable","17":"shipping-taxable","18":"purchasable","19":"product-type-variable","20":"has-default-attributes"},"acf":[],"yoast_head":"<!-- This site is optimized with the Yoast SEO plugin v27.5 - https:\/\/yoast.com\/product\/yoast-seo-wordpress\/ -->\n<title>Kup stiuk wenecki \u2013 Oryginalny stiuk wenecki<\/title>\n<meta name=\"description\" content=\"Stucco Veneziano b\u0142yszcz\u0105cy, 108 kolor\u00f3w. Rozmiary: 7,5 kg, 12,5 kg, 22,5 kg. Darmowa i szybka wysy\u0142ka! \ud83d\ude9b\ud83d\udc8e | Kup teraz w najlepszej cenie\" \/>\n<meta name=\"robots\" content=\"index, follow, max-snippet:-1, max-image-preview:large, max-video-preview:-1\" \/>\n<link rel=\"canonical\" href=\"https:\/\/www.stuccovenezianoshop.com\/pl\/prodotto\/stiuk-wenecki\/\" \/>\n<meta property=\"og:locale\" content=\"pl_PL\" \/>\n<meta property=\"og:type\" content=\"article\" \/>\n<meta property=\"og:title\" content=\"Kup stiuk wenecki \u2013 Oryginalny stiuk wenecki\" \/>\n<meta property=\"og:description\" content=\"Stucco Veneziano b\u0142yszcz\u0105cy, 108 kolor\u00f3w. Rozmiary: 7,5 kg, 12,5 kg, 22,5 kg. Darmowa i szybka wysy\u0142ka! \ud83d\ude9b\ud83d\udc8e | Kup teraz w najlepszej cenie\" \/>\n<meta property=\"og:url\" content=\"https:\/\/www.stuccovenezianoshop.com\/pl\/prodotto\/stiuk-wenecki\/\" \/>\n<meta property=\"og:site_name\" content=\"Stucco Veneziano\" \/>\n<meta property=\"article:publisher\" content=\"https:\/\/www.facebook.com\/stuccovenezianoshop\" \/>\n<meta property=\"article:modified_time\" content=\"2026-01-30T22:10:18+00:00\" \/>\n<meta name=\"twitter:card\" content=\"summary_large_image\" \/>\n<meta name=\"twitter:label1\" content=\"Szacowany czas czytania\" \/>\n\t<meta name=\"twitter:data1\" content=\"3 minuty\" \/>\n<script type=\"application\/ld+json\" class=\"yoast-schema-graph\">{\"@context\":\"https:\\\/\\\/schema.org\",\"@graph\":[{\"@type\":\"WebPage\",\"@id\":\"https:\\\/\\\/www.stuccovenezianoshop.com\\\/pl\\\/prodotto\\\/stiuk-wenecki\\\/\",\"url\":\"https:\\\/\\\/www.stuccovenezianoshop.com\\\/pl\\\/prodotto\\\/stiuk-wenecki\\\/\",\"name\":\"Kup stiuk wenecki \u2013 Oryginalny stiuk wenecki\",\"isPartOf\":{\"@id\":\"https:\\\/\\\/www.stuccovenezianoshop.com\\\/pl\\\/#website\"},\"primaryImageOfPage\":{\"@id\":\"https:\\\/\\\/www.stuccovenezianoshop.com\\\/pl\\\/prodotto\\\/stiuk-wenecki\\\/#primaryimage\"},\"image\":{\"@id\":\"https:\\\/\\\/www.stuccovenezianoshop.com\\\/pl\\\/prodotto\\\/stiuk-wenecki\\\/#primaryimage\"},\"thumbnailUrl\":\"https:\\\/\\\/www.stuccovenezianoshop.com\\\/wp-content\\\/uploads\\\/2022\\\/05\\\/STUCCO-VENEZIANO-VERTICALE-e1652802856106.avif\",\"datePublished\":\"2020-10-27T14:33:03+00:00\",\"dateModified\":\"2026-01-30T22:10:18+00:00\",\"description\":\"Stucco Veneziano b\u0142yszcz\u0105cy, 108 kolor\u00f3w. Rozmiary: 7,5 kg, 12,5 kg, 22,5 kg. Darmowa i szybka wysy\u0142ka! \ud83d\ude9b\ud83d\udc8e | Kup teraz w najlepszej cenie\",\"breadcrumb\":{\"@id\":\"https:\\\/\\\/www.stuccovenezianoshop.com\\\/pl\\\/prodotto\\\/stiuk-wenecki\\\/#breadcrumb\"},\"inLanguage\":\"pl-PL\",\"potentialAction\":[{\"@type\":\"ReadAction\",\"target\":[\"https:\\\/\\\/www.stuccovenezianoshop.com\\\/pl\\\/prodotto\\\/stiuk-wenecki\\\/\"]}]},{\"@type\":\"ImageObject\",\"inLanguage\":\"pl-PL\",\"@id\":\"https:\\\/\\\/www.stuccovenezianoshop.com\\\/pl\\\/prodotto\\\/stiuk-wenecki\\\/#primaryimage\",\"url\":\"https:\\\/\\\/www.stuccovenezianoshop.com\\\/wp-content\\\/uploads\\\/2022\\\/05\\\/STUCCO-VENEZIANO-VERTICALE-e1652802856106.avif\",\"contentUrl\":\"https:\\\/\\\/www.stuccovenezianoshop.com\\\/wp-content\\\/uploads\\\/2022\\\/05\\\/STUCCO-VENEZIANO-VERTICALE-e1652802856106.avif\",\"width\":1281,\"height\":1280,\"caption\":\"stucco veneziano\"},{\"@type\":\"BreadcrumbList\",\"@id\":\"https:\\\/\\\/www.stuccovenezianoshop.com\\\/pl\\\/prodotto\\\/stiuk-wenecki\\\/#breadcrumb\",\"itemListElement\":[{\"@type\":\"ListItem\",\"position\":1,\"name\":\"Strona g\u0142\u00f3wna\",\"item\":\"https:\\\/\\\/www.stuccovenezianoshop.com\\\/pl\\\/\"},{\"@type\":\"ListItem\",\"position\":2,\"name\":\"Sklep\",\"item\":\"https:\\\/\\\/www.stuccovenezianoshop.com\\\/pl\\\/sklep\\\/\"},{\"@type\":\"ListItem\",\"position\":3,\"name\":\"Stiuk wenecki\"}]},{\"@type\":\"WebSite\",\"@id\":\"https:\\\/\\\/www.stuccovenezianoshop.com\\\/pl\\\/#website\",\"url\":\"https:\\\/\\\/www.stuccovenezianoshop.com\\\/pl\\\/\",\"name\":\"Stucco Veneziano\",\"description\":\"\",\"publisher\":{\"@id\":\"https:\\\/\\\/www.stuccovenezianoshop.com\\\/pl\\\/#organization\"},\"potentialAction\":[{\"@type\":\"SearchAction\",\"target\":{\"@type\":\"EntryPoint\",\"urlTemplate\":\"https:\\\/\\\/www.stuccovenezianoshop.com\\\/pl\\\/?s={search_term_string}\"},\"query-input\":{\"@type\":\"PropertyValueSpecification\",\"valueRequired\":true,\"valueName\":\"search_term_string\"}}],\"inLanguage\":\"pl-PL\"},{\"@type\":\"Organization\",\"@id\":\"https:\\\/\\\/www.stuccovenezianoshop.com\\\/pl\\\/#organization\",\"name\":\"Stucco Veneziano\",\"url\":\"https:\\\/\\\/www.stuccovenezianoshop.com\\\/pl\\\/\",\"logo\":{\"@type\":\"ImageObject\",\"inLanguage\":\"pl-PL\",\"@id\":\"https:\\\/\\\/www.stuccovenezianoshop.com\\\/pl\\\/#\\\/schema\\\/logo\\\/image\\\/\",\"url\":\"https:\\\/\\\/www.stuccovenezianoshop.com\\\/wp-content\\\/uploads\\\/2021\\\/08\\\/Logo-mobile-2x.avif\",\"contentUrl\":\"https:\\\/\\\/www.stuccovenezianoshop.com\\\/wp-content\\\/uploads\\\/2021\\\/08\\\/Logo-mobile-2x.avif\",\"width\":121,\"height\":70,\"caption\":\"Stucco Veneziano\"},\"image\":{\"@id\":\"https:\\\/\\\/www.stuccovenezianoshop.com\\\/pl\\\/#\\\/schema\\\/logo\\\/image\\\/\"},\"sameAs\":[\"https:\\\/\\\/www.facebook.com\\\/stuccovenezianoshop\",\"https:\\\/\\\/www.instagram.com\\\/stuccovenezianoshop\\\/\"]}]}<\/script>\n<!-- \/ Yoast SEO plugin. -->","yoast_head_json":{"title":"Kup stiuk wenecki \u2013 Oryginalny stiuk wenecki","description":"Stucco Veneziano b\u0142yszcz\u0105cy, 108 kolor\u00f3w. Rozmiary: 7,5 kg, 12,5 kg, 22,5 kg. Darmowa i szybka wysy\u0142ka! \ud83d\ude9b\ud83d\udc8e | Kup teraz w najlepszej cenie","robots":{"index":"index","follow":"follow","max-snippet":"max-snippet:-1","max-image-preview":"max-image-preview:large","max-video-preview":"max-video-preview:-1"},"canonical":"https:\/\/www.stuccovenezianoshop.com\/pl\/prodotto\/stiuk-wenecki\/","og_locale":"pl_PL","og_type":"article","og_title":"Kup stiuk wenecki \u2013 Oryginalny stiuk wenecki","og_description":"Stucco Veneziano b\u0142yszcz\u0105cy, 108 kolor\u00f3w. Rozmiary: 7,5 kg, 12,5 kg, 22,5 kg. Darmowa i szybka wysy\u0142ka! \ud83d\ude9b\ud83d\udc8e | Kup teraz w najlepszej cenie","og_url":"https:\/\/www.stuccovenezianoshop.com\/pl\/prodotto\/stiuk-wenecki\/","og_site_name":"Stucco Veneziano","article_publisher":"https:\/\/www.facebook.com\/stuccovenezianoshop","article_modified_time":"2026-01-30T22:10:18+00:00","twitter_card":"summary_large_image","twitter_misc":{"Szacowany czas czytania":"3 minuty"},"schema":{"@context":"https:\/\/schema.org","@graph":[{"@type":"WebPage","@id":"https:\/\/www.stuccovenezianoshop.com\/pl\/prodotto\/stiuk-wenecki\/","url":"https:\/\/www.stuccovenezianoshop.com\/pl\/prodotto\/stiuk-wenecki\/","name":"Kup stiuk wenecki \u2013 Oryginalny stiuk wenecki","isPartOf":{"@id":"https:\/\/www.stuccovenezianoshop.com\/pl\/#website"},"primaryImageOfPage":{"@id":"https:\/\/www.stuccovenezianoshop.com\/pl\/prodotto\/stiuk-wenecki\/#primaryimage"},"image":{"@id":"https:\/\/www.stuccovenezianoshop.com\/pl\/prodotto\/stiuk-wenecki\/#primaryimage"},"thumbnailUrl":"https:\/\/www.stuccovenezianoshop.com\/wp-content\/uploads\/2022\/05\/STUCCO-VENEZIANO-VERTICALE-e1652802856106.avif","datePublished":"2020-10-27T14:33:03+00:00","dateModified":"2026-01-30T22:10:18+00:00","description":"Stucco Veneziano b\u0142yszcz\u0105cy, 108 kolor\u00f3w. Rozmiary: 7,5 kg, 12,5 kg, 22,5 kg. Darmowa i szybka wysy\u0142ka! \ud83d\ude9b\ud83d\udc8e | Kup teraz w najlepszej cenie","breadcrumb":{"@id":"https:\/\/www.stuccovenezianoshop.com\/pl\/prodotto\/stiuk-wenecki\/#breadcrumb"},"inLanguage":"pl-PL","potentialAction":[{"@type":"ReadAction","target":["https:\/\/www.stuccovenezianoshop.com\/pl\/prodotto\/stiuk-wenecki\/"]}]},{"@type":"ImageObject","inLanguage":"pl-PL","@id":"https:\/\/www.stuccovenezianoshop.com\/pl\/prodotto\/stiuk-wenecki\/#primaryimage","url":"https:\/\/www.stuccovenezianoshop.com\/wp-content\/uploads\/2022\/05\/STUCCO-VENEZIANO-VERTICALE-e1652802856106.avif","contentUrl":"https:\/\/www.stuccovenezianoshop.com\/wp-content\/uploads\/2022\/05\/STUCCO-VENEZIANO-VERTICALE-e1652802856106.avif","width":1281,"height":1280,"caption":"stucco veneziano"},{"@type":"BreadcrumbList","@id":"https:\/\/www.stuccovenezianoshop.com\/pl\/prodotto\/stiuk-wenecki\/#breadcrumb","itemListElement":[{"@type":"ListItem","position":1,"name":"Strona g\u0142\u00f3wna","item":"https:\/\/www.stuccovenezianoshop.com\/pl\/"},{"@type":"ListItem","position":2,"name":"Sklep","item":"https:\/\/www.stuccovenezianoshop.com\/pl\/sklep\/"},{"@type":"ListItem","position":3,"name":"Stiuk wenecki"}]},{"@type":"WebSite","@id":"https:\/\/www.stuccovenezianoshop.com\/pl\/#website","url":"https:\/\/www.stuccovenezianoshop.com\/pl\/","name":"Stucco Veneziano","description":"","publisher":{"@id":"https:\/\/www.stuccovenezianoshop.com\/pl\/#organization"},"potentialAction":[{"@type":"SearchAction","target":{"@type":"EntryPoint","urlTemplate":"https:\/\/www.stuccovenezianoshop.com\/pl\/?s={search_term_string}"},"query-input":{"@type":"PropertyValueSpecification","valueRequired":true,"valueName":"search_term_string"}}],"inLanguage":"pl-PL"},{"@type":"Organization","@id":"https:\/\/www.stuccovenezianoshop.com\/pl\/#organization","name":"Stucco Veneziano","url":"https:\/\/www.stuccovenezianoshop.com\/pl\/","logo":{"@type":"ImageObject","inLanguage":"pl-PL","@id":"https:\/\/www.stuccovenezianoshop.com\/pl\/#\/schema\/logo\/image\/","url":"https:\/\/www.stuccovenezianoshop.com\/wp-content\/uploads\/2021\/08\/Logo-mobile-2x.avif","contentUrl":"https:\/\/www.stuccovenezianoshop.com\/wp-content\/uploads\/2021\/08\/Logo-mobile-2x.avif","width":121,"height":70,"caption":"Stucco Veneziano"},"image":{"@id":"https:\/\/www.stuccovenezianoshop.com\/pl\/#\/schema\/logo\/image\/"},"sameAs":["https:\/\/www.facebook.com\/stuccovenezianoshop","https:\/\/www.instagram.com\/stuccovenezianoshop\/"]}]}},"_links":{"self":[{"href":"https:\/\/www.stuccovenezianoshop.com\/pl\/wp-json\/wp\/v2\/product\/53699","targetHints":{"allow":["GET"]}}],"collection":[{"href":"https:\/\/www.stuccovenezianoshop.com\/pl\/wp-json\/wp\/v2\/product"}],"about":[{"href":"https:\/\/www.stuccovenezianoshop.com\/pl\/wp-json\/wp\/v2\/types\/product"}],"replies":[{"embeddable":true,"href":"https:\/\/www.stuccovenezianoshop.com\/pl\/wp-json\/wp\/v2\/comments?post=53699"}],"wp:featuredmedia":[{"embeddable":true,"href":"https:\/\/www.stuccovenezianoshop.com\/pl\/wp-json\/wp\/v2\/media\/35129"}],"wp:attachment":[{"href":"https:\/\/www.stuccovenezianoshop.com\/pl\/wp-json\/wp\/v2\/media?parent=53699"}],"wp:term":[{"taxonomy":"product_brand","embeddable":true,"href":"https:\/\/www.stuccovenezianoshop.com\/pl\/wp-json\/wp\/v2\/product_brand?post=53699"},{"taxonomy":"product_cat","embeddable":true,"href":"https:\/\/www.stuccovenezianoshop.com\/pl\/wp-json\/wp\/v2\/product_cat?post=53699"},{"taxonomy":"product_tag","embeddable":true,"href":"https:\/\/www.stuccovenezianoshop.com\/pl\/wp-json\/wp\/v2\/product_tag?post=53699"}],"curies":[{"name":"wp","href":"https:\/\/api.w.org\/{rel}","templated":true}]}}