{"id":51433,"date":"2021-03-21T09:51:13","date_gmt":"2021-03-21T07:51:13","guid":{"rendered":"https:\/\/www.stuccovenezianoshop.com\/produkt\/toner-efekt-betonu\/"},"modified":"2021-03-21T09:51:13","modified_gmt":"2021-03-21T07:51:13","slug":"toner-efekt-betonu","status":"publish","type":"product","link":"https:\/\/www.stuccovenezianoshop.com\/pl\/prodotto\/toner-efekt-betonu\/","title":{"rendered":"Toner Efekt Betonu"},"content":{"rendered":"<p>Toner Efekt Betonu to toner w proszku sk\u0142adaj\u0105cy si\u0119 z pigment\u00f3w, wodorotlenku wapnia, spoiw hydraulicznych i specjalnych dodatk\u00f3w, u\u017cywany do barwienia produktu Efekt Betonu.<br \/>\nPoniewa\u017c produkt ma taki sam sk\u0142ad jak Efekt Betonu, mo\u017cesz doda\u0107 tyle tonera, ile chcesz, w zale\u017cno\u015bci od odcienia szaro\u015bci, jaki chcesz uzyska\u0107. Zalecamy dodawanie tonera, gdy produkt jest jeszcze w formie proszku i mieszanie go za pomoc\u0105 mieszad\u0142a mechanicznego: w ten spos\u00f3b lepiej zapewnia si\u0119 uzyskanie koloru. <\/p>\n","protected":false},"excerpt":{"rendered":"<p>Toner Efekt Betonu to toner w proszku sk\u0142adaj\u0105cy si\u0119 z pigment\u00f3w, wodorotlenku wapnia, spoiw hydraulicznych i specjalnych dodatk\u00f3w, u\u017cywany do barwienia produktu Efekt Betonu. Poniewa\u017c produkt ma taki sam sk\u0142ad jak Efekt Betonu, mo\u017cesz doda\u0107 tyle tonera, ile chcesz, w zale\u017cno\u015bci od odcienia szaro\u015bci, jaki chcesz uzyska\u0107. Zalecamy dodawanie tonera, gdy produkt jest jeszcze w formie proszku i mieszanie go za pomoc\u0105 mieszad\u0142a mechanicznego: w ten spos\u00f3b lepiej zapewnia si\u0119 uzyskanie koloru.<br \/>\nIlo\u015b\u0107 &#8211; 200 g  <\/p>\n<p><a href=\"https:\/\/www.stuccovenezianoshop.com\/wp-content\/uploads\/2021\/09\/062_TECHNISCHES_MERKBLATT_TONER_BETONOPTIK-.pdf\" target=\"_blank\" rel=\"noopener noreferrer\"><span class=\"pdf\">Karta techniczna<\/span><\/a><\/p>\n","protected":false},"featured_media":32565,"comment_status":"closed","ping_status":"closed","template":"","meta":{"_acf_changed":false},"product_brand":[],"product_cat":[1570],"product_tag":[],"class_list":{"0":"post-51433","1":"product","2":"type-product","3":"status-publish","4":"has-post-thumbnail","6":"product_cat-tonery-i-barwniki","7":"description-off","9":"first","10":"instock","11":"taxable","12":"shipping-taxable","13":"purchasable","14":"product-type-simple"},"acf":[],"yoast_head":"<!-- This site is optimized with the Yoast SEO plugin v27.5 - https:\/\/yoast.com\/product\/yoast-seo-wordpress\/ -->\n<title>Toner Efekt Betonu &#8226; Stucco Veneziano<\/title>\n<meta name=\"description\" content=\"Toner Efekt Betonu to toner w proszku sk\u0142adaj\u0105cy si\u0119 z pigment\u00f3w, wodorotlenku wapnia, spoiw hydraulicznych i specjalnych dodatk\u00f3w.\" \/>\n<meta name=\"robots\" content=\"index, follow, max-snippet:-1, max-image-preview:large, max-video-preview:-1\" \/>\n<link rel=\"canonical\" href=\"https:\/\/www.stuccovenezianoshop.com\/pl\/prodotto\/toner-efekt-betonu\/\" \/>\n<meta property=\"og:locale\" content=\"pl_PL\" \/>\n<meta property=\"og:type\" content=\"article\" \/>\n<meta property=\"og:title\" content=\"Toner Efekt Betonu &#8226; Stucco Veneziano\" \/>\n<meta property=\"og:description\" content=\"Toner Efekt Betonu to toner w proszku sk\u0142adaj\u0105cy si\u0119 z pigment\u00f3w, wodorotlenku wapnia, spoiw hydraulicznych i specjalnych dodatk\u00f3w.\" \/>\n<meta property=\"og:url\" content=\"https:\/\/www.stuccovenezianoshop.com\/pl\/prodotto\/toner-efekt-betonu\/\" \/>\n<meta property=\"og:site_name\" content=\"Stucco Veneziano\" \/>\n<meta property=\"article:publisher\" content=\"https:\/\/www.facebook.com\/stuccovenezianoshop\" \/>\n<meta name=\"twitter:card\" content=\"summary_large_image\" \/>\n<script type=\"application\/ld+json\" class=\"yoast-schema-graph\">{\"@context\":\"https:\\\/\\\/schema.org\",\"@graph\":[{\"@type\":\"WebPage\",\"@id\":\"https:\\\/\\\/www.stuccovenezianoshop.com\\\/pl\\\/prodotto\\\/toner-efekt-betonu\\\/\",\"url\":\"https:\\\/\\\/www.stuccovenezianoshop.com\\\/pl\\\/prodotto\\\/toner-efekt-betonu\\\/\",\"name\":\"Toner Efekt Betonu &#8226; Stucco Veneziano\",\"isPartOf\":{\"@id\":\"https:\\\/\\\/www.stuccovenezianoshop.com\\\/pl\\\/#website\"},\"primaryImageOfPage\":{\"@id\":\"https:\\\/\\\/www.stuccovenezianoshop.com\\\/pl\\\/prodotto\\\/toner-efekt-betonu\\\/#primaryimage\"},\"image\":{\"@id\":\"https:\\\/\\\/www.stuccovenezianoshop.com\\\/pl\\\/prodotto\\\/toner-efekt-betonu\\\/#primaryimage\"},\"thumbnailUrl\":\"https:\\\/\\\/www.stuccovenezianoshop.com\\\/wp-content\\\/uploads\\\/2021\\\/03\\\/concrete.avif\",\"datePublished\":\"2021-03-21T07:51:13+00:00\",\"description\":\"Toner Efekt Betonu to toner w proszku sk\u0142adaj\u0105cy si\u0119 z pigment\u00f3w, wodorotlenku wapnia, spoiw hydraulicznych i specjalnych dodatk\u00f3w.\",\"breadcrumb\":{\"@id\":\"https:\\\/\\\/www.stuccovenezianoshop.com\\\/pl\\\/prodotto\\\/toner-efekt-betonu\\\/#breadcrumb\"},\"inLanguage\":\"pl-PL\",\"potentialAction\":[{\"@type\":\"ReadAction\",\"target\":[\"https:\\\/\\\/www.stuccovenezianoshop.com\\\/pl\\\/prodotto\\\/toner-efekt-betonu\\\/\"]}]},{\"@type\":\"ImageObject\",\"inLanguage\":\"pl-PL\",\"@id\":\"https:\\\/\\\/www.stuccovenezianoshop.com\\\/pl\\\/prodotto\\\/toner-efekt-betonu\\\/#primaryimage\",\"url\":\"https:\\\/\\\/www.stuccovenezianoshop.com\\\/wp-content\\\/uploads\\\/2021\\\/03\\\/concrete.avif\",\"contentUrl\":\"https:\\\/\\\/www.stuccovenezianoshop.com\\\/wp-content\\\/uploads\\\/2021\\\/03\\\/concrete.avif\",\"width\":1080,\"height\":1080},{\"@type\":\"BreadcrumbList\",\"@id\":\"https:\\\/\\\/www.stuccovenezianoshop.com\\\/pl\\\/prodotto\\\/toner-efekt-betonu\\\/#breadcrumb\",\"itemListElement\":[{\"@type\":\"ListItem\",\"position\":1,\"name\":\"Strona g\u0142\u00f3wna\",\"item\":\"https:\\\/\\\/www.stuccovenezianoshop.com\\\/pl\\\/\"},{\"@type\":\"ListItem\",\"position\":2,\"name\":\"Sklep\",\"item\":\"https:\\\/\\\/www.stuccovenezianoshop.com\\\/pl\\\/sklep\\\/\"},{\"@type\":\"ListItem\",\"position\":3,\"name\":\"Toner Efekt Betonu\"}]},{\"@type\":\"WebSite\",\"@id\":\"https:\\\/\\\/www.stuccovenezianoshop.com\\\/pl\\\/#website\",\"url\":\"https:\\\/\\\/www.stuccovenezianoshop.com\\\/pl\\\/\",\"name\":\"Stucco Veneziano\",\"description\":\"\",\"publisher\":{\"@id\":\"https:\\\/\\\/www.stuccovenezianoshop.com\\\/pl\\\/#organization\"},\"potentialAction\":[{\"@type\":\"SearchAction\",\"target\":{\"@type\":\"EntryPoint\",\"urlTemplate\":\"https:\\\/\\\/www.stuccovenezianoshop.com\\\/pl\\\/?s={search_term_string}\"},\"query-input\":{\"@type\":\"PropertyValueSpecification\",\"valueRequired\":true,\"valueName\":\"search_term_string\"}}],\"inLanguage\":\"pl-PL\"},{\"@type\":\"Organization\",\"@id\":\"https:\\\/\\\/www.stuccovenezianoshop.com\\\/pl\\\/#organization\",\"name\":\"Stucco Veneziano\",\"url\":\"https:\\\/\\\/www.stuccovenezianoshop.com\\\/pl\\\/\",\"logo\":{\"@type\":\"ImageObject\",\"inLanguage\":\"pl-PL\",\"@id\":\"https:\\\/\\\/www.stuccovenezianoshop.com\\\/pl\\\/#\\\/schema\\\/logo\\\/image\\\/\",\"url\":\"https:\\\/\\\/www.stuccovenezianoshop.com\\\/wp-content\\\/uploads\\\/2021\\\/08\\\/Logo-mobile-2x.avif\",\"contentUrl\":\"https:\\\/\\\/www.stuccovenezianoshop.com\\\/wp-content\\\/uploads\\\/2021\\\/08\\\/Logo-mobile-2x.avif\",\"width\":121,\"height\":70,\"caption\":\"Stucco Veneziano\"},\"image\":{\"@id\":\"https:\\\/\\\/www.stuccovenezianoshop.com\\\/pl\\\/#\\\/schema\\\/logo\\\/image\\\/\"},\"sameAs\":[\"https:\\\/\\\/www.facebook.com\\\/stuccovenezianoshop\",\"https:\\\/\\\/www.instagram.com\\\/stuccovenezianoshop\\\/\"]}]}<\/script>\n<!-- \/ Yoast SEO plugin. -->","yoast_head_json":{"title":"Toner Efekt Betonu &#8226; Stucco Veneziano","description":"Toner Efekt Betonu to toner w proszku sk\u0142adaj\u0105cy si\u0119 z pigment\u00f3w, wodorotlenku wapnia, spoiw hydraulicznych i specjalnych dodatk\u00f3w.","robots":{"index":"index","follow":"follow","max-snippet":"max-snippet:-1","max-image-preview":"max-image-preview:large","max-video-preview":"max-video-preview:-1"},"canonical":"https:\/\/www.stuccovenezianoshop.com\/pl\/prodotto\/toner-efekt-betonu\/","og_locale":"pl_PL","og_type":"article","og_title":"Toner Efekt Betonu &#8226; Stucco Veneziano","og_description":"Toner Efekt Betonu to toner w proszku sk\u0142adaj\u0105cy si\u0119 z pigment\u00f3w, wodorotlenku wapnia, spoiw hydraulicznych i specjalnych dodatk\u00f3w.","og_url":"https:\/\/www.stuccovenezianoshop.com\/pl\/prodotto\/toner-efekt-betonu\/","og_site_name":"Stucco Veneziano","article_publisher":"https:\/\/www.facebook.com\/stuccovenezianoshop","twitter_card":"summary_large_image","schema":{"@context":"https:\/\/schema.org","@graph":[{"@type":"WebPage","@id":"https:\/\/www.stuccovenezianoshop.com\/pl\/prodotto\/toner-efekt-betonu\/","url":"https:\/\/www.stuccovenezianoshop.com\/pl\/prodotto\/toner-efekt-betonu\/","name":"Toner Efekt Betonu &#8226; Stucco Veneziano","isPartOf":{"@id":"https:\/\/www.stuccovenezianoshop.com\/pl\/#website"},"primaryImageOfPage":{"@id":"https:\/\/www.stuccovenezianoshop.com\/pl\/prodotto\/toner-efekt-betonu\/#primaryimage"},"image":{"@id":"https:\/\/www.stuccovenezianoshop.com\/pl\/prodotto\/toner-efekt-betonu\/#primaryimage"},"thumbnailUrl":"https:\/\/www.stuccovenezianoshop.com\/wp-content\/uploads\/2021\/03\/concrete.avif","datePublished":"2021-03-21T07:51:13+00:00","description":"Toner Efekt Betonu to toner w proszku sk\u0142adaj\u0105cy si\u0119 z pigment\u00f3w, wodorotlenku wapnia, spoiw hydraulicznych i specjalnych dodatk\u00f3w.","breadcrumb":{"@id":"https:\/\/www.stuccovenezianoshop.com\/pl\/prodotto\/toner-efekt-betonu\/#breadcrumb"},"inLanguage":"pl-PL","potentialAction":[{"@type":"ReadAction","target":["https:\/\/www.stuccovenezianoshop.com\/pl\/prodotto\/toner-efekt-betonu\/"]}]},{"@type":"ImageObject","inLanguage":"pl-PL","@id":"https:\/\/www.stuccovenezianoshop.com\/pl\/prodotto\/toner-efekt-betonu\/#primaryimage","url":"https:\/\/www.stuccovenezianoshop.com\/wp-content\/uploads\/2021\/03\/concrete.avif","contentUrl":"https:\/\/www.stuccovenezianoshop.com\/wp-content\/uploads\/2021\/03\/concrete.avif","width":1080,"height":1080},{"@type":"BreadcrumbList","@id":"https:\/\/www.stuccovenezianoshop.com\/pl\/prodotto\/toner-efekt-betonu\/#breadcrumb","itemListElement":[{"@type":"ListItem","position":1,"name":"Strona g\u0142\u00f3wna","item":"https:\/\/www.stuccovenezianoshop.com\/pl\/"},{"@type":"ListItem","position":2,"name":"Sklep","item":"https:\/\/www.stuccovenezianoshop.com\/pl\/sklep\/"},{"@type":"ListItem","position":3,"name":"Toner Efekt Betonu"}]},{"@type":"WebSite","@id":"https:\/\/www.stuccovenezianoshop.com\/pl\/#website","url":"https:\/\/www.stuccovenezianoshop.com\/pl\/","name":"Stucco Veneziano","description":"","publisher":{"@id":"https:\/\/www.stuccovenezianoshop.com\/pl\/#organization"},"potentialAction":[{"@type":"SearchAction","target":{"@type":"EntryPoint","urlTemplate":"https:\/\/www.stuccovenezianoshop.com\/pl\/?s={search_term_string}"},"query-input":{"@type":"PropertyValueSpecification","valueRequired":true,"valueName":"search_term_string"}}],"inLanguage":"pl-PL"},{"@type":"Organization","@id":"https:\/\/www.stuccovenezianoshop.com\/pl\/#organization","name":"Stucco Veneziano","url":"https:\/\/www.stuccovenezianoshop.com\/pl\/","logo":{"@type":"ImageObject","inLanguage":"pl-PL","@id":"https:\/\/www.stuccovenezianoshop.com\/pl\/#\/schema\/logo\/image\/","url":"https:\/\/www.stuccovenezianoshop.com\/wp-content\/uploads\/2021\/08\/Logo-mobile-2x.avif","contentUrl":"https:\/\/www.stuccovenezianoshop.com\/wp-content\/uploads\/2021\/08\/Logo-mobile-2x.avif","width":121,"height":70,"caption":"Stucco Veneziano"},"image":{"@id":"https:\/\/www.stuccovenezianoshop.com\/pl\/#\/schema\/logo\/image\/"},"sameAs":["https:\/\/www.facebook.com\/stuccovenezianoshop","https:\/\/www.instagram.com\/stuccovenezianoshop\/"]}]}},"_links":{"self":[{"href":"https:\/\/www.stuccovenezianoshop.com\/pl\/wp-json\/wp\/v2\/product\/51433","targetHints":{"allow":["GET"]}}],"collection":[{"href":"https:\/\/www.stuccovenezianoshop.com\/pl\/wp-json\/wp\/v2\/product"}],"about":[{"href":"https:\/\/www.stuccovenezianoshop.com\/pl\/wp-json\/wp\/v2\/types\/product"}],"replies":[{"embeddable":true,"href":"https:\/\/www.stuccovenezianoshop.com\/pl\/wp-json\/wp\/v2\/comments?post=51433"}],"wp:featuredmedia":[{"embeddable":true,"href":"https:\/\/www.stuccovenezianoshop.com\/pl\/wp-json\/wp\/v2\/media\/32565"}],"wp:attachment":[{"href":"https:\/\/www.stuccovenezianoshop.com\/pl\/wp-json\/wp\/v2\/media?parent=51433"}],"wp:term":[{"taxonomy":"product_brand","embeddable":true,"href":"https:\/\/www.stuccovenezianoshop.com\/pl\/wp-json\/wp\/v2\/product_brand?post=51433"},{"taxonomy":"product_cat","embeddable":true,"href":"https:\/\/www.stuccovenezianoshop.com\/pl\/wp-json\/wp\/v2\/product_cat?post=51433"},{"taxonomy":"product_tag","embeddable":true,"href":"https:\/\/www.stuccovenezianoshop.com\/pl\/wp-json\/wp\/v2\/product_tag?post=51433"}],"curies":[{"name":"wp","href":"https:\/\/api.w.org\/{rel}","templated":true}]}}