{"id":51348,"date":"2020-10-28T15:00:18","date_gmt":"2020-10-28T13:00:18","guid":{"rendered":"https:\/\/www.stuccovenezianoshop.com\/produkt\/lazura-dekoracyjna-mineralna\/"},"modified":"2025-07-06T22:25:38","modified_gmt":"2025-07-06T20:25:38","slug":"lazura-dekoracyjna-mineralna","status":"publish","type":"product","link":"https:\/\/www.stuccovenezianoshop.com\/pl\/prodotto\/lazura-dekoracyjna-mineralna\/","title":{"rendered":"Lazura dekoracyjna mineralna"},"content":{"rendered":"<p>[vc_row][vc_column][vc_column_text funiter_custom_id=&#8221;funiter_custom_606ca2de8dd6c&#8221;]Dekormineralische Lasur ist ein halbtransparentes dekoratives Finish auf Basis von Kalk, Harzen und speziellen Additiven zur Herstellung von dekorativen Lasuren f\u00fcr den Innen- und Au\u00dfenbereich. Das Produkt ist eine sehr widerstandsf\u00e4hige, matte Lasur mit guter Dampfdurchl\u00e4ssigkeit.<br \/>\nDank seiner hohen Atmungsaktivit\u00e4t und seines nat\u00fcrlichen Charakters k\u00f6nnen wir mit Dekormineralische Lasur ganz besondere \u00e4sthetische Effekte erzielen, die sich durch die f\u00fcr Produkte auf Kalkbasis typische Schattierung mit Antik-Effekt auszeichnen.<br \/>\nDie Farbe des Produkts kann mit den Farbt\u00f6nen des Stucco Veneziano Shop Abt\u00f6nungssystems angepasst werden.[\/vc_column_text][\/vc_column][\/vc_row]<\/p>\n","protected":false},"excerpt":{"rendered":"<p>Lazura dekoracyjno-mineralna to p\u00f3\u0142przezroczyste wyko\u0144czenie dekoracyjne na bazie wapna, \u017cywic i specjalnych dodatk\u00f3w do produkcji lazur dekoracyjnych do zastosowa\u0144 wewn\u0119trznych i zewn\u0119trznych. Produkt to bardzo odporna, matowa lazura o dobrej przepuszczalno\u015bci pary.<br \/>\nKolor produktu bazowego to bia\u0142y. <\/p>\n<h4>Cechy produktu:<\/h4>\n<p><span class=\"avvertenze\">Wskaz\u00f3wki: rozcie\u0144czy\u0107 wod\u0105 0-50%<\/span><br \/>\n<span class=\"nature\">Charakter: wapno<\/span><br \/>\n<span class=\"aspetto\">Wygl\u0105d: matowy z delikatnymi odcieniami<\/span><br \/>\n<a href=\"https:\/\/www.stuccovenezianoshop.com\/wp-content\/uploads\/pdf\/086_TECHNISCHES_MERKBLATT_DEKORMINERALISCHE_LASUR.pdf\" target=\"_blank\" rel=\"noopener noreferrer\"><span class=\"pdf\">Karta techniczna<\/span><\/a><br \/>\n<a href=\"https:\/\/www.stuccovenezianoshop.com\/wp-content\/uploads\/pdf\/security\/086_SICHERHEITSDATENBLATT_DEKORMINERALISCHE_LASUR.pdf\" target=\"_blank\" rel=\"noopener noreferrer\"><span class=\"pdf\">Karta charakterystyki<\/span><\/a><\/p>\n<p><a href=\"https:\/\/www.stuccovenezianoshop.com\/pl\/poradnik\/#DekormieralischeLasur\"><button class=\"video-button\">Samouczek wideo<\/button><\/a><\/p>\n","protected":false},"featured_media":32665,"comment_status":"closed","ping_status":"closed","template":"","meta":{"_acf_changed":false},"product_brand":[],"product_cat":[957,1231],"product_tag":[],"class_list":{"0":"post-51348","1":"product","2":"type-product","3":"status-publish","4":"has-post-thumbnail","6":"product_cat-mieszane","7":"product_cat-powloki","8":"description-off","10":"first","11":"instock","12":"taxable","13":"shipping-taxable","14":"purchasable","15":"product-type-variable","16":"has-default-attributes"},"acf":[],"yoast_head":"<!-- This site is optimized with the Yoast SEO plugin v27.5 - https:\/\/yoast.com\/product\/yoast-seo-wordpress\/ -->\n<title>Lazura dekoracyjna mineralna &#8226; Stucco Veneziano<\/title>\n<meta name=\"description\" content=\"Lazura dekoracyjno-mineralna to p\u00f3\u0142przezroczyste wyko\u0144czenie dekoracyjne na bazie wapna. Stucco Veneziano Shop. Gwarancja i jako\u015b\u0107 materia\u0142\u00f3w\" \/>\n<meta name=\"robots\" content=\"index, follow, max-snippet:-1, max-image-preview:large, max-video-preview:-1\" \/>\n<link rel=\"canonical\" href=\"https:\/\/www.stuccovenezianoshop.com\/pl\/prodotto\/lazura-dekoracyjna-mineralna\/\" \/>\n<meta property=\"og:locale\" content=\"pl_PL\" \/>\n<meta property=\"og:type\" content=\"article\" \/>\n<meta property=\"og:title\" content=\"Lazura dekoracyjna mineralna &#8226; Stucco Veneziano\" \/>\n<meta property=\"og:description\" content=\"Lazura dekoracyjno-mineralna to p\u00f3\u0142przezroczyste wyko\u0144czenie dekoracyjne na bazie wapna. Stucco Veneziano Shop. Gwarancja i jako\u015b\u0107 materia\u0142\u00f3w\" \/>\n<meta property=\"og:url\" content=\"https:\/\/www.stuccovenezianoshop.com\/pl\/prodotto\/lazura-dekoracyjna-mineralna\/\" \/>\n<meta property=\"og:site_name\" content=\"Stucco Veneziano\" \/>\n<meta property=\"article:publisher\" content=\"https:\/\/www.facebook.com\/stuccovenezianoshop\" \/>\n<meta property=\"article:modified_time\" content=\"2025-07-06T20:25:38+00:00\" \/>\n<meta name=\"twitter:card\" content=\"summary_large_image\" \/>\n<meta name=\"twitter:label1\" content=\"Szacowany czas czytania\" \/>\n\t<meta name=\"twitter:data1\" content=\"1 minuta\" \/>\n<script type=\"application\/ld+json\" class=\"yoast-schema-graph\">{\"@context\":\"https:\\\/\\\/schema.org\",\"@graph\":[{\"@type\":\"WebPage\",\"@id\":\"https:\\\/\\\/www.stuccovenezianoshop.com\\\/pl\\\/prodotto\\\/lazura-dekoracyjna-mineralna\\\/\",\"url\":\"https:\\\/\\\/www.stuccovenezianoshop.com\\\/pl\\\/prodotto\\\/lazura-dekoracyjna-mineralna\\\/\",\"name\":\"Lazura dekoracyjna mineralna &#8226; Stucco Veneziano\",\"isPartOf\":{\"@id\":\"https:\\\/\\\/www.stuccovenezianoshop.com\\\/pl\\\/#website\"},\"primaryImageOfPage\":{\"@id\":\"https:\\\/\\\/www.stuccovenezianoshop.com\\\/pl\\\/prodotto\\\/lazura-dekoracyjna-mineralna\\\/#primaryimage\"},\"image\":{\"@id\":\"https:\\\/\\\/www.stuccovenezianoshop.com\\\/pl\\\/prodotto\\\/lazura-dekoracyjna-mineralna\\\/#primaryimage\"},\"thumbnailUrl\":\"https:\\\/\\\/www.stuccovenezianoshop.com\\\/wp-content\\\/uploads\\\/2020\\\/10\\\/Lt_1_5_Color-1.avif\",\"datePublished\":\"2020-10-28T13:00:18+00:00\",\"dateModified\":\"2025-07-06T20:25:38+00:00\",\"description\":\"Lazura dekoracyjno-mineralna to p\u00f3\u0142przezroczyste wyko\u0144czenie dekoracyjne na bazie wapna. Stucco Veneziano Shop. Gwarancja i jako\u015b\u0107 materia\u0142\u00f3w\",\"breadcrumb\":{\"@id\":\"https:\\\/\\\/www.stuccovenezianoshop.com\\\/pl\\\/prodotto\\\/lazura-dekoracyjna-mineralna\\\/#breadcrumb\"},\"inLanguage\":\"pl-PL\",\"potentialAction\":[{\"@type\":\"ReadAction\",\"target\":[\"https:\\\/\\\/www.stuccovenezianoshop.com\\\/pl\\\/prodotto\\\/lazura-dekoracyjna-mineralna\\\/\"]}]},{\"@type\":\"ImageObject\",\"inLanguage\":\"pl-PL\",\"@id\":\"https:\\\/\\\/www.stuccovenezianoshop.com\\\/pl\\\/prodotto\\\/lazura-dekoracyjna-mineralna\\\/#primaryimage\",\"url\":\"https:\\\/\\\/www.stuccovenezianoshop.com\\\/wp-content\\\/uploads\\\/2020\\\/10\\\/Lt_1_5_Color-1.avif\",\"contentUrl\":\"https:\\\/\\\/www.stuccovenezianoshop.com\\\/wp-content\\\/uploads\\\/2020\\\/10\\\/Lt_1_5_Color-1.avif\",\"width\":1080,\"height\":1080},{\"@type\":\"BreadcrumbList\",\"@id\":\"https:\\\/\\\/www.stuccovenezianoshop.com\\\/pl\\\/prodotto\\\/lazura-dekoracyjna-mineralna\\\/#breadcrumb\",\"itemListElement\":[{\"@type\":\"ListItem\",\"position\":1,\"name\":\"Strona g\u0142\u00f3wna\",\"item\":\"https:\\\/\\\/www.stuccovenezianoshop.com\\\/pl\\\/\"},{\"@type\":\"ListItem\",\"position\":2,\"name\":\"Sklep\",\"item\":\"https:\\\/\\\/www.stuccovenezianoshop.com\\\/pl\\\/sklep\\\/\"},{\"@type\":\"ListItem\",\"position\":3,\"name\":\"Lazura dekoracyjna mineralna\"}]},{\"@type\":\"WebSite\",\"@id\":\"https:\\\/\\\/www.stuccovenezianoshop.com\\\/pl\\\/#website\",\"url\":\"https:\\\/\\\/www.stuccovenezianoshop.com\\\/pl\\\/\",\"name\":\"Stucco Veneziano\",\"description\":\"\",\"publisher\":{\"@id\":\"https:\\\/\\\/www.stuccovenezianoshop.com\\\/pl\\\/#organization\"},\"potentialAction\":[{\"@type\":\"SearchAction\",\"target\":{\"@type\":\"EntryPoint\",\"urlTemplate\":\"https:\\\/\\\/www.stuccovenezianoshop.com\\\/pl\\\/?s={search_term_string}\"},\"query-input\":{\"@type\":\"PropertyValueSpecification\",\"valueRequired\":true,\"valueName\":\"search_term_string\"}}],\"inLanguage\":\"pl-PL\"},{\"@type\":\"Organization\",\"@id\":\"https:\\\/\\\/www.stuccovenezianoshop.com\\\/pl\\\/#organization\",\"name\":\"Stucco Veneziano\",\"url\":\"https:\\\/\\\/www.stuccovenezianoshop.com\\\/pl\\\/\",\"logo\":{\"@type\":\"ImageObject\",\"inLanguage\":\"pl-PL\",\"@id\":\"https:\\\/\\\/www.stuccovenezianoshop.com\\\/pl\\\/#\\\/schema\\\/logo\\\/image\\\/\",\"url\":\"https:\\\/\\\/www.stuccovenezianoshop.com\\\/wp-content\\\/uploads\\\/2021\\\/08\\\/Logo-mobile-2x.avif\",\"contentUrl\":\"https:\\\/\\\/www.stuccovenezianoshop.com\\\/wp-content\\\/uploads\\\/2021\\\/08\\\/Logo-mobile-2x.avif\",\"width\":121,\"height\":70,\"caption\":\"Stucco Veneziano\"},\"image\":{\"@id\":\"https:\\\/\\\/www.stuccovenezianoshop.com\\\/pl\\\/#\\\/schema\\\/logo\\\/image\\\/\"},\"sameAs\":[\"https:\\\/\\\/www.facebook.com\\\/stuccovenezianoshop\",\"https:\\\/\\\/www.instagram.com\\\/stuccovenezianoshop\\\/\"]}]}<\/script>\n<!-- \/ Yoast SEO plugin. -->","yoast_head_json":{"title":"Lazura dekoracyjna mineralna &#8226; Stucco Veneziano","description":"Lazura dekoracyjno-mineralna to p\u00f3\u0142przezroczyste wyko\u0144czenie dekoracyjne na bazie wapna. Stucco Veneziano Shop. Gwarancja i jako\u015b\u0107 materia\u0142\u00f3w","robots":{"index":"index","follow":"follow","max-snippet":"max-snippet:-1","max-image-preview":"max-image-preview:large","max-video-preview":"max-video-preview:-1"},"canonical":"https:\/\/www.stuccovenezianoshop.com\/pl\/prodotto\/lazura-dekoracyjna-mineralna\/","og_locale":"pl_PL","og_type":"article","og_title":"Lazura dekoracyjna mineralna &#8226; Stucco Veneziano","og_description":"Lazura dekoracyjno-mineralna to p\u00f3\u0142przezroczyste wyko\u0144czenie dekoracyjne na bazie wapna. Stucco Veneziano Shop. Gwarancja i jako\u015b\u0107 materia\u0142\u00f3w","og_url":"https:\/\/www.stuccovenezianoshop.com\/pl\/prodotto\/lazura-dekoracyjna-mineralna\/","og_site_name":"Stucco Veneziano","article_publisher":"https:\/\/www.facebook.com\/stuccovenezianoshop","article_modified_time":"2025-07-06T20:25:38+00:00","twitter_card":"summary_large_image","twitter_misc":{"Szacowany czas czytania":"1 minuta"},"schema":{"@context":"https:\/\/schema.org","@graph":[{"@type":"WebPage","@id":"https:\/\/www.stuccovenezianoshop.com\/pl\/prodotto\/lazura-dekoracyjna-mineralna\/","url":"https:\/\/www.stuccovenezianoshop.com\/pl\/prodotto\/lazura-dekoracyjna-mineralna\/","name":"Lazura dekoracyjna mineralna &#8226; Stucco Veneziano","isPartOf":{"@id":"https:\/\/www.stuccovenezianoshop.com\/pl\/#website"},"primaryImageOfPage":{"@id":"https:\/\/www.stuccovenezianoshop.com\/pl\/prodotto\/lazura-dekoracyjna-mineralna\/#primaryimage"},"image":{"@id":"https:\/\/www.stuccovenezianoshop.com\/pl\/prodotto\/lazura-dekoracyjna-mineralna\/#primaryimage"},"thumbnailUrl":"https:\/\/www.stuccovenezianoshop.com\/wp-content\/uploads\/2020\/10\/Lt_1_5_Color-1.avif","datePublished":"2020-10-28T13:00:18+00:00","dateModified":"2025-07-06T20:25:38+00:00","description":"Lazura dekoracyjno-mineralna to p\u00f3\u0142przezroczyste wyko\u0144czenie dekoracyjne na bazie wapna. Stucco Veneziano Shop. Gwarancja i jako\u015b\u0107 materia\u0142\u00f3w","breadcrumb":{"@id":"https:\/\/www.stuccovenezianoshop.com\/pl\/prodotto\/lazura-dekoracyjna-mineralna\/#breadcrumb"},"inLanguage":"pl-PL","potentialAction":[{"@type":"ReadAction","target":["https:\/\/www.stuccovenezianoshop.com\/pl\/prodotto\/lazura-dekoracyjna-mineralna\/"]}]},{"@type":"ImageObject","inLanguage":"pl-PL","@id":"https:\/\/www.stuccovenezianoshop.com\/pl\/prodotto\/lazura-dekoracyjna-mineralna\/#primaryimage","url":"https:\/\/www.stuccovenezianoshop.com\/wp-content\/uploads\/2020\/10\/Lt_1_5_Color-1.avif","contentUrl":"https:\/\/www.stuccovenezianoshop.com\/wp-content\/uploads\/2020\/10\/Lt_1_5_Color-1.avif","width":1080,"height":1080},{"@type":"BreadcrumbList","@id":"https:\/\/www.stuccovenezianoshop.com\/pl\/prodotto\/lazura-dekoracyjna-mineralna\/#breadcrumb","itemListElement":[{"@type":"ListItem","position":1,"name":"Strona g\u0142\u00f3wna","item":"https:\/\/www.stuccovenezianoshop.com\/pl\/"},{"@type":"ListItem","position":2,"name":"Sklep","item":"https:\/\/www.stuccovenezianoshop.com\/pl\/sklep\/"},{"@type":"ListItem","position":3,"name":"Lazura dekoracyjna mineralna"}]},{"@type":"WebSite","@id":"https:\/\/www.stuccovenezianoshop.com\/pl\/#website","url":"https:\/\/www.stuccovenezianoshop.com\/pl\/","name":"Stucco Veneziano","description":"","publisher":{"@id":"https:\/\/www.stuccovenezianoshop.com\/pl\/#organization"},"potentialAction":[{"@type":"SearchAction","target":{"@type":"EntryPoint","urlTemplate":"https:\/\/www.stuccovenezianoshop.com\/pl\/?s={search_term_string}"},"query-input":{"@type":"PropertyValueSpecification","valueRequired":true,"valueName":"search_term_string"}}],"inLanguage":"pl-PL"},{"@type":"Organization","@id":"https:\/\/www.stuccovenezianoshop.com\/pl\/#organization","name":"Stucco Veneziano","url":"https:\/\/www.stuccovenezianoshop.com\/pl\/","logo":{"@type":"ImageObject","inLanguage":"pl-PL","@id":"https:\/\/www.stuccovenezianoshop.com\/pl\/#\/schema\/logo\/image\/","url":"https:\/\/www.stuccovenezianoshop.com\/wp-content\/uploads\/2021\/08\/Logo-mobile-2x.avif","contentUrl":"https:\/\/www.stuccovenezianoshop.com\/wp-content\/uploads\/2021\/08\/Logo-mobile-2x.avif","width":121,"height":70,"caption":"Stucco Veneziano"},"image":{"@id":"https:\/\/www.stuccovenezianoshop.com\/pl\/#\/schema\/logo\/image\/"},"sameAs":["https:\/\/www.facebook.com\/stuccovenezianoshop","https:\/\/www.instagram.com\/stuccovenezianoshop\/"]}]}},"_links":{"self":[{"href":"https:\/\/www.stuccovenezianoshop.com\/pl\/wp-json\/wp\/v2\/product\/51348","targetHints":{"allow":["GET"]}}],"collection":[{"href":"https:\/\/www.stuccovenezianoshop.com\/pl\/wp-json\/wp\/v2\/product"}],"about":[{"href":"https:\/\/www.stuccovenezianoshop.com\/pl\/wp-json\/wp\/v2\/types\/product"}],"replies":[{"embeddable":true,"href":"https:\/\/www.stuccovenezianoshop.com\/pl\/wp-json\/wp\/v2\/comments?post=51348"}],"wp:featuredmedia":[{"embeddable":true,"href":"https:\/\/www.stuccovenezianoshop.com\/pl\/wp-json\/wp\/v2\/media\/32665"}],"wp:attachment":[{"href":"https:\/\/www.stuccovenezianoshop.com\/pl\/wp-json\/wp\/v2\/media?parent=51348"}],"wp:term":[{"taxonomy":"product_brand","embeddable":true,"href":"https:\/\/www.stuccovenezianoshop.com\/pl\/wp-json\/wp\/v2\/product_brand?post=51348"},{"taxonomy":"product_cat","embeddable":true,"href":"https:\/\/www.stuccovenezianoshop.com\/pl\/wp-json\/wp\/v2\/product_cat?post=51348"},{"taxonomy":"product_tag","embeddable":true,"href":"https:\/\/www.stuccovenezianoshop.com\/pl\/wp-json\/wp\/v2\/product_tag?post=51348"}],"curies":[{"name":"wp","href":"https:\/\/api.w.org\/{rel}","templated":true}]}}