{"id":50952,"date":"2020-10-27T16:39:56","date_gmt":"2020-10-27T14:39:56","guid":{"rendered":"https:\/\/www.stuccovenezianoshop.com\/produkt\/stucco-veneziano-evolution-sol-i-pieprz\/"},"modified":"2020-10-27T16:39:56","modified_gmt":"2020-10-27T14:39:56","slug":"stucco-veneziano-evolution-sol-i-pieprz","status":"publish","type":"product","link":"https:\/\/www.stuccovenezianoshop.com\/pl\/prodotto\/stucco-veneziano-evolution-sol-i-pieprz\/","title":{"rendered":"Stucco Veneziano Evolution S\u00f3l i Pieprz"},"content":{"rendered":"<p>Stucco Veneziano Evolution S\u00f3l i Pieprz to bardzo drobny tynk wyg\u0142adzaj\u0105cy do nowoczesnej, wysokiej jako\u015bci dekoracji \u015bcian.<br \/>\nWysokiej jako\u015bci pow\u0142oka \u015bcienna z czarnymi pigmentami granitowymi nadaje \u015bcianom wyj\u0105tkowe tekstury i tworzy eleganck\u0105 atmosfer\u0119 dzi\u0119ki efektowi po\u0142ysku.<br \/>\nKolor produktu mo\u017cna dostosowa\u0107 za pomoc\u0105 systemu kolor\u00f3w Stucco Veneziano Shop.<\/p>\n<p>W\u0142a\u015bciwo\u015bci Stucco Veneziano Evolution S\u00f3l i Pieprz:<br \/>\n&#8211; Tynk na bazie wapna i marmuru<br \/>\n&#8211; Efekt granitu<br \/>\n&#8211; Struktura marmuru z naturalnymi pigmentami<br \/>\n&#8211; Wysoka stabilno\u015b\u0107 i trwa\u0142o\u015b\u0107<br \/>\n&#8211; Wszechstronne zastosowanie do wn\u0119trz<br \/>\n&#8211; Mo\u017ce by\u0107 barwiony na 108 kolor\u00f3w<\/p>\n","protected":false},"excerpt":{"rendered":"<p>Stucco Veneziano Evolution S\u00f3l i Pieprz to bardzo drobny tynk wyg\u0142adzaj\u0105cy do nowoczesnej, wysokiej jako\u015bci dekoracji \u015bcian.<br \/>\nWysokiej jako\u015bci pow\u0142oka \u015bcienna z czarnymi pigmentami granitowymi nadaje \u015bcianom wyj\u0105tkowe tekstury i tworzy eleganck\u0105 atmosfer\u0119 dzi\u0119ki efektowi po\u0142ysku.<\/p>\n<h4>Cechy produktu:<\/h4>\n<p><span class=\"warning\">Uwaga: ten produkt jest sprzedawany w kolorze bia\u0142ym. Wybierz tonery kolor\u00f3w poni\u017cej. <\/span><br \/>\n<span class=\"extern\">Wydajno\u015b\u0107 na warstw\u0119: <strong>ok. 4m\u00b2\/kg<\/strong><\/span><br \/>\n<span class=\"extern\">Zastosowanie zewn\u0119trzne: Toner nadaje si\u0119 do zastosowa\u0144 zewn\u0119trznych<\/span><br \/>\n<span class=\"avvertenze\">Uwagi: 550 g tonera do mieszania ze Stucco Veneziano Evolution  <\/span><br \/>\n<span class=\"nature\">Natura: Wapno + czarny marmur i piasek 200 mikron\u00f3w <\/span><br \/>\n<span class=\"aspetto\">Wygl\u0105d: Superb\u0142yszcz\u0105cy, g\u0142adki z czarnymi, szarymi i mikowymi punktami marmuru <\/span><br \/>\n<a href=\"https:\/\/www.stuccovenezianoshop.com\/wp-content\/uploads\/pdf\/021_TECHNISCHES_MERKBLATT_STUCCO_VENEZIANO_EVOLUTION_SALZ_PFEFFER.pdf\" target=\"_blank\" rel=\"noopener noreferrer\"><span class=\"pdf\">Karta techniczna<\/span><\/a><br \/>\n<a href=\"https:\/\/www.stuccovenezianoshop.com\/wp-content\/uploads\/pdf\/security\/021_SICHERHEITSDATENBLATT_STUCCO_VENEZIANO_SALZ_PFEFFER.pdf\" target=\"_blank\" rel=\"noopener noreferrer\"><span class=\"pdf\">Karta charakterystyki<\/span><\/a><\/p>\n<p><a href=\"https:\/\/www.stuccovenezianoshop.com\/pl\/poradnik\/#StuccoVenezianoEvolutionSalz&#038;Pfepper\"><button class=\"video-button\">Samouczek wideo<\/button><\/a><\/p>\n","protected":false},"featured_media":33337,"comment_status":"closed","ping_status":"closed","template":"","meta":{"_acf_changed":false},"product_brand":[],"product_cat":[1345,957,1424,974],"product_tag":[],"class_list":{"0":"post-50952","1":"product","2":"type-product","3":"status-publish","4":"has-post-thumbnail","6":"product_cat-efekt-polysku","7":"product_cat-mieszane","8":"product_cat-stiuk-wenecki","9":"product_cat-tynki-marmurowe","10":"description-off","12":"first","13":"instock","14":"taxable","15":"shipping-taxable","16":"purchasable","17":"product-type-variable","18":"has-default-attributes"},"acf":[],"yoast_head":"<!-- This site is optimized with the Yoast SEO plugin v27.5 - https:\/\/yoast.com\/product\/yoast-seo-wordpress\/ -->\n<title>Stucco Veneziano Evolution S\u00f3l i Pieprz &#8226; Stucco Veneziano<\/title>\n<meta name=\"description\" content=\"Stucco Veneziano Evolution S\u00f3l i Pieprz to bardzo drobny tynk wyg\u0142adzaj\u0105cy do nowoczesnej, wysokiej jako\u015bci dekoracji \u015bcian.\" \/>\n<meta name=\"robots\" content=\"index, follow, max-snippet:-1, max-image-preview:large, max-video-preview:-1\" \/>\n<link rel=\"canonical\" href=\"https:\/\/www.stuccovenezianoshop.com\/pl\/prodotto\/stucco-veneziano-evolution-sol-i-pieprz\/\" \/>\n<meta property=\"og:locale\" content=\"pl_PL\" \/>\n<meta property=\"og:type\" content=\"article\" \/>\n<meta property=\"og:title\" content=\"Stucco Veneziano Evolution S\u00f3l i Pieprz &#8226; Stucco Veneziano\" \/>\n<meta property=\"og:description\" content=\"Stucco Veneziano Evolution S\u00f3l i Pieprz to bardzo drobny tynk wyg\u0142adzaj\u0105cy do nowoczesnej, wysokiej jako\u015bci dekoracji \u015bcian.\" \/>\n<meta property=\"og:url\" content=\"https:\/\/www.stuccovenezianoshop.com\/pl\/prodotto\/stucco-veneziano-evolution-sol-i-pieprz\/\" \/>\n<meta property=\"og:site_name\" content=\"Stucco Veneziano\" \/>\n<meta property=\"article:publisher\" content=\"https:\/\/www.facebook.com\/stuccovenezianoshop\" \/>\n<meta name=\"twitter:card\" content=\"summary_large_image\" \/>\n<meta name=\"twitter:label1\" content=\"Szacowany czas czytania\" \/>\n\t<meta name=\"twitter:data1\" content=\"1 minuta\" \/>\n<script type=\"application\/ld+json\" class=\"yoast-schema-graph\">{\"@context\":\"https:\\\/\\\/schema.org\",\"@graph\":[{\"@type\":\"WebPage\",\"@id\":\"https:\\\/\\\/www.stuccovenezianoshop.com\\\/pl\\\/prodotto\\\/stucco-veneziano-evolution-sol-i-pieprz\\\/\",\"url\":\"https:\\\/\\\/www.stuccovenezianoshop.com\\\/pl\\\/prodotto\\\/stucco-veneziano-evolution-sol-i-pieprz\\\/\",\"name\":\"Stucco Veneziano Evolution S\u00f3l i Pieprz &#8226; Stucco Veneziano\",\"isPartOf\":{\"@id\":\"https:\\\/\\\/www.stuccovenezianoshop.com\\\/pl\\\/#website\"},\"primaryImageOfPage\":{\"@id\":\"https:\\\/\\\/www.stuccovenezianoshop.com\\\/pl\\\/prodotto\\\/stucco-veneziano-evolution-sol-i-pieprz\\\/#primaryimage\"},\"image\":{\"@id\":\"https:\\\/\\\/www.stuccovenezianoshop.com\\\/pl\\\/prodotto\\\/stucco-veneziano-evolution-sol-i-pieprz\\\/#primaryimage\"},\"thumbnailUrl\":\"https:\\\/\\\/www.stuccovenezianoshop.com\\\/wp-content\\\/uploads\\\/2020\\\/10\\\/sale-pepe-lucido.avif\",\"datePublished\":\"2020-10-27T14:39:56+00:00\",\"description\":\"Stucco Veneziano Evolution S\u00f3l i Pieprz to bardzo drobny tynk wyg\u0142adzaj\u0105cy do nowoczesnej, wysokiej jako\u015bci dekoracji \u015bcian.\",\"breadcrumb\":{\"@id\":\"https:\\\/\\\/www.stuccovenezianoshop.com\\\/pl\\\/prodotto\\\/stucco-veneziano-evolution-sol-i-pieprz\\\/#breadcrumb\"},\"inLanguage\":\"pl-PL\",\"potentialAction\":[{\"@type\":\"ReadAction\",\"target\":[\"https:\\\/\\\/www.stuccovenezianoshop.com\\\/pl\\\/prodotto\\\/stucco-veneziano-evolution-sol-i-pieprz\\\/\"]}]},{\"@type\":\"ImageObject\",\"inLanguage\":\"pl-PL\",\"@id\":\"https:\\\/\\\/www.stuccovenezianoshop.com\\\/pl\\\/prodotto\\\/stucco-veneziano-evolution-sol-i-pieprz\\\/#primaryimage\",\"url\":\"https:\\\/\\\/www.stuccovenezianoshop.com\\\/wp-content\\\/uploads\\\/2020\\\/10\\\/sale-pepe-lucido.avif\",\"contentUrl\":\"https:\\\/\\\/www.stuccovenezianoshop.com\\\/wp-content\\\/uploads\\\/2020\\\/10\\\/sale-pepe-lucido.avif\",\"width\":1080,\"height\":1080},{\"@type\":\"BreadcrumbList\",\"@id\":\"https:\\\/\\\/www.stuccovenezianoshop.com\\\/pl\\\/prodotto\\\/stucco-veneziano-evolution-sol-i-pieprz\\\/#breadcrumb\",\"itemListElement\":[{\"@type\":\"ListItem\",\"position\":1,\"name\":\"Strona g\u0142\u00f3wna\",\"item\":\"https:\\\/\\\/www.stuccovenezianoshop.com\\\/pl\\\/\"},{\"@type\":\"ListItem\",\"position\":2,\"name\":\"Sklep\",\"item\":\"https:\\\/\\\/www.stuccovenezianoshop.com\\\/pl\\\/sklep\\\/\"},{\"@type\":\"ListItem\",\"position\":3,\"name\":\"Stucco Veneziano Evolution S\u00f3l i Pieprz\"}]},{\"@type\":\"WebSite\",\"@id\":\"https:\\\/\\\/www.stuccovenezianoshop.com\\\/pl\\\/#website\",\"url\":\"https:\\\/\\\/www.stuccovenezianoshop.com\\\/pl\\\/\",\"name\":\"Stucco Veneziano\",\"description\":\"\",\"publisher\":{\"@id\":\"https:\\\/\\\/www.stuccovenezianoshop.com\\\/pl\\\/#organization\"},\"potentialAction\":[{\"@type\":\"SearchAction\",\"target\":{\"@type\":\"EntryPoint\",\"urlTemplate\":\"https:\\\/\\\/www.stuccovenezianoshop.com\\\/pl\\\/?s={search_term_string}\"},\"query-input\":{\"@type\":\"PropertyValueSpecification\",\"valueRequired\":true,\"valueName\":\"search_term_string\"}}],\"inLanguage\":\"pl-PL\"},{\"@type\":\"Organization\",\"@id\":\"https:\\\/\\\/www.stuccovenezianoshop.com\\\/pl\\\/#organization\",\"name\":\"Stucco Veneziano\",\"url\":\"https:\\\/\\\/www.stuccovenezianoshop.com\\\/pl\\\/\",\"logo\":{\"@type\":\"ImageObject\",\"inLanguage\":\"pl-PL\",\"@id\":\"https:\\\/\\\/www.stuccovenezianoshop.com\\\/pl\\\/#\\\/schema\\\/logo\\\/image\\\/\",\"url\":\"https:\\\/\\\/www.stuccovenezianoshop.com\\\/wp-content\\\/uploads\\\/2021\\\/08\\\/Logo-mobile-2x.avif\",\"contentUrl\":\"https:\\\/\\\/www.stuccovenezianoshop.com\\\/wp-content\\\/uploads\\\/2021\\\/08\\\/Logo-mobile-2x.avif\",\"width\":121,\"height\":70,\"caption\":\"Stucco Veneziano\"},\"image\":{\"@id\":\"https:\\\/\\\/www.stuccovenezianoshop.com\\\/pl\\\/#\\\/schema\\\/logo\\\/image\\\/\"},\"sameAs\":[\"https:\\\/\\\/www.facebook.com\\\/stuccovenezianoshop\",\"https:\\\/\\\/www.instagram.com\\\/stuccovenezianoshop\\\/\"]}]}<\/script>\n<!-- \/ Yoast SEO plugin. -->","yoast_head_json":{"title":"Stucco Veneziano Evolution S\u00f3l i Pieprz &#8226; Stucco Veneziano","description":"Stucco Veneziano Evolution S\u00f3l i Pieprz to bardzo drobny tynk wyg\u0142adzaj\u0105cy do nowoczesnej, wysokiej jako\u015bci dekoracji \u015bcian.","robots":{"index":"index","follow":"follow","max-snippet":"max-snippet:-1","max-image-preview":"max-image-preview:large","max-video-preview":"max-video-preview:-1"},"canonical":"https:\/\/www.stuccovenezianoshop.com\/pl\/prodotto\/stucco-veneziano-evolution-sol-i-pieprz\/","og_locale":"pl_PL","og_type":"article","og_title":"Stucco Veneziano Evolution S\u00f3l i Pieprz &#8226; Stucco Veneziano","og_description":"Stucco Veneziano Evolution S\u00f3l i Pieprz to bardzo drobny tynk wyg\u0142adzaj\u0105cy do nowoczesnej, wysokiej jako\u015bci dekoracji \u015bcian.","og_url":"https:\/\/www.stuccovenezianoshop.com\/pl\/prodotto\/stucco-veneziano-evolution-sol-i-pieprz\/","og_site_name":"Stucco Veneziano","article_publisher":"https:\/\/www.facebook.com\/stuccovenezianoshop","twitter_card":"summary_large_image","twitter_misc":{"Szacowany czas czytania":"1 minuta"},"schema":{"@context":"https:\/\/schema.org","@graph":[{"@type":"WebPage","@id":"https:\/\/www.stuccovenezianoshop.com\/pl\/prodotto\/stucco-veneziano-evolution-sol-i-pieprz\/","url":"https:\/\/www.stuccovenezianoshop.com\/pl\/prodotto\/stucco-veneziano-evolution-sol-i-pieprz\/","name":"Stucco Veneziano Evolution S\u00f3l i Pieprz &#8226; Stucco Veneziano","isPartOf":{"@id":"https:\/\/www.stuccovenezianoshop.com\/pl\/#website"},"primaryImageOfPage":{"@id":"https:\/\/www.stuccovenezianoshop.com\/pl\/prodotto\/stucco-veneziano-evolution-sol-i-pieprz\/#primaryimage"},"image":{"@id":"https:\/\/www.stuccovenezianoshop.com\/pl\/prodotto\/stucco-veneziano-evolution-sol-i-pieprz\/#primaryimage"},"thumbnailUrl":"https:\/\/www.stuccovenezianoshop.com\/wp-content\/uploads\/2020\/10\/sale-pepe-lucido.avif","datePublished":"2020-10-27T14:39:56+00:00","description":"Stucco Veneziano Evolution S\u00f3l i Pieprz to bardzo drobny tynk wyg\u0142adzaj\u0105cy do nowoczesnej, wysokiej jako\u015bci dekoracji \u015bcian.","breadcrumb":{"@id":"https:\/\/www.stuccovenezianoshop.com\/pl\/prodotto\/stucco-veneziano-evolution-sol-i-pieprz\/#breadcrumb"},"inLanguage":"pl-PL","potentialAction":[{"@type":"ReadAction","target":["https:\/\/www.stuccovenezianoshop.com\/pl\/prodotto\/stucco-veneziano-evolution-sol-i-pieprz\/"]}]},{"@type":"ImageObject","inLanguage":"pl-PL","@id":"https:\/\/www.stuccovenezianoshop.com\/pl\/prodotto\/stucco-veneziano-evolution-sol-i-pieprz\/#primaryimage","url":"https:\/\/www.stuccovenezianoshop.com\/wp-content\/uploads\/2020\/10\/sale-pepe-lucido.avif","contentUrl":"https:\/\/www.stuccovenezianoshop.com\/wp-content\/uploads\/2020\/10\/sale-pepe-lucido.avif","width":1080,"height":1080},{"@type":"BreadcrumbList","@id":"https:\/\/www.stuccovenezianoshop.com\/pl\/prodotto\/stucco-veneziano-evolution-sol-i-pieprz\/#breadcrumb","itemListElement":[{"@type":"ListItem","position":1,"name":"Strona g\u0142\u00f3wna","item":"https:\/\/www.stuccovenezianoshop.com\/pl\/"},{"@type":"ListItem","position":2,"name":"Sklep","item":"https:\/\/www.stuccovenezianoshop.com\/pl\/sklep\/"},{"@type":"ListItem","position":3,"name":"Stucco Veneziano Evolution S\u00f3l i Pieprz"}]},{"@type":"WebSite","@id":"https:\/\/www.stuccovenezianoshop.com\/pl\/#website","url":"https:\/\/www.stuccovenezianoshop.com\/pl\/","name":"Stucco Veneziano","description":"","publisher":{"@id":"https:\/\/www.stuccovenezianoshop.com\/pl\/#organization"},"potentialAction":[{"@type":"SearchAction","target":{"@type":"EntryPoint","urlTemplate":"https:\/\/www.stuccovenezianoshop.com\/pl\/?s={search_term_string}"},"query-input":{"@type":"PropertyValueSpecification","valueRequired":true,"valueName":"search_term_string"}}],"inLanguage":"pl-PL"},{"@type":"Organization","@id":"https:\/\/www.stuccovenezianoshop.com\/pl\/#organization","name":"Stucco Veneziano","url":"https:\/\/www.stuccovenezianoshop.com\/pl\/","logo":{"@type":"ImageObject","inLanguage":"pl-PL","@id":"https:\/\/www.stuccovenezianoshop.com\/pl\/#\/schema\/logo\/image\/","url":"https:\/\/www.stuccovenezianoshop.com\/wp-content\/uploads\/2021\/08\/Logo-mobile-2x.avif","contentUrl":"https:\/\/www.stuccovenezianoshop.com\/wp-content\/uploads\/2021\/08\/Logo-mobile-2x.avif","width":121,"height":70,"caption":"Stucco Veneziano"},"image":{"@id":"https:\/\/www.stuccovenezianoshop.com\/pl\/#\/schema\/logo\/image\/"},"sameAs":["https:\/\/www.facebook.com\/stuccovenezianoshop","https:\/\/www.instagram.com\/stuccovenezianoshop\/"]}]}},"_links":{"self":[{"href":"https:\/\/www.stuccovenezianoshop.com\/pl\/wp-json\/wp\/v2\/product\/50952","targetHints":{"allow":["GET"]}}],"collection":[{"href":"https:\/\/www.stuccovenezianoshop.com\/pl\/wp-json\/wp\/v2\/product"}],"about":[{"href":"https:\/\/www.stuccovenezianoshop.com\/pl\/wp-json\/wp\/v2\/types\/product"}],"replies":[{"embeddable":true,"href":"https:\/\/www.stuccovenezianoshop.com\/pl\/wp-json\/wp\/v2\/comments?post=50952"}],"wp:featuredmedia":[{"embeddable":true,"href":"https:\/\/www.stuccovenezianoshop.com\/pl\/wp-json\/wp\/v2\/media\/33337"}],"wp:attachment":[{"href":"https:\/\/www.stuccovenezianoshop.com\/pl\/wp-json\/wp\/v2\/media?parent=50952"}],"wp:term":[{"taxonomy":"product_brand","embeddable":true,"href":"https:\/\/www.stuccovenezianoshop.com\/pl\/wp-json\/wp\/v2\/product_brand?post=50952"},{"taxonomy":"product_cat","embeddable":true,"href":"https:\/\/www.stuccovenezianoshop.com\/pl\/wp-json\/wp\/v2\/product_cat?post=50952"},{"taxonomy":"product_tag","embeddable":true,"href":"https:\/\/www.stuccovenezianoshop.com\/pl\/wp-json\/wp\/v2\/product_tag?post=50952"}],"curies":[{"name":"wp","href":"https:\/\/api.w.org\/{rel}","templated":true}]}}