{"id":50951,"date":"2020-10-27T16:27:51","date_gmt":"2020-10-27T14:27:51","guid":{"rendered":"https:\/\/www.stuccovenezianoshop.com\/produkt\/naturalna-farba-wapienna\/"},"modified":"2020-10-27T16:27:51","modified_gmt":"2020-10-27T14:27:51","slug":"naturalna-farba-wapienna","status":"publish","type":"product","link":"https:\/\/www.stuccovenezianoshop.com\/pl\/prodotto\/naturalna-farba-wapienna\/","title":{"rendered":"Naturalna farba wapienna"},"content":{"rendered":"<p>Naturalna farba wapienna to farba o bazie wapiennej do zastosowa\u0144 wewn\u0119trznych i zewn\u0119trznych. Naturalne surowce, kt\u00f3re s\u0105 starannie wybierane, nadaj\u0105 u\u017cywanej naturalnej farbie wapiennej bardzo wysok\u0105 warto\u015b\u0107 ekologiczn\u0105, zapobiegaj\u0105 tworzeniu si\u0119 ple\u015bni i bakterii, a tak\u017ce nie zawieraj\u0105 dodatk\u00f3w chemicznych.<br \/>\nFarb\u0119 mo\u017cna barwi\u0107 systemem kolorystycznym Stucco Veneziano Shop. Produkt jest szczeg\u00f3lnie odpowiedni do lasur lub farb o \u015bredniej intensywno\u015bci.  <\/p>\n","protected":false},"excerpt":{"rendered":"<p>Naturalna farba wapienna to farba o bazie wapiennej do zastosowa\u0144 wewn\u0119trznych i zewn\u0119trznych. Naturalne surowce, kt\u00f3re s\u0105 starannie wybierane, nadaj\u0105 u\u017cywanej naturalnej farbie wapiennej bardzo wysok\u0105 warto\u015b\u0107 ekologiczn\u0105, zapobiegaj\u0105 tworzeniu si\u0119 ple\u015bni i bakterii, a tak\u017ce nie zawieraj\u0105 dodatk\u00f3w chemicznych. <\/p>\n<h4>Cechy produktu:<\/h4>\n<p><span class=\"warning\">Uwaga: ten produkt jest sprzedawany w kolorze bia\u0142ym. Je\u015bli chcesz go w kolorze, wybierz poni\u017cej sw\u00f3j kolor tonera. <\/span><br \/>\n<span class=\"avvertenze\">Wskaz\u00f3wki: rozcie\u0144czy\u0107 wod\u0105 20-25%<\/span><br \/>\n<span class=\"nature\">Sk\u0142ad: wapno + drobny proszek marmurowy<\/span><br \/>\n<span class=\"aspetto\">Wygl\u0105d: matowa p\u00f3\u0142kryj\u0105ca bia\u0142a farba<\/span><br \/>\n<a href=\"https:\/\/www.stuccovenezianoshop.com\/wp-content\/uploads\/pdf\/038_TECHNISCHES_MERKBLATT_NATURAL_KALKFARBE.pdf\" target=\"_blank\" rel=\"noopener noreferrer\"><span class=\"pdf\">Karta techniczna<\/span><\/a><br \/>\n<a href=\"https:\/\/www.stuccovenezianoshop.com\/wp-content\/uploads\/pdf\/security\/038_SICHERHEITSDATENBLATT_NATURAL_KALKFARBE.pdf\" target=\"_blank\" rel=\"noopener noreferrer\"><span class=\"pdf\">Karta charakterystyki<\/span><\/a><\/p>\n<p><a href=\"https:\/\/www.stuccovenezianoshop.com\/pl\/poradnik\/#NaturalKalkfarbe\"><button class=\"video-button\">Samouczek wideo<\/button><\/a><\/p>\n","protected":false},"featured_media":32661,"comment_status":"closed","ping_status":"closed","template":"","meta":{"_acf_changed":false},"product_brand":[],"product_cat":[957,1231],"product_tag":[],"class_list":{"0":"post-50951","1":"product","2":"type-product","3":"status-publish","4":"has-post-thumbnail","6":"product_cat-mieszane","7":"product_cat-powloki","8":"description-off","10":"first","11":"instock","12":"taxable","13":"shipping-taxable","14":"purchasable","15":"product-type-variable","16":"has-default-attributes"},"acf":[],"yoast_head":"<!-- This site is optimized with the Yoast SEO plugin v27.5 - https:\/\/yoast.com\/product\/yoast-seo-wordpress\/ -->\n<title>Naturalna farba wapienna &#8226; Stucco Veneziano<\/title>\n<meta name=\"description\" content=\"Naturalna farba wapienna to farba o bazie wapiennej do zastosowa\u0144 wewn\u0119trznych i zewn\u0119trznych. Darmowa dostawa! Gwarancja i jako\u015b\u0107 materia\u0142\u00f3w\" \/>\n<meta name=\"robots\" content=\"index, follow, max-snippet:-1, max-image-preview:large, max-video-preview:-1\" \/>\n<link rel=\"canonical\" href=\"https:\/\/www.stuccovenezianoshop.com\/pl\/prodotto\/naturalna-farba-wapienna\/\" \/>\n<meta property=\"og:locale\" content=\"pl_PL\" \/>\n<meta property=\"og:type\" content=\"article\" \/>\n<meta property=\"og:title\" content=\"Naturalna farba wapienna &#8226; Stucco Veneziano\" \/>\n<meta property=\"og:description\" content=\"Naturalna farba wapienna to farba o bazie wapiennej do zastosowa\u0144 wewn\u0119trznych i zewn\u0119trznych. Darmowa dostawa! Gwarancja i jako\u015b\u0107 materia\u0142\u00f3w\" \/>\n<meta property=\"og:url\" content=\"https:\/\/www.stuccovenezianoshop.com\/pl\/prodotto\/naturalna-farba-wapienna\/\" \/>\n<meta property=\"og:site_name\" content=\"Stucco Veneziano\" \/>\n<meta property=\"article:publisher\" content=\"https:\/\/www.facebook.com\/stuccovenezianoshop\" \/>\n<meta name=\"twitter:card\" content=\"summary_large_image\" \/>\n<script type=\"application\/ld+json\" class=\"yoast-schema-graph\">{\"@context\":\"https:\\\/\\\/schema.org\",\"@graph\":[{\"@type\":\"WebPage\",\"@id\":\"https:\\\/\\\/www.stuccovenezianoshop.com\\\/pl\\\/prodotto\\\/naturalna-farba-wapienna\\\/\",\"url\":\"https:\\\/\\\/www.stuccovenezianoshop.com\\\/pl\\\/prodotto\\\/naturalna-farba-wapienna\\\/\",\"name\":\"Naturalna farba wapienna &#8226; Stucco Veneziano\",\"isPartOf\":{\"@id\":\"https:\\\/\\\/www.stuccovenezianoshop.com\\\/pl\\\/#website\"},\"primaryImageOfPage\":{\"@id\":\"https:\\\/\\\/www.stuccovenezianoshop.com\\\/pl\\\/prodotto\\\/naturalna-farba-wapienna\\\/#primaryimage\"},\"image\":{\"@id\":\"https:\\\/\\\/www.stuccovenezianoshop.com\\\/pl\\\/prodotto\\\/naturalna-farba-wapienna\\\/#primaryimage\"},\"thumbnailUrl\":\"https:\\\/\\\/www.stuccovenezianoshop.com\\\/wp-content\\\/uploads\\\/2020\\\/10\\\/Kg_21_7_Pitture_3-1.avif\",\"datePublished\":\"2020-10-27T14:27:51+00:00\",\"description\":\"Naturalna farba wapienna to farba o bazie wapiennej do zastosowa\u0144 wewn\u0119trznych i zewn\u0119trznych. Darmowa dostawa! Gwarancja i jako\u015b\u0107 materia\u0142\u00f3w\",\"breadcrumb\":{\"@id\":\"https:\\\/\\\/www.stuccovenezianoshop.com\\\/pl\\\/prodotto\\\/naturalna-farba-wapienna\\\/#breadcrumb\"},\"inLanguage\":\"pl-PL\",\"potentialAction\":[{\"@type\":\"ReadAction\",\"target\":[\"https:\\\/\\\/www.stuccovenezianoshop.com\\\/pl\\\/prodotto\\\/naturalna-farba-wapienna\\\/\"]}]},{\"@type\":\"ImageObject\",\"inLanguage\":\"pl-PL\",\"@id\":\"https:\\\/\\\/www.stuccovenezianoshop.com\\\/pl\\\/prodotto\\\/naturalna-farba-wapienna\\\/#primaryimage\",\"url\":\"https:\\\/\\\/www.stuccovenezianoshop.com\\\/wp-content\\\/uploads\\\/2020\\\/10\\\/Kg_21_7_Pitture_3-1.avif\",\"contentUrl\":\"https:\\\/\\\/www.stuccovenezianoshop.com\\\/wp-content\\\/uploads\\\/2020\\\/10\\\/Kg_21_7_Pitture_3-1.avif\",\"width\":1080,\"height\":1080},{\"@type\":\"BreadcrumbList\",\"@id\":\"https:\\\/\\\/www.stuccovenezianoshop.com\\\/pl\\\/prodotto\\\/naturalna-farba-wapienna\\\/#breadcrumb\",\"itemListElement\":[{\"@type\":\"ListItem\",\"position\":1,\"name\":\"Strona g\u0142\u00f3wna\",\"item\":\"https:\\\/\\\/www.stuccovenezianoshop.com\\\/pl\\\/\"},{\"@type\":\"ListItem\",\"position\":2,\"name\":\"Sklep\",\"item\":\"https:\\\/\\\/www.stuccovenezianoshop.com\\\/pl\\\/sklep\\\/\"},{\"@type\":\"ListItem\",\"position\":3,\"name\":\"Naturalna farba wapienna\"}]},{\"@type\":\"WebSite\",\"@id\":\"https:\\\/\\\/www.stuccovenezianoshop.com\\\/pl\\\/#website\",\"url\":\"https:\\\/\\\/www.stuccovenezianoshop.com\\\/pl\\\/\",\"name\":\"Stucco Veneziano\",\"description\":\"\",\"publisher\":{\"@id\":\"https:\\\/\\\/www.stuccovenezianoshop.com\\\/pl\\\/#organization\"},\"potentialAction\":[{\"@type\":\"SearchAction\",\"target\":{\"@type\":\"EntryPoint\",\"urlTemplate\":\"https:\\\/\\\/www.stuccovenezianoshop.com\\\/pl\\\/?s={search_term_string}\"},\"query-input\":{\"@type\":\"PropertyValueSpecification\",\"valueRequired\":true,\"valueName\":\"search_term_string\"}}],\"inLanguage\":\"pl-PL\"},{\"@type\":\"Organization\",\"@id\":\"https:\\\/\\\/www.stuccovenezianoshop.com\\\/pl\\\/#organization\",\"name\":\"Stucco Veneziano\",\"url\":\"https:\\\/\\\/www.stuccovenezianoshop.com\\\/pl\\\/\",\"logo\":{\"@type\":\"ImageObject\",\"inLanguage\":\"pl-PL\",\"@id\":\"https:\\\/\\\/www.stuccovenezianoshop.com\\\/pl\\\/#\\\/schema\\\/logo\\\/image\\\/\",\"url\":\"https:\\\/\\\/www.stuccovenezianoshop.com\\\/wp-content\\\/uploads\\\/2021\\\/08\\\/Logo-mobile-2x.avif\",\"contentUrl\":\"https:\\\/\\\/www.stuccovenezianoshop.com\\\/wp-content\\\/uploads\\\/2021\\\/08\\\/Logo-mobile-2x.avif\",\"width\":121,\"height\":70,\"caption\":\"Stucco Veneziano\"},\"image\":{\"@id\":\"https:\\\/\\\/www.stuccovenezianoshop.com\\\/pl\\\/#\\\/schema\\\/logo\\\/image\\\/\"},\"sameAs\":[\"https:\\\/\\\/www.facebook.com\\\/stuccovenezianoshop\",\"https:\\\/\\\/www.instagram.com\\\/stuccovenezianoshop\\\/\"]}]}<\/script>\n<!-- \/ Yoast SEO plugin. -->","yoast_head_json":{"title":"Naturalna farba wapienna &#8226; Stucco Veneziano","description":"Naturalna farba wapienna to farba o bazie wapiennej do zastosowa\u0144 wewn\u0119trznych i zewn\u0119trznych. Darmowa dostawa! Gwarancja i jako\u015b\u0107 materia\u0142\u00f3w","robots":{"index":"index","follow":"follow","max-snippet":"max-snippet:-1","max-image-preview":"max-image-preview:large","max-video-preview":"max-video-preview:-1"},"canonical":"https:\/\/www.stuccovenezianoshop.com\/pl\/prodotto\/naturalna-farba-wapienna\/","og_locale":"pl_PL","og_type":"article","og_title":"Naturalna farba wapienna &#8226; Stucco Veneziano","og_description":"Naturalna farba wapienna to farba o bazie wapiennej do zastosowa\u0144 wewn\u0119trznych i zewn\u0119trznych. Darmowa dostawa! Gwarancja i jako\u015b\u0107 materia\u0142\u00f3w","og_url":"https:\/\/www.stuccovenezianoshop.com\/pl\/prodotto\/naturalna-farba-wapienna\/","og_site_name":"Stucco Veneziano","article_publisher":"https:\/\/www.facebook.com\/stuccovenezianoshop","twitter_card":"summary_large_image","schema":{"@context":"https:\/\/schema.org","@graph":[{"@type":"WebPage","@id":"https:\/\/www.stuccovenezianoshop.com\/pl\/prodotto\/naturalna-farba-wapienna\/","url":"https:\/\/www.stuccovenezianoshop.com\/pl\/prodotto\/naturalna-farba-wapienna\/","name":"Naturalna farba wapienna &#8226; Stucco Veneziano","isPartOf":{"@id":"https:\/\/www.stuccovenezianoshop.com\/pl\/#website"},"primaryImageOfPage":{"@id":"https:\/\/www.stuccovenezianoshop.com\/pl\/prodotto\/naturalna-farba-wapienna\/#primaryimage"},"image":{"@id":"https:\/\/www.stuccovenezianoshop.com\/pl\/prodotto\/naturalna-farba-wapienna\/#primaryimage"},"thumbnailUrl":"https:\/\/www.stuccovenezianoshop.com\/wp-content\/uploads\/2020\/10\/Kg_21_7_Pitture_3-1.avif","datePublished":"2020-10-27T14:27:51+00:00","description":"Naturalna farba wapienna to farba o bazie wapiennej do zastosowa\u0144 wewn\u0119trznych i zewn\u0119trznych. Darmowa dostawa! Gwarancja i jako\u015b\u0107 materia\u0142\u00f3w","breadcrumb":{"@id":"https:\/\/www.stuccovenezianoshop.com\/pl\/prodotto\/naturalna-farba-wapienna\/#breadcrumb"},"inLanguage":"pl-PL","potentialAction":[{"@type":"ReadAction","target":["https:\/\/www.stuccovenezianoshop.com\/pl\/prodotto\/naturalna-farba-wapienna\/"]}]},{"@type":"ImageObject","inLanguage":"pl-PL","@id":"https:\/\/www.stuccovenezianoshop.com\/pl\/prodotto\/naturalna-farba-wapienna\/#primaryimage","url":"https:\/\/www.stuccovenezianoshop.com\/wp-content\/uploads\/2020\/10\/Kg_21_7_Pitture_3-1.avif","contentUrl":"https:\/\/www.stuccovenezianoshop.com\/wp-content\/uploads\/2020\/10\/Kg_21_7_Pitture_3-1.avif","width":1080,"height":1080},{"@type":"BreadcrumbList","@id":"https:\/\/www.stuccovenezianoshop.com\/pl\/prodotto\/naturalna-farba-wapienna\/#breadcrumb","itemListElement":[{"@type":"ListItem","position":1,"name":"Strona g\u0142\u00f3wna","item":"https:\/\/www.stuccovenezianoshop.com\/pl\/"},{"@type":"ListItem","position":2,"name":"Sklep","item":"https:\/\/www.stuccovenezianoshop.com\/pl\/sklep\/"},{"@type":"ListItem","position":3,"name":"Naturalna farba wapienna"}]},{"@type":"WebSite","@id":"https:\/\/www.stuccovenezianoshop.com\/pl\/#website","url":"https:\/\/www.stuccovenezianoshop.com\/pl\/","name":"Stucco Veneziano","description":"","publisher":{"@id":"https:\/\/www.stuccovenezianoshop.com\/pl\/#organization"},"potentialAction":[{"@type":"SearchAction","target":{"@type":"EntryPoint","urlTemplate":"https:\/\/www.stuccovenezianoshop.com\/pl\/?s={search_term_string}"},"query-input":{"@type":"PropertyValueSpecification","valueRequired":true,"valueName":"search_term_string"}}],"inLanguage":"pl-PL"},{"@type":"Organization","@id":"https:\/\/www.stuccovenezianoshop.com\/pl\/#organization","name":"Stucco Veneziano","url":"https:\/\/www.stuccovenezianoshop.com\/pl\/","logo":{"@type":"ImageObject","inLanguage":"pl-PL","@id":"https:\/\/www.stuccovenezianoshop.com\/pl\/#\/schema\/logo\/image\/","url":"https:\/\/www.stuccovenezianoshop.com\/wp-content\/uploads\/2021\/08\/Logo-mobile-2x.avif","contentUrl":"https:\/\/www.stuccovenezianoshop.com\/wp-content\/uploads\/2021\/08\/Logo-mobile-2x.avif","width":121,"height":70,"caption":"Stucco Veneziano"},"image":{"@id":"https:\/\/www.stuccovenezianoshop.com\/pl\/#\/schema\/logo\/image\/"},"sameAs":["https:\/\/www.facebook.com\/stuccovenezianoshop","https:\/\/www.instagram.com\/stuccovenezianoshop\/"]}]}},"_links":{"self":[{"href":"https:\/\/www.stuccovenezianoshop.com\/pl\/wp-json\/wp\/v2\/product\/50951","targetHints":{"allow":["GET"]}}],"collection":[{"href":"https:\/\/www.stuccovenezianoshop.com\/pl\/wp-json\/wp\/v2\/product"}],"about":[{"href":"https:\/\/www.stuccovenezianoshop.com\/pl\/wp-json\/wp\/v2\/types\/product"}],"replies":[{"embeddable":true,"href":"https:\/\/www.stuccovenezianoshop.com\/pl\/wp-json\/wp\/v2\/comments?post=50951"}],"wp:featuredmedia":[{"embeddable":true,"href":"https:\/\/www.stuccovenezianoshop.com\/pl\/wp-json\/wp\/v2\/media\/32661"}],"wp:attachment":[{"href":"https:\/\/www.stuccovenezianoshop.com\/pl\/wp-json\/wp\/v2\/media?parent=50951"}],"wp:term":[{"taxonomy":"product_brand","embeddable":true,"href":"https:\/\/www.stuccovenezianoshop.com\/pl\/wp-json\/wp\/v2\/product_brand?post=50951"},{"taxonomy":"product_cat","embeddable":true,"href":"https:\/\/www.stuccovenezianoshop.com\/pl\/wp-json\/wp\/v2\/product_cat?post=50951"},{"taxonomy":"product_tag","embeddable":true,"href":"https:\/\/www.stuccovenezianoshop.com\/pl\/wp-json\/wp\/v2\/product_tag?post=50951"}],"curies":[{"name":"wp","href":"https:\/\/api.w.org\/{rel}","templated":true}]}}