{"id":50741,"date":"2020-10-27T16:54:54","date_gmt":"2020-10-27T14:54:54","guid":{"rendered":"https:\/\/www.stuccovenezianoshop.com\/produkt\/masa-wyrownujaca-200\/"},"modified":"2020-10-27T16:54:54","modified_gmt":"2020-10-27T14:54:54","slug":"masa-wyrownujaca-200","status":"publish","type":"product","link":"https:\/\/www.stuccovenezianoshop.com\/pl\/prodotto\/masa-wyrownujaca-200\/","title":{"rendered":"Masa wyr\u00f3wnuj\u0105ca 200"},"content":{"rendered":"<p>Masa wyr\u00f3wnuj\u0105ca 200 to produkt na bazie wapna, kt\u00f3rego szczeg\u00f3lny sk\u0142ad umo\u017cliwia g\u0142adkie nak\u0142adanie o zmiennej grubo\u015bci bez p\u0119kni\u0119\u0107. Doskona\u0142a jako podk\u0142ad pod Stucco Veneziano, S\u00f3l i Pieprz, itp. <\/p>\n<p>Naturalne surowce, starannie dobrane, nadaj\u0105 zastosowanej Masie wyr\u00f3wnuj\u0105cej 200 bardzo wysok\u0105 warto\u015b\u0107 ekologiczn\u0105, poniewa\u017c u\u0142atwiaj\u0105 dystrybucj\u0119 wilgoci i zapobiegaj\u0105 powstawaniu ple\u015bni i bakterii, bez konieczno\u015bci stosowania dodatk\u00f3w chemicznych.<\/p>\n","protected":false},"excerpt":{"rendered":"<p>Masa wyr\u00f3wnuj\u0105ca 200 to produkt na bazie wapna, kt\u00f3rego szczeg\u00f3lny sk\u0142ad umo\u017cliwia g\u0142adkie nak\u0142adanie o zmiennej grubo\u015bci bez p\u0119kni\u0119\u0107. Doskona\u0142a jako podk\u0142ad pod Stucco Veneziano, S\u00f3l i Pieprz, itp.<br \/>\nKolor produktu podstawowego to bia\u0142y<br \/>\nIlo\u015b\u0107 &#8211; 25 kg <\/p>\n<h4>Cechy produktu:<\/h4>\n<p><span class=\"avvertenze\">Uwagi: gotowy do u\u017cycia <\/span><br \/>\n<span class=\"nature\">Natura: wapno + proszek marmurowy 200 mikron\u00f3w <\/span><br \/>\n<span class=\"aspetto\">Wygl\u0105d: matowy g\u0142adki <\/span><br \/>\n<a href=\"https:\/\/www.stuccovenezianoshop.com\/wp-content\/uploads\/pdf\/009_TECHNISCHES_MERKBLATT_NIVELLIERMASSE_200.pdf\" target=\"_blank\" rel=\"noopener noreferrer\"><span class=\"pdf\">Karta techniczna<\/span><\/a><br \/>\n<a href=\"https:\/\/www.stuccovenezianoshop.com\/wp-content\/uploads\/pdf\/security\/009_SICHERHEITSDATENBLATT_NIVELLIERMASSE_200.pdf\" target=\"_blank\" rel=\"noopener noreferrer\"><span class=\"pdf\">Karta techniczna<\/span><\/a><\/p>\n<p><a href=\"https:\/\/www.stuccovenezianoshop.com\/pl\/poradnik\/#Nivelliermasse200\"><button class=\"video-button\">Samouczek wideo<\/button><\/a><\/p>\n","protected":false},"featured_media":32445,"comment_status":"closed","ping_status":"closed","template":"","meta":{"_acf_changed":false},"product_brand":[],"product_cat":[1548],"product_tag":[],"class_list":{"0":"post-50741","1":"product","2":"type-product","3":"status-publish","4":"has-post-thumbnail","6":"product_cat-masy-poziomujace-i-podklady","7":"description-off","9":"first","10":"instock","11":"taxable","12":"shipping-taxable","13":"purchasable","14":"product-type-simple"},"acf":[],"yoast_head":"<!-- This site is optimized with the Yoast SEO plugin v27.5 - https:\/\/yoast.com\/product\/yoast-seo-wordpress\/ -->\n<title>Masa wyr\u00f3wnuj\u0105ca 200 &#8226; Stucco Veneziano<\/title>\n<meta name=\"description\" content=\"Masa wyr\u00f3wnuj\u0105ca 200 to produkt na bazie wapna, kt\u00f3ry umo\u017cliwia g\u0142adkie nak\u0142adanie o zmiennej grubo\u015bci bez p\u0119kni\u0119\u0107. Stiuk wenecki\" \/>\n<meta name=\"robots\" content=\"index, follow, max-snippet:-1, max-image-preview:large, max-video-preview:-1\" \/>\n<link rel=\"canonical\" href=\"https:\/\/www.stuccovenezianoshop.com\/pl\/prodotto\/masa-wyrownujaca-200\/\" \/>\n<meta property=\"og:locale\" content=\"pl_PL\" \/>\n<meta property=\"og:type\" content=\"article\" \/>\n<meta property=\"og:title\" content=\"Masa wyr\u00f3wnuj\u0105ca 200 &#8226; Stucco Veneziano\" \/>\n<meta property=\"og:description\" content=\"Masa wyr\u00f3wnuj\u0105ca 200 to produkt na bazie wapna, kt\u00f3ry umo\u017cliwia g\u0142adkie nak\u0142adanie o zmiennej grubo\u015bci bez p\u0119kni\u0119\u0107. Stiuk wenecki\" \/>\n<meta property=\"og:url\" content=\"https:\/\/www.stuccovenezianoshop.com\/pl\/prodotto\/masa-wyrownujaca-200\/\" \/>\n<meta property=\"og:site_name\" content=\"Stucco Veneziano\" \/>\n<meta property=\"article:publisher\" content=\"https:\/\/www.facebook.com\/stuccovenezianoshop\" \/>\n<meta name=\"twitter:card\" content=\"summary_large_image\" \/>\n<script type=\"application\/ld+json\" class=\"yoast-schema-graph\">{\"@context\":\"https:\\\/\\\/schema.org\",\"@graph\":[{\"@type\":\"WebPage\",\"@id\":\"https:\\\/\\\/www.stuccovenezianoshop.com\\\/pl\\\/prodotto\\\/masa-wyrownujaca-200\\\/\",\"url\":\"https:\\\/\\\/www.stuccovenezianoshop.com\\\/pl\\\/prodotto\\\/masa-wyrownujaca-200\\\/\",\"name\":\"Masa wyr\u00f3wnuj\u0105ca 200 &#8226; Stucco Veneziano\",\"isPartOf\":{\"@id\":\"https:\\\/\\\/www.stuccovenezianoshop.com\\\/pl\\\/#website\"},\"primaryImageOfPage\":{\"@id\":\"https:\\\/\\\/www.stuccovenezianoshop.com\\\/pl\\\/prodotto\\\/masa-wyrownujaca-200\\\/#primaryimage\"},\"image\":{\"@id\":\"https:\\\/\\\/www.stuccovenezianoshop.com\\\/pl\\\/prodotto\\\/masa-wyrownujaca-200\\\/#primaryimage\"},\"thumbnailUrl\":\"https:\\\/\\\/www.stuccovenezianoshop.com\\\/wp-content\\\/uploads\\\/2020\\\/10\\\/Nivelliermasse-200.avif\",\"datePublished\":\"2020-10-27T14:54:54+00:00\",\"description\":\"Masa wyr\u00f3wnuj\u0105ca 200 to produkt na bazie wapna, kt\u00f3ry umo\u017cliwia g\u0142adkie nak\u0142adanie o zmiennej grubo\u015bci bez p\u0119kni\u0119\u0107. Stiuk wenecki\",\"breadcrumb\":{\"@id\":\"https:\\\/\\\/www.stuccovenezianoshop.com\\\/pl\\\/prodotto\\\/masa-wyrownujaca-200\\\/#breadcrumb\"},\"inLanguage\":\"pl-PL\",\"potentialAction\":[{\"@type\":\"ReadAction\",\"target\":[\"https:\\\/\\\/www.stuccovenezianoshop.com\\\/pl\\\/prodotto\\\/masa-wyrownujaca-200\\\/\"]}]},{\"@type\":\"ImageObject\",\"inLanguage\":\"pl-PL\",\"@id\":\"https:\\\/\\\/www.stuccovenezianoshop.com\\\/pl\\\/prodotto\\\/masa-wyrownujaca-200\\\/#primaryimage\",\"url\":\"https:\\\/\\\/www.stuccovenezianoshop.com\\\/wp-content\\\/uploads\\\/2020\\\/10\\\/Nivelliermasse-200.avif\",\"contentUrl\":\"https:\\\/\\\/www.stuccovenezianoshop.com\\\/wp-content\\\/uploads\\\/2020\\\/10\\\/Nivelliermasse-200.avif\",\"width\":1080,\"height\":1080},{\"@type\":\"BreadcrumbList\",\"@id\":\"https:\\\/\\\/www.stuccovenezianoshop.com\\\/pl\\\/prodotto\\\/masa-wyrownujaca-200\\\/#breadcrumb\",\"itemListElement\":[{\"@type\":\"ListItem\",\"position\":1,\"name\":\"Strona g\u0142\u00f3wna\",\"item\":\"https:\\\/\\\/www.stuccovenezianoshop.com\\\/pl\\\/\"},{\"@type\":\"ListItem\",\"position\":2,\"name\":\"Sklep\",\"item\":\"https:\\\/\\\/www.stuccovenezianoshop.com\\\/pl\\\/sklep\\\/\"},{\"@type\":\"ListItem\",\"position\":3,\"name\":\"Masa wyr\u00f3wnuj\u0105ca 200\"}]},{\"@type\":\"WebSite\",\"@id\":\"https:\\\/\\\/www.stuccovenezianoshop.com\\\/pl\\\/#website\",\"url\":\"https:\\\/\\\/www.stuccovenezianoshop.com\\\/pl\\\/\",\"name\":\"Stucco Veneziano\",\"description\":\"\",\"publisher\":{\"@id\":\"https:\\\/\\\/www.stuccovenezianoshop.com\\\/pl\\\/#organization\"},\"potentialAction\":[{\"@type\":\"SearchAction\",\"target\":{\"@type\":\"EntryPoint\",\"urlTemplate\":\"https:\\\/\\\/www.stuccovenezianoshop.com\\\/pl\\\/?s={search_term_string}\"},\"query-input\":{\"@type\":\"PropertyValueSpecification\",\"valueRequired\":true,\"valueName\":\"search_term_string\"}}],\"inLanguage\":\"pl-PL\"},{\"@type\":\"Organization\",\"@id\":\"https:\\\/\\\/www.stuccovenezianoshop.com\\\/pl\\\/#organization\",\"name\":\"Stucco Veneziano\",\"url\":\"https:\\\/\\\/www.stuccovenezianoshop.com\\\/pl\\\/\",\"logo\":{\"@type\":\"ImageObject\",\"inLanguage\":\"pl-PL\",\"@id\":\"https:\\\/\\\/www.stuccovenezianoshop.com\\\/pl\\\/#\\\/schema\\\/logo\\\/image\\\/\",\"url\":\"https:\\\/\\\/www.stuccovenezianoshop.com\\\/wp-content\\\/uploads\\\/2021\\\/08\\\/Logo-mobile-2x.avif\",\"contentUrl\":\"https:\\\/\\\/www.stuccovenezianoshop.com\\\/wp-content\\\/uploads\\\/2021\\\/08\\\/Logo-mobile-2x.avif\",\"width\":121,\"height\":70,\"caption\":\"Stucco Veneziano\"},\"image\":{\"@id\":\"https:\\\/\\\/www.stuccovenezianoshop.com\\\/pl\\\/#\\\/schema\\\/logo\\\/image\\\/\"},\"sameAs\":[\"https:\\\/\\\/www.facebook.com\\\/stuccovenezianoshop\",\"https:\\\/\\\/www.instagram.com\\\/stuccovenezianoshop\\\/\"]}]}<\/script>\n<!-- \/ Yoast SEO plugin. -->","yoast_head_json":{"title":"Masa wyr\u00f3wnuj\u0105ca 200 &#8226; Stucco Veneziano","description":"Masa wyr\u00f3wnuj\u0105ca 200 to produkt na bazie wapna, kt\u00f3ry umo\u017cliwia g\u0142adkie nak\u0142adanie o zmiennej grubo\u015bci bez p\u0119kni\u0119\u0107. Stiuk wenecki","robots":{"index":"index","follow":"follow","max-snippet":"max-snippet:-1","max-image-preview":"max-image-preview:large","max-video-preview":"max-video-preview:-1"},"canonical":"https:\/\/www.stuccovenezianoshop.com\/pl\/prodotto\/masa-wyrownujaca-200\/","og_locale":"pl_PL","og_type":"article","og_title":"Masa wyr\u00f3wnuj\u0105ca 200 &#8226; Stucco Veneziano","og_description":"Masa wyr\u00f3wnuj\u0105ca 200 to produkt na bazie wapna, kt\u00f3ry umo\u017cliwia g\u0142adkie nak\u0142adanie o zmiennej grubo\u015bci bez p\u0119kni\u0119\u0107. Stiuk wenecki","og_url":"https:\/\/www.stuccovenezianoshop.com\/pl\/prodotto\/masa-wyrownujaca-200\/","og_site_name":"Stucco Veneziano","article_publisher":"https:\/\/www.facebook.com\/stuccovenezianoshop","twitter_card":"summary_large_image","schema":{"@context":"https:\/\/schema.org","@graph":[{"@type":"WebPage","@id":"https:\/\/www.stuccovenezianoshop.com\/pl\/prodotto\/masa-wyrownujaca-200\/","url":"https:\/\/www.stuccovenezianoshop.com\/pl\/prodotto\/masa-wyrownujaca-200\/","name":"Masa wyr\u00f3wnuj\u0105ca 200 &#8226; Stucco Veneziano","isPartOf":{"@id":"https:\/\/www.stuccovenezianoshop.com\/pl\/#website"},"primaryImageOfPage":{"@id":"https:\/\/www.stuccovenezianoshop.com\/pl\/prodotto\/masa-wyrownujaca-200\/#primaryimage"},"image":{"@id":"https:\/\/www.stuccovenezianoshop.com\/pl\/prodotto\/masa-wyrownujaca-200\/#primaryimage"},"thumbnailUrl":"https:\/\/www.stuccovenezianoshop.com\/wp-content\/uploads\/2020\/10\/Nivelliermasse-200.avif","datePublished":"2020-10-27T14:54:54+00:00","description":"Masa wyr\u00f3wnuj\u0105ca 200 to produkt na bazie wapna, kt\u00f3ry umo\u017cliwia g\u0142adkie nak\u0142adanie o zmiennej grubo\u015bci bez p\u0119kni\u0119\u0107. Stiuk wenecki","breadcrumb":{"@id":"https:\/\/www.stuccovenezianoshop.com\/pl\/prodotto\/masa-wyrownujaca-200\/#breadcrumb"},"inLanguage":"pl-PL","potentialAction":[{"@type":"ReadAction","target":["https:\/\/www.stuccovenezianoshop.com\/pl\/prodotto\/masa-wyrownujaca-200\/"]}]},{"@type":"ImageObject","inLanguage":"pl-PL","@id":"https:\/\/www.stuccovenezianoshop.com\/pl\/prodotto\/masa-wyrownujaca-200\/#primaryimage","url":"https:\/\/www.stuccovenezianoshop.com\/wp-content\/uploads\/2020\/10\/Nivelliermasse-200.avif","contentUrl":"https:\/\/www.stuccovenezianoshop.com\/wp-content\/uploads\/2020\/10\/Nivelliermasse-200.avif","width":1080,"height":1080},{"@type":"BreadcrumbList","@id":"https:\/\/www.stuccovenezianoshop.com\/pl\/prodotto\/masa-wyrownujaca-200\/#breadcrumb","itemListElement":[{"@type":"ListItem","position":1,"name":"Strona g\u0142\u00f3wna","item":"https:\/\/www.stuccovenezianoshop.com\/pl\/"},{"@type":"ListItem","position":2,"name":"Sklep","item":"https:\/\/www.stuccovenezianoshop.com\/pl\/sklep\/"},{"@type":"ListItem","position":3,"name":"Masa wyr\u00f3wnuj\u0105ca 200"}]},{"@type":"WebSite","@id":"https:\/\/www.stuccovenezianoshop.com\/pl\/#website","url":"https:\/\/www.stuccovenezianoshop.com\/pl\/","name":"Stucco Veneziano","description":"","publisher":{"@id":"https:\/\/www.stuccovenezianoshop.com\/pl\/#organization"},"potentialAction":[{"@type":"SearchAction","target":{"@type":"EntryPoint","urlTemplate":"https:\/\/www.stuccovenezianoshop.com\/pl\/?s={search_term_string}"},"query-input":{"@type":"PropertyValueSpecification","valueRequired":true,"valueName":"search_term_string"}}],"inLanguage":"pl-PL"},{"@type":"Organization","@id":"https:\/\/www.stuccovenezianoshop.com\/pl\/#organization","name":"Stucco Veneziano","url":"https:\/\/www.stuccovenezianoshop.com\/pl\/","logo":{"@type":"ImageObject","inLanguage":"pl-PL","@id":"https:\/\/www.stuccovenezianoshop.com\/pl\/#\/schema\/logo\/image\/","url":"https:\/\/www.stuccovenezianoshop.com\/wp-content\/uploads\/2021\/08\/Logo-mobile-2x.avif","contentUrl":"https:\/\/www.stuccovenezianoshop.com\/wp-content\/uploads\/2021\/08\/Logo-mobile-2x.avif","width":121,"height":70,"caption":"Stucco Veneziano"},"image":{"@id":"https:\/\/www.stuccovenezianoshop.com\/pl\/#\/schema\/logo\/image\/"},"sameAs":["https:\/\/www.facebook.com\/stuccovenezianoshop","https:\/\/www.instagram.com\/stuccovenezianoshop\/"]}]}},"_links":{"self":[{"href":"https:\/\/www.stuccovenezianoshop.com\/pl\/wp-json\/wp\/v2\/product\/50741","targetHints":{"allow":["GET"]}}],"collection":[{"href":"https:\/\/www.stuccovenezianoshop.com\/pl\/wp-json\/wp\/v2\/product"}],"about":[{"href":"https:\/\/www.stuccovenezianoshop.com\/pl\/wp-json\/wp\/v2\/types\/product"}],"replies":[{"embeddable":true,"href":"https:\/\/www.stuccovenezianoshop.com\/pl\/wp-json\/wp\/v2\/comments?post=50741"}],"wp:featuredmedia":[{"embeddable":true,"href":"https:\/\/www.stuccovenezianoshop.com\/pl\/wp-json\/wp\/v2\/media\/32445"}],"wp:attachment":[{"href":"https:\/\/www.stuccovenezianoshop.com\/pl\/wp-json\/wp\/v2\/media?parent=50741"}],"wp:term":[{"taxonomy":"product_brand","embeddable":true,"href":"https:\/\/www.stuccovenezianoshop.com\/pl\/wp-json\/wp\/v2\/product_brand?post=50741"},{"taxonomy":"product_cat","embeddable":true,"href":"https:\/\/www.stuccovenezianoshop.com\/pl\/wp-json\/wp\/v2\/product_cat?post=50741"},{"taxonomy":"product_tag","embeddable":true,"href":"https:\/\/www.stuccovenezianoshop.com\/pl\/wp-json\/wp\/v2\/product_tag?post=50741"}],"curies":[{"name":"wp","href":"https:\/\/api.w.org\/{rel}","templated":true}]}}