{"id":50699,"date":"2020-10-27T16:37:48","date_gmt":"2020-10-27T16:37:48","guid":{"rendered":"https:\/\/www.stuccovenezianoshop.com\/produkt\/stiuk-wenecki-evolution\/"},"modified":"2026-03-02T19:32:43","modified_gmt":"2026-03-02T17:32:43","slug":"stiuk-wenecki-evolution","status":"publish","type":"product","link":"https:\/\/www.stuccovenezianoshop.com\/pl\/prodotto\/stiuk-wenecki-evolution\/","title":{"rendered":"Stiuk wenecki Evolution"},"content":{"rendered":"<p>Stucco Veneziano Evolution to presti\u017cowy produkt na bazie bardzo drobnego mikrofiltrowanego wapna. Cech\u0105, kt\u00f3ra odr\u00f3\u017cnia go od produktu \u201eStucco Veneziano\u201d, jest mo\u017cliwo\u015b\u0107 nak\u0142adania go w grubszych warstwach.  Dzi\u0119ki temu cykl aplikacji jest szybszy, poniewa\u017c prac\u0119 mo\u017cna uko\u0144czy\u0107 w kr\u00f3tszym czasie z wyj\u0105tkowymi rezultatami. Produkt mo\u017cna dostosowa\u0107 za pomoc\u0105 odcieni z systemu Stucco Veneziano Shop. <\/p>\n<p>W\u0142a\u015bciwo\u015bci Stucco Veneziano Evolution:<br \/>\n&#8211; efekt lustrzany jak w prawdziwym marmurze<br \/>\n&#8211; 20-30% bardziej b\u0142yszcz\u0105cy ni\u017c standardowy Stucco Veneziano<br \/>\n&#8211; wapno i proszek marmurowy z prawdziwego marmuru<br \/>\n&#8211; szybszy i \u0142atwiejszy w nak\u0142adaniu<br \/>\n&#8211; technika szpachlowania na bazie naturalnej<br \/>\n&#8211; luksusowy lustrzany po\u0142ysk na \u015bcianach<br \/>\n&#8211; odpowiedni do wszystkich powierzchni wewn\u0119trznych, w tym sufit\u00f3w, obszar\u00f3w kominkowych, paneli kuchennych itp.<br \/>\n&#8211; mo\u017ce by\u0107 barwiony w 108 kolorach &#8211; mo\u017cliwe s\u0105 r\u00f3wnie\u017c kolory RAL<br \/>\n&#8211; oddychaj\u0105cy i odporny na ple\u015b\u0144 Trwa\u0142y i \u0142atwy do czyszczenia<\/p>\n","protected":false},"excerpt":{"rendered":"<p>Stucco Veneziano Evolution to presti\u017cowy produkt na bazie bardzo drobnego mikrofiltrowanego wapna. Cech\u0105, kt\u00f3ra odr\u00f3\u017cnia go od produktu \u201eStucco Veneziano\u201d, jest mo\u017cliwo\u015b\u0107 nak\u0142adania go w grubszych warstwach. <\/p>\n","protected":false},"featured_media":33617,"comment_status":"open","ping_status":"closed","template":"","meta":{"_acf_changed":false},"product_brand":[],"product_cat":[1345,957,1424,974,1346],"product_tag":[],"class_list":{"0":"post-50699","1":"product","2":"type-product","3":"status-publish","4":"has-post-thumbnail","6":"product_cat-efekt-polysku","7":"product_cat-mieszane","8":"product_cat-stiuk-wenecki","9":"product_cat-tynki-marmurowe","10":"product_cat-ulubione-produkty-klientow","11":"description-off","13":"first","14":"instock","15":"featured","16":"taxable","17":"shipping-taxable","18":"purchasable","19":"product-type-variable","20":"has-default-attributes"},"acf":[],"yoast_head":"<!-- This site is optimized with the Yoast SEO plugin v27.5 - https:\/\/yoast.com\/product\/yoast-seo-wordpress\/ -->\n<title>Stiuk wenecki Evolution &#8226; Stucco Veneziano<\/title>\n<meta name=\"description\" content=\"Stucco Veneziano Evolution to bardzo delikatny tynk wyg\u0142adzaj\u0105cy do nowoczesnej, wysokiej jako\u015bci dekoracji \u015bcian. Darmowa i szybka wysy\u0142ka!\" \/>\n<meta name=\"robots\" content=\"index, follow, max-snippet:-1, max-image-preview:large, max-video-preview:-1\" \/>\n<link rel=\"canonical\" href=\"https:\/\/www.stuccovenezianoshop.com\/pl\/prodotto\/stiuk-wenecki-evolution\/\" \/>\n<meta property=\"og:locale\" content=\"pl_PL\" \/>\n<meta property=\"og:type\" content=\"article\" \/>\n<meta property=\"og:title\" content=\"Stiuk wenecki Evolution &#8226; Stucco Veneziano\" \/>\n<meta property=\"og:description\" content=\"Stucco Veneziano Evolution to bardzo delikatny tynk wyg\u0142adzaj\u0105cy do nowoczesnej, wysokiej jako\u015bci dekoracji \u015bcian. Darmowa i szybka wysy\u0142ka!\" \/>\n<meta property=\"og:url\" content=\"https:\/\/www.stuccovenezianoshop.com\/pl\/prodotto\/stiuk-wenecki-evolution\/\" \/>\n<meta property=\"og:site_name\" content=\"Stucco Veneziano\" \/>\n<meta property=\"article:publisher\" content=\"https:\/\/www.facebook.com\/stuccovenezianoshop\" \/>\n<meta property=\"article:modified_time\" content=\"2026-03-02T17:32:43+00:00\" \/>\n<meta name=\"twitter:card\" content=\"summary_large_image\" \/>\n<meta name=\"twitter:label1\" content=\"Szacowany czas czytania\" \/>\n\t<meta name=\"twitter:data1\" content=\"1 minuta\" \/>\n<script type=\"application\/ld+json\" class=\"yoast-schema-graph\">{\"@context\":\"https:\\\/\\\/schema.org\",\"@graph\":[{\"@type\":\"WebPage\",\"@id\":\"https:\\\/\\\/www.stuccovenezianoshop.com\\\/pl\\\/prodotto\\\/stiuk-wenecki-evolution\\\/\",\"url\":\"https:\\\/\\\/www.stuccovenezianoshop.com\\\/pl\\\/prodotto\\\/stiuk-wenecki-evolution\\\/\",\"name\":\"Stiuk wenecki Evolution &#8226; Stucco Veneziano\",\"isPartOf\":{\"@id\":\"https:\\\/\\\/www.stuccovenezianoshop.com\\\/pl\\\/#website\"},\"primaryImageOfPage\":{\"@id\":\"https:\\\/\\\/www.stuccovenezianoshop.com\\\/pl\\\/prodotto\\\/stiuk-wenecki-evolution\\\/#primaryimage\"},\"image\":{\"@id\":\"https:\\\/\\\/www.stuccovenezianoshop.com\\\/pl\\\/prodotto\\\/stiuk-wenecki-evolution\\\/#primaryimage\"},\"thumbnailUrl\":\"https:\\\/\\\/www.stuccovenezianoshop.com\\\/wp-content\\\/uploads\\\/2020\\\/10\\\/BRERSL-0068-2.avif\",\"datePublished\":\"2020-10-27T16:37:48+00:00\",\"dateModified\":\"2026-03-02T17:32:43+00:00\",\"description\":\"Stucco Veneziano Evolution to bardzo delikatny tynk wyg\u0142adzaj\u0105cy do nowoczesnej, wysokiej jako\u015bci dekoracji \u015bcian. Darmowa i szybka wysy\u0142ka!\",\"breadcrumb\":{\"@id\":\"https:\\\/\\\/www.stuccovenezianoshop.com\\\/pl\\\/prodotto\\\/stiuk-wenecki-evolution\\\/#breadcrumb\"},\"inLanguage\":\"pl-PL\",\"potentialAction\":[{\"@type\":\"ReadAction\",\"target\":[\"https:\\\/\\\/www.stuccovenezianoshop.com\\\/pl\\\/prodotto\\\/stiuk-wenecki-evolution\\\/\"]}]},{\"@type\":\"ImageObject\",\"inLanguage\":\"pl-PL\",\"@id\":\"https:\\\/\\\/www.stuccovenezianoshop.com\\\/pl\\\/prodotto\\\/stiuk-wenecki-evolution\\\/#primaryimage\",\"url\":\"https:\\\/\\\/www.stuccovenezianoshop.com\\\/wp-content\\\/uploads\\\/2020\\\/10\\\/BRERSL-0068-2.avif\",\"contentUrl\":\"https:\\\/\\\/www.stuccovenezianoshop.com\\\/wp-content\\\/uploads\\\/2020\\\/10\\\/BRERSL-0068-2.avif\",\"width\":1080,\"height\":1080},{\"@type\":\"BreadcrumbList\",\"@id\":\"https:\\\/\\\/www.stuccovenezianoshop.com\\\/pl\\\/prodotto\\\/stiuk-wenecki-evolution\\\/#breadcrumb\",\"itemListElement\":[{\"@type\":\"ListItem\",\"position\":1,\"name\":\"Strona g\u0142\u00f3wna\",\"item\":\"https:\\\/\\\/www.stuccovenezianoshop.com\\\/pl\\\/\"},{\"@type\":\"ListItem\",\"position\":2,\"name\":\"Sklep\",\"item\":\"https:\\\/\\\/www.stuccovenezianoshop.com\\\/pl\\\/sklep\\\/\"},{\"@type\":\"ListItem\",\"position\":3,\"name\":\"Stiuk wenecki Evolution\"}]},{\"@type\":\"WebSite\",\"@id\":\"https:\\\/\\\/www.stuccovenezianoshop.com\\\/pl\\\/#website\",\"url\":\"https:\\\/\\\/www.stuccovenezianoshop.com\\\/pl\\\/\",\"name\":\"Stucco Veneziano\",\"description\":\"\",\"publisher\":{\"@id\":\"https:\\\/\\\/www.stuccovenezianoshop.com\\\/pl\\\/#organization\"},\"potentialAction\":[{\"@type\":\"SearchAction\",\"target\":{\"@type\":\"EntryPoint\",\"urlTemplate\":\"https:\\\/\\\/www.stuccovenezianoshop.com\\\/pl\\\/?s={search_term_string}\"},\"query-input\":{\"@type\":\"PropertyValueSpecification\",\"valueRequired\":true,\"valueName\":\"search_term_string\"}}],\"inLanguage\":\"pl-PL\"},{\"@type\":\"Organization\",\"@id\":\"https:\\\/\\\/www.stuccovenezianoshop.com\\\/pl\\\/#organization\",\"name\":\"Stucco Veneziano\",\"url\":\"https:\\\/\\\/www.stuccovenezianoshop.com\\\/pl\\\/\",\"logo\":{\"@type\":\"ImageObject\",\"inLanguage\":\"pl-PL\",\"@id\":\"https:\\\/\\\/www.stuccovenezianoshop.com\\\/pl\\\/#\\\/schema\\\/logo\\\/image\\\/\",\"url\":\"https:\\\/\\\/www.stuccovenezianoshop.com\\\/wp-content\\\/uploads\\\/2021\\\/08\\\/Logo-mobile-2x.avif\",\"contentUrl\":\"https:\\\/\\\/www.stuccovenezianoshop.com\\\/wp-content\\\/uploads\\\/2021\\\/08\\\/Logo-mobile-2x.avif\",\"width\":121,\"height\":70,\"caption\":\"Stucco Veneziano\"},\"image\":{\"@id\":\"https:\\\/\\\/www.stuccovenezianoshop.com\\\/pl\\\/#\\\/schema\\\/logo\\\/image\\\/\"},\"sameAs\":[\"https:\\\/\\\/www.facebook.com\\\/stuccovenezianoshop\",\"https:\\\/\\\/www.instagram.com\\\/stuccovenezianoshop\\\/\"]}]}<\/script>\n<!-- \/ Yoast SEO plugin. -->","yoast_head_json":{"title":"Stiuk wenecki Evolution &#8226; Stucco Veneziano","description":"Stucco Veneziano Evolution to bardzo delikatny tynk wyg\u0142adzaj\u0105cy do nowoczesnej, wysokiej jako\u015bci dekoracji \u015bcian. Darmowa i szybka wysy\u0142ka!","robots":{"index":"index","follow":"follow","max-snippet":"max-snippet:-1","max-image-preview":"max-image-preview:large","max-video-preview":"max-video-preview:-1"},"canonical":"https:\/\/www.stuccovenezianoshop.com\/pl\/prodotto\/stiuk-wenecki-evolution\/","og_locale":"pl_PL","og_type":"article","og_title":"Stiuk wenecki Evolution &#8226; Stucco Veneziano","og_description":"Stucco Veneziano Evolution to bardzo delikatny tynk wyg\u0142adzaj\u0105cy do nowoczesnej, wysokiej jako\u015bci dekoracji \u015bcian. Darmowa i szybka wysy\u0142ka!","og_url":"https:\/\/www.stuccovenezianoshop.com\/pl\/prodotto\/stiuk-wenecki-evolution\/","og_site_name":"Stucco Veneziano","article_publisher":"https:\/\/www.facebook.com\/stuccovenezianoshop","article_modified_time":"2026-03-02T17:32:43+00:00","twitter_card":"summary_large_image","twitter_misc":{"Szacowany czas czytania":"1 minuta"},"schema":{"@context":"https:\/\/schema.org","@graph":[{"@type":"WebPage","@id":"https:\/\/www.stuccovenezianoshop.com\/pl\/prodotto\/stiuk-wenecki-evolution\/","url":"https:\/\/www.stuccovenezianoshop.com\/pl\/prodotto\/stiuk-wenecki-evolution\/","name":"Stiuk wenecki Evolution &#8226; Stucco Veneziano","isPartOf":{"@id":"https:\/\/www.stuccovenezianoshop.com\/pl\/#website"},"primaryImageOfPage":{"@id":"https:\/\/www.stuccovenezianoshop.com\/pl\/prodotto\/stiuk-wenecki-evolution\/#primaryimage"},"image":{"@id":"https:\/\/www.stuccovenezianoshop.com\/pl\/prodotto\/stiuk-wenecki-evolution\/#primaryimage"},"thumbnailUrl":"https:\/\/www.stuccovenezianoshop.com\/wp-content\/uploads\/2020\/10\/BRERSL-0068-2.avif","datePublished":"2020-10-27T16:37:48+00:00","dateModified":"2026-03-02T17:32:43+00:00","description":"Stucco Veneziano Evolution to bardzo delikatny tynk wyg\u0142adzaj\u0105cy do nowoczesnej, wysokiej jako\u015bci dekoracji \u015bcian. Darmowa i szybka wysy\u0142ka!","breadcrumb":{"@id":"https:\/\/www.stuccovenezianoshop.com\/pl\/prodotto\/stiuk-wenecki-evolution\/#breadcrumb"},"inLanguage":"pl-PL","potentialAction":[{"@type":"ReadAction","target":["https:\/\/www.stuccovenezianoshop.com\/pl\/prodotto\/stiuk-wenecki-evolution\/"]}]},{"@type":"ImageObject","inLanguage":"pl-PL","@id":"https:\/\/www.stuccovenezianoshop.com\/pl\/prodotto\/stiuk-wenecki-evolution\/#primaryimage","url":"https:\/\/www.stuccovenezianoshop.com\/wp-content\/uploads\/2020\/10\/BRERSL-0068-2.avif","contentUrl":"https:\/\/www.stuccovenezianoshop.com\/wp-content\/uploads\/2020\/10\/BRERSL-0068-2.avif","width":1080,"height":1080},{"@type":"BreadcrumbList","@id":"https:\/\/www.stuccovenezianoshop.com\/pl\/prodotto\/stiuk-wenecki-evolution\/#breadcrumb","itemListElement":[{"@type":"ListItem","position":1,"name":"Strona g\u0142\u00f3wna","item":"https:\/\/www.stuccovenezianoshop.com\/pl\/"},{"@type":"ListItem","position":2,"name":"Sklep","item":"https:\/\/www.stuccovenezianoshop.com\/pl\/sklep\/"},{"@type":"ListItem","position":3,"name":"Stiuk wenecki Evolution"}]},{"@type":"WebSite","@id":"https:\/\/www.stuccovenezianoshop.com\/pl\/#website","url":"https:\/\/www.stuccovenezianoshop.com\/pl\/","name":"Stucco Veneziano","description":"","publisher":{"@id":"https:\/\/www.stuccovenezianoshop.com\/pl\/#organization"},"potentialAction":[{"@type":"SearchAction","target":{"@type":"EntryPoint","urlTemplate":"https:\/\/www.stuccovenezianoshop.com\/pl\/?s={search_term_string}"},"query-input":{"@type":"PropertyValueSpecification","valueRequired":true,"valueName":"search_term_string"}}],"inLanguage":"pl-PL"},{"@type":"Organization","@id":"https:\/\/www.stuccovenezianoshop.com\/pl\/#organization","name":"Stucco Veneziano","url":"https:\/\/www.stuccovenezianoshop.com\/pl\/","logo":{"@type":"ImageObject","inLanguage":"pl-PL","@id":"https:\/\/www.stuccovenezianoshop.com\/pl\/#\/schema\/logo\/image\/","url":"https:\/\/www.stuccovenezianoshop.com\/wp-content\/uploads\/2021\/08\/Logo-mobile-2x.avif","contentUrl":"https:\/\/www.stuccovenezianoshop.com\/wp-content\/uploads\/2021\/08\/Logo-mobile-2x.avif","width":121,"height":70,"caption":"Stucco Veneziano"},"image":{"@id":"https:\/\/www.stuccovenezianoshop.com\/pl\/#\/schema\/logo\/image\/"},"sameAs":["https:\/\/www.facebook.com\/stuccovenezianoshop","https:\/\/www.instagram.com\/stuccovenezianoshop\/"]}]}},"_links":{"self":[{"href":"https:\/\/www.stuccovenezianoshop.com\/pl\/wp-json\/wp\/v2\/product\/50699","targetHints":{"allow":["GET"]}}],"collection":[{"href":"https:\/\/www.stuccovenezianoshop.com\/pl\/wp-json\/wp\/v2\/product"}],"about":[{"href":"https:\/\/www.stuccovenezianoshop.com\/pl\/wp-json\/wp\/v2\/types\/product"}],"replies":[{"embeddable":true,"href":"https:\/\/www.stuccovenezianoshop.com\/pl\/wp-json\/wp\/v2\/comments?post=50699"}],"wp:featuredmedia":[{"embeddable":true,"href":"https:\/\/www.stuccovenezianoshop.com\/pl\/wp-json\/wp\/v2\/media\/33617"}],"wp:attachment":[{"href":"https:\/\/www.stuccovenezianoshop.com\/pl\/wp-json\/wp\/v2\/media?parent=50699"}],"wp:term":[{"taxonomy":"product_brand","embeddable":true,"href":"https:\/\/www.stuccovenezianoshop.com\/pl\/wp-json\/wp\/v2\/product_brand?post=50699"},{"taxonomy":"product_cat","embeddable":true,"href":"https:\/\/www.stuccovenezianoshop.com\/pl\/wp-json\/wp\/v2\/product_cat?post=50699"},{"taxonomy":"product_tag","embeddable":true,"href":"https:\/\/www.stuccovenezianoshop.com\/pl\/wp-json\/wp\/v2\/product_tag?post=50699"}],"curies":[{"name":"wp","href":"https:\/\/api.w.org\/{rel}","templated":true}]}}