{"id":50539,"date":"2022-05-11T14:37:05","date_gmt":"2022-05-11T12:37:05","guid":{"rendered":"https:\/\/www.stuccovenezianoshop.com\/produkt\/carrara-synth\/"},"modified":"2022-05-11T14:37:05","modified_gmt":"2022-05-11T12:37:05","slug":"carrara-synth","status":"publish","type":"product","link":"https:\/\/www.stuccovenezianoshop.com\/pl\/prodotto\/carrara-synth\/","title":{"rendered":"Carrara Synth"},"content":{"rendered":"<p>Carrara Synth to syntetyczna masa szpachlowa o g\u0142adkim efekcie marmuru, kt\u00f3ra przylega do wszystkich rodzaj\u00f3w powierzchni, takich jak p\u0142ytki, ceramika, tworzywa sztuczne, marmur, \u017celazo.<\/p>\n<p>Jest to produkt bardzo \u0142atwy w obr\u00f3bce, kt\u00f3ry mo\u017cna nak\u0142ada\u0107 na powierzchnie poziome i pionowe bez kapania.<\/p>\n<p>Carrara Synth to cykl aplikacji sk\u0142adaj\u0105cy si\u0119 z trzech produkt\u00f3w: Carrara Synth 600 jako podk\u0142ad i baza, Carrara Synth 300 jako warstwa po\u015brednia i opcjonalnie Carrara Synth 100 dla uzyskania g\u0142adszego efektu. Wszystkie produkty wymagaj\u0105 rozcie\u0144czenia 4% katalizatorem 19. <\/p>\n<p><strong>Wi\u0119cej kolor\u00f3w wkr\u00f3tce dost\u0119pnych!<\/strong><\/p>\n<p>W\u0142a\u015bciwo\u015bci Carrara Synth:<\/p>\n<ul>\n<li>Efekt matowy\/satynowy<\/li>\n<li>Elegancki i innowacyjny wygl\u0105d<\/li>\n<li>Mo\u017ce by\u0107 barwiony na 16 kolor\u00f3w<\/li>\n<li>Trwa\u0142y, \u0142atwy w czyszczeniu i antybakteryjny<\/li>\n<li>Odpowiedni do pomieszcze\u0144 mokrych<\/li>\n<\/ul>\n","protected":false},"excerpt":{"rendered":"<p>Carrara Synth to syntetyczna masa szpachlowa o g\u0142adkim efekcie marmuru, kt\u00f3ra przylega do wszystkich rodzaj\u00f3w powierzchni, takich jak p\u0142ytki, ceramika, tworzywa sztuczne, marmur, \u017celazo i mo\u017ce by\u0107 stosowana nawet w pomieszczeniach mokrych, jak \u0142azienki czy kuchnie.<\/p>\n<p>Kolor produktu bazowego jest bia\u0142y.<br \/>\n<strong>Wi\u0119cej kolor\u00f3w wkr\u00f3tce dost\u0119pnych!<\/strong><\/p>\n<h4>Cechy produktu:<\/h4>\n<p><span class=\"extern\">Zastosowanie zewn\u0119trzne: mo\u017ce by\u0107 stosowany na zewn\u0105trz<\/span><br \/>\n<span style=\"font-weight: 400;\"><span class=\"avvertenze\">Wydajno\u015b\u0107 na warstw\u0119<\/span>: <\/span><strong>ok. 1 &#8211; 5 m\u00b2\/kg<\/strong><br \/>\nWskaz\u00f3wki: gotowy do u\u017cycia<br \/>\n<span class=\"nature\">Sk\u0142ad: \u017cywice + proszek marmurowy 600 do 100 mikron\u00f3w<\/span><br \/>\nWygl\u0105d: matowy porowaty<\/p>\n<p><a href=\"https:\/\/www.stuccovenezianoshop.com\/wp-content\/uploads\/2022\/03\/TECHNISCHES_MERKBLATT_CARRARA-SYNTH_100_300_600.pdf\" target=\"_blank\" rel=\"noopener noreferrer\"><span class=\"pdf\">Karta techniczna <\/span><\/a><span class=\"pdf\">   <\/span><a href=\"https:\/\/www.stuccovenezianoshop.com\/wp-content\/uploads\/2022\/03\/089_TECHNISCHES_MERKBLATT_Katalysator-19.pdf\" target=\"_blank\" rel=\"noopener noreferrer\">Karta techniczna Katalizator 19<\/a><br \/>\n<a href=\"https:\/\/www.stuccovenezianoshop.com\/wp-content\/uploads\/2022\/03\/SICHERHEITSDATENBLATT_CARRARA-SYNTH_100_300_600.pdf\" target=\"_blank\" rel=\"noopener noreferrer\"><span class=\"pdf\">Karta charakterystyki<\/span><\/a><span class=\"pdf\">      <\/span><a href=\"https:\/\/www.stuccovenezianoshop.com\/wp-content\/uploads\/2022\/03\/088_SICHERHEITSDATENBLATT_Katalysator_19-1.pdf\" target=\"_blank\" rel=\"noopener noreferrer\">Karta charakterystyki Katalizator 19 <\/a><\/p>\n<p><a href=\"https:\/\/www.stuccovenezianoshop.com\/pl\/poradnik\/#EtruskischDilavato\"><button class=\"video-button\">Samouczek wideo<\/button><\/a><\/p>\n","protected":false},"featured_media":34957,"comment_status":"closed","ping_status":"closed","template":"","meta":{"_acf_changed":false},"product_brand":[],"product_cat":[973,974],"product_tag":[],"class_list":{"0":"post-50539","1":"product","2":"type-product","3":"status-publish","4":"has-post-thumbnail","6":"product_cat-powloki-podlogowe","7":"product_cat-tynki-marmurowe","8":"description-off","10":"first","11":"instock","12":"taxable","13":"shipping-taxable","14":"purchasable","15":"product-type-variable"},"acf":[],"yoast_head":"<!-- This site is optimized with the Yoast SEO plugin v27.5 - https:\/\/yoast.com\/product\/yoast-seo-wordpress\/ -->\n<title>Carrara Synth &#8226; Stucco Veneziano<\/title>\n<meta name=\"description\" content=\"Carrara Synth to syntetyczna masa szpachlowa z efektem marmuru. Odpowiednia do stosowania w pomieszczeniach mokrych (kabiny prysznicowe itp.).\" \/>\n<meta name=\"robots\" content=\"index, follow, max-snippet:-1, max-image-preview:large, max-video-preview:-1\" \/>\n<link rel=\"canonical\" href=\"https:\/\/www.stuccovenezianoshop.com\/pl\/prodotto\/carrara-synth\/\" \/>\n<meta property=\"og:locale\" content=\"pl_PL\" \/>\n<meta property=\"og:type\" content=\"article\" \/>\n<meta property=\"og:title\" content=\"Carrara Synth &#8226; Stucco Veneziano\" \/>\n<meta property=\"og:description\" content=\"Carrara Synth to syntetyczna masa szpachlowa z efektem marmuru. Odpowiednia do stosowania w pomieszczeniach mokrych (kabiny prysznicowe itp.).\" \/>\n<meta property=\"og:url\" content=\"https:\/\/www.stuccovenezianoshop.com\/pl\/prodotto\/carrara-synth\/\" \/>\n<meta property=\"og:site_name\" content=\"Stucco Veneziano\" \/>\n<meta property=\"article:publisher\" content=\"https:\/\/www.facebook.com\/stuccovenezianoshop\" \/>\n<meta name=\"twitter:card\" content=\"summary_large_image\" \/>\n<meta name=\"twitter:label1\" content=\"Szacowany czas czytania\" \/>\n\t<meta name=\"twitter:data1\" content=\"1 minuta\" \/>\n<script type=\"application\/ld+json\" class=\"yoast-schema-graph\">{\"@context\":\"https:\\\/\\\/schema.org\",\"@graph\":[{\"@type\":\"WebPage\",\"@id\":\"https:\\\/\\\/www.stuccovenezianoshop.com\\\/pl\\\/prodotto\\\/carrara-synth\\\/\",\"url\":\"https:\\\/\\\/www.stuccovenezianoshop.com\\\/pl\\\/prodotto\\\/carrara-synth\\\/\",\"name\":\"Carrara Synth &#8226; Stucco Veneziano\",\"isPartOf\":{\"@id\":\"https:\\\/\\\/www.stuccovenezianoshop.com\\\/pl\\\/#website\"},\"primaryImageOfPage\":{\"@id\":\"https:\\\/\\\/www.stuccovenezianoshop.com\\\/pl\\\/prodotto\\\/carrara-synth\\\/#primaryimage\"},\"image\":{\"@id\":\"https:\\\/\\\/www.stuccovenezianoshop.com\\\/pl\\\/prodotto\\\/carrara-synth\\\/#primaryimage\"},\"thumbnailUrl\":\"https:\\\/\\\/www.stuccovenezianoshop.com\\\/wp-content\\\/uploads\\\/2022\\\/02\\\/Bagno_Green_Copertina_1.avif\",\"datePublished\":\"2022-05-11T12:37:05+00:00\",\"description\":\"Carrara Synth to syntetyczna masa szpachlowa z efektem marmuru. Odpowiednia do stosowania w pomieszczeniach mokrych (kabiny prysznicowe itp.).\",\"breadcrumb\":{\"@id\":\"https:\\\/\\\/www.stuccovenezianoshop.com\\\/pl\\\/prodotto\\\/carrara-synth\\\/#breadcrumb\"},\"inLanguage\":\"pl-PL\",\"potentialAction\":[{\"@type\":\"ReadAction\",\"target\":[\"https:\\\/\\\/www.stuccovenezianoshop.com\\\/pl\\\/prodotto\\\/carrara-synth\\\/\"]}]},{\"@type\":\"ImageObject\",\"inLanguage\":\"pl-PL\",\"@id\":\"https:\\\/\\\/www.stuccovenezianoshop.com\\\/pl\\\/prodotto\\\/carrara-synth\\\/#primaryimage\",\"url\":\"https:\\\/\\\/www.stuccovenezianoshop.com\\\/wp-content\\\/uploads\\\/2022\\\/02\\\/Bagno_Green_Copertina_1.avif\",\"contentUrl\":\"https:\\\/\\\/www.stuccovenezianoshop.com\\\/wp-content\\\/uploads\\\/2022\\\/02\\\/Bagno_Green_Copertina_1.avif\",\"width\":1080,\"height\":1080},{\"@type\":\"BreadcrumbList\",\"@id\":\"https:\\\/\\\/www.stuccovenezianoshop.com\\\/pl\\\/prodotto\\\/carrara-synth\\\/#breadcrumb\",\"itemListElement\":[{\"@type\":\"ListItem\",\"position\":1,\"name\":\"Strona g\u0142\u00f3wna\",\"item\":\"https:\\\/\\\/www.stuccovenezianoshop.com\\\/pl\\\/\"},{\"@type\":\"ListItem\",\"position\":2,\"name\":\"Sklep\",\"item\":\"https:\\\/\\\/www.stuccovenezianoshop.com\\\/pl\\\/sklep\\\/\"},{\"@type\":\"ListItem\",\"position\":3,\"name\":\"Carrara Synth\"}]},{\"@type\":\"WebSite\",\"@id\":\"https:\\\/\\\/www.stuccovenezianoshop.com\\\/pl\\\/#website\",\"url\":\"https:\\\/\\\/www.stuccovenezianoshop.com\\\/pl\\\/\",\"name\":\"Stucco Veneziano\",\"description\":\"\",\"publisher\":{\"@id\":\"https:\\\/\\\/www.stuccovenezianoshop.com\\\/pl\\\/#organization\"},\"potentialAction\":[{\"@type\":\"SearchAction\",\"target\":{\"@type\":\"EntryPoint\",\"urlTemplate\":\"https:\\\/\\\/www.stuccovenezianoshop.com\\\/pl\\\/?s={search_term_string}\"},\"query-input\":{\"@type\":\"PropertyValueSpecification\",\"valueRequired\":true,\"valueName\":\"search_term_string\"}}],\"inLanguage\":\"pl-PL\"},{\"@type\":\"Organization\",\"@id\":\"https:\\\/\\\/www.stuccovenezianoshop.com\\\/pl\\\/#organization\",\"name\":\"Stucco Veneziano\",\"url\":\"https:\\\/\\\/www.stuccovenezianoshop.com\\\/pl\\\/\",\"logo\":{\"@type\":\"ImageObject\",\"inLanguage\":\"pl-PL\",\"@id\":\"https:\\\/\\\/www.stuccovenezianoshop.com\\\/pl\\\/#\\\/schema\\\/logo\\\/image\\\/\",\"url\":\"https:\\\/\\\/www.stuccovenezianoshop.com\\\/wp-content\\\/uploads\\\/2021\\\/08\\\/Logo-mobile-2x.avif\",\"contentUrl\":\"https:\\\/\\\/www.stuccovenezianoshop.com\\\/wp-content\\\/uploads\\\/2021\\\/08\\\/Logo-mobile-2x.avif\",\"width\":121,\"height\":70,\"caption\":\"Stucco Veneziano\"},\"image\":{\"@id\":\"https:\\\/\\\/www.stuccovenezianoshop.com\\\/pl\\\/#\\\/schema\\\/logo\\\/image\\\/\"},\"sameAs\":[\"https:\\\/\\\/www.facebook.com\\\/stuccovenezianoshop\",\"https:\\\/\\\/www.instagram.com\\\/stuccovenezianoshop\\\/\"]}]}<\/script>\n<!-- \/ Yoast SEO plugin. -->","yoast_head_json":{"title":"Carrara Synth &#8226; Stucco Veneziano","description":"Carrara Synth to syntetyczna masa szpachlowa z efektem marmuru. Odpowiednia do stosowania w pomieszczeniach mokrych (kabiny prysznicowe itp.).","robots":{"index":"index","follow":"follow","max-snippet":"max-snippet:-1","max-image-preview":"max-image-preview:large","max-video-preview":"max-video-preview:-1"},"canonical":"https:\/\/www.stuccovenezianoshop.com\/pl\/prodotto\/carrara-synth\/","og_locale":"pl_PL","og_type":"article","og_title":"Carrara Synth &#8226; Stucco Veneziano","og_description":"Carrara Synth to syntetyczna masa szpachlowa z efektem marmuru. Odpowiednia do stosowania w pomieszczeniach mokrych (kabiny prysznicowe itp.).","og_url":"https:\/\/www.stuccovenezianoshop.com\/pl\/prodotto\/carrara-synth\/","og_site_name":"Stucco Veneziano","article_publisher":"https:\/\/www.facebook.com\/stuccovenezianoshop","twitter_card":"summary_large_image","twitter_misc":{"Szacowany czas czytania":"1 minuta"},"schema":{"@context":"https:\/\/schema.org","@graph":[{"@type":"WebPage","@id":"https:\/\/www.stuccovenezianoshop.com\/pl\/prodotto\/carrara-synth\/","url":"https:\/\/www.stuccovenezianoshop.com\/pl\/prodotto\/carrara-synth\/","name":"Carrara Synth &#8226; Stucco Veneziano","isPartOf":{"@id":"https:\/\/www.stuccovenezianoshop.com\/pl\/#website"},"primaryImageOfPage":{"@id":"https:\/\/www.stuccovenezianoshop.com\/pl\/prodotto\/carrara-synth\/#primaryimage"},"image":{"@id":"https:\/\/www.stuccovenezianoshop.com\/pl\/prodotto\/carrara-synth\/#primaryimage"},"thumbnailUrl":"https:\/\/www.stuccovenezianoshop.com\/wp-content\/uploads\/2022\/02\/Bagno_Green_Copertina_1.avif","datePublished":"2022-05-11T12:37:05+00:00","description":"Carrara Synth to syntetyczna masa szpachlowa z efektem marmuru. Odpowiednia do stosowania w pomieszczeniach mokrych (kabiny prysznicowe itp.).","breadcrumb":{"@id":"https:\/\/www.stuccovenezianoshop.com\/pl\/prodotto\/carrara-synth\/#breadcrumb"},"inLanguage":"pl-PL","potentialAction":[{"@type":"ReadAction","target":["https:\/\/www.stuccovenezianoshop.com\/pl\/prodotto\/carrara-synth\/"]}]},{"@type":"ImageObject","inLanguage":"pl-PL","@id":"https:\/\/www.stuccovenezianoshop.com\/pl\/prodotto\/carrara-synth\/#primaryimage","url":"https:\/\/www.stuccovenezianoshop.com\/wp-content\/uploads\/2022\/02\/Bagno_Green_Copertina_1.avif","contentUrl":"https:\/\/www.stuccovenezianoshop.com\/wp-content\/uploads\/2022\/02\/Bagno_Green_Copertina_1.avif","width":1080,"height":1080},{"@type":"BreadcrumbList","@id":"https:\/\/www.stuccovenezianoshop.com\/pl\/prodotto\/carrara-synth\/#breadcrumb","itemListElement":[{"@type":"ListItem","position":1,"name":"Strona g\u0142\u00f3wna","item":"https:\/\/www.stuccovenezianoshop.com\/pl\/"},{"@type":"ListItem","position":2,"name":"Sklep","item":"https:\/\/www.stuccovenezianoshop.com\/pl\/sklep\/"},{"@type":"ListItem","position":3,"name":"Carrara Synth"}]},{"@type":"WebSite","@id":"https:\/\/www.stuccovenezianoshop.com\/pl\/#website","url":"https:\/\/www.stuccovenezianoshop.com\/pl\/","name":"Stucco Veneziano","description":"","publisher":{"@id":"https:\/\/www.stuccovenezianoshop.com\/pl\/#organization"},"potentialAction":[{"@type":"SearchAction","target":{"@type":"EntryPoint","urlTemplate":"https:\/\/www.stuccovenezianoshop.com\/pl\/?s={search_term_string}"},"query-input":{"@type":"PropertyValueSpecification","valueRequired":true,"valueName":"search_term_string"}}],"inLanguage":"pl-PL"},{"@type":"Organization","@id":"https:\/\/www.stuccovenezianoshop.com\/pl\/#organization","name":"Stucco Veneziano","url":"https:\/\/www.stuccovenezianoshop.com\/pl\/","logo":{"@type":"ImageObject","inLanguage":"pl-PL","@id":"https:\/\/www.stuccovenezianoshop.com\/pl\/#\/schema\/logo\/image\/","url":"https:\/\/www.stuccovenezianoshop.com\/wp-content\/uploads\/2021\/08\/Logo-mobile-2x.avif","contentUrl":"https:\/\/www.stuccovenezianoshop.com\/wp-content\/uploads\/2021\/08\/Logo-mobile-2x.avif","width":121,"height":70,"caption":"Stucco Veneziano"},"image":{"@id":"https:\/\/www.stuccovenezianoshop.com\/pl\/#\/schema\/logo\/image\/"},"sameAs":["https:\/\/www.facebook.com\/stuccovenezianoshop","https:\/\/www.instagram.com\/stuccovenezianoshop\/"]}]}},"_links":{"self":[{"href":"https:\/\/www.stuccovenezianoshop.com\/pl\/wp-json\/wp\/v2\/product\/50539","targetHints":{"allow":["GET"]}}],"collection":[{"href":"https:\/\/www.stuccovenezianoshop.com\/pl\/wp-json\/wp\/v2\/product"}],"about":[{"href":"https:\/\/www.stuccovenezianoshop.com\/pl\/wp-json\/wp\/v2\/types\/product"}],"replies":[{"embeddable":true,"href":"https:\/\/www.stuccovenezianoshop.com\/pl\/wp-json\/wp\/v2\/comments?post=50539"}],"wp:featuredmedia":[{"embeddable":true,"href":"https:\/\/www.stuccovenezianoshop.com\/pl\/wp-json\/wp\/v2\/media\/34957"}],"wp:attachment":[{"href":"https:\/\/www.stuccovenezianoshop.com\/pl\/wp-json\/wp\/v2\/media?parent=50539"}],"wp:term":[{"taxonomy":"product_brand","embeddable":true,"href":"https:\/\/www.stuccovenezianoshop.com\/pl\/wp-json\/wp\/v2\/product_brand?post=50539"},{"taxonomy":"product_cat","embeddable":true,"href":"https:\/\/www.stuccovenezianoshop.com\/pl\/wp-json\/wp\/v2\/product_cat?post=50539"},{"taxonomy":"product_tag","embeddable":true,"href":"https:\/\/www.stuccovenezianoshop.com\/pl\/wp-json\/wp\/v2\/product_tag?post=50539"}],"curies":[{"name":"wp","href":"https:\/\/api.w.org\/{rel}","templated":true}]}}