{"id":50369,"date":"2021-06-14T15:15:00","date_gmt":"2021-06-14T13:15:00","guid":{"rendered":"https:\/\/www.stuccovenezianoshop.com\/polityka-plikow-cookie\/"},"modified":"2025-07-06T22:21:46","modified_gmt":"2025-07-06T20:21:46","slug":"polityka-plikow-cookie","status":"publish","type":"page","link":"https:\/\/www.stuccovenezianoshop.com\/pl\/polityka-plikow-cookie\/","title":{"rendered":"Polityka plik\u00f3w cookie"},"content":{"rendered":"\t\t<div data-elementor-type=\"wp-page\" data-elementor-id=\"50369\" class=\"elementor elementor-50369 elementor-10478\" data-elementor-post-type=\"page\">\n\t\t\t\t<div class=\"elementor-element elementor-element-3d6c713 e-con-full e-flex e-con e-parent\" data-id=\"3d6c713\" data-element_type=\"container\" data-e-type=\"container\">\n\t\t\t\t<div class=\"elementor-element elementor-element-14a84a9 elementor-widget elementor-widget-template\" data-id=\"14a84a9\" data-element_type=\"widget\" data-e-type=\"widget\" data-widget_type=\"template.default\">\n\t\t\t\t<div class=\"elementor-widget-container\">\n\t\t\t\t\t\t\t<div class=\"elementor-template\">\n\t\t\t\t\t<div data-elementor-type=\"container\" data-elementor-id=\"50046\" class=\"elementor elementor-50046 elementor-27596 elementor-27596\" data-elementor-post-type=\"elementor_library\">\n\t\t\t\t<div class=\"elementor-element elementor-element-1bb9328 e-con-full e-flex e-con e-parent\" data-id=\"1bb9328\" data-element_type=\"container\" data-e-type=\"container\" data-settings=\"{&quot;background_background&quot;:&quot;classic&quot;}\">\n\t\t\t\t<div class=\"elementor-element elementor-element-7de4261 elementor-widget elementor-widget-heading\" data-id=\"7de4261\" data-element_type=\"widget\" data-e-type=\"widget\" data-widget_type=\"heading.default\">\n\t\t\t\t\t<h1 class=\"elementor-heading-title elementor-size-default\">Polityka plik\u00f3w cookie<\/h1>\t\t\t\t<\/div>\n\t\t\t\t<div class=\"elementor-element elementor-element-9ed30df elementor-align-right elementor-hidden-tablet elementor-hidden-mobile elementor-widget elementor-widget-breadcrumbs\" data-id=\"9ed30df\" data-element_type=\"widget\" data-e-type=\"widget\" data-widget_type=\"breadcrumbs.default\">\n\t\t\t\t\t<p id=\"breadcrumbs\"><span><span><a href=\"https:\/\/www.stuccovenezianoshop.com\/pl\/\">Strona g\u0142\u00f3wna<\/a><\/span><\/span><\/p>\t\t\t\t<\/div>\n\t\t\t\t<\/div>\n\t\t\t\t<\/div>\n\t\t\t\t<\/div>\n\t\t\t\t\t\t<\/div>\n\t\t\t\t<\/div>\n\t\t\t\t<\/div>\n\t\t<div class=\"elementor-element elementor-element-be8f8e6 e-con-full e-flex e-con e-parent\" data-id=\"be8f8e6\" data-element_type=\"container\" data-e-type=\"container\">\n\t\t\t\t<div class=\"elementor-element elementor-element-26427c9c elementor-widget elementor-widget-text-editor\" data-id=\"26427c9c\" data-element_type=\"widget\" data-e-type=\"widget\" data-widget_type=\"text-editor.default\">\n\t\t\t\t\t\t\t\t\t<h2 style=\"text-align: justify;\">WYKORZYSTANIE PLIK\u00d3W COOKIE<\/h2>\r\n<p style=\"text-align: justify;\">Stucco Veneziano Shop u\u017cywa plik\u00f3w cookie, aby nasze us\u0142ugi by\u0142y proste i efektywne dla u\u017cytkownik\u00f3w odwiedzaj\u0105cych strony. U\u017cytkownicy odwiedzaj\u0105cy stron\u0119 widz\u0105 minimalne ilo\u015bci informacji na u\u017cywanych przez siebie urz\u0105dzeniach, niezale\u017cnie od tego, czy s\u0105 to komputery, czy urz\u0105dzenia mobilne. Informacje te s\u0105 przechowywane w ma\u0142ych plikach tekstowych, zwanych \u201eplikami cookie\u201d, w katalogach przegl\u0105darki internetowej u\u017cytkownika. Istniej\u0105 r\u00f3\u017cne rodzaje plik\u00f3w cookie; niekt\u00f3re s\u0142u\u017c\u0105 do usprawnienia korzystania ze strony, inne umo\u017cliwiaj\u0105 korzystanie z okre\u015blonych funkcji. <\/p>\r\n<p style=\"text-align: justify;\">Szczeg\u00f3\u0142owa analiza naszych plik\u00f3w cookie umo\u017cliwia:<\/p>\r\n<p style=\"padding-left: 40px; text-align: justify;\">&#8211; zapisywanie wprowadzonych preferencji\r\n&#8211; unikanie wielokrotnego wprowadzania tych samych informacji podczas wizyty, takich jak nazwa u\u017cytkownika i has\u0142o<\/p>\r\n<p style=\"text-align: justify;\"><strong>RODZAJE PLIK\u00d3W COOKIE<\/strong>\r\nTutaj znajdziesz kr\u00f3tkie wyja\u015bnienie r\u00f3\u017cnych rodzaj\u00f3w plik\u00f3w cookie w zale\u017cno\u015bci od celu ich u\u017cycia.<\/p>\r\n<p style=\"text-align: justify;\"><em>Techniczne pliki cookie<\/em><\/p>\r\n<p style=\"text-align: justify;\">Ten rodzaj plik\u00f3w cookie umo\u017cliwia prawid\u0142owe dzia\u0142anie niekt\u00f3rych obszar\u00f3w strony.<\/p>\r\n<p style=\"text-align: justify;\">Istniej\u0105 dwie kategorie: trwa\u0142e i sesyjne pliki cookie:<\/p>\r\n<p style=\"padding-left: 40px; text-align: justify;\">&#8211; trwa\u0142e: nie s\u0105 niszczone po zamkni\u0119ciu przegl\u0105darki, ale pozostaj\u0105 aktywne do wcze\u015bniej ustalonej daty wyga\u015bni\u0119cia\r\n&#8211; sesyjne pliki cookie: s\u0105 niszczone za ka\u017cdym razem, gdy przegl\u0105darka jest zamykana;<\/p>\r\n<p style=\"text-align: justify;\">Te pliki cookie, kt\u00f3re s\u0105 zawsze wysy\u0142ane z naszej domeny, s\u0105 wymagane do wy\u015bwietlania strony i w odniesieniu do oferowanych us\u0142ug technicznych, s\u0105 coraz cz\u0119\u015bciej u\u017cywane, a nast\u0119pnie wysy\u0142ane, chyba \u017ce u\u017cytkownik nie zmieni ustawie\u0144 w swojej przegl\u0105darce (a tym samym wy\u015bwietlania stron witryny).<\/p>\r\n<p style=\"text-align: justify;\"><strong>Stucco Veneziano Shop u\u017cywa wy\u0142\u0105cznie technicznych plik\u00f3w cookie.<\/strong><\/p>\r\n<p style=\"text-align: justify;\"><em>Pliki cookie do analizy us\u0142ug stron trzecich<\/em>\r\nTe pliki cookie s\u0105 u\u017cywane do zbierania informacji o sposobie korzystania ze strony przez u\u017cytkownik\u00f3w w anonimowej formie, np. odwiedzane strony, sp\u0119dzony czas, pochodzenie \u017ar\u00f3de\u0142 ruchu, pochodzenie geograficzne, wiek, p\u0142e\u0107 i zainteresowania w celach marketingowych. Te pliki cookie s\u0105 wysy\u0142ane z domen stron trzecich spoza strony. <\/p>\r\n<p style=\"text-align: justify;\"><em>Pliki cookie do integracji produkt\u00f3w i funkcji oprogramowania stron trzecich<\/em><\/p>\r\n<p style=\"text-align: justify;\">Ten rodzaj plik\u00f3w cookie integruje funkcje opracowane przez strony trzecie w ramach stron witryny, takie jak preferencje wyra\u017cane w sieciach spo\u0142eczno\u015bciowych w celu udost\u0119pniania zawarto\u015bci witryny lub do korzystania z us\u0142ug oprogramowania stron trzecich (takich jak oprogramowanie do tworzenia map i dodatkowe oprogramowanie oferuj\u0105ce dodatkowe us\u0142ugi). Te pliki cookie s\u0105 wysy\u0142ane z domen stron trzecich, kt\u00f3re oferuj\u0105 swoj\u0105 funkcjonalno\u015b\u0107 za po\u015brednictwem stron witryny. <\/p>\r\n<p style=\"text-align: justify;\"><em>Profiluj\u0105ce pliki cookie<\/em><\/p>\r\n<p style=\"text-align: justify;\">Pliki cookie, kt\u00f3re s\u0105 potrzebne do tworzenia profili u\u017cytkownik\u00f3w w celu wysy\u0142ania wiadomo\u015bci reklamowych\r\nzgodnych z preferencjami wyra\u017conymi przez u\u017cytkownika na stronach witryny.<\/p>\r\n<p style=\"text-align: justify;\"><strong>Stucco Veneziano Shop nie u\u017cywa profiluj\u0105cych plik\u00f3w cookie.<\/strong><\/p>\r\n<p style=\"text-align: justify;\">Stucco Veneziano Shop zgodnie z obowi\u0105zuj\u0105cym prawem nie jest zobowi\u0105zany do uzyskiwania zgody na techniczne pliki cookie i pliki cookie do analizy, jako niezb\u0119dne do \u015bwiadczenia wymaganych us\u0142ug.<\/p>\r\n<p style=\"text-align: justify;\">Dla wszystkich innych rodzaj\u00f3w plik\u00f3w cookie zgoda mo\u017ce by\u0107 wyra\u017cona przez u\u017cytkownika poprzez specyficzne konfiguracje przegl\u0105darki lub poprzez zmian\u0119 ustawie\u0144 podczas korzystania z us\u0142ug stron trzecich.<\/p>\r\n<p style=\"text-align: justify;\">Oba powy\u017csze rozwi\u0105zania mog\u0105 uniemo\u017cliwi\u0107 u\u017cytkownikowi korzystanie z cz\u0119\u015bci witryny lub jej wy\u015bwietlanie.<\/p>\r\n<p style=\"text-align: justify;\"><strong>STRONY INTERNETOWE I US\u0141UGI STRON TRZECICH<\/strong>\r\nWitryna mo\u017ce zawiera\u0107 linki do innych witryn, kt\u00f3re maj\u0105 w\u0142asne zasady ochrony prywatno\u015bci, kt\u00f3re mog\u0105 r\u00f3\u017cni\u0107 si\u0119 od zasad Stucco Veneziano Shop i za kt\u00f3re Stucco Veneziano Shop nie ponosi odpowiedzialno\u015bci.<\/p>\r\n<p style=\"text-align: justify;\">Przyk\u0142adem jest obecno\u015b\u0107 \u201ewtyczek spo\u0142eczno\u015bciowych\u201d dla Facebooka, Twittera, Google+ lub innych. Jest to cz\u0119\u015b\u0107 odwiedzanej strony, kt\u00f3ra jest generowana bezpo\u015brednio z tych witryn i integrowana ze stron\u0105 witryny hostuj\u0105cej. Najcz\u0119stsze u\u017cycie wtyczek spo\u0142eczno\u015bciowych ma na celu udost\u0119pnianie tre\u015bci w sieciach spo\u0142eczno\u015bciowych. Obecno\u015b\u0107 tych wtyczek wi\u0105\u017ce si\u0119 z przesy\u0142aniem plik\u00f3w cookie do i ze wszystkich stron obs\u0142ugiwanych przez strony trzecie. Innym przyk\u0142adem jest Google Analytics, us\u0142uga analizy ruchu internetowego \u015bwiadczona przez Google, Inc. (\u201eGoogle\u201d). R\u00f3wnie\u017c w tym przypadku s\u0105 to pliki cookie stron trzecich, kt\u00f3re s\u0105 zbierane i zarz\u0105dzane anonimowo w celu monitorowania i poprawy wydajno\u015bci witryny hostuj\u0105cej.      <\/p>\r\n<p style=\"text-align: justify;\">Zarz\u0105dzanie informacjami zebranymi przez \u201estrony trzecie\u201d jest regulowane przez odpowiedni\u0105 polityk\u0119, dlatego odsy\u0142amy do niej. Aby zapewni\u0107 wi\u0119ksz\u0105 przejrzysto\u015b\u0107 i wygod\u0119, poni\u017cej wy\u015bwietlane s\u0105 adresy internetowe r\u00f3\u017cnych polityk i mo\u017cliwo\u015bci zarz\u0105dzania plikami cookie. <\/p>\r\n<p style=\"padding-left: 40px; text-align: justify;\">\u2022 Polityka Facebooka: https:\/\/www.facebook.com\/help\/cookies\/\r\n\u2022 Polityka Twittera: https:\/\/support.twitter.com\/articles\/20170514\r\n\u2022 Polityka Linkedin: https:\/\/www.linkedin.com\/legal\/cookie-policy\r\n\u2022 Polityka Google+: http:\/\/www.google.it\/intl\/en\/policies\/technologies\/cookies\/\r\n\u2022 Google Analytics: https:\/\/www.google.it\/intl\/en\/policies\/privacy\/partners\/\r\n\u2022 Us\u0142uga analizy internetowej ClickTale: http:\/\/www.clicktale.com\/privacy-service<\/p>\r\n<p style=\"text-align: justify;\"><strong>PLIKI COOKIE U\u017bYWANE PRZEZ STUCCO VENEZIANO SHOP<\/strong>\r\n&#8211; ASPSESSIONID &#8211; Sesja plik\u00f3w cookie (z serwera) wymagana do identyfikacji pojedynczej sesji u\u017cytkownika.\r\n&#8211; cookiesDirective &#8211; Nazwa unikalnego pliku cookie, kt\u00f3ry \u015bledzi, czy u\u017cytkownik przeczyta\u0142 polityk\u0119 plik\u00f3w cookie, jak opisano w powiadomieniu wy\u015bwietlanym u\u017cytkownikowi przy pierwszej wizycie na stronie.\r\n&#8211; Pliki cookie na stronach nawigacji u\u017cytkownika (je\u015bli s\u0105 u\u017cywane), aby umo\u017cliwi\u0107 powr\u00f3t do wcze\u015bniej ogl\u0105danej strony.\r\n&#8211; Pliki cookie dla us\u0142ug dla u\u017cytkownika (je\u015bli s\u0105 dost\u0119pne), takie jak nazwa u\u017cytkownika i has\u0142o, kt\u00f3re umo\u017cliwiaj\u0105 unikni\u0119cie wielokrotnego wprowadzania tych samych informacji podczas wizyty lub p\u00f3\u017aniejszej wizyty.\r\n&#8211; Pliki cookie zwi\u0105zane z handlem elektronicznym (je\u015bli s\u0105 dost\u0119pne), kt\u00f3re zachowuj\u0105 zapisane dane i opcje koszyka podczas procesu zakupu.<\/p>\r\n<p style=\"text-align: justify;\"><strong>JAK MO\u017bNA WY\u0141\u0104CZY\u0106 PLIKI COOKIE?<\/strong>\r\nWi\u0119kszo\u015b\u0107 przegl\u0105darek (Internet Explorer, Firefox, Chrome itp.) jest skonfigurowana tak, aby akceptowa\u0107 pliki cookie. Pliki cookie, kt\u00f3re s\u0105 zapisane na dysku twardym urz\u0105dzenia, nadal mo\u017cna usun\u0105\u0107. Mo\u017cesz wy\u0142\u0105czy\u0107 pliki cookie, post\u0119puj\u0105c zgodnie z instrukcjami najwa\u017cniejszych przegl\u0105darek, kt\u00f3re znajdziesz pod nast\u0119puj\u0105cymi linkami:  <\/p>\r\n<p style=\"padding-left: 40px; text-align: justify;\">\u2022 Chrome: https:\/\/support.google.com\/chrome\/answer\/95647?hl=it\r\n\u2022 Firefox: http:\/\/support.mozilla.org\/it\/kb\/Eliminare i cookie\r\n\u2022 Internet Explorer: http:\/\/windows.microsoft.com\/it-it\/internet-explorer\/delete-manage-cookies#ie=ie-10\r\n\u2022 Opera: http:\/\/www.opera.com\/help\/tutorials\/security\/privacy\/\r\n\u2022 Safari: https:\/\/support.apple.com\/kb\/ph17191<\/p>\r\n<a class=\"cky-banner-element\" href=\"#\">Ustawienia plik\u00f3w cookie i cofni\u0119cie zgody na pliki cookie<\/a>\t\t\t\t\t\t\t\t<\/div>\n\t\t\t\t<\/div>\n\t\t\t\t<\/div>\n\t\t","protected":false},"excerpt":{"rendered":"<p>WYKORZYSTANIE PLIK\u00d3W COOKIE Stucco Veneziano Shop u\u017cywa plik\u00f3w cookie, aby nasze us\u0142ugi by\u0142y proste i efektywne dla u\u017cytkownik\u00f3w odwiedzaj\u0105cych strony. U\u017cytkownicy odwiedzaj\u0105cy stron\u0119 widz\u0105 minimalne ilo\u015bci informacji na u\u017cywanych przez siebie urz\u0105dzeniach, niezale\u017cnie od tego, czy s\u0105 to komputery, czy urz\u0105dzenia mobilne. Informacje te s\u0105 przechowywane w ma\u0142ych plikach tekstowych, zwanych \u201eplikami cookie\u201d, w katalogach&hellip;<\/p>\n","protected":false},"author":5,"featured_media":0,"parent":0,"menu_order":0,"comment_status":"closed","ping_status":"closed","template":"elementor_header_footer","meta":{"_acf_changed":false,"footnotes":""},"class_list":["post-50369","page","type-page","status-publish","hentry"],"acf":[],"yoast_head":"<!-- This site is optimized with the Yoast SEO plugin v27.5 - https:\/\/yoast.com\/product\/yoast-seo-wordpress\/ -->\n<title>Polityka plik\u00f3w cookie &#8226; Stucco Veneziano &#8226; Sklep internetowy<\/title>\n<meta name=\"description\" content=\"Stucco Veneziano Shop u\u017cywa plik\u00f3w cookie, aby nasze us\u0142ugi by\u0142y proste i efektywne dla u\u017cytkownik\u00f3w odwiedzaj\u0105cych strony.\" \/>\n<meta name=\"robots\" content=\"index, follow, max-snippet:-1, max-image-preview:large, max-video-preview:-1\" \/>\n<link rel=\"canonical\" href=\"https:\/\/www.stuccovenezianoshop.com\/pl\/polityka-plikow-cookie\/\" \/>\n<meta property=\"og:locale\" content=\"pl_PL\" \/>\n<meta property=\"og:type\" content=\"article\" \/>\n<meta property=\"og:title\" content=\"Polityka plik\u00f3w cookie &#8226; Stucco Veneziano &#8226; Sklep internetowy\" \/>\n<meta property=\"og:description\" content=\"Stucco Veneziano Shop u\u017cywa plik\u00f3w cookie, aby nasze us\u0142ugi by\u0142y proste i efektywne dla u\u017cytkownik\u00f3w odwiedzaj\u0105cych strony.\" \/>\n<meta property=\"og:url\" content=\"https:\/\/www.stuccovenezianoshop.com\/pl\/polityka-plikow-cookie\/\" \/>\n<meta property=\"og:site_name\" content=\"Stucco Veneziano\" \/>\n<meta property=\"article:publisher\" content=\"https:\/\/www.facebook.com\/stuccovenezianoshop\" \/>\n<meta property=\"article:modified_time\" content=\"2025-07-06T20:21:46+00:00\" \/>\n<meta name=\"twitter:card\" content=\"summary_large_image\" \/>\n<meta name=\"twitter:label1\" content=\"Szacowany czas czytania\" \/>\n\t<meta name=\"twitter:data1\" content=\"5 minut\" \/>\n<script type=\"application\/ld+json\" class=\"yoast-schema-graph\">{\"@context\":\"https:\\\/\\\/schema.org\",\"@graph\":[{\"@type\":\"WebPage\",\"@id\":\"https:\\\/\\\/www.stuccovenezianoshop.com\\\/pl\\\/polityka-plikow-cookie\\\/\",\"url\":\"https:\\\/\\\/www.stuccovenezianoshop.com\\\/pl\\\/polityka-plikow-cookie\\\/\",\"name\":\"Polityka plik\u00f3w cookie &#8226; Stucco Veneziano &#8226; Sklep internetowy\",\"isPartOf\":{\"@id\":\"https:\\\/\\\/www.stuccovenezianoshop.com\\\/pl\\\/#website\"},\"datePublished\":\"2021-06-14T13:15:00+00:00\",\"dateModified\":\"2025-07-06T20:21:46+00:00\",\"description\":\"Stucco Veneziano Shop u\u017cywa plik\u00f3w cookie, aby nasze us\u0142ugi by\u0142y proste i efektywne dla u\u017cytkownik\u00f3w odwiedzaj\u0105cych strony.\",\"breadcrumb\":{\"@id\":\"https:\\\/\\\/www.stuccovenezianoshop.com\\\/pl\\\/polityka-plikow-cookie\\\/#breadcrumb\"},\"inLanguage\":\"pl-PL\",\"potentialAction\":[{\"@type\":\"ReadAction\",\"target\":[\"https:\\\/\\\/www.stuccovenezianoshop.com\\\/pl\\\/polityka-plikow-cookie\\\/\"]}]},{\"@type\":\"BreadcrumbList\",\"@id\":\"https:\\\/\\\/www.stuccovenezianoshop.com\\\/pl\\\/polityka-plikow-cookie\\\/#breadcrumb\",\"itemListElement\":[{\"@type\":\"ListItem\",\"position\":1,\"name\":\"Strona g\u0142\u00f3wna\",\"item\":\"https:\\\/\\\/www.stuccovenezianoshop.com\\\/pl\\\/\"},{\"@type\":\"ListItem\",\"position\":2,\"name\":\"Polityka plik\u00f3w cookie\"}]},{\"@type\":\"WebSite\",\"@id\":\"https:\\\/\\\/www.stuccovenezianoshop.com\\\/pl\\\/#website\",\"url\":\"https:\\\/\\\/www.stuccovenezianoshop.com\\\/pl\\\/\",\"name\":\"Stucco Veneziano\",\"description\":\"\",\"publisher\":{\"@id\":\"https:\\\/\\\/www.stuccovenezianoshop.com\\\/pl\\\/#organization\"},\"potentialAction\":[{\"@type\":\"SearchAction\",\"target\":{\"@type\":\"EntryPoint\",\"urlTemplate\":\"https:\\\/\\\/www.stuccovenezianoshop.com\\\/pl\\\/?s={search_term_string}\"},\"query-input\":{\"@type\":\"PropertyValueSpecification\",\"valueRequired\":true,\"valueName\":\"search_term_string\"}}],\"inLanguage\":\"pl-PL\"},{\"@type\":\"Organization\",\"@id\":\"https:\\\/\\\/www.stuccovenezianoshop.com\\\/pl\\\/#organization\",\"name\":\"Stucco Veneziano\",\"url\":\"https:\\\/\\\/www.stuccovenezianoshop.com\\\/pl\\\/\",\"logo\":{\"@type\":\"ImageObject\",\"inLanguage\":\"pl-PL\",\"@id\":\"https:\\\/\\\/www.stuccovenezianoshop.com\\\/pl\\\/#\\\/schema\\\/logo\\\/image\\\/\",\"url\":\"https:\\\/\\\/www.stuccovenezianoshop.com\\\/wp-content\\\/uploads\\\/2021\\\/08\\\/Logo-mobile-2x.avif\",\"contentUrl\":\"https:\\\/\\\/www.stuccovenezianoshop.com\\\/wp-content\\\/uploads\\\/2021\\\/08\\\/Logo-mobile-2x.avif\",\"width\":121,\"height\":70,\"caption\":\"Stucco Veneziano\"},\"image\":{\"@id\":\"https:\\\/\\\/www.stuccovenezianoshop.com\\\/pl\\\/#\\\/schema\\\/logo\\\/image\\\/\"},\"sameAs\":[\"https:\\\/\\\/www.facebook.com\\\/stuccovenezianoshop\",\"https:\\\/\\\/www.instagram.com\\\/stuccovenezianoshop\\\/\"]}]}<\/script>\n<!-- \/ Yoast SEO plugin. -->","yoast_head_json":{"title":"Polityka plik\u00f3w cookie &#8226; Stucco Veneziano &#8226; Sklep internetowy","description":"Stucco Veneziano Shop u\u017cywa plik\u00f3w cookie, aby nasze us\u0142ugi by\u0142y proste i efektywne dla u\u017cytkownik\u00f3w odwiedzaj\u0105cych strony.","robots":{"index":"index","follow":"follow","max-snippet":"max-snippet:-1","max-image-preview":"max-image-preview:large","max-video-preview":"max-video-preview:-1"},"canonical":"https:\/\/www.stuccovenezianoshop.com\/pl\/polityka-plikow-cookie\/","og_locale":"pl_PL","og_type":"article","og_title":"Polityka plik\u00f3w cookie &#8226; Stucco Veneziano &#8226; Sklep internetowy","og_description":"Stucco Veneziano Shop u\u017cywa plik\u00f3w cookie, aby nasze us\u0142ugi by\u0142y proste i efektywne dla u\u017cytkownik\u00f3w odwiedzaj\u0105cych strony.","og_url":"https:\/\/www.stuccovenezianoshop.com\/pl\/polityka-plikow-cookie\/","og_site_name":"Stucco Veneziano","article_publisher":"https:\/\/www.facebook.com\/stuccovenezianoshop","article_modified_time":"2025-07-06T20:21:46+00:00","twitter_card":"summary_large_image","twitter_misc":{"Szacowany czas czytania":"5 minut"},"schema":{"@context":"https:\/\/schema.org","@graph":[{"@type":"WebPage","@id":"https:\/\/www.stuccovenezianoshop.com\/pl\/polityka-plikow-cookie\/","url":"https:\/\/www.stuccovenezianoshop.com\/pl\/polityka-plikow-cookie\/","name":"Polityka plik\u00f3w cookie &#8226; Stucco Veneziano &#8226; Sklep internetowy","isPartOf":{"@id":"https:\/\/www.stuccovenezianoshop.com\/pl\/#website"},"datePublished":"2021-06-14T13:15:00+00:00","dateModified":"2025-07-06T20:21:46+00:00","description":"Stucco Veneziano Shop u\u017cywa plik\u00f3w cookie, aby nasze us\u0142ugi by\u0142y proste i efektywne dla u\u017cytkownik\u00f3w odwiedzaj\u0105cych strony.","breadcrumb":{"@id":"https:\/\/www.stuccovenezianoshop.com\/pl\/polityka-plikow-cookie\/#breadcrumb"},"inLanguage":"pl-PL","potentialAction":[{"@type":"ReadAction","target":["https:\/\/www.stuccovenezianoshop.com\/pl\/polityka-plikow-cookie\/"]}]},{"@type":"BreadcrumbList","@id":"https:\/\/www.stuccovenezianoshop.com\/pl\/polityka-plikow-cookie\/#breadcrumb","itemListElement":[{"@type":"ListItem","position":1,"name":"Strona g\u0142\u00f3wna","item":"https:\/\/www.stuccovenezianoshop.com\/pl\/"},{"@type":"ListItem","position":2,"name":"Polityka plik\u00f3w cookie"}]},{"@type":"WebSite","@id":"https:\/\/www.stuccovenezianoshop.com\/pl\/#website","url":"https:\/\/www.stuccovenezianoshop.com\/pl\/","name":"Stucco Veneziano","description":"","publisher":{"@id":"https:\/\/www.stuccovenezianoshop.com\/pl\/#organization"},"potentialAction":[{"@type":"SearchAction","target":{"@type":"EntryPoint","urlTemplate":"https:\/\/www.stuccovenezianoshop.com\/pl\/?s={search_term_string}"},"query-input":{"@type":"PropertyValueSpecification","valueRequired":true,"valueName":"search_term_string"}}],"inLanguage":"pl-PL"},{"@type":"Organization","@id":"https:\/\/www.stuccovenezianoshop.com\/pl\/#organization","name":"Stucco Veneziano","url":"https:\/\/www.stuccovenezianoshop.com\/pl\/","logo":{"@type":"ImageObject","inLanguage":"pl-PL","@id":"https:\/\/www.stuccovenezianoshop.com\/pl\/#\/schema\/logo\/image\/","url":"https:\/\/www.stuccovenezianoshop.com\/wp-content\/uploads\/2021\/08\/Logo-mobile-2x.avif","contentUrl":"https:\/\/www.stuccovenezianoshop.com\/wp-content\/uploads\/2021\/08\/Logo-mobile-2x.avif","width":121,"height":70,"caption":"Stucco Veneziano"},"image":{"@id":"https:\/\/www.stuccovenezianoshop.com\/pl\/#\/schema\/logo\/image\/"},"sameAs":["https:\/\/www.facebook.com\/stuccovenezianoshop","https:\/\/www.instagram.com\/stuccovenezianoshop\/"]}]}},"_links":{"self":[{"href":"https:\/\/www.stuccovenezianoshop.com\/pl\/wp-json\/wp\/v2\/pages\/50369","targetHints":{"allow":["GET"]}}],"collection":[{"href":"https:\/\/www.stuccovenezianoshop.com\/pl\/wp-json\/wp\/v2\/pages"}],"about":[{"href":"https:\/\/www.stuccovenezianoshop.com\/pl\/wp-json\/wp\/v2\/types\/page"}],"author":[{"embeddable":true,"href":"https:\/\/www.stuccovenezianoshop.com\/pl\/wp-json\/wp\/v2\/users\/5"}],"replies":[{"embeddable":true,"href":"https:\/\/www.stuccovenezianoshop.com\/pl\/wp-json\/wp\/v2\/comments?post=50369"}],"version-history":[{"count":0,"href":"https:\/\/www.stuccovenezianoshop.com\/pl\/wp-json\/wp\/v2\/pages\/50369\/revisions"}],"wp:attachment":[{"href":"https:\/\/www.stuccovenezianoshop.com\/pl\/wp-json\/wp\/v2\/media?parent=50369"}],"curies":[{"name":"wp","href":"https:\/\/api.w.org\/{rel}","templated":true}]}}