{"id":50367,"date":"2021-07-29T15:45:10","date_gmt":"2021-07-29T13:45:10","guid":{"rendered":"https:\/\/www.stuccovenezianoshop.com\/platnosci\/"},"modified":"2025-07-06T22:21:46","modified_gmt":"2025-07-06T20:21:46","slug":"platnosci","status":"publish","type":"page","link":"https:\/\/www.stuccovenezianoshop.com\/pl\/platnosci\/","title":{"rendered":"P\u0142atno\u015bci"},"content":{"rendered":"\t\t<div data-elementor-type=\"wp-page\" data-elementor-id=\"50367\" class=\"elementor elementor-50367 elementor-11408\" data-elementor-post-type=\"page\">\n\t\t\t\t<div class=\"elementor-element elementor-element-736f837 e-con-full e-flex e-con e-parent\" data-id=\"736f837\" data-element_type=\"container\" data-e-type=\"container\" data-settings=\"{&quot;background_background&quot;:&quot;classic&quot;}\">\n\t\t\t\t<\/div>\n\t\t<div class=\"elementor-element elementor-element-1b7a1b1 e-con-full e-flex e-con e-parent\" data-id=\"1b7a1b1\" data-element_type=\"container\" data-e-type=\"container\">\n\t\t\t\t<div class=\"elementor-element elementor-element-db149a4 elementor-widget elementor-widget-heading\" data-id=\"db149a4\" data-element_type=\"widget\" data-e-type=\"widget\" data-widget_type=\"heading.default\">\n\t\t\t\t\t<h1 class=\"elementor-heading-title elementor-size-default\">Metody p\u0142atno\u015bci od\nStucco Veneziano Shop<\/h1>\t\t\t\t<\/div>\n\t\t\t\t<div class=\"elementor-element elementor-element-64730b4 elementor-align-left elementor-widget elementor-widget-breadcrumbs\" data-id=\"64730b4\" data-element_type=\"widget\" data-e-type=\"widget\" data-widget_type=\"breadcrumbs.default\">\n\t\t\t\t\t<p id=\"breadcrumbs\"><span><span><a href=\"https:\/\/www.stuccovenezianoshop.com\/pl\/\">Strona g\u0142\u00f3wna<\/a><\/span><\/span><\/p>\t\t\t\t<\/div>\n\t\t\t\t<div class=\"elementor-element elementor-element-b94c180 elementor-widget elementor-widget-text-editor\" data-id=\"b94c180\" data-element_type=\"widget\" data-e-type=\"widget\" data-widget_type=\"text-editor.default\">\n\t\t\t\t\t\t\t\t\t<h2>Przelew bankowy<\/h2><h3>Nasze dane bankowe:<br>Deutsche Bank<br>IBAN: IT49 J031 0411 8000 0000 0400 078<br>BIC\/SWIFT: DEUTITM1750<\/h3>\t\t\t\t\t\t\t\t<\/div>\n\t\t\t\t<div class=\"elementor-element elementor-element-ac3f221 elementor-widget elementor-widget-text-editor\" data-id=\"ac3f221\" data-element_type=\"widget\" data-e-type=\"widget\" data-widget_type=\"text-editor.default\">\n\t\t\t\t\t\t\t\t\t<p><strong>PayPal<\/strong><br>W przypadku p\u0142atno\u015bci PayPal, w procesie zam\u00f3wienia zostaniesz przekierowany na stron\u0119 internetow\u0105 dostawcy online PayPal. Aby m\u00f3c zap\u0142aci\u0107 kwot\u0119 faktury za po\u015brednictwem PayPal, musisz by\u0107 tam zarejestrowany lub zarejestrowa\u0107 si\u0119, uwierzytelni\u0107 si\u0119 swoimi danymi dost\u0119powymi i potwierdzi\u0107 nam zlecenie p\u0142atnicze. Po z\u0142o\u017ceniu zam\u00f3wienia w sklepie, prosimy PayPal o zainicjowanie transakcji p\u0142atniczej. Dalsze informacje otrzymasz podczas procesu zamawiania. Transakcja p\u0142atnicza zostanie automatycznie przeprowadzona przez PayPal natychmiast po tym.    <\/p>\t\t\t\t\t\t\t\t<\/div>\n\t\t\t\t<div class=\"elementor-element elementor-element-1067292 elementor-widget elementor-widget-text-editor\" data-id=\"1067292\" data-element_type=\"widget\" data-e-type=\"widget\" data-widget_type=\"text-editor.default\">\n\t\t\t\t\t\t\t\t\t<p><strong>Amazon Payment<\/strong><\/p><p>Je\u015bli wybra\u0142e\u015b przycisk Amazon Pay w Stucco Veneziano Shop, mo\u017cesz skorzysta\u0107 z us\u0142ugi Amazon Pay, aby wykona\u0107 nast\u0119puj\u0105ce czynno\u015bci:<\/p><ul><li>Zaloguj si\u0119 na swoje konto klienta Amazon.<\/li><li>Zaakceptuj umow\u0119 u\u017cytkowania przy pierwszym u\u017cyciu, je\u015bli zostaniesz o to poproszony.<\/li><li>Wybierz metod\u0119 p\u0142atno\u015bci na swoim koncie klienta Amazon, aby \u0142atwo zako\u0144czy\u0107 p\u0142atno\u015b\u0107 i proces zamawiania.<\/li><li>Zako\u0144cz sw\u00f3j zakup.<\/li><\/ul>\t\t\t\t\t\t\t\t<\/div>\n\t\t\t\t<\/div>\n\t\t\t\t<\/div>\n\t\t","protected":false},"excerpt":{"rendered":"<p>Metody p\u0142atno\u015bci od Stucco Veneziano Shop Przelew bankowy Nasze dane bankowe:Deutsche BankIBAN: IT49 J031 0411 8000 0000 0400 078BIC\/SWIFT: DEUTITM1750 PayPalW przypadku p\u0142atno\u015bci PayPal, w procesie zam\u00f3wienia zostaniesz przekierowany na stron\u0119 internetow\u0105 dostawcy online PayPal. Aby m\u00f3c zap\u0142aci\u0107 kwot\u0119 faktury za po\u015brednictwem PayPal, musisz by\u0107 tam zarejestrowany lub zarejestrowa\u0107 si\u0119, uwierzytelni\u0107 si\u0119 swoimi danymi dost\u0119powymi&hellip;<\/p>\n","protected":false},"author":8,"featured_media":0,"parent":0,"menu_order":0,"comment_status":"closed","ping_status":"closed","template":"elementor_header_footer","meta":{"_acf_changed":false,"footnotes":""},"class_list":["post-50367","page","type-page","status-publish","hentry"],"acf":[],"yoast_head":"<!-- This site is optimized with the Yoast SEO plugin v27.5 - https:\/\/yoast.com\/product\/yoast-seo-wordpress\/ -->\n<title>P\u0142atno\u015bci &#8226; Stucco Veneziano P\u0142atno\u015b\u0107 &#8226; Sklep internetowy<\/title>\n<meta name=\"description\" content=\"Metody p\u0142atno\u015bci: Jakie metody p\u0142atno\u015bci oferujecie? Dost\u0119pne s\u0105 nast\u0119puj\u0105ce metody p\u0142atno\u015bci: Karta kredytowa...\" \/>\n<meta name=\"robots\" content=\"index, follow, max-snippet:-1, max-image-preview:large, max-video-preview:-1\" \/>\n<link rel=\"canonical\" href=\"https:\/\/www.stuccovenezianoshop.com\/pl\/platnosci\/\" \/>\n<meta property=\"og:locale\" content=\"pl_PL\" \/>\n<meta property=\"og:type\" content=\"article\" \/>\n<meta property=\"og:title\" content=\"P\u0142atno\u015bci &#8226; Stucco Veneziano P\u0142atno\u015b\u0107 &#8226; Sklep internetowy\" \/>\n<meta property=\"og:description\" content=\"Metody p\u0142atno\u015bci: Jakie metody p\u0142atno\u015bci oferujecie? Dost\u0119pne s\u0105 nast\u0119puj\u0105ce metody p\u0142atno\u015bci: Karta kredytowa...\" \/>\n<meta property=\"og:url\" content=\"https:\/\/www.stuccovenezianoshop.com\/pl\/platnosci\/\" \/>\n<meta property=\"og:site_name\" content=\"Stucco Veneziano\" \/>\n<meta property=\"article:publisher\" content=\"https:\/\/www.facebook.com\/stuccovenezianoshop\" \/>\n<meta property=\"article:modified_time\" content=\"2025-07-06T20:21:46+00:00\" \/>\n<meta name=\"twitter:card\" content=\"summary_large_image\" \/>\n<meta name=\"twitter:label1\" content=\"Szacowany czas czytania\" \/>\n\t<meta name=\"twitter:data1\" content=\"1 minuta\" \/>\n<script type=\"application\/ld+json\" class=\"yoast-schema-graph\">{\"@context\":\"https:\\\/\\\/schema.org\",\"@graph\":[{\"@type\":\"WebPage\",\"@id\":\"https:\\\/\\\/www.stuccovenezianoshop.com\\\/pl\\\/platnosci\\\/\",\"url\":\"https:\\\/\\\/www.stuccovenezianoshop.com\\\/pl\\\/platnosci\\\/\",\"name\":\"P\u0142atno\u015bci &#8226; Stucco Veneziano P\u0142atno\u015b\u0107 &#8226; Sklep internetowy\",\"isPartOf\":{\"@id\":\"https:\\\/\\\/www.stuccovenezianoshop.com\\\/pl\\\/#website\"},\"datePublished\":\"2021-07-29T13:45:10+00:00\",\"dateModified\":\"2025-07-06T20:21:46+00:00\",\"description\":\"Metody p\u0142atno\u015bci: Jakie metody p\u0142atno\u015bci oferujecie? Dost\u0119pne s\u0105 nast\u0119puj\u0105ce metody p\u0142atno\u015bci: Karta kredytowa...\",\"breadcrumb\":{\"@id\":\"https:\\\/\\\/www.stuccovenezianoshop.com\\\/pl\\\/platnosci\\\/#breadcrumb\"},\"inLanguage\":\"pl-PL\",\"potentialAction\":[{\"@type\":\"ReadAction\",\"target\":[\"https:\\\/\\\/www.stuccovenezianoshop.com\\\/pl\\\/platnosci\\\/\"]}]},{\"@type\":\"BreadcrumbList\",\"@id\":\"https:\\\/\\\/www.stuccovenezianoshop.com\\\/pl\\\/platnosci\\\/#breadcrumb\",\"itemListElement\":[{\"@type\":\"ListItem\",\"position\":1,\"name\":\"Strona g\u0142\u00f3wna\",\"item\":\"https:\\\/\\\/www.stuccovenezianoshop.com\\\/pl\\\/\"},{\"@type\":\"ListItem\",\"position\":2,\"name\":\"P\u0142atno\u015bci\"}]},{\"@type\":\"WebSite\",\"@id\":\"https:\\\/\\\/www.stuccovenezianoshop.com\\\/pl\\\/#website\",\"url\":\"https:\\\/\\\/www.stuccovenezianoshop.com\\\/pl\\\/\",\"name\":\"Stucco Veneziano\",\"description\":\"\",\"publisher\":{\"@id\":\"https:\\\/\\\/www.stuccovenezianoshop.com\\\/pl\\\/#organization\"},\"potentialAction\":[{\"@type\":\"SearchAction\",\"target\":{\"@type\":\"EntryPoint\",\"urlTemplate\":\"https:\\\/\\\/www.stuccovenezianoshop.com\\\/pl\\\/?s={search_term_string}\"},\"query-input\":{\"@type\":\"PropertyValueSpecification\",\"valueRequired\":true,\"valueName\":\"search_term_string\"}}],\"inLanguage\":\"pl-PL\"},{\"@type\":\"Organization\",\"@id\":\"https:\\\/\\\/www.stuccovenezianoshop.com\\\/pl\\\/#organization\",\"name\":\"Stucco Veneziano\",\"url\":\"https:\\\/\\\/www.stuccovenezianoshop.com\\\/pl\\\/\",\"logo\":{\"@type\":\"ImageObject\",\"inLanguage\":\"pl-PL\",\"@id\":\"https:\\\/\\\/www.stuccovenezianoshop.com\\\/pl\\\/#\\\/schema\\\/logo\\\/image\\\/\",\"url\":\"https:\\\/\\\/www.stuccovenezianoshop.com\\\/wp-content\\\/uploads\\\/2021\\\/08\\\/Logo-mobile-2x.avif\",\"contentUrl\":\"https:\\\/\\\/www.stuccovenezianoshop.com\\\/wp-content\\\/uploads\\\/2021\\\/08\\\/Logo-mobile-2x.avif\",\"width\":121,\"height\":70,\"caption\":\"Stucco Veneziano\"},\"image\":{\"@id\":\"https:\\\/\\\/www.stuccovenezianoshop.com\\\/pl\\\/#\\\/schema\\\/logo\\\/image\\\/\"},\"sameAs\":[\"https:\\\/\\\/www.facebook.com\\\/stuccovenezianoshop\",\"https:\\\/\\\/www.instagram.com\\\/stuccovenezianoshop\\\/\"]}]}<\/script>\n<!-- \/ Yoast SEO plugin. -->","yoast_head_json":{"title":"P\u0142atno\u015bci &#8226; Stucco Veneziano P\u0142atno\u015b\u0107 &#8226; Sklep internetowy","description":"Metody p\u0142atno\u015bci: Jakie metody p\u0142atno\u015bci oferujecie? Dost\u0119pne s\u0105 nast\u0119puj\u0105ce metody p\u0142atno\u015bci: Karta kredytowa...","robots":{"index":"index","follow":"follow","max-snippet":"max-snippet:-1","max-image-preview":"max-image-preview:large","max-video-preview":"max-video-preview:-1"},"canonical":"https:\/\/www.stuccovenezianoshop.com\/pl\/platnosci\/","og_locale":"pl_PL","og_type":"article","og_title":"P\u0142atno\u015bci &#8226; Stucco Veneziano P\u0142atno\u015b\u0107 &#8226; Sklep internetowy","og_description":"Metody p\u0142atno\u015bci: Jakie metody p\u0142atno\u015bci oferujecie? Dost\u0119pne s\u0105 nast\u0119puj\u0105ce metody p\u0142atno\u015bci: Karta kredytowa...","og_url":"https:\/\/www.stuccovenezianoshop.com\/pl\/platnosci\/","og_site_name":"Stucco Veneziano","article_publisher":"https:\/\/www.facebook.com\/stuccovenezianoshop","article_modified_time":"2025-07-06T20:21:46+00:00","twitter_card":"summary_large_image","twitter_misc":{"Szacowany czas czytania":"1 minuta"},"schema":{"@context":"https:\/\/schema.org","@graph":[{"@type":"WebPage","@id":"https:\/\/www.stuccovenezianoshop.com\/pl\/platnosci\/","url":"https:\/\/www.stuccovenezianoshop.com\/pl\/platnosci\/","name":"P\u0142atno\u015bci &#8226; Stucco Veneziano P\u0142atno\u015b\u0107 &#8226; Sklep internetowy","isPartOf":{"@id":"https:\/\/www.stuccovenezianoshop.com\/pl\/#website"},"datePublished":"2021-07-29T13:45:10+00:00","dateModified":"2025-07-06T20:21:46+00:00","description":"Metody p\u0142atno\u015bci: Jakie metody p\u0142atno\u015bci oferujecie? Dost\u0119pne s\u0105 nast\u0119puj\u0105ce metody p\u0142atno\u015bci: Karta kredytowa...","breadcrumb":{"@id":"https:\/\/www.stuccovenezianoshop.com\/pl\/platnosci\/#breadcrumb"},"inLanguage":"pl-PL","potentialAction":[{"@type":"ReadAction","target":["https:\/\/www.stuccovenezianoshop.com\/pl\/platnosci\/"]}]},{"@type":"BreadcrumbList","@id":"https:\/\/www.stuccovenezianoshop.com\/pl\/platnosci\/#breadcrumb","itemListElement":[{"@type":"ListItem","position":1,"name":"Strona g\u0142\u00f3wna","item":"https:\/\/www.stuccovenezianoshop.com\/pl\/"},{"@type":"ListItem","position":2,"name":"P\u0142atno\u015bci"}]},{"@type":"WebSite","@id":"https:\/\/www.stuccovenezianoshop.com\/pl\/#website","url":"https:\/\/www.stuccovenezianoshop.com\/pl\/","name":"Stucco Veneziano","description":"","publisher":{"@id":"https:\/\/www.stuccovenezianoshop.com\/pl\/#organization"},"potentialAction":[{"@type":"SearchAction","target":{"@type":"EntryPoint","urlTemplate":"https:\/\/www.stuccovenezianoshop.com\/pl\/?s={search_term_string}"},"query-input":{"@type":"PropertyValueSpecification","valueRequired":true,"valueName":"search_term_string"}}],"inLanguage":"pl-PL"},{"@type":"Organization","@id":"https:\/\/www.stuccovenezianoshop.com\/pl\/#organization","name":"Stucco Veneziano","url":"https:\/\/www.stuccovenezianoshop.com\/pl\/","logo":{"@type":"ImageObject","inLanguage":"pl-PL","@id":"https:\/\/www.stuccovenezianoshop.com\/pl\/#\/schema\/logo\/image\/","url":"https:\/\/www.stuccovenezianoshop.com\/wp-content\/uploads\/2021\/08\/Logo-mobile-2x.avif","contentUrl":"https:\/\/www.stuccovenezianoshop.com\/wp-content\/uploads\/2021\/08\/Logo-mobile-2x.avif","width":121,"height":70,"caption":"Stucco Veneziano"},"image":{"@id":"https:\/\/www.stuccovenezianoshop.com\/pl\/#\/schema\/logo\/image\/"},"sameAs":["https:\/\/www.facebook.com\/stuccovenezianoshop","https:\/\/www.instagram.com\/stuccovenezianoshop\/"]}]}},"_links":{"self":[{"href":"https:\/\/www.stuccovenezianoshop.com\/pl\/wp-json\/wp\/v2\/pages\/50367","targetHints":{"allow":["GET"]}}],"collection":[{"href":"https:\/\/www.stuccovenezianoshop.com\/pl\/wp-json\/wp\/v2\/pages"}],"about":[{"href":"https:\/\/www.stuccovenezianoshop.com\/pl\/wp-json\/wp\/v2\/types\/page"}],"author":[{"embeddable":true,"href":"https:\/\/www.stuccovenezianoshop.com\/pl\/wp-json\/wp\/v2\/users\/8"}],"replies":[{"embeddable":true,"href":"https:\/\/www.stuccovenezianoshop.com\/pl\/wp-json\/wp\/v2\/comments?post=50367"}],"version-history":[{"count":0,"href":"https:\/\/www.stuccovenezianoshop.com\/pl\/wp-json\/wp\/v2\/pages\/50367\/revisions"}],"wp:attachment":[{"href":"https:\/\/www.stuccovenezianoshop.com\/pl\/wp-json\/wp\/v2\/media?parent=50367"}],"curies":[{"name":"wp","href":"https:\/\/api.w.org\/{rel}","templated":true}]}}