{"id":49972,"date":"2021-07-29T15:25:07","date_gmt":"2021-07-29T13:25:07","guid":{"rendered":"https:\/\/www.stuccovenezianoshop.com\/szkolenia\/"},"modified":"2025-07-06T22:09:43","modified_gmt":"2025-07-06T20:09:43","slug":"szkolenia","status":"publish","type":"page","link":"https:\/\/www.stuccovenezianoshop.com\/pl\/szkolenia\/","title":{"rendered":"Szkolenia"},"content":{"rendered":"\t\t<div data-elementor-type=\"wp-page\" data-elementor-id=\"49972\" class=\"elementor elementor-49972 elementor-11389\" data-elementor-post-type=\"page\">\n\t\t\t\t<div class=\"elementor-element elementor-element-24a9098 e-con-full e-flex e-con e-parent\" data-id=\"24a9098\" data-element_type=\"container\" data-e-type=\"container\" data-settings=\"{&quot;background_background&quot;:&quot;classic&quot;}\">\n\t\t\t\t<\/div>\n\t\t<div class=\"elementor-element elementor-element-31088802 e-con-full e-flex e-con e-parent\" data-id=\"31088802\" data-element_type=\"container\" data-e-type=\"container\">\n\t\t\t\t<div class=\"elementor-element elementor-element-f8ddb19 elementor-widget elementor-widget-heading\" data-id=\"f8ddb19\" data-element_type=\"widget\" data-e-type=\"widget\" data-widget_type=\"heading.default\">\n\t\t\t\t\t<h1 class=\"elementor-heading-title elementor-size-default\">Szkolenia<\/h1>\t\t\t\t<\/div>\n\t\t\t\t<div class=\"elementor-element elementor-element-5ebd996 elementor-align-left elementor-widget elementor-widget-breadcrumbs\" data-id=\"5ebd996\" data-element_type=\"widget\" data-e-type=\"widget\" data-widget_type=\"breadcrumbs.default\">\n\t\t\t\t\t<p id=\"breadcrumbs\"><span><span><a href=\"https:\/\/www.stuccovenezianoshop.com\/pl\/\">Strona g\u0142\u00f3wna<\/a><\/span><\/span><\/p>\t\t\t\t<\/div>\n\t\t\t\t<div class=\"elementor-element elementor-element-4cd72fcd elementor-widget elementor-widget-text-editor\" data-id=\"4cd72fcd\" data-element_type=\"widget\" data-e-type=\"widget\" data-widget_type=\"text-editor.default\">\n\t\t\t\t\t\t\t\t\t<h2><span style=\"font-size: 14px; font-weight: normal;\">Chcesz nauczy\u0107 si\u0119 technik stosowania naszych produkt\u00f3w? Chcesz udoskonali\u0107 swoj\u0105 technik\u0119? Wyr\u00f3\u017cnij si\u0119 na tle konkurencji, poznaj produkty Stucco Veneziano Shop i dowiedz si\u0119, jak najlepiej je wykorzysta\u0107.  <\/span><\/h2><p><strong>SZKOLENIA I KURSY<\/strong><\/p><p>Stucco Veneziano Shop oferuje warsztaty i szkolenia dla dekorator\u00f3w, tynkarzy, malarzy i os\u00f3b prywatnych, aby nauczy\u0107 technik aplikacji naszych dekoracji: na bazie wapna i syntetycznych, na \u015bciany i pod\u0142ogi.<br>Szkolenia s\u0105 prowadzone przez profesjonalnych dekorator\u00f3w po osi\u0105gni\u0119ciu minimalnej liczby uczestnik\u00f3w. Kurs jest specjalistyczny i obejmuje zar\u00f3wno zagadnienia teoretyczne, jak i praktyczne, aby nauczy\u0107 si\u0119 starych i nowoczesnych technik, kt\u00f3re mo\u017cna dostosowa\u0107 do szerokiej gamy produkt\u00f3w. Zanurz si\u0119 w inspiruj\u0105cym kursie, kt\u00f3ry dostarczy Ci wielu kreatywnych pomys\u0142\u00f3w do wykorzystania u swoich klient\u00f3w. Wyj\u0105tkowa okazja dla Twojego sukcesu zawodowego.   [\/vc_column_text][vc_column_text]<strong>Zawarto\u015b\u0107 kursu standardowego:<\/strong><\/p><ul><li>Czym jest wapno?<\/li><li>Techniki u\u017cywania szpachli i sprz\u0119tu<\/li><li>Stiuk wenecki<\/li><li>Marmorino Antico<\/li><li>Travertino<\/li><li>Stucco Glimmer<\/li><li>Efekt betonu<\/li><li>Efekt kamienia<\/li><li>Stucco Floor: satynowy, matowy i wysoki po\u0142ysk<\/li><li>i wiele wi\u0119cej&#8230;<\/li><\/ul><div class=\"wpb_text_column wpb_content_element funiter_custom_605746fb98f09 \"><div class=\"wpb_wrapper\"><p>Kursy mog\u0105 by\u0107 dostosowane do potrzeb uczestnik\u00f3w.<\/p><p>Kursy s\u0105 prowadzone w j\u0119zyku angielskim.<\/p><\/div><p>Na zako\u0144czenie kursu otrzymasz certyfikat uczestnictwa.<\/p><div class=\"wpb_wrapper\"><p>Liczba uczestnik\u00f3w: 5-6 os\u00f3b.<\/p><div class=\"page-main-content\"><div class=\"vc_row wpb_row vc_row-fluid\"><div class=\"wpb_column vc_column_container vc_col-sm-12\"><div class=\"vc_column-inner\"><div class=\"wpb_wrapper\"><div class=\"wpb_text_column wpb_content_element funiter_custom_605746fb98f42 \"><div class=\"wpb_wrapper\"><p><strong>Czas trwania:<\/strong><br>Kurs mo\u017ce odbywa\u0107 si\u0119 w ci\u0105gu jednego lub dw\u00f3ch dni, w zale\u017cno\u015bci od wymaga\u0144 uczestnik\u00f3w dotycz\u0105cych nauki i pobytu.<\/p><p><strong>Miejsce szkolenia:<\/strong><br>W Vicenzy (w pobli\u017cu Wenecji, W\u0142ochy). Szczeg\u00f3\u0142owa mapa i lokalizacja zostan\u0105 przes\u0142ane e-mailem. <\/p><p><strong>Koszt szkolenia za osob\u0119:<\/strong><\/p><p>SZKOLENIE 1-DNIOWE<br>400,00 \u20ac z VAT \/ za osob\u0119<br>Cena obejmuje koszt szkolenia, wy\u017cywienie podczas szkolenia, 1 opakowanie wapna barwionego (Stucco Veneziano lub Marmorino lub Travertino), 1 pac\u0119 i materia\u0142y do \u0107wicze\u0144. Uczestnicy kursu otrzymaj\u0105 certyfikat po jego zako\u0144czeniu.<br>P\u0142atno\u015b\u0107 nale\u017cy ui\u015bci\u0107 14 dni przed rozpocz\u0119ciem szkolenia przelewem bankowym.  <\/p><p>SZKOLENIE 2-DNIOWE<br>700,00 \u20ac z VAT \/ za osob\u0119<br>Cena obejmuje koszt szkolenia, wy\u017cywienie podczas szkolenia, 2 opakowania wapna barwionego (Stucco Veneziano lub Marmorino lub Travertino), 1 pac\u0119 i materia\u0142y do \u0107wicze\u0144. Uczestnicy kursu otrzymaj\u0105 certyfikat po jego zako\u0144czeniu.<br>P\u0142atno\u015b\u0107 nale\u017cy ui\u015bci\u0107 14 dni przed rozpocz\u0119ciem szkolenia przelewem bankowym.  <\/p><p><strong>Termin zg\u0142osze\u0144 i potwierdzenie uczestnictwa:<\/strong><br>Termin zg\u0142osze\u0144, kt\u00f3re przyjmowane s\u0105 drog\u0105 mailow\u0105, up\u0142ywa 14 dni przed rozpocz\u0119ciem szkolenia. W przypadku si\u0142y wy\u017cszej zastrzegamy sobie prawo do odwo\u0142ania wydarzenia. W takim przypadku koszty zostan\u0105 automatycznie zwr\u00f3cone.  <\/p><p><strong>Op\u0142aty za rezygnacj\u0119:<\/strong><br>W przypadku rezygnacji do 7 dni przed rozpocz\u0119ciem wydarzenia, pobierana jest op\u0142ata za anulowanie w wysoko\u015bci 50% ceny szkolenia z VAT za szkolenie. W przypadku rezygnacji na mniej ni\u017c 7 dni przed rozpocz\u0119ciem wydarzenia lub niestawienia si\u0119 uczestnika, pobierana jest pe\u0142na cena szkolenia z VAT.<br>Masz pytania? Ch\u0119tnie udzielimy dodatkowych informacji o naszych szkoleniach przez WhatsApp i e-mail.<br>Szkolenie Stucco Veneziano Shop pozwala oferowa\u0107 klientom wyj\u0105tkow\u0105 us\u0142ug\u0119, kt\u00f3ra wyr\u00f3\u017cnia si\u0119 na tle konkurencji. Zarezerwuj swoje miejsce, wysy\u0142aj\u0105c e-mail na adres info@stuccovenezianoshop.com lub przez nasz serwis WhatsApp.     <\/p><\/div><\/div><\/div><\/div><\/div><\/div><\/div><\/div><\/div>\t\t\t\t\t\t\t\t<\/div>\n\t\t\t\t<\/div>\n\t\t\t\t<\/div>\n\t\t","protected":false},"excerpt":{"rendered":"<p>Chcesz nauczy\u0107 si\u0119 technik stosowania naszych produkt\u00f3w? Chcesz udoskonali\u0107 swoj\u0105 technik\u0119? Wyr\u00f3\u017cnij si\u0119 na tle konkurencji, poznaj produkty Stucco Veneziano Shop i dowiedz si\u0119, jak najlepiej je wykorzysta\u0107. SZKOLENIA I KURSY Stucco Veneziano Shop oferuje warsztaty i szkolenia dla dekorator\u00f3w, tynkarzy, malarzy i os\u00f3b prywatnych, aby nauczy\u0107 technik aplikacji naszych dekoracji: na bazie wapna i&hellip;<\/p>\n","protected":false},"author":8,"featured_media":0,"parent":0,"menu_order":0,"comment_status":"closed","ping_status":"closed","template":"elementor_header_footer","meta":{"_acf_changed":false,"footnotes":""},"class_list":["post-49972","page","type-page","status-publish","hentry"],"acf":[],"yoast_head":"<!-- This site is optimized with the Yoast SEO plugin v27.5 - https:\/\/yoast.com\/product\/yoast-seo-wordpress\/ -->\n<title>Szkolenia &#8226; Stucco Veneziano<\/title>\n<meta name=\"robots\" content=\"index, follow, max-snippet:-1, max-image-preview:large, max-video-preview:-1\" \/>\n<link rel=\"canonical\" href=\"https:\/\/www.stuccovenezianoshop.com\/pl\/szkolenia\/\" \/>\n<meta property=\"og:locale\" content=\"pl_PL\" \/>\n<meta property=\"og:type\" content=\"article\" \/>\n<meta property=\"og:title\" content=\"Szkolenia &#8226; Stucco Veneziano\" \/>\n<meta property=\"og:description\" content=\"Chcesz nauczy\u0107 si\u0119 technik stosowania naszych produkt\u00f3w? Chcesz udoskonali\u0107 swoj\u0105 technik\u0119? Wyr\u00f3\u017cnij si\u0119 na tle konkurencji, poznaj produkty Stucco Veneziano Shop i dowiedz si\u0119, jak najlepiej je wykorzysta\u0107. SZKOLENIA I KURSY Stucco Veneziano Shop oferuje warsztaty i szkolenia dla dekorator\u00f3w, tynkarzy, malarzy i os\u00f3b prywatnych, aby nauczy\u0107 technik aplikacji naszych dekoracji: na bazie wapna i&hellip;\" \/>\n<meta property=\"og:url\" content=\"https:\/\/www.stuccovenezianoshop.com\/pl\/szkolenia\/\" \/>\n<meta property=\"og:site_name\" content=\"Stucco Veneziano\" \/>\n<meta property=\"article:publisher\" content=\"https:\/\/www.facebook.com\/stuccovenezianoshop\" \/>\n<meta property=\"article:modified_time\" content=\"2025-07-06T20:09:43+00:00\" \/>\n<meta name=\"twitter:card\" content=\"summary_large_image\" \/>\n<meta name=\"twitter:label1\" content=\"Szacowany czas czytania\" \/>\n\t<meta name=\"twitter:data1\" content=\"2 minuty\" \/>\n<script type=\"application\/ld+json\" class=\"yoast-schema-graph\">{\"@context\":\"https:\\\/\\\/schema.org\",\"@graph\":[{\"@type\":\"WebPage\",\"@id\":\"https:\\\/\\\/www.stuccovenezianoshop.com\\\/pl\\\/szkolenia\\\/\",\"url\":\"https:\\\/\\\/www.stuccovenezianoshop.com\\\/pl\\\/szkolenia\\\/\",\"name\":\"Szkolenia &#8226; Stucco Veneziano\",\"isPartOf\":{\"@id\":\"https:\\\/\\\/www.stuccovenezianoshop.com\\\/pl\\\/#website\"},\"datePublished\":\"2021-07-29T13:25:07+00:00\",\"dateModified\":\"2025-07-06T20:09:43+00:00\",\"breadcrumb\":{\"@id\":\"https:\\\/\\\/www.stuccovenezianoshop.com\\\/pl\\\/szkolenia\\\/#breadcrumb\"},\"inLanguage\":\"pl-PL\",\"potentialAction\":[{\"@type\":\"ReadAction\",\"target\":[\"https:\\\/\\\/www.stuccovenezianoshop.com\\\/pl\\\/szkolenia\\\/\"]}]},{\"@type\":\"BreadcrumbList\",\"@id\":\"https:\\\/\\\/www.stuccovenezianoshop.com\\\/pl\\\/szkolenia\\\/#breadcrumb\",\"itemListElement\":[{\"@type\":\"ListItem\",\"position\":1,\"name\":\"Strona g\u0142\u00f3wna\",\"item\":\"https:\\\/\\\/www.stuccovenezianoshop.com\\\/pl\\\/\"},{\"@type\":\"ListItem\",\"position\":2,\"name\":\"Szkolenia\"}]},{\"@type\":\"WebSite\",\"@id\":\"https:\\\/\\\/www.stuccovenezianoshop.com\\\/pl\\\/#website\",\"url\":\"https:\\\/\\\/www.stuccovenezianoshop.com\\\/pl\\\/\",\"name\":\"Stucco Veneziano\",\"description\":\"\",\"publisher\":{\"@id\":\"https:\\\/\\\/www.stuccovenezianoshop.com\\\/pl\\\/#organization\"},\"potentialAction\":[{\"@type\":\"SearchAction\",\"target\":{\"@type\":\"EntryPoint\",\"urlTemplate\":\"https:\\\/\\\/www.stuccovenezianoshop.com\\\/pl\\\/?s={search_term_string}\"},\"query-input\":{\"@type\":\"PropertyValueSpecification\",\"valueRequired\":true,\"valueName\":\"search_term_string\"}}],\"inLanguage\":\"pl-PL\"},{\"@type\":\"Organization\",\"@id\":\"https:\\\/\\\/www.stuccovenezianoshop.com\\\/pl\\\/#organization\",\"name\":\"Stucco Veneziano\",\"url\":\"https:\\\/\\\/www.stuccovenezianoshop.com\\\/pl\\\/\",\"logo\":{\"@type\":\"ImageObject\",\"inLanguage\":\"pl-PL\",\"@id\":\"https:\\\/\\\/www.stuccovenezianoshop.com\\\/pl\\\/#\\\/schema\\\/logo\\\/image\\\/\",\"url\":\"https:\\\/\\\/www.stuccovenezianoshop.com\\\/wp-content\\\/uploads\\\/2021\\\/08\\\/Logo-mobile-2x.avif\",\"contentUrl\":\"https:\\\/\\\/www.stuccovenezianoshop.com\\\/wp-content\\\/uploads\\\/2021\\\/08\\\/Logo-mobile-2x.avif\",\"width\":121,\"height\":70,\"caption\":\"Stucco Veneziano\"},\"image\":{\"@id\":\"https:\\\/\\\/www.stuccovenezianoshop.com\\\/pl\\\/#\\\/schema\\\/logo\\\/image\\\/\"},\"sameAs\":[\"https:\\\/\\\/www.facebook.com\\\/stuccovenezianoshop\",\"https:\\\/\\\/www.instagram.com\\\/stuccovenezianoshop\\\/\"]}]}<\/script>\n<!-- \/ Yoast SEO plugin. -->","yoast_head_json":{"title":"Szkolenia &#8226; Stucco Veneziano","robots":{"index":"index","follow":"follow","max-snippet":"max-snippet:-1","max-image-preview":"max-image-preview:large","max-video-preview":"max-video-preview:-1"},"canonical":"https:\/\/www.stuccovenezianoshop.com\/pl\/szkolenia\/","og_locale":"pl_PL","og_type":"article","og_title":"Szkolenia &#8226; Stucco Veneziano","og_description":"Chcesz nauczy\u0107 si\u0119 technik stosowania naszych produkt\u00f3w? Chcesz udoskonali\u0107 swoj\u0105 technik\u0119? Wyr\u00f3\u017cnij si\u0119 na tle konkurencji, poznaj produkty Stucco Veneziano Shop i dowiedz si\u0119, jak najlepiej je wykorzysta\u0107. SZKOLENIA I KURSY Stucco Veneziano Shop oferuje warsztaty i szkolenia dla dekorator\u00f3w, tynkarzy, malarzy i os\u00f3b prywatnych, aby nauczy\u0107 technik aplikacji naszych dekoracji: na bazie wapna i&hellip;","og_url":"https:\/\/www.stuccovenezianoshop.com\/pl\/szkolenia\/","og_site_name":"Stucco Veneziano","article_publisher":"https:\/\/www.facebook.com\/stuccovenezianoshop","article_modified_time":"2025-07-06T20:09:43+00:00","twitter_card":"summary_large_image","twitter_misc":{"Szacowany czas czytania":"2 minuty"},"schema":{"@context":"https:\/\/schema.org","@graph":[{"@type":"WebPage","@id":"https:\/\/www.stuccovenezianoshop.com\/pl\/szkolenia\/","url":"https:\/\/www.stuccovenezianoshop.com\/pl\/szkolenia\/","name":"Szkolenia &#8226; Stucco Veneziano","isPartOf":{"@id":"https:\/\/www.stuccovenezianoshop.com\/pl\/#website"},"datePublished":"2021-07-29T13:25:07+00:00","dateModified":"2025-07-06T20:09:43+00:00","breadcrumb":{"@id":"https:\/\/www.stuccovenezianoshop.com\/pl\/szkolenia\/#breadcrumb"},"inLanguage":"pl-PL","potentialAction":[{"@type":"ReadAction","target":["https:\/\/www.stuccovenezianoshop.com\/pl\/szkolenia\/"]}]},{"@type":"BreadcrumbList","@id":"https:\/\/www.stuccovenezianoshop.com\/pl\/szkolenia\/#breadcrumb","itemListElement":[{"@type":"ListItem","position":1,"name":"Strona g\u0142\u00f3wna","item":"https:\/\/www.stuccovenezianoshop.com\/pl\/"},{"@type":"ListItem","position":2,"name":"Szkolenia"}]},{"@type":"WebSite","@id":"https:\/\/www.stuccovenezianoshop.com\/pl\/#website","url":"https:\/\/www.stuccovenezianoshop.com\/pl\/","name":"Stucco Veneziano","description":"","publisher":{"@id":"https:\/\/www.stuccovenezianoshop.com\/pl\/#organization"},"potentialAction":[{"@type":"SearchAction","target":{"@type":"EntryPoint","urlTemplate":"https:\/\/www.stuccovenezianoshop.com\/pl\/?s={search_term_string}"},"query-input":{"@type":"PropertyValueSpecification","valueRequired":true,"valueName":"search_term_string"}}],"inLanguage":"pl-PL"},{"@type":"Organization","@id":"https:\/\/www.stuccovenezianoshop.com\/pl\/#organization","name":"Stucco Veneziano","url":"https:\/\/www.stuccovenezianoshop.com\/pl\/","logo":{"@type":"ImageObject","inLanguage":"pl-PL","@id":"https:\/\/www.stuccovenezianoshop.com\/pl\/#\/schema\/logo\/image\/","url":"https:\/\/www.stuccovenezianoshop.com\/wp-content\/uploads\/2021\/08\/Logo-mobile-2x.avif","contentUrl":"https:\/\/www.stuccovenezianoshop.com\/wp-content\/uploads\/2021\/08\/Logo-mobile-2x.avif","width":121,"height":70,"caption":"Stucco Veneziano"},"image":{"@id":"https:\/\/www.stuccovenezianoshop.com\/pl\/#\/schema\/logo\/image\/"},"sameAs":["https:\/\/www.facebook.com\/stuccovenezianoshop","https:\/\/www.instagram.com\/stuccovenezianoshop\/"]}]}},"_links":{"self":[{"href":"https:\/\/www.stuccovenezianoshop.com\/pl\/wp-json\/wp\/v2\/pages\/49972","targetHints":{"allow":["GET"]}}],"collection":[{"href":"https:\/\/www.stuccovenezianoshop.com\/pl\/wp-json\/wp\/v2\/pages"}],"about":[{"href":"https:\/\/www.stuccovenezianoshop.com\/pl\/wp-json\/wp\/v2\/types\/page"}],"author":[{"embeddable":true,"href":"https:\/\/www.stuccovenezianoshop.com\/pl\/wp-json\/wp\/v2\/users\/8"}],"replies":[{"embeddable":true,"href":"https:\/\/www.stuccovenezianoshop.com\/pl\/wp-json\/wp\/v2\/comments?post=49972"}],"version-history":[{"count":0,"href":"https:\/\/www.stuccovenezianoshop.com\/pl\/wp-json\/wp\/v2\/pages\/49972\/revisions"}],"wp:attachment":[{"href":"https:\/\/www.stuccovenezianoshop.com\/pl\/wp-json\/wp\/v2\/media?parent=49972"}],"curies":[{"name":"wp","href":"https:\/\/api.w.org\/{rel}","templated":true}]}}