{"id":49965,"date":"2021-06-16T15:11:08","date_gmt":"2021-06-16T13:11:08","guid":{"rendered":"https:\/\/www.stuccovenezianoshop.com\/profesjonalisci\/"},"modified":"2025-07-06T22:09:41","modified_gmt":"2025-07-06T20:09:41","slug":"profesjonalisci","status":"publish","type":"page","link":"https:\/\/www.stuccovenezianoshop.com\/pl\/profesjonalisci\/","title":{"rendered":"Profesjonali\u015bci"},"content":{"rendered":"\t\t<div data-elementor-type=\"wp-page\" data-elementor-id=\"49965\" class=\"elementor elementor-49965 elementor-10699\" data-elementor-post-type=\"page\">\n\t\t\t\t<div class=\"elementor-element elementor-element-5b1aad9 e-con-full e-flex e-con e-parent\" data-id=\"5b1aad9\" data-element_type=\"container\" data-e-type=\"container\" data-settings=\"{&quot;background_background&quot;:&quot;classic&quot;}\">\n\t\t\t\t<\/div>\n\t\t<div class=\"elementor-element elementor-element-228e4a14 e-con-full e-flex e-con e-parent\" data-id=\"228e4a14\" data-element_type=\"container\" data-e-type=\"container\">\n\t\t\t\t<div class=\"elementor-element elementor-element-f763ab4 elementor-widget elementor-widget-heading\" data-id=\"f763ab4\" data-element_type=\"widget\" data-e-type=\"widget\" data-widget_type=\"heading.default\">\n\t\t\t\t\t<h1 class=\"elementor-heading-title elementor-size-default\">Profesjonali\u015bci<\/h1>\t\t\t\t<\/div>\n\t\t\t\t<div class=\"elementor-element elementor-element-8024ec5 elementor-align-left elementor-widget elementor-widget-breadcrumbs\" data-id=\"8024ec5\" data-element_type=\"widget\" data-e-type=\"widget\" data-widget_type=\"breadcrumbs.default\">\n\t\t\t\t\t<p id=\"breadcrumbs\"><span><span><a href=\"https:\/\/www.stuccovenezianoshop.com\/pl\/\">Strona g\u0142\u00f3wna<\/a><\/span><\/span><\/p>\t\t\t\t<\/div>\n\t\t\t\t<div class=\"elementor-element elementor-element-5db417fe elementor-widget elementor-widget-text-editor\" data-id=\"5db417fe\" data-element_type=\"widget\" data-e-type=\"widget\" data-widget_type=\"text-editor.default\">\n\t\t\t\t\t\t\t\t\t<p><strong>Czy jeste\u015b przedsi\u0119biorc\u0105 lub firm\u0105 posiadaj\u0105c\u0105 numer identyfikacji podatkowej VAT?<\/strong><\/p><p>Rabaty i promocje s\u0105 dla Ciebie zarezerwowane w zale\u017cno\u015bci od rodzaju i wielko\u015bci zam\u00f3wienia!<\/p><p>Skontaktuj si\u0119 z nami telefonicznie, przez WhatsApp lub e-mailem i dowiedz si\u0119, jakie korzy\u015bci mo\u017cesz uzyska\u0107: ch\u0119tnie zaoferujemy korzystne ceny na produkty dekoracyjne, uzupe\u0142niaj\u0105ce i narz\u0119dzia.<\/p><p>Aby m\u00f3c korzysta\u0107 z tych rabat\u00f3w, musisz poda\u0107 sw\u00f3j osobisty lub firmowy numer VAT.<\/p>\t\t\t\t\t\t\t\t<\/div>\n\t\t\t\t<\/div>\n\t\t\t\t<\/div>\n\t\t","protected":false},"excerpt":{"rendered":"<p>Czy jeste\u015b przedsi\u0119biorc\u0105 lub firm\u0105 posiadaj\u0105c\u0105 numer identyfikacji podatkowej VAT? Rabaty i promocje s\u0105 dla Ciebie zarezerwowane w zale\u017cno\u015bci od rodzaju i wielko\u015bci zam\u00f3wienia! Skontaktuj si\u0119 z nami telefonicznie, przez WhatsApp lub e-mailem i dowiedz si\u0119, jakie korzy\u015bci mo\u017cesz uzyska\u0107: ch\u0119tnie zaoferujemy korzystne ceny na produkty dekoracyjne, uzupe\u0142niaj\u0105ce i narz\u0119dzia. Aby m\u00f3c korzysta\u0107 z tych&hellip;<\/p>\n","protected":false},"author":5,"featured_media":0,"parent":0,"menu_order":0,"comment_status":"closed","ping_status":"closed","template":"elementor_header_footer","meta":{"_acf_changed":false,"footnotes":""},"class_list":["post-49965","page","type-page","status-publish","hentry"],"acf":[],"yoast_head":"<!-- This site is optimized with the Yoast SEO plugin v27.5 - https:\/\/yoast.com\/product\/yoast-seo-wordpress\/ -->\n<title>Profesjonali\u015bci &#8226; Stucco Veneziano<\/title>\n<meta name=\"robots\" content=\"index, follow, max-snippet:-1, max-image-preview:large, max-video-preview:-1\" \/>\n<link rel=\"canonical\" href=\"https:\/\/www.stuccovenezianoshop.com\/pl\/profesjonalisci\/\" \/>\n<meta property=\"og:locale\" content=\"pl_PL\" \/>\n<meta property=\"og:type\" content=\"article\" \/>\n<meta property=\"og:title\" content=\"Profesjonali\u015bci &#8226; Stucco Veneziano\" \/>\n<meta property=\"og:description\" content=\"Czy jeste\u015b przedsi\u0119biorc\u0105 lub firm\u0105 posiadaj\u0105c\u0105 numer identyfikacji podatkowej VAT? Rabaty i promocje s\u0105 dla Ciebie zarezerwowane w zale\u017cno\u015bci od rodzaju i wielko\u015bci zam\u00f3wienia! Skontaktuj si\u0119 z nami telefonicznie, przez WhatsApp lub e-mailem i dowiedz si\u0119, jakie korzy\u015bci mo\u017cesz uzyska\u0107: ch\u0119tnie zaoferujemy korzystne ceny na produkty dekoracyjne, uzupe\u0142niaj\u0105ce i narz\u0119dzia. Aby m\u00f3c korzysta\u0107 z tych&hellip;\" \/>\n<meta property=\"og:url\" content=\"https:\/\/www.stuccovenezianoshop.com\/pl\/profesjonalisci\/\" \/>\n<meta property=\"og:site_name\" content=\"Stucco Veneziano\" \/>\n<meta property=\"article:publisher\" content=\"https:\/\/www.facebook.com\/stuccovenezianoshop\" \/>\n<meta property=\"article:modified_time\" content=\"2025-07-06T20:09:41+00:00\" \/>\n<meta name=\"twitter:card\" content=\"summary_large_image\" \/>\n<script type=\"application\/ld+json\" class=\"yoast-schema-graph\">{\"@context\":\"https:\\\/\\\/schema.org\",\"@graph\":[{\"@type\":\"WebPage\",\"@id\":\"https:\\\/\\\/www.stuccovenezianoshop.com\\\/pl\\\/profesjonalisci\\\/\",\"url\":\"https:\\\/\\\/www.stuccovenezianoshop.com\\\/pl\\\/profesjonalisci\\\/\",\"name\":\"Profesjonali\u015bci &#8226; Stucco Veneziano\",\"isPartOf\":{\"@id\":\"https:\\\/\\\/www.stuccovenezianoshop.com\\\/pl\\\/#website\"},\"datePublished\":\"2021-06-16T13:11:08+00:00\",\"dateModified\":\"2025-07-06T20:09:41+00:00\",\"breadcrumb\":{\"@id\":\"https:\\\/\\\/www.stuccovenezianoshop.com\\\/pl\\\/profesjonalisci\\\/#breadcrumb\"},\"inLanguage\":\"pl-PL\",\"potentialAction\":[{\"@type\":\"ReadAction\",\"target\":[\"https:\\\/\\\/www.stuccovenezianoshop.com\\\/pl\\\/profesjonalisci\\\/\"]}]},{\"@type\":\"BreadcrumbList\",\"@id\":\"https:\\\/\\\/www.stuccovenezianoshop.com\\\/pl\\\/profesjonalisci\\\/#breadcrumb\",\"itemListElement\":[{\"@type\":\"ListItem\",\"position\":1,\"name\":\"Strona g\u0142\u00f3wna\",\"item\":\"https:\\\/\\\/www.stuccovenezianoshop.com\\\/pl\\\/\"},{\"@type\":\"ListItem\",\"position\":2,\"name\":\"Profesjonali\u015bci\"}]},{\"@type\":\"WebSite\",\"@id\":\"https:\\\/\\\/www.stuccovenezianoshop.com\\\/pl\\\/#website\",\"url\":\"https:\\\/\\\/www.stuccovenezianoshop.com\\\/pl\\\/\",\"name\":\"Stucco Veneziano\",\"description\":\"\",\"publisher\":{\"@id\":\"https:\\\/\\\/www.stuccovenezianoshop.com\\\/pl\\\/#organization\"},\"potentialAction\":[{\"@type\":\"SearchAction\",\"target\":{\"@type\":\"EntryPoint\",\"urlTemplate\":\"https:\\\/\\\/www.stuccovenezianoshop.com\\\/pl\\\/?s={search_term_string}\"},\"query-input\":{\"@type\":\"PropertyValueSpecification\",\"valueRequired\":true,\"valueName\":\"search_term_string\"}}],\"inLanguage\":\"pl-PL\"},{\"@type\":\"Organization\",\"@id\":\"https:\\\/\\\/www.stuccovenezianoshop.com\\\/pl\\\/#organization\",\"name\":\"Stucco Veneziano\",\"url\":\"https:\\\/\\\/www.stuccovenezianoshop.com\\\/pl\\\/\",\"logo\":{\"@type\":\"ImageObject\",\"inLanguage\":\"pl-PL\",\"@id\":\"https:\\\/\\\/www.stuccovenezianoshop.com\\\/pl\\\/#\\\/schema\\\/logo\\\/image\\\/\",\"url\":\"https:\\\/\\\/www.stuccovenezianoshop.com\\\/wp-content\\\/uploads\\\/2021\\\/08\\\/Logo-mobile-2x.avif\",\"contentUrl\":\"https:\\\/\\\/www.stuccovenezianoshop.com\\\/wp-content\\\/uploads\\\/2021\\\/08\\\/Logo-mobile-2x.avif\",\"width\":121,\"height\":70,\"caption\":\"Stucco Veneziano\"},\"image\":{\"@id\":\"https:\\\/\\\/www.stuccovenezianoshop.com\\\/pl\\\/#\\\/schema\\\/logo\\\/image\\\/\"},\"sameAs\":[\"https:\\\/\\\/www.facebook.com\\\/stuccovenezianoshop\",\"https:\\\/\\\/www.instagram.com\\\/stuccovenezianoshop\\\/\"]}]}<\/script>\n<!-- \/ Yoast SEO plugin. -->","yoast_head_json":{"title":"Profesjonali\u015bci &#8226; Stucco Veneziano","robots":{"index":"index","follow":"follow","max-snippet":"max-snippet:-1","max-image-preview":"max-image-preview:large","max-video-preview":"max-video-preview:-1"},"canonical":"https:\/\/www.stuccovenezianoshop.com\/pl\/profesjonalisci\/","og_locale":"pl_PL","og_type":"article","og_title":"Profesjonali\u015bci &#8226; Stucco Veneziano","og_description":"Czy jeste\u015b przedsi\u0119biorc\u0105 lub firm\u0105 posiadaj\u0105c\u0105 numer identyfikacji podatkowej VAT? Rabaty i promocje s\u0105 dla Ciebie zarezerwowane w zale\u017cno\u015bci od rodzaju i wielko\u015bci zam\u00f3wienia! Skontaktuj si\u0119 z nami telefonicznie, przez WhatsApp lub e-mailem i dowiedz si\u0119, jakie korzy\u015bci mo\u017cesz uzyska\u0107: ch\u0119tnie zaoferujemy korzystne ceny na produkty dekoracyjne, uzupe\u0142niaj\u0105ce i narz\u0119dzia. Aby m\u00f3c korzysta\u0107 z tych&hellip;","og_url":"https:\/\/www.stuccovenezianoshop.com\/pl\/profesjonalisci\/","og_site_name":"Stucco Veneziano","article_publisher":"https:\/\/www.facebook.com\/stuccovenezianoshop","article_modified_time":"2025-07-06T20:09:41+00:00","twitter_card":"summary_large_image","schema":{"@context":"https:\/\/schema.org","@graph":[{"@type":"WebPage","@id":"https:\/\/www.stuccovenezianoshop.com\/pl\/profesjonalisci\/","url":"https:\/\/www.stuccovenezianoshop.com\/pl\/profesjonalisci\/","name":"Profesjonali\u015bci &#8226; Stucco Veneziano","isPartOf":{"@id":"https:\/\/www.stuccovenezianoshop.com\/pl\/#website"},"datePublished":"2021-06-16T13:11:08+00:00","dateModified":"2025-07-06T20:09:41+00:00","breadcrumb":{"@id":"https:\/\/www.stuccovenezianoshop.com\/pl\/profesjonalisci\/#breadcrumb"},"inLanguage":"pl-PL","potentialAction":[{"@type":"ReadAction","target":["https:\/\/www.stuccovenezianoshop.com\/pl\/profesjonalisci\/"]}]},{"@type":"BreadcrumbList","@id":"https:\/\/www.stuccovenezianoshop.com\/pl\/profesjonalisci\/#breadcrumb","itemListElement":[{"@type":"ListItem","position":1,"name":"Strona g\u0142\u00f3wna","item":"https:\/\/www.stuccovenezianoshop.com\/pl\/"},{"@type":"ListItem","position":2,"name":"Profesjonali\u015bci"}]},{"@type":"WebSite","@id":"https:\/\/www.stuccovenezianoshop.com\/pl\/#website","url":"https:\/\/www.stuccovenezianoshop.com\/pl\/","name":"Stucco Veneziano","description":"","publisher":{"@id":"https:\/\/www.stuccovenezianoshop.com\/pl\/#organization"},"potentialAction":[{"@type":"SearchAction","target":{"@type":"EntryPoint","urlTemplate":"https:\/\/www.stuccovenezianoshop.com\/pl\/?s={search_term_string}"},"query-input":{"@type":"PropertyValueSpecification","valueRequired":true,"valueName":"search_term_string"}}],"inLanguage":"pl-PL"},{"@type":"Organization","@id":"https:\/\/www.stuccovenezianoshop.com\/pl\/#organization","name":"Stucco Veneziano","url":"https:\/\/www.stuccovenezianoshop.com\/pl\/","logo":{"@type":"ImageObject","inLanguage":"pl-PL","@id":"https:\/\/www.stuccovenezianoshop.com\/pl\/#\/schema\/logo\/image\/","url":"https:\/\/www.stuccovenezianoshop.com\/wp-content\/uploads\/2021\/08\/Logo-mobile-2x.avif","contentUrl":"https:\/\/www.stuccovenezianoshop.com\/wp-content\/uploads\/2021\/08\/Logo-mobile-2x.avif","width":121,"height":70,"caption":"Stucco Veneziano"},"image":{"@id":"https:\/\/www.stuccovenezianoshop.com\/pl\/#\/schema\/logo\/image\/"},"sameAs":["https:\/\/www.facebook.com\/stuccovenezianoshop","https:\/\/www.instagram.com\/stuccovenezianoshop\/"]}]}},"_links":{"self":[{"href":"https:\/\/www.stuccovenezianoshop.com\/pl\/wp-json\/wp\/v2\/pages\/49965","targetHints":{"allow":["GET"]}}],"collection":[{"href":"https:\/\/www.stuccovenezianoshop.com\/pl\/wp-json\/wp\/v2\/pages"}],"about":[{"href":"https:\/\/www.stuccovenezianoshop.com\/pl\/wp-json\/wp\/v2\/types\/page"}],"author":[{"embeddable":true,"href":"https:\/\/www.stuccovenezianoshop.com\/pl\/wp-json\/wp\/v2\/users\/5"}],"replies":[{"embeddable":true,"href":"https:\/\/www.stuccovenezianoshop.com\/pl\/wp-json\/wp\/v2\/comments?post=49965"}],"version-history":[{"count":0,"href":"https:\/\/www.stuccovenezianoshop.com\/pl\/wp-json\/wp\/v2\/pages\/49965\/revisions"}],"wp:attachment":[{"href":"https:\/\/www.stuccovenezianoshop.com\/pl\/wp-json\/wp\/v2\/media?parent=49965"}],"curies":[{"name":"wp","href":"https:\/\/api.w.org\/{rel}","templated":true}]}}