{"id":41290,"date":"2021-06-16T12:21:30","date_gmt":"2021-06-16T10:21:30","guid":{"rendered":"https:\/\/www.stuccovenezianoshop.com\/contact\/"},"modified":"2025-07-06T16:40:30","modified_gmt":"2025-07-06T14:40:30","slug":"contact","status":"publish","type":"page","link":"https:\/\/www.stuccovenezianoshop.com\/nl\/contact\/","title":{"rendered":"Contact"},"content":{"rendered":"<p>[vc_row][vc_column][vc_column_text]<\/p>\n<h1>KONTAKTAUFNAHME<\/h1>\n<p>Versandfrei f\u00fcr alle Bestellungen.<br \/>\nWir stehen Ihnen auch f\u00fcr eine kostenlose Beratung per Whatsapp-Nachricht zur Verf\u00fcgung: <strong>+49 (0) 171 1599773<\/strong>.<br \/>\nPer E-Mail an:\u00a0<span style=\"color: blue;\">info@stuccovenezianoshop.com<\/span><br \/>\nWir freuen uns auf Ihre Anfrage.[\/vc_column_text][vc_column_text]<\/p>\n<h3>KEINE BERATUNG NOTWENDIG? SOFORT KAUFEN:\u00a0ZUM SHOP &#8211; <a href=\"https:\/\/www.stuccovenezianoshop.com\/nl\/\">HIER KLICKEN<\/a><\/h3>\n<p>[\/vc_column_text][contact-form-7 id=&#8221;5564&#8243;][\/vc_column][\/vc_row]<\/p>\n","protected":false},"excerpt":{"rendered":"<p>[vc_row][vc_column][vc_column_text] KONTAKTAUFNAHME Versandfrei f\u00fcr alle Bestellungen. Wir stehen Ihnen auch f\u00fcr eine kostenlose Beratung per Whatsapp-Nachricht zur Verf\u00fcgung: +49 (0) 171 1599773. Per E-Mail an:\u00a0info@stuccovenezianoshop.com Wir freuen uns auf Ihre Anfrage.[\/vc_column_text][vc_column_text] KEINE BERATUNG NOTWENDIG? SOFORT KAUFEN:\u00a0ZUM SHOP &#8211; HIER KLICKEN [\/vc_column_text][contact-form-7 id=&#8221;5564&#8243;][\/vc_column][\/vc_row]<\/p>\n","protected":false},"author":5,"featured_media":0,"parent":0,"menu_order":0,"comment_status":"closed","ping_status":"closed","template":"","meta":{"_acf_changed":false,"footnotes":""},"class_list":["post-41290","page","type-page","status-publish","hentry","description-off"],"acf":[],"yoast_head":"<!-- This site is optimized with the Yoast SEO plugin v27.5 - https:\/\/yoast.com\/product\/yoast-seo-wordpress\/ -->\n<title>Contact &#8226; Klantenservice &#8226; Stucco Veneziano<\/title>\n<meta name=\"description\" content=\"Contact opnemen Stucco Veneziano. Stucco Veneziano is een minerale kalkpleister voor kalkperstechnieken. Klantenservice\" \/>\n<meta name=\"robots\" content=\"index, follow, max-snippet:-1, max-image-preview:large, max-video-preview:-1\" \/>\n<link rel=\"canonical\" href=\"https:\/\/www.stuccovenezianoshop.com\/nl\/contact\/\" \/>\n<meta property=\"og:locale\" content=\"nl_NL\" \/>\n<meta property=\"og:type\" content=\"article\" \/>\n<meta property=\"og:title\" content=\"Contact &#8226; Klantenservice &#8226; Stucco Veneziano\" \/>\n<meta property=\"og:description\" content=\"Contact opnemen Stucco Veneziano. Stucco Veneziano is een minerale kalkpleister voor kalkperstechnieken. Klantenservice\" \/>\n<meta property=\"og:url\" content=\"https:\/\/www.stuccovenezianoshop.com\/nl\/contact\/\" \/>\n<meta property=\"og:site_name\" content=\"Stucco Veneziano\" \/>\n<meta property=\"article:publisher\" content=\"https:\/\/www.facebook.com\/stuccovenezianoshop\" \/>\n<meta property=\"article:modified_time\" content=\"2025-07-06T14:40:30+00:00\" \/>\n<meta name=\"twitter:card\" content=\"summary_large_image\" \/>\n<script type=\"application\/ld+json\" class=\"yoast-schema-graph\">{\"@context\":\"https:\\\/\\\/schema.org\",\"@graph\":[{\"@type\":\"WebPage\",\"@id\":\"https:\\\/\\\/www.stuccovenezianoshop.com\\\/nl\\\/contact\\\/\",\"url\":\"https:\\\/\\\/www.stuccovenezianoshop.com\\\/nl\\\/contact\\\/\",\"name\":\"Contact &#8226; Klantenservice &#8226; Stucco Veneziano\",\"isPartOf\":{\"@id\":\"https:\\\/\\\/www.stuccovenezianoshop.com\\\/nl\\\/#website\"},\"datePublished\":\"2021-06-16T10:21:30+00:00\",\"dateModified\":\"2025-07-06T14:40:30+00:00\",\"description\":\"Contact opnemen Stucco Veneziano. Stucco Veneziano is een minerale kalkpleister voor kalkperstechnieken. Klantenservice\",\"breadcrumb\":{\"@id\":\"https:\\\/\\\/www.stuccovenezianoshop.com\\\/nl\\\/contact\\\/#breadcrumb\"},\"inLanguage\":\"nl-NL\",\"potentialAction\":[{\"@type\":\"ReadAction\",\"target\":[\"https:\\\/\\\/www.stuccovenezianoshop.com\\\/nl\\\/contact\\\/\"]}]},{\"@type\":\"BreadcrumbList\",\"@id\":\"https:\\\/\\\/www.stuccovenezianoshop.com\\\/nl\\\/contact\\\/#breadcrumb\",\"itemListElement\":[{\"@type\":\"ListItem\",\"position\":1,\"name\":\"Thuis\",\"item\":\"https:\\\/\\\/www.stuccovenezianoshop.com\\\/nl\\\/\"},{\"@type\":\"ListItem\",\"position\":2,\"name\":\"Contact\"}]},{\"@type\":\"WebSite\",\"@id\":\"https:\\\/\\\/www.stuccovenezianoshop.com\\\/nl\\\/#website\",\"url\":\"https:\\\/\\\/www.stuccovenezianoshop.com\\\/nl\\\/\",\"name\":\"Stucco Veneziano\",\"description\":\"\",\"publisher\":{\"@id\":\"https:\\\/\\\/www.stuccovenezianoshop.com\\\/nl\\\/#organization\"},\"potentialAction\":[{\"@type\":\"SearchAction\",\"target\":{\"@type\":\"EntryPoint\",\"urlTemplate\":\"https:\\\/\\\/www.stuccovenezianoshop.com\\\/nl\\\/?s={search_term_string}\"},\"query-input\":{\"@type\":\"PropertyValueSpecification\",\"valueRequired\":true,\"valueName\":\"search_term_string\"}}],\"inLanguage\":\"nl-NL\"},{\"@type\":\"Organization\",\"@id\":\"https:\\\/\\\/www.stuccovenezianoshop.com\\\/nl\\\/#organization\",\"name\":\"Stucco Veneziano\",\"url\":\"https:\\\/\\\/www.stuccovenezianoshop.com\\\/nl\\\/\",\"logo\":{\"@type\":\"ImageObject\",\"inLanguage\":\"nl-NL\",\"@id\":\"https:\\\/\\\/www.stuccovenezianoshop.com\\\/nl\\\/#\\\/schema\\\/logo\\\/image\\\/\",\"url\":\"https:\\\/\\\/www.stuccovenezianoshop.com\\\/wp-content\\\/uploads\\\/2021\\\/08\\\/Logo-mobile-2x.avif\",\"contentUrl\":\"https:\\\/\\\/www.stuccovenezianoshop.com\\\/wp-content\\\/uploads\\\/2021\\\/08\\\/Logo-mobile-2x.avif\",\"width\":121,\"height\":70,\"caption\":\"Stucco Veneziano\"},\"image\":{\"@id\":\"https:\\\/\\\/www.stuccovenezianoshop.com\\\/nl\\\/#\\\/schema\\\/logo\\\/image\\\/\"},\"sameAs\":[\"https:\\\/\\\/www.facebook.com\\\/stuccovenezianoshop\",\"https:\\\/\\\/www.instagram.com\\\/stuccovenezianoshop\\\/\"]}]}<\/script>\n<!-- \/ Yoast SEO plugin. -->","yoast_head_json":{"title":"Contact &#8226; Klantenservice &#8226; Stucco Veneziano","description":"Contact opnemen Stucco Veneziano. Stucco Veneziano is een minerale kalkpleister voor kalkperstechnieken. Klantenservice","robots":{"index":"index","follow":"follow","max-snippet":"max-snippet:-1","max-image-preview":"max-image-preview:large","max-video-preview":"max-video-preview:-1"},"canonical":"https:\/\/www.stuccovenezianoshop.com\/nl\/contact\/","og_locale":"nl_NL","og_type":"article","og_title":"Contact &#8226; Klantenservice &#8226; Stucco Veneziano","og_description":"Contact opnemen Stucco Veneziano. Stucco Veneziano is een minerale kalkpleister voor kalkperstechnieken. Klantenservice","og_url":"https:\/\/www.stuccovenezianoshop.com\/nl\/contact\/","og_site_name":"Stucco Veneziano","article_publisher":"https:\/\/www.facebook.com\/stuccovenezianoshop","article_modified_time":"2025-07-06T14:40:30+00:00","twitter_card":"summary_large_image","schema":{"@context":"https:\/\/schema.org","@graph":[{"@type":"WebPage","@id":"https:\/\/www.stuccovenezianoshop.com\/nl\/contact\/","url":"https:\/\/www.stuccovenezianoshop.com\/nl\/contact\/","name":"Contact &#8226; Klantenservice &#8226; Stucco Veneziano","isPartOf":{"@id":"https:\/\/www.stuccovenezianoshop.com\/nl\/#website"},"datePublished":"2021-06-16T10:21:30+00:00","dateModified":"2025-07-06T14:40:30+00:00","description":"Contact opnemen Stucco Veneziano. Stucco Veneziano is een minerale kalkpleister voor kalkperstechnieken. Klantenservice","breadcrumb":{"@id":"https:\/\/www.stuccovenezianoshop.com\/nl\/contact\/#breadcrumb"},"inLanguage":"nl-NL","potentialAction":[{"@type":"ReadAction","target":["https:\/\/www.stuccovenezianoshop.com\/nl\/contact\/"]}]},{"@type":"BreadcrumbList","@id":"https:\/\/www.stuccovenezianoshop.com\/nl\/contact\/#breadcrumb","itemListElement":[{"@type":"ListItem","position":1,"name":"Thuis","item":"https:\/\/www.stuccovenezianoshop.com\/nl\/"},{"@type":"ListItem","position":2,"name":"Contact"}]},{"@type":"WebSite","@id":"https:\/\/www.stuccovenezianoshop.com\/nl\/#website","url":"https:\/\/www.stuccovenezianoshop.com\/nl\/","name":"Stucco Veneziano","description":"","publisher":{"@id":"https:\/\/www.stuccovenezianoshop.com\/nl\/#organization"},"potentialAction":[{"@type":"SearchAction","target":{"@type":"EntryPoint","urlTemplate":"https:\/\/www.stuccovenezianoshop.com\/nl\/?s={search_term_string}"},"query-input":{"@type":"PropertyValueSpecification","valueRequired":true,"valueName":"search_term_string"}}],"inLanguage":"nl-NL"},{"@type":"Organization","@id":"https:\/\/www.stuccovenezianoshop.com\/nl\/#organization","name":"Stucco Veneziano","url":"https:\/\/www.stuccovenezianoshop.com\/nl\/","logo":{"@type":"ImageObject","inLanguage":"nl-NL","@id":"https:\/\/www.stuccovenezianoshop.com\/nl\/#\/schema\/logo\/image\/","url":"https:\/\/www.stuccovenezianoshop.com\/wp-content\/uploads\/2021\/08\/Logo-mobile-2x.avif","contentUrl":"https:\/\/www.stuccovenezianoshop.com\/wp-content\/uploads\/2021\/08\/Logo-mobile-2x.avif","width":121,"height":70,"caption":"Stucco Veneziano"},"image":{"@id":"https:\/\/www.stuccovenezianoshop.com\/nl\/#\/schema\/logo\/image\/"},"sameAs":["https:\/\/www.facebook.com\/stuccovenezianoshop","https:\/\/www.instagram.com\/stuccovenezianoshop\/"]}]}},"_links":{"self":[{"href":"https:\/\/www.stuccovenezianoshop.com\/nl\/wp-json\/wp\/v2\/pages\/41290","targetHints":{"allow":["GET"]}}],"collection":[{"href":"https:\/\/www.stuccovenezianoshop.com\/nl\/wp-json\/wp\/v2\/pages"}],"about":[{"href":"https:\/\/www.stuccovenezianoshop.com\/nl\/wp-json\/wp\/v2\/types\/page"}],"author":[{"embeddable":true,"href":"https:\/\/www.stuccovenezianoshop.com\/nl\/wp-json\/wp\/v2\/users\/5"}],"replies":[{"embeddable":true,"href":"https:\/\/www.stuccovenezianoshop.com\/nl\/wp-json\/wp\/v2\/comments?post=41290"}],"version-history":[{"count":0,"href":"https:\/\/www.stuccovenezianoshop.com\/nl\/wp-json\/wp\/v2\/pages\/41290\/revisions"}],"wp:attachment":[{"href":"https:\/\/www.stuccovenezianoshop.com\/nl\/wp-json\/wp\/v2\/media?parent=41290"}],"curies":[{"name":"wp","href":"https:\/\/api.w.org\/{rel}","templated":true}]}}