{"id":54504,"date":"2020-11-28T11:43:02","date_gmt":"2020-11-28T09:43:02","guid":{"rendered":"https:\/\/www.stuccovenezianoshop.com\/produkt\/cire-naturelle-dabeille\/"},"modified":"2020-11-28T11:43:02","modified_gmt":"2020-11-28T09:43:02","slug":"cire-naturelle-dabeille","status":"publish","type":"product","link":"https:\/\/www.stuccovenezianoshop.com\/fr\/prodotto\/cire-naturelle-dabeille\/","title":{"rendered":"Cire naturelle d\u2019abeille"},"content":{"rendered":"<p>La cire naturelle d&rsquo;abeille est une cire d&rsquo;abeille applicable au couteau pour les techniques de spatulage. Augmente la protection et la r\u00e9sistance de la surface du mur. Le produit est totalement exempt de solvants organiques. Finition optimale pour tous les produits \u00e0 base de chaux, Marmorini, Stucco Veneziano, Spatolati.   <\/p>\n","protected":false},"excerpt":{"rendered":"<p>La cire naturelle d&rsquo;abeille est une cire d&rsquo;abeille applicable au couteau pour les techniques de spatulage. Augmente la protection et la r\u00e9sistance de la surface du mur. Le produit est totalement exempt de solvants organiques. Finition optimale pour tous les produits \u00e0 base de chaux, Marmorini, Stucco Veneziano, Spatolati.   <\/p>\n<h4>Caract\u00e9ristiques du produit :<\/h4>\n<p><span class=\"avvertenze\">Remarques : pr\u00eat \u00e0 l&#8217;emploi <\/span><br \/>\n<span class=\"nature\">Nature : cire d&rsquo;abeille + savon \u00e0 base d&rsquo;eau<\/span><br \/>\n<span class=\"aspetto\">Aspect : brillance cireuse<\/span><br \/>\n<a href=\"https:\/\/www.stuccovenezianoshop.com\/wp-content\/uploads\/pdf\/030_TECHNISCHES_MERKBLATT_WACHS_NATUR_BIENEN.pdf\" target=\"_blank\" rel=\"noopener noreferrer\"><span class=\"pdf\">Fiche technique<\/span><\/a><br \/>\n<a href=\"https:\/\/www.stuccovenezianoshop.com\/wp-content\/uploads\/pdf\/security\/030_SICHERHEITSDATENBLATT_WACHS_NATUR_BIENEN.pdf\" target=\"_blank\" rel=\"noopener noreferrer\"><span class=\"pdf\">Fiche de donn\u00e9es de s\u00e9curit\u00e9<\/span><\/a><\/p>\n<p><a href=\"https:\/\/www.stuccovenezianoshop.com\/fr\/tutoriel\/#WachsNaturBienen\"><button class=\"video-button\">Tutoriel vid\u00e9o<\/button><\/a><\/p>\n","protected":false},"featured_media":33884,"comment_status":"closed","ping_status":"closed","template":"","meta":{"_acf_changed":false},"product_brand":[],"product_cat":[1063],"product_tag":[],"class_list":{"0":"post-54504","1":"product","2":"type-product","3":"status-publish","4":"has-post-thumbnail","6":"product_cat-cires-et-produits-de-protection","7":"description-off","9":"first","10":"instock","11":"taxable","12":"shipping-taxable","13":"purchasable","14":"product-type-variable"},"acf":[],"yoast_head":"<!-- This site is optimized with the Yoast SEO plugin v27.5 - https:\/\/yoast.com\/product\/yoast-seo-wordpress\/ -->\n<title>Cire naturelle d\u2019abeille &#8226; Stucco Veneziano<\/title>\n<meta name=\"description\" content=\"La cire naturelle d&#039;abeille est une cire d&#039;abeille \u00e0 spatuler pour les techniques de spatulage. Livraison gratuite\u00a0! Garantie et qualit\u00e9 des mat\u00e9riaux\" \/>\n<meta name=\"robots\" content=\"index, follow, max-snippet:-1, max-image-preview:large, max-video-preview:-1\" \/>\n<link rel=\"canonical\" href=\"https:\/\/www.stuccovenezianoshop.com\/fr\/prodotto\/cire-naturelle-dabeille\/\" \/>\n<meta property=\"og:locale\" content=\"fr_FR\" \/>\n<meta property=\"og:type\" content=\"article\" \/>\n<meta property=\"og:title\" content=\"Cire naturelle d\u2019abeille &#8226; Stucco Veneziano\" \/>\n<meta property=\"og:description\" content=\"La cire naturelle d&#039;abeille est une cire d&#039;abeille \u00e0 spatuler pour les techniques de spatulage. Livraison gratuite\u00a0! Garantie et qualit\u00e9 des mat\u00e9riaux\" \/>\n<meta property=\"og:url\" content=\"https:\/\/www.stuccovenezianoshop.com\/fr\/prodotto\/cire-naturelle-dabeille\/\" \/>\n<meta property=\"og:site_name\" content=\"Stucco Veneziano\" \/>\n<meta property=\"article:publisher\" content=\"https:\/\/www.facebook.com\/stuccovenezianoshop\" \/>\n<meta name=\"twitter:card\" content=\"summary_large_image\" \/>\n<script type=\"application\/ld+json\" class=\"yoast-schema-graph\">{\"@context\":\"https:\\\/\\\/schema.org\",\"@graph\":[{\"@type\":\"WebPage\",\"@id\":\"https:\\\/\\\/www.stuccovenezianoshop.com\\\/fr\\\/prodotto\\\/cire-naturelle-dabeille\\\/\",\"url\":\"https:\\\/\\\/www.stuccovenezianoshop.com\\\/fr\\\/prodotto\\\/cire-naturelle-dabeille\\\/\",\"name\":\"Cire naturelle d\u2019abeille &#8226; Stucco Veneziano\",\"isPartOf\":{\"@id\":\"https:\\\/\\\/www.stuccovenezianoshop.com\\\/fr\\\/#website\"},\"primaryImageOfPage\":{\"@id\":\"https:\\\/\\\/www.stuccovenezianoshop.com\\\/fr\\\/prodotto\\\/cire-naturelle-dabeille\\\/#primaryimage\"},\"image\":{\"@id\":\"https:\\\/\\\/www.stuccovenezianoshop.com\\\/fr\\\/prodotto\\\/cire-naturelle-dabeille\\\/#primaryimage\"},\"thumbnailUrl\":\"https:\\\/\\\/www.stuccovenezianoshop.com\\\/wp-content\\\/uploads\\\/2020\\\/11\\\/Lt_25_5.avif\",\"datePublished\":\"2020-11-28T09:43:02+00:00\",\"description\":\"La cire naturelle d'abeille est une cire d'abeille \u00e0 spatuler pour les techniques de spatulage. Livraison gratuite\u00a0! Garantie et qualit\u00e9 des mat\u00e9riaux\",\"breadcrumb\":{\"@id\":\"https:\\\/\\\/www.stuccovenezianoshop.com\\\/fr\\\/prodotto\\\/cire-naturelle-dabeille\\\/#breadcrumb\"},\"inLanguage\":\"fr-FR\",\"potentialAction\":[{\"@type\":\"ReadAction\",\"target\":[\"https:\\\/\\\/www.stuccovenezianoshop.com\\\/fr\\\/prodotto\\\/cire-naturelle-dabeille\\\/\"]}]},{\"@type\":\"ImageObject\",\"inLanguage\":\"fr-FR\",\"@id\":\"https:\\\/\\\/www.stuccovenezianoshop.com\\\/fr\\\/prodotto\\\/cire-naturelle-dabeille\\\/#primaryimage\",\"url\":\"https:\\\/\\\/www.stuccovenezianoshop.com\\\/wp-content\\\/uploads\\\/2020\\\/11\\\/Lt_25_5.avif\",\"contentUrl\":\"https:\\\/\\\/www.stuccovenezianoshop.com\\\/wp-content\\\/uploads\\\/2020\\\/11\\\/Lt_25_5.avif\",\"width\":1080,\"height\":1080},{\"@type\":\"BreadcrumbList\",\"@id\":\"https:\\\/\\\/www.stuccovenezianoshop.com\\\/fr\\\/prodotto\\\/cire-naturelle-dabeille\\\/#breadcrumb\",\"itemListElement\":[{\"@type\":\"ListItem\",\"position\":1,\"name\":\"Accueil\",\"item\":\"https:\\\/\\\/www.stuccovenezianoshop.com\\\/fr\\\/\"},{\"@type\":\"ListItem\",\"position\":2,\"name\":\"Boutique\",\"item\":\"https:\\\/\\\/www.stuccovenezianoshop.com\\\/fr\\\/boutique\\\/\"},{\"@type\":\"ListItem\",\"position\":3,\"name\":\"Cire naturelle d\u2019abeille\"}]},{\"@type\":\"WebSite\",\"@id\":\"https:\\\/\\\/www.stuccovenezianoshop.com\\\/fr\\\/#website\",\"url\":\"https:\\\/\\\/www.stuccovenezianoshop.com\\\/fr\\\/\",\"name\":\"Stucco Veneziano\",\"description\":\"\",\"publisher\":{\"@id\":\"https:\\\/\\\/www.stuccovenezianoshop.com\\\/fr\\\/#organization\"},\"potentialAction\":[{\"@type\":\"SearchAction\",\"target\":{\"@type\":\"EntryPoint\",\"urlTemplate\":\"https:\\\/\\\/www.stuccovenezianoshop.com\\\/fr\\\/?s={search_term_string}\"},\"query-input\":{\"@type\":\"PropertyValueSpecification\",\"valueRequired\":true,\"valueName\":\"search_term_string\"}}],\"inLanguage\":\"fr-FR\"},{\"@type\":\"Organization\",\"@id\":\"https:\\\/\\\/www.stuccovenezianoshop.com\\\/fr\\\/#organization\",\"name\":\"Stucco Veneziano\",\"url\":\"https:\\\/\\\/www.stuccovenezianoshop.com\\\/fr\\\/\",\"logo\":{\"@type\":\"ImageObject\",\"inLanguage\":\"fr-FR\",\"@id\":\"https:\\\/\\\/www.stuccovenezianoshop.com\\\/fr\\\/#\\\/schema\\\/logo\\\/image\\\/\",\"url\":\"https:\\\/\\\/www.stuccovenezianoshop.com\\\/wp-content\\\/uploads\\\/2021\\\/08\\\/Logo-mobile-2x.avif\",\"contentUrl\":\"https:\\\/\\\/www.stuccovenezianoshop.com\\\/wp-content\\\/uploads\\\/2021\\\/08\\\/Logo-mobile-2x.avif\",\"width\":121,\"height\":70,\"caption\":\"Stucco Veneziano\"},\"image\":{\"@id\":\"https:\\\/\\\/www.stuccovenezianoshop.com\\\/fr\\\/#\\\/schema\\\/logo\\\/image\\\/\"},\"sameAs\":[\"https:\\\/\\\/www.facebook.com\\\/stuccovenezianoshop\",\"https:\\\/\\\/www.instagram.com\\\/stuccovenezianoshop\\\/\"]}]}<\/script>\n<!-- \/ Yoast SEO plugin. -->","yoast_head_json":{"title":"Cire naturelle d\u2019abeille &#8226; Stucco Veneziano","description":"La cire naturelle d'abeille est une cire d'abeille \u00e0 spatuler pour les techniques de spatulage. Livraison gratuite\u00a0! Garantie et qualit\u00e9 des mat\u00e9riaux","robots":{"index":"index","follow":"follow","max-snippet":"max-snippet:-1","max-image-preview":"max-image-preview:large","max-video-preview":"max-video-preview:-1"},"canonical":"https:\/\/www.stuccovenezianoshop.com\/fr\/prodotto\/cire-naturelle-dabeille\/","og_locale":"fr_FR","og_type":"article","og_title":"Cire naturelle d\u2019abeille &#8226; Stucco Veneziano","og_description":"La cire naturelle d'abeille est une cire d'abeille \u00e0 spatuler pour les techniques de spatulage. Livraison gratuite\u00a0! Garantie et qualit\u00e9 des mat\u00e9riaux","og_url":"https:\/\/www.stuccovenezianoshop.com\/fr\/prodotto\/cire-naturelle-dabeille\/","og_site_name":"Stucco Veneziano","article_publisher":"https:\/\/www.facebook.com\/stuccovenezianoshop","twitter_card":"summary_large_image","schema":{"@context":"https:\/\/schema.org","@graph":[{"@type":"WebPage","@id":"https:\/\/www.stuccovenezianoshop.com\/fr\/prodotto\/cire-naturelle-dabeille\/","url":"https:\/\/www.stuccovenezianoshop.com\/fr\/prodotto\/cire-naturelle-dabeille\/","name":"Cire naturelle d\u2019abeille &#8226; Stucco Veneziano","isPartOf":{"@id":"https:\/\/www.stuccovenezianoshop.com\/fr\/#website"},"primaryImageOfPage":{"@id":"https:\/\/www.stuccovenezianoshop.com\/fr\/prodotto\/cire-naturelle-dabeille\/#primaryimage"},"image":{"@id":"https:\/\/www.stuccovenezianoshop.com\/fr\/prodotto\/cire-naturelle-dabeille\/#primaryimage"},"thumbnailUrl":"https:\/\/www.stuccovenezianoshop.com\/wp-content\/uploads\/2020\/11\/Lt_25_5.avif","datePublished":"2020-11-28T09:43:02+00:00","description":"La cire naturelle d'abeille est une cire d'abeille \u00e0 spatuler pour les techniques de spatulage. Livraison gratuite\u00a0! Garantie et qualit\u00e9 des mat\u00e9riaux","breadcrumb":{"@id":"https:\/\/www.stuccovenezianoshop.com\/fr\/prodotto\/cire-naturelle-dabeille\/#breadcrumb"},"inLanguage":"fr-FR","potentialAction":[{"@type":"ReadAction","target":["https:\/\/www.stuccovenezianoshop.com\/fr\/prodotto\/cire-naturelle-dabeille\/"]}]},{"@type":"ImageObject","inLanguage":"fr-FR","@id":"https:\/\/www.stuccovenezianoshop.com\/fr\/prodotto\/cire-naturelle-dabeille\/#primaryimage","url":"https:\/\/www.stuccovenezianoshop.com\/wp-content\/uploads\/2020\/11\/Lt_25_5.avif","contentUrl":"https:\/\/www.stuccovenezianoshop.com\/wp-content\/uploads\/2020\/11\/Lt_25_5.avif","width":1080,"height":1080},{"@type":"BreadcrumbList","@id":"https:\/\/www.stuccovenezianoshop.com\/fr\/prodotto\/cire-naturelle-dabeille\/#breadcrumb","itemListElement":[{"@type":"ListItem","position":1,"name":"Accueil","item":"https:\/\/www.stuccovenezianoshop.com\/fr\/"},{"@type":"ListItem","position":2,"name":"Boutique","item":"https:\/\/www.stuccovenezianoshop.com\/fr\/boutique\/"},{"@type":"ListItem","position":3,"name":"Cire naturelle d\u2019abeille"}]},{"@type":"WebSite","@id":"https:\/\/www.stuccovenezianoshop.com\/fr\/#website","url":"https:\/\/www.stuccovenezianoshop.com\/fr\/","name":"Stucco Veneziano","description":"","publisher":{"@id":"https:\/\/www.stuccovenezianoshop.com\/fr\/#organization"},"potentialAction":[{"@type":"SearchAction","target":{"@type":"EntryPoint","urlTemplate":"https:\/\/www.stuccovenezianoshop.com\/fr\/?s={search_term_string}"},"query-input":{"@type":"PropertyValueSpecification","valueRequired":true,"valueName":"search_term_string"}}],"inLanguage":"fr-FR"},{"@type":"Organization","@id":"https:\/\/www.stuccovenezianoshop.com\/fr\/#organization","name":"Stucco Veneziano","url":"https:\/\/www.stuccovenezianoshop.com\/fr\/","logo":{"@type":"ImageObject","inLanguage":"fr-FR","@id":"https:\/\/www.stuccovenezianoshop.com\/fr\/#\/schema\/logo\/image\/","url":"https:\/\/www.stuccovenezianoshop.com\/wp-content\/uploads\/2021\/08\/Logo-mobile-2x.avif","contentUrl":"https:\/\/www.stuccovenezianoshop.com\/wp-content\/uploads\/2021\/08\/Logo-mobile-2x.avif","width":121,"height":70,"caption":"Stucco Veneziano"},"image":{"@id":"https:\/\/www.stuccovenezianoshop.com\/fr\/#\/schema\/logo\/image\/"},"sameAs":["https:\/\/www.facebook.com\/stuccovenezianoshop","https:\/\/www.instagram.com\/stuccovenezianoshop\/"]}]}},"_links":{"self":[{"href":"https:\/\/www.stuccovenezianoshop.com\/fr\/wp-json\/wp\/v2\/product\/54504","targetHints":{"allow":["GET"]}}],"collection":[{"href":"https:\/\/www.stuccovenezianoshop.com\/fr\/wp-json\/wp\/v2\/product"}],"about":[{"href":"https:\/\/www.stuccovenezianoshop.com\/fr\/wp-json\/wp\/v2\/types\/product"}],"replies":[{"embeddable":true,"href":"https:\/\/www.stuccovenezianoshop.com\/fr\/wp-json\/wp\/v2\/comments?post=54504"}],"wp:featuredmedia":[{"embeddable":true,"href":"https:\/\/www.stuccovenezianoshop.com\/fr\/wp-json\/wp\/v2\/media\/33884"}],"wp:attachment":[{"href":"https:\/\/www.stuccovenezianoshop.com\/fr\/wp-json\/wp\/v2\/media?parent=54504"}],"wp:term":[{"taxonomy":"product_brand","embeddable":true,"href":"https:\/\/www.stuccovenezianoshop.com\/fr\/wp-json\/wp\/v2\/product_brand?post=54504"},{"taxonomy":"product_cat","embeddable":true,"href":"https:\/\/www.stuccovenezianoshop.com\/fr\/wp-json\/wp\/v2\/product_cat?post=54504"},{"taxonomy":"product_tag","embeddable":true,"href":"https:\/\/www.stuccovenezianoshop.com\/fr\/wp-json\/wp\/v2\/product_tag?post=54504"}],"curies":[{"name":"wp","href":"https:\/\/api.w.org\/{rel}","templated":true}]}}