{"id":54314,"date":"2020-11-28T11:20:46","date_gmt":"2020-11-28T09:20:46","guid":{"rendered":"https:\/\/www.stuccovenezianoshop.com\/produkt\/primaire-arena\/"},"modified":"2025-07-07T14:04:30","modified_gmt":"2025-07-07T12:04:30","slug":"primaire-arena","status":"publish","type":"product","link":"https:\/\/www.stuccovenezianoshop.com\/fr\/prodotto\/primaire-arena\/","title":{"rendered":"Primaire Arena"},"content":{"rendered":"<p>La sous-couche Arena est un produit innovant \u00e0 appliquer au pinceau ou au rouleau comme sous-couche g\u00e9n\u00e9rique, sp\u00e9cialement con\u00e7ue pour les surfaces n\u00e9cessitant une forte adh\u00e9rence. Elle peut \u00eatre utilis\u00e9e sur des surfaces lisses ou d\u00e9j\u00e0 trait\u00e9es. <\/p>\n","protected":false},"excerpt":{"rendered":"<p>La sous-couche Arena est un produit innovant \u00e0 appliquer au pinceau ou au rouleau comme sous-couche g\u00e9n\u00e9rique, sp\u00e9cialement con\u00e7ue pour les surfaces n\u00e9cessitant une forte adh\u00e9rence. Elle peut \u00eatre utilis\u00e9e sur des surfaces lisses ou d\u00e9j\u00e0 trait\u00e9es. <\/p>\n<h4>Caract\u00e9ristiques du produit :<\/h4>\n<p><span class=\"avvertenze\">Remarques&nbsp;: diluer avec de l\u2019eau \u00e0 10-25&nbsp;% <\/span><br \/>\n<span class=\"nature\">Nature&nbsp;: r\u00e9sine acrylique + poudre de marbre 200&nbsp;microns<\/span><br \/>\n<span class=\"aspetto\">Aspect&nbsp;: mat poreux<\/span><br \/>\n<a href=\"https:\/\/www.stuccovenezianoshop.com\/wp-content\/uploads\/pdf\/004_TECHNISCHES_MERKBLATT_GRUNDIERUNG_ARENA.pdf\" target=\"_blank\" rel=\"noopener noreferrer\"><span class=\"pdf\">Fiche technique<\/span><\/a><br \/>\n<a href=\"https:\/\/www.stuccovenezianoshop.com\/wp-content\/uploads\/pdf\/security\/004_SICHERHEITSDATENBLATT_GRUNDIERUNG_ARENA.pdf\" target=\"_blank\" rel=\"noopener noreferrer\"><span class=\"pdf\">Fiche de donn\u00e9es de s\u00e9curit\u00e9<\/span><\/a><\/p>\n<p><a href=\"https:\/\/www.stuccovenezianoshop.com\/fr\/tutoriel\/#GrundierungArena\"><button class=\"video-button\">Tutoriel vid\u00e9o<\/button><\/a><\/p>\n","protected":false},"featured_media":32400,"comment_status":"closed","ping_status":"closed","template":"","meta":{"_acf_changed":false},"product_brand":[],"product_cat":[1788],"product_tag":[],"class_list":{"0":"post-54314","1":"product","2":"type-product","3":"status-publish","4":"has-post-thumbnail","6":"product_cat-masse-degalisation-et-primaires","7":"description-off","9":"first","10":"instock","11":"taxable","12":"shipping-taxable","13":"purchasable","14":"product-type-variable"},"acf":[],"yoast_head":"<!-- This site is optimized with the Yoast SEO plugin v27.5 - https:\/\/yoast.com\/product\/yoast-seo-wordpress\/ -->\n<title>Primaire Arena &#8226; Stucco Veneziano<\/title>\n<meta name=\"description\" content=\"La sous-couche Arena est un produit innovant \u00e0 appliquer au pinceau ou au rouleau comme sous-couche g\u00e9n\u00e9rique. Garantie et qualit\u00e9 des mat\u00e9riaux\" \/>\n<meta name=\"robots\" content=\"index, follow, max-snippet:-1, max-image-preview:large, max-video-preview:-1\" \/>\n<link rel=\"canonical\" href=\"https:\/\/www.stuccovenezianoshop.com\/fr\/prodotto\/primaire-arena\/\" \/>\n<meta property=\"og:locale\" content=\"fr_FR\" \/>\n<meta property=\"og:type\" content=\"article\" \/>\n<meta property=\"og:title\" content=\"Primaire Arena &#8226; Stucco Veneziano\" \/>\n<meta property=\"og:description\" content=\"La sous-couche Arena est un produit innovant \u00e0 appliquer au pinceau ou au rouleau comme sous-couche g\u00e9n\u00e9rique. Garantie et qualit\u00e9 des mat\u00e9riaux\" \/>\n<meta property=\"og:url\" content=\"https:\/\/www.stuccovenezianoshop.com\/fr\/prodotto\/primaire-arena\/\" \/>\n<meta property=\"og:site_name\" content=\"Stucco Veneziano\" \/>\n<meta property=\"article:publisher\" content=\"https:\/\/www.facebook.com\/stuccovenezianoshop\" \/>\n<meta property=\"article:modified_time\" content=\"2025-07-07T12:04:30+00:00\" \/>\n<meta name=\"twitter:card\" content=\"summary_large_image\" \/>\n<script type=\"application\/ld+json\" class=\"yoast-schema-graph\">{\"@context\":\"https:\\\/\\\/schema.org\",\"@graph\":[{\"@type\":\"WebPage\",\"@id\":\"https:\\\/\\\/www.stuccovenezianoshop.com\\\/fr\\\/prodotto\\\/primaire-arena\\\/\",\"url\":\"https:\\\/\\\/www.stuccovenezianoshop.com\\\/fr\\\/prodotto\\\/primaire-arena\\\/\",\"name\":\"Primaire Arena &#8226; Stucco Veneziano\",\"isPartOf\":{\"@id\":\"https:\\\/\\\/www.stuccovenezianoshop.com\\\/fr\\\/#website\"},\"primaryImageOfPage\":{\"@id\":\"https:\\\/\\\/www.stuccovenezianoshop.com\\\/fr\\\/prodotto\\\/primaire-arena\\\/#primaryimage\"},\"image\":{\"@id\":\"https:\\\/\\\/www.stuccovenezianoshop.com\\\/fr\\\/prodotto\\\/primaire-arena\\\/#primaryimage\"},\"thumbnailUrl\":\"https:\\\/\\\/www.stuccovenezianoshop.com\\\/wp-content\\\/uploads\\\/2020\\\/11\\\/Grundierung-Arena_Secchio.avif\",\"datePublished\":\"2020-11-28T09:20:46+00:00\",\"dateModified\":\"2025-07-07T12:04:30+00:00\",\"description\":\"La sous-couche Arena est un produit innovant \u00e0 appliquer au pinceau ou au rouleau comme sous-couche g\u00e9n\u00e9rique. Garantie et qualit\u00e9 des mat\u00e9riaux\",\"breadcrumb\":{\"@id\":\"https:\\\/\\\/www.stuccovenezianoshop.com\\\/fr\\\/prodotto\\\/primaire-arena\\\/#breadcrumb\"},\"inLanguage\":\"fr-FR\",\"potentialAction\":[{\"@type\":\"ReadAction\",\"target\":[\"https:\\\/\\\/www.stuccovenezianoshop.com\\\/fr\\\/prodotto\\\/primaire-arena\\\/\"]}]},{\"@type\":\"ImageObject\",\"inLanguage\":\"fr-FR\",\"@id\":\"https:\\\/\\\/www.stuccovenezianoshop.com\\\/fr\\\/prodotto\\\/primaire-arena\\\/#primaryimage\",\"url\":\"https:\\\/\\\/www.stuccovenezianoshop.com\\\/wp-content\\\/uploads\\\/2020\\\/11\\\/Grundierung-Arena_Secchio.avif\",\"contentUrl\":\"https:\\\/\\\/www.stuccovenezianoshop.com\\\/wp-content\\\/uploads\\\/2020\\\/11\\\/Grundierung-Arena_Secchio.avif\",\"width\":1080,\"height\":1080},{\"@type\":\"BreadcrumbList\",\"@id\":\"https:\\\/\\\/www.stuccovenezianoshop.com\\\/fr\\\/prodotto\\\/primaire-arena\\\/#breadcrumb\",\"itemListElement\":[{\"@type\":\"ListItem\",\"position\":1,\"name\":\"Accueil\",\"item\":\"https:\\\/\\\/www.stuccovenezianoshop.com\\\/fr\\\/\"},{\"@type\":\"ListItem\",\"position\":2,\"name\":\"Boutique\",\"item\":\"https:\\\/\\\/www.stuccovenezianoshop.com\\\/fr\\\/boutique\\\/\"},{\"@type\":\"ListItem\",\"position\":3,\"name\":\"Primaire Arena\"}]},{\"@type\":\"WebSite\",\"@id\":\"https:\\\/\\\/www.stuccovenezianoshop.com\\\/fr\\\/#website\",\"url\":\"https:\\\/\\\/www.stuccovenezianoshop.com\\\/fr\\\/\",\"name\":\"Stucco Veneziano\",\"description\":\"\",\"publisher\":{\"@id\":\"https:\\\/\\\/www.stuccovenezianoshop.com\\\/fr\\\/#organization\"},\"potentialAction\":[{\"@type\":\"SearchAction\",\"target\":{\"@type\":\"EntryPoint\",\"urlTemplate\":\"https:\\\/\\\/www.stuccovenezianoshop.com\\\/fr\\\/?s={search_term_string}\"},\"query-input\":{\"@type\":\"PropertyValueSpecification\",\"valueRequired\":true,\"valueName\":\"search_term_string\"}}],\"inLanguage\":\"fr-FR\"},{\"@type\":\"Organization\",\"@id\":\"https:\\\/\\\/www.stuccovenezianoshop.com\\\/fr\\\/#organization\",\"name\":\"Stucco Veneziano\",\"url\":\"https:\\\/\\\/www.stuccovenezianoshop.com\\\/fr\\\/\",\"logo\":{\"@type\":\"ImageObject\",\"inLanguage\":\"fr-FR\",\"@id\":\"https:\\\/\\\/www.stuccovenezianoshop.com\\\/fr\\\/#\\\/schema\\\/logo\\\/image\\\/\",\"url\":\"https:\\\/\\\/www.stuccovenezianoshop.com\\\/wp-content\\\/uploads\\\/2021\\\/08\\\/Logo-mobile-2x.avif\",\"contentUrl\":\"https:\\\/\\\/www.stuccovenezianoshop.com\\\/wp-content\\\/uploads\\\/2021\\\/08\\\/Logo-mobile-2x.avif\",\"width\":121,\"height\":70,\"caption\":\"Stucco Veneziano\"},\"image\":{\"@id\":\"https:\\\/\\\/www.stuccovenezianoshop.com\\\/fr\\\/#\\\/schema\\\/logo\\\/image\\\/\"},\"sameAs\":[\"https:\\\/\\\/www.facebook.com\\\/stuccovenezianoshop\",\"https:\\\/\\\/www.instagram.com\\\/stuccovenezianoshop\\\/\"]}]}<\/script>\n<!-- \/ Yoast SEO plugin. -->","yoast_head_json":{"title":"Primaire Arena &#8226; Stucco Veneziano","description":"La sous-couche Arena est un produit innovant \u00e0 appliquer au pinceau ou au rouleau comme sous-couche g\u00e9n\u00e9rique. Garantie et qualit\u00e9 des mat\u00e9riaux","robots":{"index":"index","follow":"follow","max-snippet":"max-snippet:-1","max-image-preview":"max-image-preview:large","max-video-preview":"max-video-preview:-1"},"canonical":"https:\/\/www.stuccovenezianoshop.com\/fr\/prodotto\/primaire-arena\/","og_locale":"fr_FR","og_type":"article","og_title":"Primaire Arena &#8226; Stucco Veneziano","og_description":"La sous-couche Arena est un produit innovant \u00e0 appliquer au pinceau ou au rouleau comme sous-couche g\u00e9n\u00e9rique. Garantie et qualit\u00e9 des mat\u00e9riaux","og_url":"https:\/\/www.stuccovenezianoshop.com\/fr\/prodotto\/primaire-arena\/","og_site_name":"Stucco Veneziano","article_publisher":"https:\/\/www.facebook.com\/stuccovenezianoshop","article_modified_time":"2025-07-07T12:04:30+00:00","twitter_card":"summary_large_image","schema":{"@context":"https:\/\/schema.org","@graph":[{"@type":"WebPage","@id":"https:\/\/www.stuccovenezianoshop.com\/fr\/prodotto\/primaire-arena\/","url":"https:\/\/www.stuccovenezianoshop.com\/fr\/prodotto\/primaire-arena\/","name":"Primaire Arena &#8226; Stucco Veneziano","isPartOf":{"@id":"https:\/\/www.stuccovenezianoshop.com\/fr\/#website"},"primaryImageOfPage":{"@id":"https:\/\/www.stuccovenezianoshop.com\/fr\/prodotto\/primaire-arena\/#primaryimage"},"image":{"@id":"https:\/\/www.stuccovenezianoshop.com\/fr\/prodotto\/primaire-arena\/#primaryimage"},"thumbnailUrl":"https:\/\/www.stuccovenezianoshop.com\/wp-content\/uploads\/2020\/11\/Grundierung-Arena_Secchio.avif","datePublished":"2020-11-28T09:20:46+00:00","dateModified":"2025-07-07T12:04:30+00:00","description":"La sous-couche Arena est un produit innovant \u00e0 appliquer au pinceau ou au rouleau comme sous-couche g\u00e9n\u00e9rique. Garantie et qualit\u00e9 des mat\u00e9riaux","breadcrumb":{"@id":"https:\/\/www.stuccovenezianoshop.com\/fr\/prodotto\/primaire-arena\/#breadcrumb"},"inLanguage":"fr-FR","potentialAction":[{"@type":"ReadAction","target":["https:\/\/www.stuccovenezianoshop.com\/fr\/prodotto\/primaire-arena\/"]}]},{"@type":"ImageObject","inLanguage":"fr-FR","@id":"https:\/\/www.stuccovenezianoshop.com\/fr\/prodotto\/primaire-arena\/#primaryimage","url":"https:\/\/www.stuccovenezianoshop.com\/wp-content\/uploads\/2020\/11\/Grundierung-Arena_Secchio.avif","contentUrl":"https:\/\/www.stuccovenezianoshop.com\/wp-content\/uploads\/2020\/11\/Grundierung-Arena_Secchio.avif","width":1080,"height":1080},{"@type":"BreadcrumbList","@id":"https:\/\/www.stuccovenezianoshop.com\/fr\/prodotto\/primaire-arena\/#breadcrumb","itemListElement":[{"@type":"ListItem","position":1,"name":"Accueil","item":"https:\/\/www.stuccovenezianoshop.com\/fr\/"},{"@type":"ListItem","position":2,"name":"Boutique","item":"https:\/\/www.stuccovenezianoshop.com\/fr\/boutique\/"},{"@type":"ListItem","position":3,"name":"Primaire Arena"}]},{"@type":"WebSite","@id":"https:\/\/www.stuccovenezianoshop.com\/fr\/#website","url":"https:\/\/www.stuccovenezianoshop.com\/fr\/","name":"Stucco Veneziano","description":"","publisher":{"@id":"https:\/\/www.stuccovenezianoshop.com\/fr\/#organization"},"potentialAction":[{"@type":"SearchAction","target":{"@type":"EntryPoint","urlTemplate":"https:\/\/www.stuccovenezianoshop.com\/fr\/?s={search_term_string}"},"query-input":{"@type":"PropertyValueSpecification","valueRequired":true,"valueName":"search_term_string"}}],"inLanguage":"fr-FR"},{"@type":"Organization","@id":"https:\/\/www.stuccovenezianoshop.com\/fr\/#organization","name":"Stucco Veneziano","url":"https:\/\/www.stuccovenezianoshop.com\/fr\/","logo":{"@type":"ImageObject","inLanguage":"fr-FR","@id":"https:\/\/www.stuccovenezianoshop.com\/fr\/#\/schema\/logo\/image\/","url":"https:\/\/www.stuccovenezianoshop.com\/wp-content\/uploads\/2021\/08\/Logo-mobile-2x.avif","contentUrl":"https:\/\/www.stuccovenezianoshop.com\/wp-content\/uploads\/2021\/08\/Logo-mobile-2x.avif","width":121,"height":70,"caption":"Stucco Veneziano"},"image":{"@id":"https:\/\/www.stuccovenezianoshop.com\/fr\/#\/schema\/logo\/image\/"},"sameAs":["https:\/\/www.facebook.com\/stuccovenezianoshop","https:\/\/www.instagram.com\/stuccovenezianoshop\/"]}]}},"_links":{"self":[{"href":"https:\/\/www.stuccovenezianoshop.com\/fr\/wp-json\/wp\/v2\/product\/54314","targetHints":{"allow":["GET"]}}],"collection":[{"href":"https:\/\/www.stuccovenezianoshop.com\/fr\/wp-json\/wp\/v2\/product"}],"about":[{"href":"https:\/\/www.stuccovenezianoshop.com\/fr\/wp-json\/wp\/v2\/types\/product"}],"replies":[{"embeddable":true,"href":"https:\/\/www.stuccovenezianoshop.com\/fr\/wp-json\/wp\/v2\/comments?post=54314"}],"wp:featuredmedia":[{"embeddable":true,"href":"https:\/\/www.stuccovenezianoshop.com\/fr\/wp-json\/wp\/v2\/media\/32400"}],"wp:attachment":[{"href":"https:\/\/www.stuccovenezianoshop.com\/fr\/wp-json\/wp\/v2\/media?parent=54314"}],"wp:term":[{"taxonomy":"product_brand","embeddable":true,"href":"https:\/\/www.stuccovenezianoshop.com\/fr\/wp-json\/wp\/v2\/product_brand?post=54314"},{"taxonomy":"product_cat","embeddable":true,"href":"https:\/\/www.stuccovenezianoshop.com\/fr\/wp-json\/wp\/v2\/product_cat?post=54314"},{"taxonomy":"product_tag","embeddable":true,"href":"https:\/\/www.stuccovenezianoshop.com\/fr\/wp-json\/wp\/v2\/product_tag?post=54314"}],"curies":[{"name":"wp","href":"https:\/\/api.w.org\/{rel}","templated":true}]}}