{"id":54144,"date":"2020-11-23T19:26:36","date_gmt":"2020-11-23T17:26:36","guid":{"rendered":"https:\/\/www.stuccovenezianoshop.com\/produkt\/primaire-daccrochage-autonivelant\/"},"modified":"2020-11-23T19:26:36","modified_gmt":"2020-11-23T17:26:36","slug":"primaire-daccrochage-autonivelant","status":"publish","type":"product","link":"https:\/\/www.stuccovenezianoshop.com\/fr\/prodotto\/primaire-daccrochage-autonivelant\/","title":{"rendered":"Primaire d\u2019accrochage autonivelant"},"content":{"rendered":"<p>Le primaire d\u2019accrochage autonivelant est un enduit garnissant monocomposant offrant une excellente r\u00e9sistance m\u00e9canique et une force d\u2019ancrage exceptionnelle, m\u00eame sur des surfaces peu absorbantes. Id\u00e9al pour les cycles de sol Marmorino, les cycles \u00e9poxy-polyur\u00e9thane, le produit offre des conditions id\u00e9ales pour assurer une liaison solide sur les carreaux, la c\u00e9ramique \u00e9maill\u00e9e, le plastique, le marbre, le fer et les surfaces lisses ou d\u00e9j\u00e0 trait\u00e9es. <\/p>\n","protected":false},"excerpt":{"rendered":"<p>Le primaire d\u2019accrochage autonivelant est un enduit garnissant monocomposant offrant une excellente r\u00e9sistance m\u00e9canique et une force d\u2019ancrage exceptionnelle, m\u00eame sur des surfaces peu absorbantes. Id\u00e9al pour les cycles de sol Marmorino, les cycles \u00e9poxy-polyur\u00e9thane, le produit offre des conditions id\u00e9ales pour assurer une liaison solide sur les carreaux, la c\u00e9ramique \u00e9maill\u00e9e, le plastique, le marbre, le fer et les surfaces lisses ou d\u00e9j\u00e0 trait\u00e9es. <\/p>\n<h4>Caract\u00e9ristiques du produit :<\/h4>\n<p><span class=\"avvertenze\">Remarques : pr\u00eat \u00e0 l&#8217;emploi<\/span><br \/>\n<span class=\"nature\">Nature&nbsp;: synth\u00e9tique <\/span><br \/>\n<span class=\"aspetto\">Aspect&nbsp;: lissant poreux<\/span><br \/>\n<a href=\"https:\/\/www.stuccovenezianoshop.com\/wp-content\/uploads\/pdf\/007_TECHNISCHES_MERKBLATT_NIVELLIERVORSCHICHT.pdf\" target=\"_blank\" rel=\"noopener noreferrer\"><span class=\"pdf\">Fiche technique<\/span><\/a><br \/>\n<a href=\"https:\/\/www.stuccovenezianoshop.com\/wp-content\/uploads\/pdf\/security\/007_SICHERHEITSDATENBLATT_NIVELLIERVORSCHICT.pdf\" target=\"_blank\" rel=\"noopener noreferrer\"><span class=\"pdf\">Fiche de donn\u00e9es de s\u00e9curit\u00e9<\/span><\/a><\/p>\n<p><a href=\"https:\/\/www.stuccovenezianoshop.com\/fr\/tutoriel\/#Nivelliervorschicht\"><button class=\"video-button\">Tutoriel vid\u00e9o<\/button><\/a><\/p>\n","protected":false},"featured_media":34348,"comment_status":"closed","ping_status":"closed","template":"","meta":{"_acf_changed":false},"product_brand":[],"product_cat":[1788,1828,1829],"product_tag":[],"class_list":{"0":"post-54144","1":"product","2":"type-product","3":"status-publish","4":"has-post-thumbnail","6":"product_cat-masse-degalisation-et-primaires","7":"product_cat-prodotti-per-pavimento-old","8":"product_cat-resina-floor-old-fr","9":"description-off","11":"first","12":"instock","13":"taxable","14":"shipping-taxable","15":"purchasable","16":"product-type-variable"},"acf":[],"yoast_head":"<!-- This site is optimized with the Yoast SEO plugin v27.5 - https:\/\/yoast.com\/product\/yoast-seo-wordpress\/ -->\n<title>Primaire d\u2019accrochage autonivelant &#8226; Stucco Veneziano<\/title>\n<meta name=\"description\" content=\"La sous-couche de nivellement est un enduit de lissage monocomposant offrant une excellente r\u00e9sistance m\u00e9canique. Stucco Veneziano Shop\" \/>\n<meta name=\"robots\" content=\"index, follow, max-snippet:-1, max-image-preview:large, max-video-preview:-1\" \/>\n<link rel=\"canonical\" href=\"https:\/\/www.stuccovenezianoshop.com\/fr\/prodotto\/primaire-daccrochage-autonivelant\/\" \/>\n<meta property=\"og:locale\" content=\"fr_FR\" \/>\n<meta property=\"og:type\" content=\"article\" \/>\n<meta property=\"og:title\" content=\"Primaire d\u2019accrochage autonivelant &#8226; Stucco Veneziano\" \/>\n<meta property=\"og:description\" content=\"La sous-couche de nivellement est un enduit de lissage monocomposant offrant une excellente r\u00e9sistance m\u00e9canique. Stucco Veneziano Shop\" \/>\n<meta property=\"og:url\" content=\"https:\/\/www.stuccovenezianoshop.com\/fr\/prodotto\/primaire-daccrochage-autonivelant\/\" \/>\n<meta property=\"og:site_name\" content=\"Stucco Veneziano\" \/>\n<meta property=\"article:publisher\" content=\"https:\/\/www.facebook.com\/stuccovenezianoshop\" \/>\n<meta name=\"twitter:card\" content=\"summary_large_image\" \/>\n<script type=\"application\/ld+json\" class=\"yoast-schema-graph\">{\"@context\":\"https:\\\/\\\/schema.org\",\"@graph\":[{\"@type\":\"WebPage\",\"@id\":\"https:\\\/\\\/www.stuccovenezianoshop.com\\\/fr\\\/prodotto\\\/primaire-daccrochage-autonivelant\\\/\",\"url\":\"https:\\\/\\\/www.stuccovenezianoshop.com\\\/fr\\\/prodotto\\\/primaire-daccrochage-autonivelant\\\/\",\"name\":\"Primaire d\u2019accrochage autonivelant &#8226; Stucco Veneziano\",\"isPartOf\":{\"@id\":\"https:\\\/\\\/www.stuccovenezianoshop.com\\\/fr\\\/#website\"},\"primaryImageOfPage\":{\"@id\":\"https:\\\/\\\/www.stuccovenezianoshop.com\\\/fr\\\/prodotto\\\/primaire-daccrochage-autonivelant\\\/#primaryimage\"},\"image\":{\"@id\":\"https:\\\/\\\/www.stuccovenezianoshop.com\\\/fr\\\/prodotto\\\/primaire-daccrochage-autonivelant\\\/#primaryimage\"},\"thumbnailUrl\":\"https:\\\/\\\/www.stuccovenezianoshop.com\\\/wp-content\\\/uploads\\\/2020\\\/11\\\/Nivelliervorschicht_2i.avif\",\"datePublished\":\"2020-11-23T17:26:36+00:00\",\"description\":\"La sous-couche de nivellement est un enduit de lissage monocomposant offrant une excellente r\u00e9sistance m\u00e9canique. Stucco Veneziano Shop\",\"breadcrumb\":{\"@id\":\"https:\\\/\\\/www.stuccovenezianoshop.com\\\/fr\\\/prodotto\\\/primaire-daccrochage-autonivelant\\\/#breadcrumb\"},\"inLanguage\":\"fr-FR\",\"potentialAction\":[{\"@type\":\"ReadAction\",\"target\":[\"https:\\\/\\\/www.stuccovenezianoshop.com\\\/fr\\\/prodotto\\\/primaire-daccrochage-autonivelant\\\/\"]}]},{\"@type\":\"ImageObject\",\"inLanguage\":\"fr-FR\",\"@id\":\"https:\\\/\\\/www.stuccovenezianoshop.com\\\/fr\\\/prodotto\\\/primaire-daccrochage-autonivelant\\\/#primaryimage\",\"url\":\"https:\\\/\\\/www.stuccovenezianoshop.com\\\/wp-content\\\/uploads\\\/2020\\\/11\\\/Nivelliervorschicht_2i.avif\",\"contentUrl\":\"https:\\\/\\\/www.stuccovenezianoshop.com\\\/wp-content\\\/uploads\\\/2020\\\/11\\\/Nivelliervorschicht_2i.avif\",\"width\":1080,\"height\":1080},{\"@type\":\"BreadcrumbList\",\"@id\":\"https:\\\/\\\/www.stuccovenezianoshop.com\\\/fr\\\/prodotto\\\/primaire-daccrochage-autonivelant\\\/#breadcrumb\",\"itemListElement\":[{\"@type\":\"ListItem\",\"position\":1,\"name\":\"Accueil\",\"item\":\"https:\\\/\\\/www.stuccovenezianoshop.com\\\/fr\\\/\"},{\"@type\":\"ListItem\",\"position\":2,\"name\":\"Boutique\",\"item\":\"https:\\\/\\\/www.stuccovenezianoshop.com\\\/fr\\\/boutique\\\/\"},{\"@type\":\"ListItem\",\"position\":3,\"name\":\"Primaire d\u2019accrochage autonivelant\"}]},{\"@type\":\"WebSite\",\"@id\":\"https:\\\/\\\/www.stuccovenezianoshop.com\\\/fr\\\/#website\",\"url\":\"https:\\\/\\\/www.stuccovenezianoshop.com\\\/fr\\\/\",\"name\":\"Stucco Veneziano\",\"description\":\"\",\"publisher\":{\"@id\":\"https:\\\/\\\/www.stuccovenezianoshop.com\\\/fr\\\/#organization\"},\"potentialAction\":[{\"@type\":\"SearchAction\",\"target\":{\"@type\":\"EntryPoint\",\"urlTemplate\":\"https:\\\/\\\/www.stuccovenezianoshop.com\\\/fr\\\/?s={search_term_string}\"},\"query-input\":{\"@type\":\"PropertyValueSpecification\",\"valueRequired\":true,\"valueName\":\"search_term_string\"}}],\"inLanguage\":\"fr-FR\"},{\"@type\":\"Organization\",\"@id\":\"https:\\\/\\\/www.stuccovenezianoshop.com\\\/fr\\\/#organization\",\"name\":\"Stucco Veneziano\",\"url\":\"https:\\\/\\\/www.stuccovenezianoshop.com\\\/fr\\\/\",\"logo\":{\"@type\":\"ImageObject\",\"inLanguage\":\"fr-FR\",\"@id\":\"https:\\\/\\\/www.stuccovenezianoshop.com\\\/fr\\\/#\\\/schema\\\/logo\\\/image\\\/\",\"url\":\"https:\\\/\\\/www.stuccovenezianoshop.com\\\/wp-content\\\/uploads\\\/2021\\\/08\\\/Logo-mobile-2x.avif\",\"contentUrl\":\"https:\\\/\\\/www.stuccovenezianoshop.com\\\/wp-content\\\/uploads\\\/2021\\\/08\\\/Logo-mobile-2x.avif\",\"width\":121,\"height\":70,\"caption\":\"Stucco Veneziano\"},\"image\":{\"@id\":\"https:\\\/\\\/www.stuccovenezianoshop.com\\\/fr\\\/#\\\/schema\\\/logo\\\/image\\\/\"},\"sameAs\":[\"https:\\\/\\\/www.facebook.com\\\/stuccovenezianoshop\",\"https:\\\/\\\/www.instagram.com\\\/stuccovenezianoshop\\\/\"]}]}<\/script>\n<!-- \/ Yoast SEO plugin. -->","yoast_head_json":{"title":"Primaire d\u2019accrochage autonivelant &#8226; Stucco Veneziano","description":"La sous-couche de nivellement est un enduit de lissage monocomposant offrant une excellente r\u00e9sistance m\u00e9canique. Stucco Veneziano Shop","robots":{"index":"index","follow":"follow","max-snippet":"max-snippet:-1","max-image-preview":"max-image-preview:large","max-video-preview":"max-video-preview:-1"},"canonical":"https:\/\/www.stuccovenezianoshop.com\/fr\/prodotto\/primaire-daccrochage-autonivelant\/","og_locale":"fr_FR","og_type":"article","og_title":"Primaire d\u2019accrochage autonivelant &#8226; Stucco Veneziano","og_description":"La sous-couche de nivellement est un enduit de lissage monocomposant offrant une excellente r\u00e9sistance m\u00e9canique. Stucco Veneziano Shop","og_url":"https:\/\/www.stuccovenezianoshop.com\/fr\/prodotto\/primaire-daccrochage-autonivelant\/","og_site_name":"Stucco Veneziano","article_publisher":"https:\/\/www.facebook.com\/stuccovenezianoshop","twitter_card":"summary_large_image","schema":{"@context":"https:\/\/schema.org","@graph":[{"@type":"WebPage","@id":"https:\/\/www.stuccovenezianoshop.com\/fr\/prodotto\/primaire-daccrochage-autonivelant\/","url":"https:\/\/www.stuccovenezianoshop.com\/fr\/prodotto\/primaire-daccrochage-autonivelant\/","name":"Primaire d\u2019accrochage autonivelant &#8226; Stucco Veneziano","isPartOf":{"@id":"https:\/\/www.stuccovenezianoshop.com\/fr\/#website"},"primaryImageOfPage":{"@id":"https:\/\/www.stuccovenezianoshop.com\/fr\/prodotto\/primaire-daccrochage-autonivelant\/#primaryimage"},"image":{"@id":"https:\/\/www.stuccovenezianoshop.com\/fr\/prodotto\/primaire-daccrochage-autonivelant\/#primaryimage"},"thumbnailUrl":"https:\/\/www.stuccovenezianoshop.com\/wp-content\/uploads\/2020\/11\/Nivelliervorschicht_2i.avif","datePublished":"2020-11-23T17:26:36+00:00","description":"La sous-couche de nivellement est un enduit de lissage monocomposant offrant une excellente r\u00e9sistance m\u00e9canique. Stucco Veneziano Shop","breadcrumb":{"@id":"https:\/\/www.stuccovenezianoshop.com\/fr\/prodotto\/primaire-daccrochage-autonivelant\/#breadcrumb"},"inLanguage":"fr-FR","potentialAction":[{"@type":"ReadAction","target":["https:\/\/www.stuccovenezianoshop.com\/fr\/prodotto\/primaire-daccrochage-autonivelant\/"]}]},{"@type":"ImageObject","inLanguage":"fr-FR","@id":"https:\/\/www.stuccovenezianoshop.com\/fr\/prodotto\/primaire-daccrochage-autonivelant\/#primaryimage","url":"https:\/\/www.stuccovenezianoshop.com\/wp-content\/uploads\/2020\/11\/Nivelliervorschicht_2i.avif","contentUrl":"https:\/\/www.stuccovenezianoshop.com\/wp-content\/uploads\/2020\/11\/Nivelliervorschicht_2i.avif","width":1080,"height":1080},{"@type":"BreadcrumbList","@id":"https:\/\/www.stuccovenezianoshop.com\/fr\/prodotto\/primaire-daccrochage-autonivelant\/#breadcrumb","itemListElement":[{"@type":"ListItem","position":1,"name":"Accueil","item":"https:\/\/www.stuccovenezianoshop.com\/fr\/"},{"@type":"ListItem","position":2,"name":"Boutique","item":"https:\/\/www.stuccovenezianoshop.com\/fr\/boutique\/"},{"@type":"ListItem","position":3,"name":"Primaire d\u2019accrochage autonivelant"}]},{"@type":"WebSite","@id":"https:\/\/www.stuccovenezianoshop.com\/fr\/#website","url":"https:\/\/www.stuccovenezianoshop.com\/fr\/","name":"Stucco Veneziano","description":"","publisher":{"@id":"https:\/\/www.stuccovenezianoshop.com\/fr\/#organization"},"potentialAction":[{"@type":"SearchAction","target":{"@type":"EntryPoint","urlTemplate":"https:\/\/www.stuccovenezianoshop.com\/fr\/?s={search_term_string}"},"query-input":{"@type":"PropertyValueSpecification","valueRequired":true,"valueName":"search_term_string"}}],"inLanguage":"fr-FR"},{"@type":"Organization","@id":"https:\/\/www.stuccovenezianoshop.com\/fr\/#organization","name":"Stucco Veneziano","url":"https:\/\/www.stuccovenezianoshop.com\/fr\/","logo":{"@type":"ImageObject","inLanguage":"fr-FR","@id":"https:\/\/www.stuccovenezianoshop.com\/fr\/#\/schema\/logo\/image\/","url":"https:\/\/www.stuccovenezianoshop.com\/wp-content\/uploads\/2021\/08\/Logo-mobile-2x.avif","contentUrl":"https:\/\/www.stuccovenezianoshop.com\/wp-content\/uploads\/2021\/08\/Logo-mobile-2x.avif","width":121,"height":70,"caption":"Stucco Veneziano"},"image":{"@id":"https:\/\/www.stuccovenezianoshop.com\/fr\/#\/schema\/logo\/image\/"},"sameAs":["https:\/\/www.facebook.com\/stuccovenezianoshop","https:\/\/www.instagram.com\/stuccovenezianoshop\/"]}]}},"_links":{"self":[{"href":"https:\/\/www.stuccovenezianoshop.com\/fr\/wp-json\/wp\/v2\/product\/54144","targetHints":{"allow":["GET"]}}],"collection":[{"href":"https:\/\/www.stuccovenezianoshop.com\/fr\/wp-json\/wp\/v2\/product"}],"about":[{"href":"https:\/\/www.stuccovenezianoshop.com\/fr\/wp-json\/wp\/v2\/types\/product"}],"replies":[{"embeddable":true,"href":"https:\/\/www.stuccovenezianoshop.com\/fr\/wp-json\/wp\/v2\/comments?post=54144"}],"wp:featuredmedia":[{"embeddable":true,"href":"https:\/\/www.stuccovenezianoshop.com\/fr\/wp-json\/wp\/v2\/media\/34348"}],"wp:attachment":[{"href":"https:\/\/www.stuccovenezianoshop.com\/fr\/wp-json\/wp\/v2\/media?parent=54144"}],"wp:term":[{"taxonomy":"product_brand","embeddable":true,"href":"https:\/\/www.stuccovenezianoshop.com\/fr\/wp-json\/wp\/v2\/product_brand?post=54144"},{"taxonomy":"product_cat","embeddable":true,"href":"https:\/\/www.stuccovenezianoshop.com\/fr\/wp-json\/wp\/v2\/product_cat?post=54144"},{"taxonomy":"product_tag","embeddable":true,"href":"https:\/\/www.stuccovenezianoshop.com\/fr\/wp-json\/wp\/v2\/product_tag?post=54144"}],"curies":[{"name":"wp","href":"https:\/\/api.w.org\/{rel}","templated":true}]}}