{"id":54050,"date":"2020-10-28T17:57:27","date_gmt":"2020-10-28T15:57:27","guid":{"rendered":"https:\/\/www.stuccovenezianoshop.com\/produkt\/pate-a-modeler-3d\/"},"modified":"2020-10-28T17:57:27","modified_gmt":"2020-10-28T15:57:27","slug":"pate-a-modeler-3d","status":"publish","type":"product","link":"https:\/\/www.stuccovenezianoshop.com\/fr\/prodotto\/pate-a-modeler-3d\/","title":{"rendered":"P\u00e2te \u00e0 modeler 3D"},"content":{"rendered":"<p>Spielmasse 3D est une finition semi-plastique con\u00e7ue pour les surfaces \u00e9paisses et adapt\u00e9e \u00e0 la cr\u00e9ation d&rsquo;effets d\u00e9coratifs originaux en relief.<br \/>\nGr\u00e2ce \u00e0 sa formulation pr\u00e9cise, le produit est souple et facile \u00e0 appliquer, offrant une large gamme de m\u00e9thodes d&rsquo;application pour r\u00e9pondre aux exigences d\u00e9coratives les plus pointues.<br \/>\nLe produit peut \u00eatre teint\u00e9 avec le syst\u00e8me de couleurs Stucco Veneziano Shop. Le produit peut \u00eatre teint\u00e9 avec le syst\u00e8me de couleurs Stucco Veneziano Shop. <\/p>\n","protected":false},"excerpt":{"rendered":"<p>Spielmasse 3D est une finition semi-plastique con\u00e7ue pour les surfaces \u00e9paisses et adapt\u00e9e \u00e0 la cr\u00e9ation d&rsquo;effets d\u00e9coratifs originaux en relief.<br \/>\nGr\u00e2ce \u00e0 sa formulation pr\u00e9cise, le produit est souple et facile \u00e0 appliquer, offrant une large gamme de m\u00e9thodes d&rsquo;application pour r\u00e9pondre aux exigences d\u00e9coratives les plus pointues.<\/p>\n<p><strong>La couleur du produit de base est le blanc.<\/strong> <strong>Pour teinter le produit, appliquez une ou plusieurs couches de \u00ab <a href=\"https:\/\/www.stuccovenezianoshop.com\/pl\/produkt\/lazura-dekoracyjna-mineralna\/?v=cd32106bcb6d\"><span style=\"color: #3366ff;\">Lasure d\u00e9corative min\u00e9rale<\/span><\/a> \u00bb ou de \u00ab <a href=\"https:\/\/www.stuccovenezianoshop.com\/produkt\/metallic-farben\/?v=cd32106bcb6d\"><span style=\"color: #3366ff;\">Peintures m\u00e9talliques<\/span><\/a> \u00bb dans la couleur souhait\u00e9e.<\/strong><\/p>\n<h4>Caract\u00e9ristiques du produit :<\/h4>\n<p><span class=\"extern\">Ext\u00e9rieur : Pour un cycle Marmorino en ext\u00e9rieur, il est n\u00e9cessaire d&rsquo;appliquer une couche de Kalkschicht Outdoor comme primaire.<\/span><br \/>\n<span style=\"font-weight: 400;\">Rendement par couche : <strong>pour une \u00e9paisseur de 2 \u00e0 3 mm, environ 0,3 &#8211; 0,4 m\u00b2\/kg<\/strong><\/span><br \/>\n<span class=\"avvertenze\">Remarques : M\u00e9langer la poudre avec de l&rsquo;eau <\/span><br \/>\n<span class=\"nature\">Nature : Chaux + poudre de marbre 300 microns <\/span><br \/>\n<span class=\"aspetto\">Aspect : Multi-effet avec des nuances \u00e9paisses\/mates<\/span><br \/>\n<a href=\"https:\/\/www.stuccovenezianoshop.com\/wp-content\/uploads\/pdf\/066_SCHEDA_TECNICA_SPIELMASSE_3D.pdf\" target=\"_blank\" rel=\"noopener noreferrer\"><span class=\"pdf\">Fiche technique<\/span><\/a><br \/>\n<a href=\"https:\/\/www.stuccovenezianoshop.com\/wp-content\/uploads\/pdf\/security\/066_SICHERHEITSDATENBLATT_SPIELMASSE_3D.pdf\" target=\"_blank\" rel=\"noopener noreferrer\"><span class=\"pdf\">Fiche de donn\u00e9es de s\u00e9curit\u00e9<\/span><\/a><\/p>\n<p><a href=\"https:\/\/www.stuccovenezianoshop.com\/fr\/tutoriel\/#Spielmasse3D\"><button class=\"video-button\">Tutoriel vid\u00e9o<\/button><\/a><\/p>\n","protected":false},"featured_media":33784,"comment_status":"closed","ping_status":"closed","template":"","meta":{"_acf_changed":false},"product_brand":[],"product_cat":[1367,1005],"product_tag":[],"class_list":{"0":"post-54050","1":"product","2":"type-product","3":"status-publish","4":"has-post-thumbnail","6":"product_cat-effet-de-structure","7":"product_cat-enduits-de-marbre","8":"description-off","10":"first","11":"instock","12":"taxable","13":"shipping-taxable","14":"purchasable","15":"product-type-variable","16":"has-default-attributes"},"acf":[],"yoast_head":"<!-- This site is optimized with the Yoast SEO plugin v27.5 - https:\/\/yoast.com\/product\/yoast-seo-wordpress\/ -->\n<title>P\u00e2te \u00e0 modeler 3D &#8226; Stucco Veneziano<\/title>\n<meta name=\"description\" content=\"Spielmasse 3D est une finition semi-plastique. Boutique Stucco Veneziano. Livraison gratuite et rapide ! Garantie et qualit\u00e9 des mat\u00e9riaux\" \/>\n<meta name=\"robots\" content=\"index, follow, max-snippet:-1, max-image-preview:large, max-video-preview:-1\" \/>\n<link rel=\"canonical\" href=\"https:\/\/www.stuccovenezianoshop.com\/fr\/prodotto\/pate-a-modeler-3d\/\" \/>\n<meta property=\"og:locale\" content=\"fr_FR\" \/>\n<meta property=\"og:type\" content=\"article\" \/>\n<meta property=\"og:title\" content=\"P\u00e2te \u00e0 modeler 3D &#8226; Stucco Veneziano\" \/>\n<meta property=\"og:description\" content=\"Spielmasse 3D est une finition semi-plastique. Boutique Stucco Veneziano. Livraison gratuite et rapide ! Garantie et qualit\u00e9 des mat\u00e9riaux\" \/>\n<meta property=\"og:url\" content=\"https:\/\/www.stuccovenezianoshop.com\/fr\/prodotto\/pate-a-modeler-3d\/\" \/>\n<meta property=\"og:site_name\" content=\"Stucco Veneziano\" \/>\n<meta property=\"article:publisher\" content=\"https:\/\/www.facebook.com\/stuccovenezianoshop\" \/>\n<meta name=\"twitter:card\" content=\"summary_large_image\" \/>\n<script type=\"application\/ld+json\" class=\"yoast-schema-graph\">{\"@context\":\"https:\\\/\\\/schema.org\",\"@graph\":[{\"@type\":\"WebPage\",\"@id\":\"https:\\\/\\\/www.stuccovenezianoshop.com\\\/fr\\\/prodotto\\\/pate-a-modeler-3d\\\/\",\"url\":\"https:\\\/\\\/www.stuccovenezianoshop.com\\\/fr\\\/prodotto\\\/pate-a-modeler-3d\\\/\",\"name\":\"P\u00e2te \u00e0 modeler 3D &#8226; Stucco Veneziano\",\"isPartOf\":{\"@id\":\"https:\\\/\\\/www.stuccovenezianoshop.com\\\/fr\\\/#website\"},\"primaryImageOfPage\":{\"@id\":\"https:\\\/\\\/www.stuccovenezianoshop.com\\\/fr\\\/prodotto\\\/pate-a-modeler-3d\\\/#primaryimage\"},\"image\":{\"@id\":\"https:\\\/\\\/www.stuccovenezianoshop.com\\\/fr\\\/prodotto\\\/pate-a-modeler-3d\\\/#primaryimage\"},\"thumbnailUrl\":\"https:\\\/\\\/www.stuccovenezianoshop.com\\\/wp-content\\\/uploads\\\/2020\\\/10\\\/Decora_3D_V004_1.avif\",\"datePublished\":\"2020-10-28T15:57:27+00:00\",\"description\":\"Spielmasse 3D est une finition semi-plastique. Boutique Stucco Veneziano. Livraison gratuite et rapide ! Garantie et qualit\u00e9 des mat\u00e9riaux\",\"breadcrumb\":{\"@id\":\"https:\\\/\\\/www.stuccovenezianoshop.com\\\/fr\\\/prodotto\\\/pate-a-modeler-3d\\\/#breadcrumb\"},\"inLanguage\":\"fr-FR\",\"potentialAction\":[{\"@type\":\"ReadAction\",\"target\":[\"https:\\\/\\\/www.stuccovenezianoshop.com\\\/fr\\\/prodotto\\\/pate-a-modeler-3d\\\/\"]}]},{\"@type\":\"ImageObject\",\"inLanguage\":\"fr-FR\",\"@id\":\"https:\\\/\\\/www.stuccovenezianoshop.com\\\/fr\\\/prodotto\\\/pate-a-modeler-3d\\\/#primaryimage\",\"url\":\"https:\\\/\\\/www.stuccovenezianoshop.com\\\/wp-content\\\/uploads\\\/2020\\\/10\\\/Decora_3D_V004_1.avif\",\"contentUrl\":\"https:\\\/\\\/www.stuccovenezianoshop.com\\\/wp-content\\\/uploads\\\/2020\\\/10\\\/Decora_3D_V004_1.avif\",\"width\":1080,\"height\":1080},{\"@type\":\"BreadcrumbList\",\"@id\":\"https:\\\/\\\/www.stuccovenezianoshop.com\\\/fr\\\/prodotto\\\/pate-a-modeler-3d\\\/#breadcrumb\",\"itemListElement\":[{\"@type\":\"ListItem\",\"position\":1,\"name\":\"Accueil\",\"item\":\"https:\\\/\\\/www.stuccovenezianoshop.com\\\/fr\\\/\"},{\"@type\":\"ListItem\",\"position\":2,\"name\":\"Boutique\",\"item\":\"https:\\\/\\\/www.stuccovenezianoshop.com\\\/fr\\\/boutique\\\/\"},{\"@type\":\"ListItem\",\"position\":3,\"name\":\"P\u00e2te \u00e0 modeler 3D\"}]},{\"@type\":\"WebSite\",\"@id\":\"https:\\\/\\\/www.stuccovenezianoshop.com\\\/fr\\\/#website\",\"url\":\"https:\\\/\\\/www.stuccovenezianoshop.com\\\/fr\\\/\",\"name\":\"Stucco Veneziano\",\"description\":\"\",\"publisher\":{\"@id\":\"https:\\\/\\\/www.stuccovenezianoshop.com\\\/fr\\\/#organization\"},\"potentialAction\":[{\"@type\":\"SearchAction\",\"target\":{\"@type\":\"EntryPoint\",\"urlTemplate\":\"https:\\\/\\\/www.stuccovenezianoshop.com\\\/fr\\\/?s={search_term_string}\"},\"query-input\":{\"@type\":\"PropertyValueSpecification\",\"valueRequired\":true,\"valueName\":\"search_term_string\"}}],\"inLanguage\":\"fr-FR\"},{\"@type\":\"Organization\",\"@id\":\"https:\\\/\\\/www.stuccovenezianoshop.com\\\/fr\\\/#organization\",\"name\":\"Stucco Veneziano\",\"url\":\"https:\\\/\\\/www.stuccovenezianoshop.com\\\/fr\\\/\",\"logo\":{\"@type\":\"ImageObject\",\"inLanguage\":\"fr-FR\",\"@id\":\"https:\\\/\\\/www.stuccovenezianoshop.com\\\/fr\\\/#\\\/schema\\\/logo\\\/image\\\/\",\"url\":\"https:\\\/\\\/www.stuccovenezianoshop.com\\\/wp-content\\\/uploads\\\/2021\\\/08\\\/Logo-mobile-2x.avif\",\"contentUrl\":\"https:\\\/\\\/www.stuccovenezianoshop.com\\\/wp-content\\\/uploads\\\/2021\\\/08\\\/Logo-mobile-2x.avif\",\"width\":121,\"height\":70,\"caption\":\"Stucco Veneziano\"},\"image\":{\"@id\":\"https:\\\/\\\/www.stuccovenezianoshop.com\\\/fr\\\/#\\\/schema\\\/logo\\\/image\\\/\"},\"sameAs\":[\"https:\\\/\\\/www.facebook.com\\\/stuccovenezianoshop\",\"https:\\\/\\\/www.instagram.com\\\/stuccovenezianoshop\\\/\"]}]}<\/script>\n<!-- \/ Yoast SEO plugin. -->","yoast_head_json":{"title":"P\u00e2te \u00e0 modeler 3D &#8226; Stucco Veneziano","description":"Spielmasse 3D est une finition semi-plastique. Boutique Stucco Veneziano. Livraison gratuite et rapide ! Garantie et qualit\u00e9 des mat\u00e9riaux","robots":{"index":"index","follow":"follow","max-snippet":"max-snippet:-1","max-image-preview":"max-image-preview:large","max-video-preview":"max-video-preview:-1"},"canonical":"https:\/\/www.stuccovenezianoshop.com\/fr\/prodotto\/pate-a-modeler-3d\/","og_locale":"fr_FR","og_type":"article","og_title":"P\u00e2te \u00e0 modeler 3D &#8226; Stucco Veneziano","og_description":"Spielmasse 3D est une finition semi-plastique. Boutique Stucco Veneziano. Livraison gratuite et rapide ! Garantie et qualit\u00e9 des mat\u00e9riaux","og_url":"https:\/\/www.stuccovenezianoshop.com\/fr\/prodotto\/pate-a-modeler-3d\/","og_site_name":"Stucco Veneziano","article_publisher":"https:\/\/www.facebook.com\/stuccovenezianoshop","twitter_card":"summary_large_image","schema":{"@context":"https:\/\/schema.org","@graph":[{"@type":"WebPage","@id":"https:\/\/www.stuccovenezianoshop.com\/fr\/prodotto\/pate-a-modeler-3d\/","url":"https:\/\/www.stuccovenezianoshop.com\/fr\/prodotto\/pate-a-modeler-3d\/","name":"P\u00e2te \u00e0 modeler 3D &#8226; Stucco Veneziano","isPartOf":{"@id":"https:\/\/www.stuccovenezianoshop.com\/fr\/#website"},"primaryImageOfPage":{"@id":"https:\/\/www.stuccovenezianoshop.com\/fr\/prodotto\/pate-a-modeler-3d\/#primaryimage"},"image":{"@id":"https:\/\/www.stuccovenezianoshop.com\/fr\/prodotto\/pate-a-modeler-3d\/#primaryimage"},"thumbnailUrl":"https:\/\/www.stuccovenezianoshop.com\/wp-content\/uploads\/2020\/10\/Decora_3D_V004_1.avif","datePublished":"2020-10-28T15:57:27+00:00","description":"Spielmasse 3D est une finition semi-plastique. Boutique Stucco Veneziano. Livraison gratuite et rapide ! Garantie et qualit\u00e9 des mat\u00e9riaux","breadcrumb":{"@id":"https:\/\/www.stuccovenezianoshop.com\/fr\/prodotto\/pate-a-modeler-3d\/#breadcrumb"},"inLanguage":"fr-FR","potentialAction":[{"@type":"ReadAction","target":["https:\/\/www.stuccovenezianoshop.com\/fr\/prodotto\/pate-a-modeler-3d\/"]}]},{"@type":"ImageObject","inLanguage":"fr-FR","@id":"https:\/\/www.stuccovenezianoshop.com\/fr\/prodotto\/pate-a-modeler-3d\/#primaryimage","url":"https:\/\/www.stuccovenezianoshop.com\/wp-content\/uploads\/2020\/10\/Decora_3D_V004_1.avif","contentUrl":"https:\/\/www.stuccovenezianoshop.com\/wp-content\/uploads\/2020\/10\/Decora_3D_V004_1.avif","width":1080,"height":1080},{"@type":"BreadcrumbList","@id":"https:\/\/www.stuccovenezianoshop.com\/fr\/prodotto\/pate-a-modeler-3d\/#breadcrumb","itemListElement":[{"@type":"ListItem","position":1,"name":"Accueil","item":"https:\/\/www.stuccovenezianoshop.com\/fr\/"},{"@type":"ListItem","position":2,"name":"Boutique","item":"https:\/\/www.stuccovenezianoshop.com\/fr\/boutique\/"},{"@type":"ListItem","position":3,"name":"P\u00e2te \u00e0 modeler 3D"}]},{"@type":"WebSite","@id":"https:\/\/www.stuccovenezianoshop.com\/fr\/#website","url":"https:\/\/www.stuccovenezianoshop.com\/fr\/","name":"Stucco Veneziano","description":"","publisher":{"@id":"https:\/\/www.stuccovenezianoshop.com\/fr\/#organization"},"potentialAction":[{"@type":"SearchAction","target":{"@type":"EntryPoint","urlTemplate":"https:\/\/www.stuccovenezianoshop.com\/fr\/?s={search_term_string}"},"query-input":{"@type":"PropertyValueSpecification","valueRequired":true,"valueName":"search_term_string"}}],"inLanguage":"fr-FR"},{"@type":"Organization","@id":"https:\/\/www.stuccovenezianoshop.com\/fr\/#organization","name":"Stucco Veneziano","url":"https:\/\/www.stuccovenezianoshop.com\/fr\/","logo":{"@type":"ImageObject","inLanguage":"fr-FR","@id":"https:\/\/www.stuccovenezianoshop.com\/fr\/#\/schema\/logo\/image\/","url":"https:\/\/www.stuccovenezianoshop.com\/wp-content\/uploads\/2021\/08\/Logo-mobile-2x.avif","contentUrl":"https:\/\/www.stuccovenezianoshop.com\/wp-content\/uploads\/2021\/08\/Logo-mobile-2x.avif","width":121,"height":70,"caption":"Stucco Veneziano"},"image":{"@id":"https:\/\/www.stuccovenezianoshop.com\/fr\/#\/schema\/logo\/image\/"},"sameAs":["https:\/\/www.facebook.com\/stuccovenezianoshop","https:\/\/www.instagram.com\/stuccovenezianoshop\/"]}]}},"_links":{"self":[{"href":"https:\/\/www.stuccovenezianoshop.com\/fr\/wp-json\/wp\/v2\/product\/54050","targetHints":{"allow":["GET"]}}],"collection":[{"href":"https:\/\/www.stuccovenezianoshop.com\/fr\/wp-json\/wp\/v2\/product"}],"about":[{"href":"https:\/\/www.stuccovenezianoshop.com\/fr\/wp-json\/wp\/v2\/types\/product"}],"replies":[{"embeddable":true,"href":"https:\/\/www.stuccovenezianoshop.com\/fr\/wp-json\/wp\/v2\/comments?post=54050"}],"wp:featuredmedia":[{"embeddable":true,"href":"https:\/\/www.stuccovenezianoshop.com\/fr\/wp-json\/wp\/v2\/media\/33784"}],"wp:attachment":[{"href":"https:\/\/www.stuccovenezianoshop.com\/fr\/wp-json\/wp\/v2\/media?parent=54050"}],"wp:term":[{"taxonomy":"product_brand","embeddable":true,"href":"https:\/\/www.stuccovenezianoshop.com\/fr\/wp-json\/wp\/v2\/product_brand?post=54050"},{"taxonomy":"product_cat","embeddable":true,"href":"https:\/\/www.stuccovenezianoshop.com\/fr\/wp-json\/wp\/v2\/product_cat?post=54050"},{"taxonomy":"product_tag","embeddable":true,"href":"https:\/\/www.stuccovenezianoshop.com\/fr\/wp-json\/wp\/v2\/product_tag?post=54050"}],"curies":[{"name":"wp","href":"https:\/\/api.w.org\/{rel}","templated":true}]}}