{"id":53855,"date":"2020-10-27T16:52:07","date_gmt":"2020-10-27T14:52:07","guid":{"rendered":"https:\/\/www.stuccovenezianoshop.com\/produkt\/stucco-spatolato-high-gloss\/"},"modified":"2020-10-27T16:52:07","modified_gmt":"2020-10-27T14:52:07","slug":"stucco-spatolato-high-gloss","status":"publish","type":"product","link":"https:\/\/www.stuccovenezianoshop.com\/fr\/prodotto\/stucco-spatolato-high-gloss\/","title":{"rendered":"Stucco Spatolato High Gloss"},"content":{"rendered":"<p>Le Stucco Spatolato High Gloss est un produit synth\u00e9tique moderne qui, gr\u00e2ce \u00e0 son m\u00e9lange sp\u00e9cial de farines de marbre, de r\u00e9sines sp\u00e9ciales, d&rsquo;huiles et d&rsquo;essences naturelles, est plus facile \u00e0 travailler que d&rsquo;autres produits similaires et donne \u00e0 la paroi un effet tr\u00e8s brillant. La finition brillante est obtenue avec de simples spatules en acier inoxydable. Il est tr\u00e8s facile \u00e0 appliquer et ne n\u00e9cessite que deux couches sur le mur pour obtenir l&rsquo;effet d\u00e9sir\u00e9.  Le produit peut \u00eatre teint\u00e9 avec le syst\u00e8me de couleurs Stucco Veneziano Shop.<\/p>\n","protected":false},"excerpt":{"rendered":"<p>Le Stucco Spatolato High Gloss est un produit synth\u00e9tique moderne qui, gr\u00e2ce \u00e0 son m\u00e9lange sp\u00e9cial de farines de marbre, de r\u00e9sines sp\u00e9ciales, d&rsquo;huiles et d&rsquo;essences naturelles, est plus facile \u00e0 travailler que d&rsquo;autres produits similaires et donne \u00e0 la paroi un effet tr\u00e8s brillant.<\/p>\n<h4>Caract\u00e9ristiques du produit :<\/h4>\n<p><span class=\"warning\">Attention : ce produit est vendu en blanc \/ neutre. Choisissez les toners de couleur ci-dessous. <\/span><br \/>\n<span class=\"avvertenze\">Remarques&nbsp;: Pr\u00eat \u00e0 l\u2019emploi <\/span><br \/>\n<span class=\"nature\">Nature : Synth\u00e9tique fin <\/span><br \/>\n<span class=\"aspetto\">Aspect : Super brillant lisse <\/span><br \/>\n<a href=\"https:\/\/www.stuccovenezianoshop.com\/wp-content\/uploads\/pdf\/071_TECHNISCHES_MERKBLATT_STUCCO_SPATOLATO_GLOSS.pdf\" target=\"_blank\" rel=\"noopener noreferrer\"><span class=\"pdf\">Fiche technique<\/span><\/a><br \/>\n<a href=\"https:\/\/www.stuccovenezianoshop.com\/wp-content\/uploads\/pdf\/security\/071_SICHERHEITSDATENBLATT_SPATOLATO_GLOSS.pdf\" target=\"_blank\" rel=\"noopener noreferrer\"><span class=\"pdf\">Fiche de donn\u00e9es de s\u00e9curit\u00e9<\/span><\/a><\/p>\n<p><a href=\"https:\/\/www.stuccovenezianoshop.com\/fr\/tutoriel\/#StuccoSpatolatoHighGloss\"><button class=\"video-button\">Tutoriel vid\u00e9o<\/button><\/a><\/p>\n","protected":false},"featured_media":35252,"comment_status":"closed","ping_status":"closed","template":"","meta":{"_acf_changed":false},"product_brand":[],"product_cat":[1355,1005,1356],"product_tag":[],"class_list":{"0":"post-53855","1":"product","2":"type-product","3":"status-publish","4":"has-post-thumbnail","6":"product_cat-effet-de-brillance","7":"product_cat-enduits-de-marbre","8":"product_cat-produits-preferes-des-clients","9":"description-off","11":"first","12":"instock","13":"taxable","14":"shipping-taxable","15":"purchasable","16":"product-type-variable","17":"has-default-attributes"},"acf":[],"yoast_head":"<!-- This site is optimized with the Yoast SEO plugin v27.5 - https:\/\/yoast.com\/product\/yoast-seo-wordpress\/ -->\n<title>Stucco Spatolato High Gloss &#8226; Stucco Veneziano<\/title>\n<meta name=\"robots\" content=\"index, follow, max-snippet:-1, max-image-preview:large, max-video-preview:-1\" \/>\n<link rel=\"canonical\" href=\"https:\/\/www.stuccovenezianoshop.com\/fr\/prodotto\/stucco-spatolato-high-gloss\/\" \/>\n<meta property=\"og:locale\" content=\"fr_FR\" \/>\n<meta property=\"og:type\" content=\"article\" \/>\n<meta property=\"og:title\" content=\"Stucco Spatolato High Gloss &#8226; Stucco Veneziano\" \/>\n<meta property=\"og:description\" content=\"Le Stucco Spatolato High Gloss est un produit synth\u00e9tique moderne qui, gr\u00e2ce \u00e0 son m\u00e9lange sp\u00e9cial de farines de marbre, de r\u00e9sines sp\u00e9ciales, d&#039;huiles et d&#039;essences naturelles, est plus facile \u00e0 travailler que d&#039;autres produits similaires et donne \u00e0 la paroi un effet tr\u00e8s brillant. Caract\u00e9ristiques du produit : Attention : ce produit est vendu en blanc \/ neutre. Choisissez les toners de couleur ci-dessous. Remarques&nbsp;: Pr\u00eat \u00e0 l\u2019emploi Nature : Synth\u00e9tique fin Aspect : Super brillant lisse Fiche technique Fiche de donn\u00e9es de s\u00e9curit\u00e9 Tutoriel vid\u00e9o\" \/>\n<meta property=\"og:url\" content=\"https:\/\/www.stuccovenezianoshop.com\/fr\/prodotto\/stucco-spatolato-high-gloss\/\" \/>\n<meta property=\"og:site_name\" content=\"Stucco Veneziano\" \/>\n<meta property=\"article:publisher\" content=\"https:\/\/www.facebook.com\/stuccovenezianoshop\" \/>\n<meta name=\"twitter:card\" content=\"summary_large_image\" \/>\n<script type=\"application\/ld+json\" class=\"yoast-schema-graph\">{\"@context\":\"https:\\\/\\\/schema.org\",\"@graph\":[{\"@type\":\"WebPage\",\"@id\":\"https:\\\/\\\/www.stuccovenezianoshop.com\\\/fr\\\/prodotto\\\/stucco-spatolato-high-gloss\\\/\",\"url\":\"https:\\\/\\\/www.stuccovenezianoshop.com\\\/fr\\\/prodotto\\\/stucco-spatolato-high-gloss\\\/\",\"name\":\"Stucco Spatolato High Gloss &#8226; Stucco Veneziano\",\"isPartOf\":{\"@id\":\"https:\\\/\\\/www.stuccovenezianoshop.com\\\/fr\\\/#website\"},\"primaryImageOfPage\":{\"@id\":\"https:\\\/\\\/www.stuccovenezianoshop.com\\\/fr\\\/prodotto\\\/stucco-spatolato-high-gloss\\\/#primaryimage\"},\"image\":{\"@id\":\"https:\\\/\\\/www.stuccovenezianoshop.com\\\/fr\\\/prodotto\\\/stucco-spatolato-high-gloss\\\/#primaryimage\"},\"thumbnailUrl\":\"https:\\\/\\\/www.stuccovenezianoshop.com\\\/wp-content\\\/uploads\\\/2022\\\/05\\\/Spatolato_Veneziano_High_Gloss_2.avif\",\"datePublished\":\"2020-10-27T14:52:07+00:00\",\"breadcrumb\":{\"@id\":\"https:\\\/\\\/www.stuccovenezianoshop.com\\\/fr\\\/prodotto\\\/stucco-spatolato-high-gloss\\\/#breadcrumb\"},\"inLanguage\":\"fr-FR\",\"potentialAction\":[{\"@type\":\"ReadAction\",\"target\":[\"https:\\\/\\\/www.stuccovenezianoshop.com\\\/fr\\\/prodotto\\\/stucco-spatolato-high-gloss\\\/\"]}]},{\"@type\":\"ImageObject\",\"inLanguage\":\"fr-FR\",\"@id\":\"https:\\\/\\\/www.stuccovenezianoshop.com\\\/fr\\\/prodotto\\\/stucco-spatolato-high-gloss\\\/#primaryimage\",\"url\":\"https:\\\/\\\/www.stuccovenezianoshop.com\\\/wp-content\\\/uploads\\\/2022\\\/05\\\/Spatolato_Veneziano_High_Gloss_2.avif\",\"contentUrl\":\"https:\\\/\\\/www.stuccovenezianoshop.com\\\/wp-content\\\/uploads\\\/2022\\\/05\\\/Spatolato_Veneziano_High_Gloss_2.avif\",\"width\":1080,\"height\":1080},{\"@type\":\"BreadcrumbList\",\"@id\":\"https:\\\/\\\/www.stuccovenezianoshop.com\\\/fr\\\/prodotto\\\/stucco-spatolato-high-gloss\\\/#breadcrumb\",\"itemListElement\":[{\"@type\":\"ListItem\",\"position\":1,\"name\":\"Accueil\",\"item\":\"https:\\\/\\\/www.stuccovenezianoshop.com\\\/fr\\\/\"},{\"@type\":\"ListItem\",\"position\":2,\"name\":\"Boutique\",\"item\":\"https:\\\/\\\/www.stuccovenezianoshop.com\\\/fr\\\/boutique\\\/\"},{\"@type\":\"ListItem\",\"position\":3,\"name\":\"Stucco Spatolato High Gloss\"}]},{\"@type\":\"WebSite\",\"@id\":\"https:\\\/\\\/www.stuccovenezianoshop.com\\\/fr\\\/#website\",\"url\":\"https:\\\/\\\/www.stuccovenezianoshop.com\\\/fr\\\/\",\"name\":\"Stucco Veneziano\",\"description\":\"\",\"publisher\":{\"@id\":\"https:\\\/\\\/www.stuccovenezianoshop.com\\\/fr\\\/#organization\"},\"potentialAction\":[{\"@type\":\"SearchAction\",\"target\":{\"@type\":\"EntryPoint\",\"urlTemplate\":\"https:\\\/\\\/www.stuccovenezianoshop.com\\\/fr\\\/?s={search_term_string}\"},\"query-input\":{\"@type\":\"PropertyValueSpecification\",\"valueRequired\":true,\"valueName\":\"search_term_string\"}}],\"inLanguage\":\"fr-FR\"},{\"@type\":\"Organization\",\"@id\":\"https:\\\/\\\/www.stuccovenezianoshop.com\\\/fr\\\/#organization\",\"name\":\"Stucco Veneziano\",\"url\":\"https:\\\/\\\/www.stuccovenezianoshop.com\\\/fr\\\/\",\"logo\":{\"@type\":\"ImageObject\",\"inLanguage\":\"fr-FR\",\"@id\":\"https:\\\/\\\/www.stuccovenezianoshop.com\\\/fr\\\/#\\\/schema\\\/logo\\\/image\\\/\",\"url\":\"https:\\\/\\\/www.stuccovenezianoshop.com\\\/wp-content\\\/uploads\\\/2021\\\/08\\\/Logo-mobile-2x.avif\",\"contentUrl\":\"https:\\\/\\\/www.stuccovenezianoshop.com\\\/wp-content\\\/uploads\\\/2021\\\/08\\\/Logo-mobile-2x.avif\",\"width\":121,\"height\":70,\"caption\":\"Stucco Veneziano\"},\"image\":{\"@id\":\"https:\\\/\\\/www.stuccovenezianoshop.com\\\/fr\\\/#\\\/schema\\\/logo\\\/image\\\/\"},\"sameAs\":[\"https:\\\/\\\/www.facebook.com\\\/stuccovenezianoshop\",\"https:\\\/\\\/www.instagram.com\\\/stuccovenezianoshop\\\/\"]}]}<\/script>\n<!-- \/ Yoast SEO plugin. -->","yoast_head_json":{"title":"Stucco Spatolato High Gloss &#8226; Stucco Veneziano","robots":{"index":"index","follow":"follow","max-snippet":"max-snippet:-1","max-image-preview":"max-image-preview:large","max-video-preview":"max-video-preview:-1"},"canonical":"https:\/\/www.stuccovenezianoshop.com\/fr\/prodotto\/stucco-spatolato-high-gloss\/","og_locale":"fr_FR","og_type":"article","og_title":"Stucco Spatolato High Gloss &#8226; Stucco Veneziano","og_description":"Le Stucco Spatolato High Gloss est un produit synth\u00e9tique moderne qui, gr\u00e2ce \u00e0 son m\u00e9lange sp\u00e9cial de farines de marbre, de r\u00e9sines sp\u00e9ciales, d'huiles et d'essences naturelles, est plus facile \u00e0 travailler que d'autres produits similaires et donne \u00e0 la paroi un effet tr\u00e8s brillant. Caract\u00e9ristiques du produit : Attention : ce produit est vendu en blanc \/ neutre. Choisissez les toners de couleur ci-dessous. Remarques&nbsp;: Pr\u00eat \u00e0 l\u2019emploi Nature : Synth\u00e9tique fin Aspect : Super brillant lisse Fiche technique Fiche de donn\u00e9es de s\u00e9curit\u00e9 Tutoriel vid\u00e9o","og_url":"https:\/\/www.stuccovenezianoshop.com\/fr\/prodotto\/stucco-spatolato-high-gloss\/","og_site_name":"Stucco Veneziano","article_publisher":"https:\/\/www.facebook.com\/stuccovenezianoshop","twitter_card":"summary_large_image","schema":{"@context":"https:\/\/schema.org","@graph":[{"@type":"WebPage","@id":"https:\/\/www.stuccovenezianoshop.com\/fr\/prodotto\/stucco-spatolato-high-gloss\/","url":"https:\/\/www.stuccovenezianoshop.com\/fr\/prodotto\/stucco-spatolato-high-gloss\/","name":"Stucco Spatolato High Gloss &#8226; Stucco Veneziano","isPartOf":{"@id":"https:\/\/www.stuccovenezianoshop.com\/fr\/#website"},"primaryImageOfPage":{"@id":"https:\/\/www.stuccovenezianoshop.com\/fr\/prodotto\/stucco-spatolato-high-gloss\/#primaryimage"},"image":{"@id":"https:\/\/www.stuccovenezianoshop.com\/fr\/prodotto\/stucco-spatolato-high-gloss\/#primaryimage"},"thumbnailUrl":"https:\/\/www.stuccovenezianoshop.com\/wp-content\/uploads\/2022\/05\/Spatolato_Veneziano_High_Gloss_2.avif","datePublished":"2020-10-27T14:52:07+00:00","breadcrumb":{"@id":"https:\/\/www.stuccovenezianoshop.com\/fr\/prodotto\/stucco-spatolato-high-gloss\/#breadcrumb"},"inLanguage":"fr-FR","potentialAction":[{"@type":"ReadAction","target":["https:\/\/www.stuccovenezianoshop.com\/fr\/prodotto\/stucco-spatolato-high-gloss\/"]}]},{"@type":"ImageObject","inLanguage":"fr-FR","@id":"https:\/\/www.stuccovenezianoshop.com\/fr\/prodotto\/stucco-spatolato-high-gloss\/#primaryimage","url":"https:\/\/www.stuccovenezianoshop.com\/wp-content\/uploads\/2022\/05\/Spatolato_Veneziano_High_Gloss_2.avif","contentUrl":"https:\/\/www.stuccovenezianoshop.com\/wp-content\/uploads\/2022\/05\/Spatolato_Veneziano_High_Gloss_2.avif","width":1080,"height":1080},{"@type":"BreadcrumbList","@id":"https:\/\/www.stuccovenezianoshop.com\/fr\/prodotto\/stucco-spatolato-high-gloss\/#breadcrumb","itemListElement":[{"@type":"ListItem","position":1,"name":"Accueil","item":"https:\/\/www.stuccovenezianoshop.com\/fr\/"},{"@type":"ListItem","position":2,"name":"Boutique","item":"https:\/\/www.stuccovenezianoshop.com\/fr\/boutique\/"},{"@type":"ListItem","position":3,"name":"Stucco Spatolato High Gloss"}]},{"@type":"WebSite","@id":"https:\/\/www.stuccovenezianoshop.com\/fr\/#website","url":"https:\/\/www.stuccovenezianoshop.com\/fr\/","name":"Stucco Veneziano","description":"","publisher":{"@id":"https:\/\/www.stuccovenezianoshop.com\/fr\/#organization"},"potentialAction":[{"@type":"SearchAction","target":{"@type":"EntryPoint","urlTemplate":"https:\/\/www.stuccovenezianoshop.com\/fr\/?s={search_term_string}"},"query-input":{"@type":"PropertyValueSpecification","valueRequired":true,"valueName":"search_term_string"}}],"inLanguage":"fr-FR"},{"@type":"Organization","@id":"https:\/\/www.stuccovenezianoshop.com\/fr\/#organization","name":"Stucco Veneziano","url":"https:\/\/www.stuccovenezianoshop.com\/fr\/","logo":{"@type":"ImageObject","inLanguage":"fr-FR","@id":"https:\/\/www.stuccovenezianoshop.com\/fr\/#\/schema\/logo\/image\/","url":"https:\/\/www.stuccovenezianoshop.com\/wp-content\/uploads\/2021\/08\/Logo-mobile-2x.avif","contentUrl":"https:\/\/www.stuccovenezianoshop.com\/wp-content\/uploads\/2021\/08\/Logo-mobile-2x.avif","width":121,"height":70,"caption":"Stucco Veneziano"},"image":{"@id":"https:\/\/www.stuccovenezianoshop.com\/fr\/#\/schema\/logo\/image\/"},"sameAs":["https:\/\/www.facebook.com\/stuccovenezianoshop","https:\/\/www.instagram.com\/stuccovenezianoshop\/"]}]}},"_links":{"self":[{"href":"https:\/\/www.stuccovenezianoshop.com\/fr\/wp-json\/wp\/v2\/product\/53855","targetHints":{"allow":["GET"]}}],"collection":[{"href":"https:\/\/www.stuccovenezianoshop.com\/fr\/wp-json\/wp\/v2\/product"}],"about":[{"href":"https:\/\/www.stuccovenezianoshop.com\/fr\/wp-json\/wp\/v2\/types\/product"}],"replies":[{"embeddable":true,"href":"https:\/\/www.stuccovenezianoshop.com\/fr\/wp-json\/wp\/v2\/comments?post=53855"}],"wp:featuredmedia":[{"embeddable":true,"href":"https:\/\/www.stuccovenezianoshop.com\/fr\/wp-json\/wp\/v2\/media\/35252"}],"wp:attachment":[{"href":"https:\/\/www.stuccovenezianoshop.com\/fr\/wp-json\/wp\/v2\/media?parent=53855"}],"wp:term":[{"taxonomy":"product_brand","embeddable":true,"href":"https:\/\/www.stuccovenezianoshop.com\/fr\/wp-json\/wp\/v2\/product_brand?post=53855"},{"taxonomy":"product_cat","embeddable":true,"href":"https:\/\/www.stuccovenezianoshop.com\/fr\/wp-json\/wp\/v2\/product_cat?post=53855"},{"taxonomy":"product_tag","embeddable":true,"href":"https:\/\/www.stuccovenezianoshop.com\/fr\/wp-json\/wp\/v2\/product_tag?post=53855"}],"curies":[{"name":"wp","href":"https:\/\/api.w.org\/{rel}","templated":true}]}}