{"id":53715,"date":"2020-10-27T17:06:56","date_gmt":"2020-10-27T15:06:56","guid":{"rendered":"https:\/\/www.stuccovenezianoshop.com\/produkt\/marmorino-perlmutter\/"},"modified":"2020-10-27T17:06:56","modified_gmt":"2020-10-27T15:06:56","slug":"marmorino-perlmutter","status":"publish","type":"product","link":"https:\/\/www.stuccovenezianoshop.com\/fr\/prodotto\/marmorino-perlmutter\/","title":{"rendered":"Marmorino Perlmutter"},"content":{"rendered":"<p>Marmorino Perlmutter est un produit pour l&rsquo;int\u00e9rieur et l&rsquo;ext\u00e9rieur qui permet, avec diff\u00e9rentes applications, d&rsquo;obtenir l&rsquo;effet mat traditionnel du Marmorino v\u00e9nitien. Une caract\u00e9ristique distinctive sont les grains de nacre moulus qui donnent au produit fini un \u00e9clat naturel et brillant. En effet, les ingr\u00e9dients naturels de haute qualit\u00e9 comprennent \u00e9galement des particules scintillantes qui sont particuli\u00e8rement belles et \u00e9l\u00e9gantes lorsqu&rsquo;elles sont expos\u00e9es \u00e0 la lumi\u00e8re.<br \/>\nLe produit peut \u00eatre color\u00e9 avec le syst\u00e8me de couleurs Stucco Veneziano Shop.  <\/p>\n<p>Propri\u00e9t\u00e9s de Marmorino Perlmutter :<br \/>\n&#8211; Ingr\u00e9dients naturels (v\u00e9ritable poudre de marbre, chaux \u00e9teinte).<br \/>\n&#8211; Structure de marbre unique avec particules de nacre<br \/>\n&#8211; Peut \u00eatre color\u00e9 avec 108 couleurs &#8211; \u00e9galement les couleurs RAL<br \/>\n&#8211; D\u00e9coration murale avec un \u00e9clat soyeux<br \/>\n&#8211; Durable et facile \u00e0 nettoyer<br \/>\n&#8211; Respirant et anti-moisissure<br \/>\n&#8211; Facile \u00e0 travailler<\/p>\n","protected":false},"excerpt":{"rendered":"<p>Marmorino Perlmutter est un produit pour l&rsquo;int\u00e9rieur et l&rsquo;ext\u00e9rieur qui permet, avec diff\u00e9rentes applications, d&rsquo;obtenir l&rsquo;effet mat traditionnel du Marmorino v\u00e9nitien.<br \/>\nUne caract\u00e9ristique distinctive sont les grains de nacre moulus qui donnent au produit fini un \u00e9clat naturel et brillant.<br \/>\nLa couleur du produit de base est le blanc.<\/p>\n<h4>Caract\u00e9ristiques du produit :<\/h4>\n<p><span class=\"extern\">Ext\u00e9rieur : Le toner convient aux applications ext\u00e9rieures<\/span><br \/>\n<span style=\"font-weight: 400;\">Rendement :<\/span><strong>environ 1,2 &#8211; 1,6 m\u00b2\/kg<\/strong><br \/>\n<span class=\"avvertenze\">Remarques : pr\u00eat \u00e0 l&#8217;emploi<\/span><br \/>\n<span class=\"nature\">Nature : Chaux + poudre de marbre + nacre australienne 800 microns <\/span><br \/>\n<span class=\"aspetto\">Aspect : lisse semi-mat avec points de nacre <\/span><br \/>\n<a href=\"https:\/\/www.stuccovenezianoshop.com\/wp-content\/uploads\/pdf\/024_TECHNISCHES_MERKBLATT_MARMORINO_PERLMUTTER.pdf\" target=\"_blank\" rel=\"noopener noreferrer\"><span class=\"pdf\">Fiche technique<\/span><\/a><br \/>\n<a href=\"https:\/\/www.stuccovenezianoshop.com\/wp-content\/uploads\/pdf\/security\/024_SICHERHEITSDATENBLATT_MARMORINO_MATT_PERLMUTTER.pdf\" target=\"_blank\" rel=\"noopener noreferrer\"><span class=\"pdf\">Fiche de donn\u00e9es de s\u00e9curit\u00e9<\/span><\/a><\/p>\n<p><a href=\"https:\/\/www.stuccovenezianoshop.com\/fr\/tutoriel\/#MarmorinoPerlmutter\"><button class=\"video-button\">Tutoriel vid\u00e9o<\/button><\/a><\/p>\n","protected":false},"featured_media":33720,"comment_status":"closed","ping_status":"closed","template":"","meta":{"_acf_changed":false},"product_brand":[],"product_cat":[1357,1005,1350,952],"product_tag":[],"class_list":{"0":"post-53715","1":"product","2":"type-product","3":"status-publish","4":"has-post-thumbnail","6":"product_cat-effet-mat","7":"product_cat-enduits-de-marbre","8":"product_cat-marmorino-fr","9":"product_cat-melange","10":"description-off","12":"first","13":"instock","14":"taxable","15":"shipping-taxable","16":"purchasable","17":"product-type-variable","18":"has-default-attributes"},"acf":[],"yoast_head":"<!-- This site is optimized with the Yoast SEO plugin v27.5 - https:\/\/yoast.com\/product\/yoast-seo-wordpress\/ -->\n<title>Marmorino Perlmutter &#8226; Stucco Veneziano<\/title>\n<meta name=\"description\" content=\"Marmorino Perlmutter permet, avec diff\u00e9rentes applications, d&#039;obtenir l&#039;effet mat traditionnel du Marmorino v\u00e9nitien\" \/>\n<meta name=\"robots\" content=\"index, follow, max-snippet:-1, max-image-preview:large, max-video-preview:-1\" \/>\n<link rel=\"canonical\" href=\"https:\/\/www.stuccovenezianoshop.com\/fr\/prodotto\/marmorino-perlmutter\/\" \/>\n<meta property=\"og:locale\" content=\"fr_FR\" \/>\n<meta property=\"og:type\" content=\"article\" \/>\n<meta property=\"og:title\" content=\"Marmorino Perlmutter &#8226; Stucco Veneziano\" \/>\n<meta property=\"og:description\" content=\"Marmorino Perlmutter permet, avec diff\u00e9rentes applications, d&#039;obtenir l&#039;effet mat traditionnel du Marmorino v\u00e9nitien\" \/>\n<meta property=\"og:url\" content=\"https:\/\/www.stuccovenezianoshop.com\/fr\/prodotto\/marmorino-perlmutter\/\" \/>\n<meta property=\"og:site_name\" content=\"Stucco Veneziano\" \/>\n<meta property=\"article:publisher\" content=\"https:\/\/www.facebook.com\/stuccovenezianoshop\" \/>\n<meta name=\"twitter:card\" content=\"summary_large_image\" \/>\n<meta name=\"twitter:label1\" content=\"Dur\u00e9e de lecture estim\u00e9e\" \/>\n\t<meta name=\"twitter:data1\" content=\"1 minute\" \/>\n<script type=\"application\/ld+json\" class=\"yoast-schema-graph\">{\"@context\":\"https:\\\/\\\/schema.org\",\"@graph\":[{\"@type\":\"WebPage\",\"@id\":\"https:\\\/\\\/www.stuccovenezianoshop.com\\\/fr\\\/prodotto\\\/marmorino-perlmutter\\\/\",\"url\":\"https:\\\/\\\/www.stuccovenezianoshop.com\\\/fr\\\/prodotto\\\/marmorino-perlmutter\\\/\",\"name\":\"Marmorino Perlmutter &#8226; Stucco Veneziano\",\"isPartOf\":{\"@id\":\"https:\\\/\\\/www.stuccovenezianoshop.com\\\/fr\\\/#website\"},\"primaryImageOfPage\":{\"@id\":\"https:\\\/\\\/www.stuccovenezianoshop.com\\\/fr\\\/prodotto\\\/marmorino-perlmutter\\\/#primaryimage\"},\"image\":{\"@id\":\"https:\\\/\\\/www.stuccovenezianoshop.com\\\/fr\\\/prodotto\\\/marmorino-perlmutter\\\/#primaryimage\"},\"thumbnailUrl\":\"https:\\\/\\\/www.stuccovenezianoshop.com\\\/wp-content\\\/uploads\\\/2020\\\/10\\\/Marmorino-Perlmutter_Ambi_3.avif\",\"datePublished\":\"2020-10-27T15:06:56+00:00\",\"description\":\"Marmorino Perlmutter permet, avec diff\u00e9rentes applications, d'obtenir l'effet mat traditionnel du Marmorino v\u00e9nitien\",\"breadcrumb\":{\"@id\":\"https:\\\/\\\/www.stuccovenezianoshop.com\\\/fr\\\/prodotto\\\/marmorino-perlmutter\\\/#breadcrumb\"},\"inLanguage\":\"fr-FR\",\"potentialAction\":[{\"@type\":\"ReadAction\",\"target\":[\"https:\\\/\\\/www.stuccovenezianoshop.com\\\/fr\\\/prodotto\\\/marmorino-perlmutter\\\/\"]}]},{\"@type\":\"ImageObject\",\"inLanguage\":\"fr-FR\",\"@id\":\"https:\\\/\\\/www.stuccovenezianoshop.com\\\/fr\\\/prodotto\\\/marmorino-perlmutter\\\/#primaryimage\",\"url\":\"https:\\\/\\\/www.stuccovenezianoshop.com\\\/wp-content\\\/uploads\\\/2020\\\/10\\\/Marmorino-Perlmutter_Ambi_3.avif\",\"contentUrl\":\"https:\\\/\\\/www.stuccovenezianoshop.com\\\/wp-content\\\/uploads\\\/2020\\\/10\\\/Marmorino-Perlmutter_Ambi_3.avif\",\"width\":1080,\"height\":1080,\"caption\":\"Marmorino Perlmutter\"},{\"@type\":\"BreadcrumbList\",\"@id\":\"https:\\\/\\\/www.stuccovenezianoshop.com\\\/fr\\\/prodotto\\\/marmorino-perlmutter\\\/#breadcrumb\",\"itemListElement\":[{\"@type\":\"ListItem\",\"position\":1,\"name\":\"Accueil\",\"item\":\"https:\\\/\\\/www.stuccovenezianoshop.com\\\/fr\\\/\"},{\"@type\":\"ListItem\",\"position\":2,\"name\":\"Boutique\",\"item\":\"https:\\\/\\\/www.stuccovenezianoshop.com\\\/fr\\\/boutique\\\/\"},{\"@type\":\"ListItem\",\"position\":3,\"name\":\"Marmorino Perlmutter\"}]},{\"@type\":\"WebSite\",\"@id\":\"https:\\\/\\\/www.stuccovenezianoshop.com\\\/fr\\\/#website\",\"url\":\"https:\\\/\\\/www.stuccovenezianoshop.com\\\/fr\\\/\",\"name\":\"Stucco Veneziano\",\"description\":\"\",\"publisher\":{\"@id\":\"https:\\\/\\\/www.stuccovenezianoshop.com\\\/fr\\\/#organization\"},\"potentialAction\":[{\"@type\":\"SearchAction\",\"target\":{\"@type\":\"EntryPoint\",\"urlTemplate\":\"https:\\\/\\\/www.stuccovenezianoshop.com\\\/fr\\\/?s={search_term_string}\"},\"query-input\":{\"@type\":\"PropertyValueSpecification\",\"valueRequired\":true,\"valueName\":\"search_term_string\"}}],\"inLanguage\":\"fr-FR\"},{\"@type\":\"Organization\",\"@id\":\"https:\\\/\\\/www.stuccovenezianoshop.com\\\/fr\\\/#organization\",\"name\":\"Stucco Veneziano\",\"url\":\"https:\\\/\\\/www.stuccovenezianoshop.com\\\/fr\\\/\",\"logo\":{\"@type\":\"ImageObject\",\"inLanguage\":\"fr-FR\",\"@id\":\"https:\\\/\\\/www.stuccovenezianoshop.com\\\/fr\\\/#\\\/schema\\\/logo\\\/image\\\/\",\"url\":\"https:\\\/\\\/www.stuccovenezianoshop.com\\\/wp-content\\\/uploads\\\/2021\\\/08\\\/Logo-mobile-2x.avif\",\"contentUrl\":\"https:\\\/\\\/www.stuccovenezianoshop.com\\\/wp-content\\\/uploads\\\/2021\\\/08\\\/Logo-mobile-2x.avif\",\"width\":121,\"height\":70,\"caption\":\"Stucco Veneziano\"},\"image\":{\"@id\":\"https:\\\/\\\/www.stuccovenezianoshop.com\\\/fr\\\/#\\\/schema\\\/logo\\\/image\\\/\"},\"sameAs\":[\"https:\\\/\\\/www.facebook.com\\\/stuccovenezianoshop\",\"https:\\\/\\\/www.instagram.com\\\/stuccovenezianoshop\\\/\"]}]}<\/script>\n<!-- \/ Yoast SEO plugin. -->","yoast_head_json":{"title":"Marmorino Perlmutter &#8226; Stucco Veneziano","description":"Marmorino Perlmutter permet, avec diff\u00e9rentes applications, d'obtenir l'effet mat traditionnel du Marmorino v\u00e9nitien","robots":{"index":"index","follow":"follow","max-snippet":"max-snippet:-1","max-image-preview":"max-image-preview:large","max-video-preview":"max-video-preview:-1"},"canonical":"https:\/\/www.stuccovenezianoshop.com\/fr\/prodotto\/marmorino-perlmutter\/","og_locale":"fr_FR","og_type":"article","og_title":"Marmorino Perlmutter &#8226; Stucco Veneziano","og_description":"Marmorino Perlmutter permet, avec diff\u00e9rentes applications, d'obtenir l'effet mat traditionnel du Marmorino v\u00e9nitien","og_url":"https:\/\/www.stuccovenezianoshop.com\/fr\/prodotto\/marmorino-perlmutter\/","og_site_name":"Stucco Veneziano","article_publisher":"https:\/\/www.facebook.com\/stuccovenezianoshop","twitter_card":"summary_large_image","twitter_misc":{"Dur\u00e9e de lecture estim\u00e9e":"1 minute"},"schema":{"@context":"https:\/\/schema.org","@graph":[{"@type":"WebPage","@id":"https:\/\/www.stuccovenezianoshop.com\/fr\/prodotto\/marmorino-perlmutter\/","url":"https:\/\/www.stuccovenezianoshop.com\/fr\/prodotto\/marmorino-perlmutter\/","name":"Marmorino Perlmutter &#8226; Stucco Veneziano","isPartOf":{"@id":"https:\/\/www.stuccovenezianoshop.com\/fr\/#website"},"primaryImageOfPage":{"@id":"https:\/\/www.stuccovenezianoshop.com\/fr\/prodotto\/marmorino-perlmutter\/#primaryimage"},"image":{"@id":"https:\/\/www.stuccovenezianoshop.com\/fr\/prodotto\/marmorino-perlmutter\/#primaryimage"},"thumbnailUrl":"https:\/\/www.stuccovenezianoshop.com\/wp-content\/uploads\/2020\/10\/Marmorino-Perlmutter_Ambi_3.avif","datePublished":"2020-10-27T15:06:56+00:00","description":"Marmorino Perlmutter permet, avec diff\u00e9rentes applications, d'obtenir l'effet mat traditionnel du Marmorino v\u00e9nitien","breadcrumb":{"@id":"https:\/\/www.stuccovenezianoshop.com\/fr\/prodotto\/marmorino-perlmutter\/#breadcrumb"},"inLanguage":"fr-FR","potentialAction":[{"@type":"ReadAction","target":["https:\/\/www.stuccovenezianoshop.com\/fr\/prodotto\/marmorino-perlmutter\/"]}]},{"@type":"ImageObject","inLanguage":"fr-FR","@id":"https:\/\/www.stuccovenezianoshop.com\/fr\/prodotto\/marmorino-perlmutter\/#primaryimage","url":"https:\/\/www.stuccovenezianoshop.com\/wp-content\/uploads\/2020\/10\/Marmorino-Perlmutter_Ambi_3.avif","contentUrl":"https:\/\/www.stuccovenezianoshop.com\/wp-content\/uploads\/2020\/10\/Marmorino-Perlmutter_Ambi_3.avif","width":1080,"height":1080,"caption":"Marmorino Perlmutter"},{"@type":"BreadcrumbList","@id":"https:\/\/www.stuccovenezianoshop.com\/fr\/prodotto\/marmorino-perlmutter\/#breadcrumb","itemListElement":[{"@type":"ListItem","position":1,"name":"Accueil","item":"https:\/\/www.stuccovenezianoshop.com\/fr\/"},{"@type":"ListItem","position":2,"name":"Boutique","item":"https:\/\/www.stuccovenezianoshop.com\/fr\/boutique\/"},{"@type":"ListItem","position":3,"name":"Marmorino Perlmutter"}]},{"@type":"WebSite","@id":"https:\/\/www.stuccovenezianoshop.com\/fr\/#website","url":"https:\/\/www.stuccovenezianoshop.com\/fr\/","name":"Stucco Veneziano","description":"","publisher":{"@id":"https:\/\/www.stuccovenezianoshop.com\/fr\/#organization"},"potentialAction":[{"@type":"SearchAction","target":{"@type":"EntryPoint","urlTemplate":"https:\/\/www.stuccovenezianoshop.com\/fr\/?s={search_term_string}"},"query-input":{"@type":"PropertyValueSpecification","valueRequired":true,"valueName":"search_term_string"}}],"inLanguage":"fr-FR"},{"@type":"Organization","@id":"https:\/\/www.stuccovenezianoshop.com\/fr\/#organization","name":"Stucco Veneziano","url":"https:\/\/www.stuccovenezianoshop.com\/fr\/","logo":{"@type":"ImageObject","inLanguage":"fr-FR","@id":"https:\/\/www.stuccovenezianoshop.com\/fr\/#\/schema\/logo\/image\/","url":"https:\/\/www.stuccovenezianoshop.com\/wp-content\/uploads\/2021\/08\/Logo-mobile-2x.avif","contentUrl":"https:\/\/www.stuccovenezianoshop.com\/wp-content\/uploads\/2021\/08\/Logo-mobile-2x.avif","width":121,"height":70,"caption":"Stucco Veneziano"},"image":{"@id":"https:\/\/www.stuccovenezianoshop.com\/fr\/#\/schema\/logo\/image\/"},"sameAs":["https:\/\/www.facebook.com\/stuccovenezianoshop","https:\/\/www.instagram.com\/stuccovenezianoshop\/"]}]}},"_links":{"self":[{"href":"https:\/\/www.stuccovenezianoshop.com\/fr\/wp-json\/wp\/v2\/product\/53715","targetHints":{"allow":["GET"]}}],"collection":[{"href":"https:\/\/www.stuccovenezianoshop.com\/fr\/wp-json\/wp\/v2\/product"}],"about":[{"href":"https:\/\/www.stuccovenezianoshop.com\/fr\/wp-json\/wp\/v2\/types\/product"}],"replies":[{"embeddable":true,"href":"https:\/\/www.stuccovenezianoshop.com\/fr\/wp-json\/wp\/v2\/comments?post=53715"}],"wp:featuredmedia":[{"embeddable":true,"href":"https:\/\/www.stuccovenezianoshop.com\/fr\/wp-json\/wp\/v2\/media\/33720"}],"wp:attachment":[{"href":"https:\/\/www.stuccovenezianoshop.com\/fr\/wp-json\/wp\/v2\/media?parent=53715"}],"wp:term":[{"taxonomy":"product_brand","embeddable":true,"href":"https:\/\/www.stuccovenezianoshop.com\/fr\/wp-json\/wp\/v2\/product_brand?post=53715"},{"taxonomy":"product_cat","embeddable":true,"href":"https:\/\/www.stuccovenezianoshop.com\/fr\/wp-json\/wp\/v2\/product_cat?post=53715"},{"taxonomy":"product_tag","embeddable":true,"href":"https:\/\/www.stuccovenezianoshop.com\/fr\/wp-json\/wp\/v2\/product_tag?post=53715"}],"curies":[{"name":"wp","href":"https:\/\/api.w.org\/{rel}","templated":true}]}}