{"id":53171,"date":"2021-02-07T15:56:08","date_gmt":"2021-02-07T13:56:08","guid":{"rendered":"https:\/\/www.stuccovenezianoshop.com\/produkt\/art-design-tapestry-98523\/"},"modified":"2021-02-07T15:56:08","modified_gmt":"2021-02-07T13:56:08","slug":"art-design-tapestry-98523","status":"publish","type":"product","link":"https:\/\/www.stuccovenezianoshop.com\/fr\/prodotto\/art-design-tapestry-98523\/","title":{"rendered":"Art Design \u00ab Tapestry \u00bb &#8211; 98523"},"content":{"rendered":"<p>Pochoir Art Design \u00ab Tapestry \u00bb<br \/>\nTaille : 60 \u00d7 90 cm<\/p>\n","protected":false},"excerpt":{"rendered":"<p>Pochoir Art Design \u00ab Tapestry \u00bb<br \/>\nTaille : 60 \u00d7 90 cm<\/p>\n","protected":false},"featured_media":53172,"comment_status":"closed","ping_status":"closed","template":"","meta":{"_acf_changed":false},"product_brand":[],"product_cat":[1417],"product_tag":[],"class_list":{"0":"post-53171","1":"product","2":"type-product","3":"status-publish","4":"has-post-thumbnail","6":"product_cat-pochoirs","7":"description-off","9":"first","10":"instock","11":"taxable","12":"shipping-taxable","13":"purchasable","14":"product-type-simple"},"acf":[],"yoast_head":"<!-- This site is optimized with the Yoast SEO plugin v27.5 - https:\/\/yoast.com\/product\/yoast-seo-wordpress\/ -->\n<title>Art Design \u00ab Tapestry \u00bb - 98523 &#8226; Stucco Veneziano<\/title>\n<meta name=\"description\" content=\"Pochoir Art Design \u00ab Tapestry \u00bb Taille : 60 \u00d7 90 cm. Stucco Veneziano Shop. Livraison gratuite et rapide ! Garantie et qualit\u00e9 des mat\u00e9riaux\" \/>\n<meta name=\"robots\" content=\"index, follow, max-snippet:-1, max-image-preview:large, max-video-preview:-1\" \/>\n<link rel=\"canonical\" href=\"https:\/\/www.stuccovenezianoshop.com\/fr\/prodotto\/art-design-tapestry-98523\/\" \/>\n<meta property=\"og:locale\" content=\"fr_FR\" \/>\n<meta property=\"og:type\" content=\"article\" \/>\n<meta property=\"og:title\" content=\"Art Design \u00ab Tapestry \u00bb - 98523 &#8226; Stucco Veneziano\" \/>\n<meta property=\"og:description\" content=\"Pochoir Art Design \u00ab Tapestry \u00bb Taille : 60 \u00d7 90 cm. Stucco Veneziano Shop. Livraison gratuite et rapide ! Garantie et qualit\u00e9 des mat\u00e9riaux\" \/>\n<meta property=\"og:url\" content=\"https:\/\/www.stuccovenezianoshop.com\/fr\/prodotto\/art-design-tapestry-98523\/\" \/>\n<meta property=\"og:site_name\" content=\"Stucco Veneziano\" \/>\n<meta property=\"article:publisher\" content=\"https:\/\/www.facebook.com\/stuccovenezianoshop\" \/>\n<meta name=\"twitter:card\" content=\"summary_large_image\" \/>\n<script type=\"application\/ld+json\" class=\"yoast-schema-graph\">{\"@context\":\"https:\\\/\\\/schema.org\",\"@graph\":[{\"@type\":\"WebPage\",\"@id\":\"https:\\\/\\\/www.stuccovenezianoshop.com\\\/fr\\\/prodotto\\\/art-design-tapestry-98523\\\/\",\"url\":\"https:\\\/\\\/www.stuccovenezianoshop.com\\\/fr\\\/prodotto\\\/art-design-tapestry-98523\\\/\",\"name\":\"Art Design \u00ab Tapestry \u00bb - 98523 &#8226; Stucco Veneziano\",\"isPartOf\":{\"@id\":\"https:\\\/\\\/www.stuccovenezianoshop.com\\\/fr\\\/#website\"},\"primaryImageOfPage\":{\"@id\":\"https:\\\/\\\/www.stuccovenezianoshop.com\\\/fr\\\/prodotto\\\/art-design-tapestry-98523\\\/#primaryimage\"},\"image\":{\"@id\":\"https:\\\/\\\/www.stuccovenezianoshop.com\\\/fr\\\/prodotto\\\/art-design-tapestry-98523\\\/#primaryimage\"},\"thumbnailUrl\":\"https:\\\/\\\/www.stuccovenezianoshop.com\\\/wp-content\\\/uploads\\\/2021\\\/02\\\/new-tapestry-98523.avif\",\"datePublished\":\"2021-02-07T13:56:08+00:00\",\"description\":\"Pochoir Art Design \u00ab Tapestry \u00bb Taille : 60 \u00d7 90 cm. Stucco Veneziano Shop. Livraison gratuite et rapide ! Garantie et qualit\u00e9 des mat\u00e9riaux\",\"breadcrumb\":{\"@id\":\"https:\\\/\\\/www.stuccovenezianoshop.com\\\/fr\\\/prodotto\\\/art-design-tapestry-98523\\\/#breadcrumb\"},\"inLanguage\":\"fr-FR\",\"potentialAction\":[{\"@type\":\"ReadAction\",\"target\":[\"https:\\\/\\\/www.stuccovenezianoshop.com\\\/fr\\\/prodotto\\\/art-design-tapestry-98523\\\/\"]}]},{\"@type\":\"ImageObject\",\"inLanguage\":\"fr-FR\",\"@id\":\"https:\\\/\\\/www.stuccovenezianoshop.com\\\/fr\\\/prodotto\\\/art-design-tapestry-98523\\\/#primaryimage\",\"url\":\"https:\\\/\\\/www.stuccovenezianoshop.com\\\/wp-content\\\/uploads\\\/2021\\\/02\\\/new-tapestry-98523.avif\",\"contentUrl\":\"https:\\\/\\\/www.stuccovenezianoshop.com\\\/wp-content\\\/uploads\\\/2021\\\/02\\\/new-tapestry-98523.avif\",\"width\":1200,\"height\":800},{\"@type\":\"BreadcrumbList\",\"@id\":\"https:\\\/\\\/www.stuccovenezianoshop.com\\\/fr\\\/prodotto\\\/art-design-tapestry-98523\\\/#breadcrumb\",\"itemListElement\":[{\"@type\":\"ListItem\",\"position\":1,\"name\":\"Accueil\",\"item\":\"https:\\\/\\\/www.stuccovenezianoshop.com\\\/fr\\\/\"},{\"@type\":\"ListItem\",\"position\":2,\"name\":\"Boutique\",\"item\":\"https:\\\/\\\/www.stuccovenezianoshop.com\\\/fr\\\/boutique\\\/\"},{\"@type\":\"ListItem\",\"position\":3,\"name\":\"Art Design \u00ab Tapestry \u00bb &#8211; 98523\"}]},{\"@type\":\"WebSite\",\"@id\":\"https:\\\/\\\/www.stuccovenezianoshop.com\\\/fr\\\/#website\",\"url\":\"https:\\\/\\\/www.stuccovenezianoshop.com\\\/fr\\\/\",\"name\":\"Stucco Veneziano\",\"description\":\"\",\"publisher\":{\"@id\":\"https:\\\/\\\/www.stuccovenezianoshop.com\\\/fr\\\/#organization\"},\"potentialAction\":[{\"@type\":\"SearchAction\",\"target\":{\"@type\":\"EntryPoint\",\"urlTemplate\":\"https:\\\/\\\/www.stuccovenezianoshop.com\\\/fr\\\/?s={search_term_string}\"},\"query-input\":{\"@type\":\"PropertyValueSpecification\",\"valueRequired\":true,\"valueName\":\"search_term_string\"}}],\"inLanguage\":\"fr-FR\"},{\"@type\":\"Organization\",\"@id\":\"https:\\\/\\\/www.stuccovenezianoshop.com\\\/fr\\\/#organization\",\"name\":\"Stucco Veneziano\",\"url\":\"https:\\\/\\\/www.stuccovenezianoshop.com\\\/fr\\\/\",\"logo\":{\"@type\":\"ImageObject\",\"inLanguage\":\"fr-FR\",\"@id\":\"https:\\\/\\\/www.stuccovenezianoshop.com\\\/fr\\\/#\\\/schema\\\/logo\\\/image\\\/\",\"url\":\"https:\\\/\\\/www.stuccovenezianoshop.com\\\/wp-content\\\/uploads\\\/2021\\\/08\\\/Logo-mobile-2x.avif\",\"contentUrl\":\"https:\\\/\\\/www.stuccovenezianoshop.com\\\/wp-content\\\/uploads\\\/2021\\\/08\\\/Logo-mobile-2x.avif\",\"width\":121,\"height\":70,\"caption\":\"Stucco Veneziano\"},\"image\":{\"@id\":\"https:\\\/\\\/www.stuccovenezianoshop.com\\\/fr\\\/#\\\/schema\\\/logo\\\/image\\\/\"},\"sameAs\":[\"https:\\\/\\\/www.facebook.com\\\/stuccovenezianoshop\",\"https:\\\/\\\/www.instagram.com\\\/stuccovenezianoshop\\\/\"]}]}<\/script>\n<!-- \/ Yoast SEO plugin. -->","yoast_head_json":{"title":"Art Design \u00ab Tapestry \u00bb - 98523 &#8226; Stucco Veneziano","description":"Pochoir Art Design \u00ab Tapestry \u00bb Taille : 60 \u00d7 90 cm. Stucco Veneziano Shop. Livraison gratuite et rapide ! Garantie et qualit\u00e9 des mat\u00e9riaux","robots":{"index":"index","follow":"follow","max-snippet":"max-snippet:-1","max-image-preview":"max-image-preview:large","max-video-preview":"max-video-preview:-1"},"canonical":"https:\/\/www.stuccovenezianoshop.com\/fr\/prodotto\/art-design-tapestry-98523\/","og_locale":"fr_FR","og_type":"article","og_title":"Art Design \u00ab Tapestry \u00bb - 98523 &#8226; Stucco Veneziano","og_description":"Pochoir Art Design \u00ab Tapestry \u00bb Taille : 60 \u00d7 90 cm. Stucco Veneziano Shop. Livraison gratuite et rapide ! Garantie et qualit\u00e9 des mat\u00e9riaux","og_url":"https:\/\/www.stuccovenezianoshop.com\/fr\/prodotto\/art-design-tapestry-98523\/","og_site_name":"Stucco Veneziano","article_publisher":"https:\/\/www.facebook.com\/stuccovenezianoshop","twitter_card":"summary_large_image","schema":{"@context":"https:\/\/schema.org","@graph":[{"@type":"WebPage","@id":"https:\/\/www.stuccovenezianoshop.com\/fr\/prodotto\/art-design-tapestry-98523\/","url":"https:\/\/www.stuccovenezianoshop.com\/fr\/prodotto\/art-design-tapestry-98523\/","name":"Art Design \u00ab Tapestry \u00bb - 98523 &#8226; Stucco Veneziano","isPartOf":{"@id":"https:\/\/www.stuccovenezianoshop.com\/fr\/#website"},"primaryImageOfPage":{"@id":"https:\/\/www.stuccovenezianoshop.com\/fr\/prodotto\/art-design-tapestry-98523\/#primaryimage"},"image":{"@id":"https:\/\/www.stuccovenezianoshop.com\/fr\/prodotto\/art-design-tapestry-98523\/#primaryimage"},"thumbnailUrl":"https:\/\/www.stuccovenezianoshop.com\/wp-content\/uploads\/2021\/02\/new-tapestry-98523.avif","datePublished":"2021-02-07T13:56:08+00:00","description":"Pochoir Art Design \u00ab Tapestry \u00bb Taille : 60 \u00d7 90 cm. Stucco Veneziano Shop. Livraison gratuite et rapide ! Garantie et qualit\u00e9 des mat\u00e9riaux","breadcrumb":{"@id":"https:\/\/www.stuccovenezianoshop.com\/fr\/prodotto\/art-design-tapestry-98523\/#breadcrumb"},"inLanguage":"fr-FR","potentialAction":[{"@type":"ReadAction","target":["https:\/\/www.stuccovenezianoshop.com\/fr\/prodotto\/art-design-tapestry-98523\/"]}]},{"@type":"ImageObject","inLanguage":"fr-FR","@id":"https:\/\/www.stuccovenezianoshop.com\/fr\/prodotto\/art-design-tapestry-98523\/#primaryimage","url":"https:\/\/www.stuccovenezianoshop.com\/wp-content\/uploads\/2021\/02\/new-tapestry-98523.avif","contentUrl":"https:\/\/www.stuccovenezianoshop.com\/wp-content\/uploads\/2021\/02\/new-tapestry-98523.avif","width":1200,"height":800},{"@type":"BreadcrumbList","@id":"https:\/\/www.stuccovenezianoshop.com\/fr\/prodotto\/art-design-tapestry-98523\/#breadcrumb","itemListElement":[{"@type":"ListItem","position":1,"name":"Accueil","item":"https:\/\/www.stuccovenezianoshop.com\/fr\/"},{"@type":"ListItem","position":2,"name":"Boutique","item":"https:\/\/www.stuccovenezianoshop.com\/fr\/boutique\/"},{"@type":"ListItem","position":3,"name":"Art Design \u00ab Tapestry \u00bb &#8211; 98523"}]},{"@type":"WebSite","@id":"https:\/\/www.stuccovenezianoshop.com\/fr\/#website","url":"https:\/\/www.stuccovenezianoshop.com\/fr\/","name":"Stucco Veneziano","description":"","publisher":{"@id":"https:\/\/www.stuccovenezianoshop.com\/fr\/#organization"},"potentialAction":[{"@type":"SearchAction","target":{"@type":"EntryPoint","urlTemplate":"https:\/\/www.stuccovenezianoshop.com\/fr\/?s={search_term_string}"},"query-input":{"@type":"PropertyValueSpecification","valueRequired":true,"valueName":"search_term_string"}}],"inLanguage":"fr-FR"},{"@type":"Organization","@id":"https:\/\/www.stuccovenezianoshop.com\/fr\/#organization","name":"Stucco Veneziano","url":"https:\/\/www.stuccovenezianoshop.com\/fr\/","logo":{"@type":"ImageObject","inLanguage":"fr-FR","@id":"https:\/\/www.stuccovenezianoshop.com\/fr\/#\/schema\/logo\/image\/","url":"https:\/\/www.stuccovenezianoshop.com\/wp-content\/uploads\/2021\/08\/Logo-mobile-2x.avif","contentUrl":"https:\/\/www.stuccovenezianoshop.com\/wp-content\/uploads\/2021\/08\/Logo-mobile-2x.avif","width":121,"height":70,"caption":"Stucco Veneziano"},"image":{"@id":"https:\/\/www.stuccovenezianoshop.com\/fr\/#\/schema\/logo\/image\/"},"sameAs":["https:\/\/www.facebook.com\/stuccovenezianoshop","https:\/\/www.instagram.com\/stuccovenezianoshop\/"]}]}},"_links":{"self":[{"href":"https:\/\/www.stuccovenezianoshop.com\/fr\/wp-json\/wp\/v2\/product\/53171","targetHints":{"allow":["GET"]}}],"collection":[{"href":"https:\/\/www.stuccovenezianoshop.com\/fr\/wp-json\/wp\/v2\/product"}],"about":[{"href":"https:\/\/www.stuccovenezianoshop.com\/fr\/wp-json\/wp\/v2\/types\/product"}],"replies":[{"embeddable":true,"href":"https:\/\/www.stuccovenezianoshop.com\/fr\/wp-json\/wp\/v2\/comments?post=53171"}],"wp:featuredmedia":[{"embeddable":true,"href":"https:\/\/www.stuccovenezianoshop.com\/fr\/wp-json\/wp\/v2\/media\/53172"}],"wp:attachment":[{"href":"https:\/\/www.stuccovenezianoshop.com\/fr\/wp-json\/wp\/v2\/media?parent=53171"}],"wp:term":[{"taxonomy":"product_brand","embeddable":true,"href":"https:\/\/www.stuccovenezianoshop.com\/fr\/wp-json\/wp\/v2\/product_brand?post=53171"},{"taxonomy":"product_cat","embeddable":true,"href":"https:\/\/www.stuccovenezianoshop.com\/fr\/wp-json\/wp\/v2\/product_cat?post=53171"},{"taxonomy":"product_tag","embeddable":true,"href":"https:\/\/www.stuccovenezianoshop.com\/fr\/wp-json\/wp\/v2\/product_tag?post=53171"}],"curies":[{"name":"wp","href":"https:\/\/api.w.org\/{rel}","templated":true}]}}