{"id":51395,"date":"2020-11-28T10:01:54","date_gmt":"2020-11-28T08:01:54","guid":{"rendered":"https:\/\/www.stuccovenezianoshop.com\/produkt\/kit-deffet-vert-de-gris\/"},"modified":"2020-11-28T10:01:54","modified_gmt":"2020-11-28T08:01:54","slug":"kit-deffet-vert-de-gris","status":"publish","type":"product","link":"https:\/\/www.stuccovenezianoshop.com\/fr\/prodotto\/kit-deffet-vert-de-gris\/","title":{"rendered":"Kit d&rsquo;effet vert-de-gris"},"content":{"rendered":"<p>Syst\u00e8me compos\u00e9 d&rsquo;un produit de base, d&rsquo;un effet vert-de-gris et d&rsquo;une finition oxydante, activateur d&rsquo;effet vert-de-gris. L&rsquo;application de ce dernier sur le premier cr\u00e9e une oxydation totalement identique \u00e0 celle que l&rsquo;on trouve sur une surface ferreuse expos\u00e9e \u00e0 la corrosion naturelle due aux intemp\u00e9ries. Le scellant est \u00e9galement fourni.  <\/p>\n<p>L&rsquo;effet vert-de-gris est le produit d\u00e9coratif pour cr\u00e9er un effet de vert-de-gris. Gr\u00e2ce \u00e0 sa composition, le produit peut \u00eatre utilis\u00e9 \u00e0 l&rsquo;int\u00e9rieur et donne au mur une texture brute et m\u00e9tropolitaine. Les surfaces d\u00e9cor\u00e9es avec l&rsquo;effet vert-de-gris sont dynamiques, leur aspect esth\u00e9tique peut changer avec le temps.  <\/p>\n<p><strong>L&rsquo;effet des photos est obtenu avec une combinaison d&rsquo;effet rouille et d&rsquo;effet vert-de-gris<\/strong><\/p>\n<p>&nbsp;<\/p>\n","protected":false},"excerpt":{"rendered":"<p>Syst\u00e8me compos\u00e9 d&rsquo;un produit de base, d&rsquo;un effet vert-de-gris et d&rsquo;une finition oxydante, activateur d&rsquo;effet vert-de-gris. L&rsquo;application de ce dernier sur le premier cr\u00e9e une oxydation totalement identique \u00e0 celle que l&rsquo;on trouve sur une surface ferreuse expos\u00e9e \u00e0 la corrosion naturelle due aux intemp\u00e9ries. Le scellant est \u00e9galement fourni.<br \/>\nQuantit\u00e9 &#8211; 1 Lt  <\/p>\n<h4>Caract\u00e9ristiques du produit :<\/h4>\n<p><span class=\"avvertenze\">Remarques : Diluer avec de l&rsquo;eau \u00e0 15 % &#8211; appliquer deux couches ou plus d&rsquo;activateur pour maintenir l&rsquo;effet vert-de-gris<\/span><br \/>\n<span class=\"nature\">Nature : Couleurs avec du cuivre pulv\u00e9ris\u00e9<\/span><br \/>\n<span class=\"aspetto\">Aspect : la couleur rouge activ\u00e9e avec l&rsquo;activateur obtient des nuances de vert-de-gris. Prot\u00e9ger avec un scellant  <\/span><br \/>\n<a href=\"https:\/\/www.stuccovenezianoshop.com\/wp-content\/uploads\/2021\/09\/052_TECHNISCHES_MERKBLATT_GRUeNSPANEFFEKT__AKTIVATOR.pdf\" target=\"_blank\" rel=\"noopener noreferrer\"><span class=\"pdf\">Fiche technique<\/span><\/a><\/p>\n<p><span style=\"color: #ffffff;\"><a style=\"color: #ffffff;\" href=\"https:\/\/www.stuccovenezianoshop.com\/fr\/tutoriel\/#Gr%C3%BCnspaneffektKit\"><button class=\"video-button\">Tutoriel vid\u00e9o<\/button><\/a><\/span><\/p>\n","protected":false},"featured_media":35132,"comment_status":"closed","ping_status":"closed","template":"","meta":{"_acf_changed":false},"product_brand":[],"product_cat":[1005,1560,1356],"product_tag":[],"class_list":{"0":"post-51395","1":"product","2":"type-product","3":"status-publish","4":"has-post-thumbnail","6":"product_cat-enduits-de-marbre","7":"product_cat-oxydation","8":"product_cat-produits-preferes-des-clients","9":"description-off","11":"first","12":"instock","13":"taxable","14":"shipping-taxable","15":"purchasable","16":"product-type-simple"},"acf":[],"yoast_head":"<!-- This site is optimized with the Yoast SEO plugin v27.5 - https:\/\/yoast.com\/product\/yoast-seo-wordpress\/ -->\n<title>Kit d&#039;effet vert-de-gris &#8226; Stucco Veneziano<\/title>\n<meta name=\"description\" content=\"Syst\u00e8me compos\u00e9 d&#039;un produit de base, d&#039;un effet vert-de-gris et d&#039;une finition oxydante, activateur d&#039;effet vert-de-gris. Stucco Veneziano Shop\" \/>\n<meta name=\"robots\" content=\"index, follow, max-snippet:-1, max-image-preview:large, max-video-preview:-1\" \/>\n<link rel=\"canonical\" href=\"https:\/\/www.stuccovenezianoshop.com\/fr\/prodotto\/kit-deffet-vert-de-gris\/\" \/>\n<meta property=\"og:locale\" content=\"fr_FR\" \/>\n<meta property=\"og:type\" content=\"article\" \/>\n<meta property=\"og:title\" content=\"Kit d&#039;effet vert-de-gris &#8226; Stucco Veneziano\" \/>\n<meta property=\"og:description\" content=\"Syst\u00e8me compos\u00e9 d&#039;un produit de base, d&#039;un effet vert-de-gris et d&#039;une finition oxydante, activateur d&#039;effet vert-de-gris. Stucco Veneziano Shop\" \/>\n<meta property=\"og:url\" content=\"https:\/\/www.stuccovenezianoshop.com\/fr\/prodotto\/kit-deffet-vert-de-gris\/\" \/>\n<meta property=\"og:site_name\" content=\"Stucco Veneziano\" \/>\n<meta property=\"article:publisher\" content=\"https:\/\/www.facebook.com\/stuccovenezianoshop\" \/>\n<meta name=\"twitter:card\" content=\"summary_large_image\" \/>\n<meta name=\"twitter:label1\" content=\"Dur\u00e9e de lecture estim\u00e9e\" \/>\n\t<meta name=\"twitter:data1\" content=\"1 minute\" \/>\n<script type=\"application\/ld+json\" class=\"yoast-schema-graph\">{\"@context\":\"https:\\\/\\\/schema.org\",\"@graph\":[{\"@type\":\"WebPage\",\"@id\":\"https:\\\/\\\/www.stuccovenezianoshop.com\\\/fr\\\/prodotto\\\/kit-deffet-vert-de-gris\\\/\",\"url\":\"https:\\\/\\\/www.stuccovenezianoshop.com\\\/fr\\\/prodotto\\\/kit-deffet-vert-de-gris\\\/\",\"name\":\"Kit d'effet vert-de-gris &#8226; Stucco Veneziano\",\"isPartOf\":{\"@id\":\"https:\\\/\\\/www.stuccovenezianoshop.com\\\/fr\\\/#website\"},\"primaryImageOfPage\":{\"@id\":\"https:\\\/\\\/www.stuccovenezianoshop.com\\\/fr\\\/prodotto\\\/kit-deffet-vert-de-gris\\\/#primaryimage\"},\"image\":{\"@id\":\"https:\\\/\\\/www.stuccovenezianoshop.com\\\/fr\\\/prodotto\\\/kit-deffet-vert-de-gris\\\/#primaryimage\"},\"thumbnailUrl\":\"https:\\\/\\\/www.stuccovenezianoshop.com\\\/wp-content\\\/uploads\\\/2022\\\/05\\\/Verdigris-P1233742-e1652804166383.avif\",\"datePublished\":\"2020-11-28T08:01:54+00:00\",\"description\":\"Syst\u00e8me compos\u00e9 d'un produit de base, d'un effet vert-de-gris et d'une finition oxydante, activateur d'effet vert-de-gris. Stucco Veneziano Shop\",\"breadcrumb\":{\"@id\":\"https:\\\/\\\/www.stuccovenezianoshop.com\\\/fr\\\/prodotto\\\/kit-deffet-vert-de-gris\\\/#breadcrumb\"},\"inLanguage\":\"fr-FR\",\"potentialAction\":[{\"@type\":\"ReadAction\",\"target\":[\"https:\\\/\\\/www.stuccovenezianoshop.com\\\/fr\\\/prodotto\\\/kit-deffet-vert-de-gris\\\/\"]}]},{\"@type\":\"ImageObject\",\"inLanguage\":\"fr-FR\",\"@id\":\"https:\\\/\\\/www.stuccovenezianoshop.com\\\/fr\\\/prodotto\\\/kit-deffet-vert-de-gris\\\/#primaryimage\",\"url\":\"https:\\\/\\\/www.stuccovenezianoshop.com\\\/wp-content\\\/uploads\\\/2022\\\/05\\\/Verdigris-P1233742-e1652804166383.avif\",\"contentUrl\":\"https:\\\/\\\/www.stuccovenezianoshop.com\\\/wp-content\\\/uploads\\\/2022\\\/05\\\/Verdigris-P1233742-e1652804166383.avif\",\"width\":1200,\"height\":1200},{\"@type\":\"BreadcrumbList\",\"@id\":\"https:\\\/\\\/www.stuccovenezianoshop.com\\\/fr\\\/prodotto\\\/kit-deffet-vert-de-gris\\\/#breadcrumb\",\"itemListElement\":[{\"@type\":\"ListItem\",\"position\":1,\"name\":\"Accueil\",\"item\":\"https:\\\/\\\/www.stuccovenezianoshop.com\\\/fr\\\/\"},{\"@type\":\"ListItem\",\"position\":2,\"name\":\"Boutique\",\"item\":\"https:\\\/\\\/www.stuccovenezianoshop.com\\\/fr\\\/boutique\\\/\"},{\"@type\":\"ListItem\",\"position\":3,\"name\":\"Kit d&rsquo;effet vert-de-gris\"}]},{\"@type\":\"WebSite\",\"@id\":\"https:\\\/\\\/www.stuccovenezianoshop.com\\\/fr\\\/#website\",\"url\":\"https:\\\/\\\/www.stuccovenezianoshop.com\\\/fr\\\/\",\"name\":\"Stucco Veneziano\",\"description\":\"\",\"publisher\":{\"@id\":\"https:\\\/\\\/www.stuccovenezianoshop.com\\\/fr\\\/#organization\"},\"potentialAction\":[{\"@type\":\"SearchAction\",\"target\":{\"@type\":\"EntryPoint\",\"urlTemplate\":\"https:\\\/\\\/www.stuccovenezianoshop.com\\\/fr\\\/?s={search_term_string}\"},\"query-input\":{\"@type\":\"PropertyValueSpecification\",\"valueRequired\":true,\"valueName\":\"search_term_string\"}}],\"inLanguage\":\"fr-FR\"},{\"@type\":\"Organization\",\"@id\":\"https:\\\/\\\/www.stuccovenezianoshop.com\\\/fr\\\/#organization\",\"name\":\"Stucco Veneziano\",\"url\":\"https:\\\/\\\/www.stuccovenezianoshop.com\\\/fr\\\/\",\"logo\":{\"@type\":\"ImageObject\",\"inLanguage\":\"fr-FR\",\"@id\":\"https:\\\/\\\/www.stuccovenezianoshop.com\\\/fr\\\/#\\\/schema\\\/logo\\\/image\\\/\",\"url\":\"https:\\\/\\\/www.stuccovenezianoshop.com\\\/wp-content\\\/uploads\\\/2021\\\/08\\\/Logo-mobile-2x.avif\",\"contentUrl\":\"https:\\\/\\\/www.stuccovenezianoshop.com\\\/wp-content\\\/uploads\\\/2021\\\/08\\\/Logo-mobile-2x.avif\",\"width\":121,\"height\":70,\"caption\":\"Stucco Veneziano\"},\"image\":{\"@id\":\"https:\\\/\\\/www.stuccovenezianoshop.com\\\/fr\\\/#\\\/schema\\\/logo\\\/image\\\/\"},\"sameAs\":[\"https:\\\/\\\/www.facebook.com\\\/stuccovenezianoshop\",\"https:\\\/\\\/www.instagram.com\\\/stuccovenezianoshop\\\/\"]}]}<\/script>\n<!-- \/ Yoast SEO plugin. -->","yoast_head_json":{"title":"Kit d'effet vert-de-gris &#8226; Stucco Veneziano","description":"Syst\u00e8me compos\u00e9 d'un produit de base, d'un effet vert-de-gris et d'une finition oxydante, activateur d'effet vert-de-gris. Stucco Veneziano Shop","robots":{"index":"index","follow":"follow","max-snippet":"max-snippet:-1","max-image-preview":"max-image-preview:large","max-video-preview":"max-video-preview:-1"},"canonical":"https:\/\/www.stuccovenezianoshop.com\/fr\/prodotto\/kit-deffet-vert-de-gris\/","og_locale":"fr_FR","og_type":"article","og_title":"Kit d'effet vert-de-gris &#8226; Stucco Veneziano","og_description":"Syst\u00e8me compos\u00e9 d'un produit de base, d'un effet vert-de-gris et d'une finition oxydante, activateur d'effet vert-de-gris. Stucco Veneziano Shop","og_url":"https:\/\/www.stuccovenezianoshop.com\/fr\/prodotto\/kit-deffet-vert-de-gris\/","og_site_name":"Stucco Veneziano","article_publisher":"https:\/\/www.facebook.com\/stuccovenezianoshop","twitter_card":"summary_large_image","twitter_misc":{"Dur\u00e9e de lecture estim\u00e9e":"1 minute"},"schema":{"@context":"https:\/\/schema.org","@graph":[{"@type":"WebPage","@id":"https:\/\/www.stuccovenezianoshop.com\/fr\/prodotto\/kit-deffet-vert-de-gris\/","url":"https:\/\/www.stuccovenezianoshop.com\/fr\/prodotto\/kit-deffet-vert-de-gris\/","name":"Kit d'effet vert-de-gris &#8226; Stucco Veneziano","isPartOf":{"@id":"https:\/\/www.stuccovenezianoshop.com\/fr\/#website"},"primaryImageOfPage":{"@id":"https:\/\/www.stuccovenezianoshop.com\/fr\/prodotto\/kit-deffet-vert-de-gris\/#primaryimage"},"image":{"@id":"https:\/\/www.stuccovenezianoshop.com\/fr\/prodotto\/kit-deffet-vert-de-gris\/#primaryimage"},"thumbnailUrl":"https:\/\/www.stuccovenezianoshop.com\/wp-content\/uploads\/2022\/05\/Verdigris-P1233742-e1652804166383.avif","datePublished":"2020-11-28T08:01:54+00:00","description":"Syst\u00e8me compos\u00e9 d'un produit de base, d'un effet vert-de-gris et d'une finition oxydante, activateur d'effet vert-de-gris. Stucco Veneziano Shop","breadcrumb":{"@id":"https:\/\/www.stuccovenezianoshop.com\/fr\/prodotto\/kit-deffet-vert-de-gris\/#breadcrumb"},"inLanguage":"fr-FR","potentialAction":[{"@type":"ReadAction","target":["https:\/\/www.stuccovenezianoshop.com\/fr\/prodotto\/kit-deffet-vert-de-gris\/"]}]},{"@type":"ImageObject","inLanguage":"fr-FR","@id":"https:\/\/www.stuccovenezianoshop.com\/fr\/prodotto\/kit-deffet-vert-de-gris\/#primaryimage","url":"https:\/\/www.stuccovenezianoshop.com\/wp-content\/uploads\/2022\/05\/Verdigris-P1233742-e1652804166383.avif","contentUrl":"https:\/\/www.stuccovenezianoshop.com\/wp-content\/uploads\/2022\/05\/Verdigris-P1233742-e1652804166383.avif","width":1200,"height":1200},{"@type":"BreadcrumbList","@id":"https:\/\/www.stuccovenezianoshop.com\/fr\/prodotto\/kit-deffet-vert-de-gris\/#breadcrumb","itemListElement":[{"@type":"ListItem","position":1,"name":"Accueil","item":"https:\/\/www.stuccovenezianoshop.com\/fr\/"},{"@type":"ListItem","position":2,"name":"Boutique","item":"https:\/\/www.stuccovenezianoshop.com\/fr\/boutique\/"},{"@type":"ListItem","position":3,"name":"Kit d&rsquo;effet vert-de-gris"}]},{"@type":"WebSite","@id":"https:\/\/www.stuccovenezianoshop.com\/fr\/#website","url":"https:\/\/www.stuccovenezianoshop.com\/fr\/","name":"Stucco Veneziano","description":"","publisher":{"@id":"https:\/\/www.stuccovenezianoshop.com\/fr\/#organization"},"potentialAction":[{"@type":"SearchAction","target":{"@type":"EntryPoint","urlTemplate":"https:\/\/www.stuccovenezianoshop.com\/fr\/?s={search_term_string}"},"query-input":{"@type":"PropertyValueSpecification","valueRequired":true,"valueName":"search_term_string"}}],"inLanguage":"fr-FR"},{"@type":"Organization","@id":"https:\/\/www.stuccovenezianoshop.com\/fr\/#organization","name":"Stucco Veneziano","url":"https:\/\/www.stuccovenezianoshop.com\/fr\/","logo":{"@type":"ImageObject","inLanguage":"fr-FR","@id":"https:\/\/www.stuccovenezianoshop.com\/fr\/#\/schema\/logo\/image\/","url":"https:\/\/www.stuccovenezianoshop.com\/wp-content\/uploads\/2021\/08\/Logo-mobile-2x.avif","contentUrl":"https:\/\/www.stuccovenezianoshop.com\/wp-content\/uploads\/2021\/08\/Logo-mobile-2x.avif","width":121,"height":70,"caption":"Stucco Veneziano"},"image":{"@id":"https:\/\/www.stuccovenezianoshop.com\/fr\/#\/schema\/logo\/image\/"},"sameAs":["https:\/\/www.facebook.com\/stuccovenezianoshop","https:\/\/www.instagram.com\/stuccovenezianoshop\/"]}]}},"_links":{"self":[{"href":"https:\/\/www.stuccovenezianoshop.com\/fr\/wp-json\/wp\/v2\/product\/51395","targetHints":{"allow":["GET"]}}],"collection":[{"href":"https:\/\/www.stuccovenezianoshop.com\/fr\/wp-json\/wp\/v2\/product"}],"about":[{"href":"https:\/\/www.stuccovenezianoshop.com\/fr\/wp-json\/wp\/v2\/types\/product"}],"replies":[{"embeddable":true,"href":"https:\/\/www.stuccovenezianoshop.com\/fr\/wp-json\/wp\/v2\/comments?post=51395"}],"wp:featuredmedia":[{"embeddable":true,"href":"https:\/\/www.stuccovenezianoshop.com\/fr\/wp-json\/wp\/v2\/media\/35132"}],"wp:attachment":[{"href":"https:\/\/www.stuccovenezianoshop.com\/fr\/wp-json\/wp\/v2\/media?parent=51395"}],"wp:term":[{"taxonomy":"product_brand","embeddable":true,"href":"https:\/\/www.stuccovenezianoshop.com\/fr\/wp-json\/wp\/v2\/product_brand?post=51395"},{"taxonomy":"product_cat","embeddable":true,"href":"https:\/\/www.stuccovenezianoshop.com\/fr\/wp-json\/wp\/v2\/product_cat?post=51395"},{"taxonomy":"product_tag","embeddable":true,"href":"https:\/\/www.stuccovenezianoshop.com\/fr\/wp-json\/wp\/v2\/product_tag?post=51395"}],"curies":[{"name":"wp","href":"https:\/\/api.w.org\/{rel}","templated":true}]}}