{"id":51150,"date":"2020-10-27T16:39:56","date_gmt":"2020-10-27T14:39:56","guid":{"rendered":"https:\/\/www.stuccovenezianoshop.com\/produkt\/stucco-veneziano-evolution-selpoivre\/"},"modified":"2020-10-27T16:39:56","modified_gmt":"2020-10-27T14:39:56","slug":"stucco-veneziano-evolution-selpoivre","status":"publish","type":"product","link":"https:\/\/www.stuccovenezianoshop.com\/fr\/prodotto\/stucco-veneziano-evolution-selpoivre\/","title":{"rendered":"Stucco Veneziano Evolution Sel&amp;Poivre"},"content":{"rendered":"<p>Stucco Veneziano Evolution Sel&amp;Poivre est un stuc de lissage tr\u00e8s fin pour la d\u00e9coration murale moderne et de haute qualit\u00e9.<br \/>\nLe rev\u00eatement mural de haute qualit\u00e9 avec des pigments de granit noirs conf\u00e8re \u00e0 vos murs des textures uniques et cr\u00e9e une ambiance \u00e9l\u00e9gante avec un effet brillant.<br \/>\nLa couleur du produit peut \u00eatre adapt\u00e9e avec le syst\u00e8me de couleurs Stucco Veneziano Shop.<\/p>\n<p>Propri\u00e9t\u00e9s de Stucco Veneziano Evolution Sel&amp;Poivre&nbsp;:<br \/>\n&#8211; Enduit mural \u00e0 base de chaux et de marbre<br \/>\n&#8211; Effet granit<br \/>\n&#8211; Structure de marbre avec des pigments naturels<br \/>\n&#8211; Haute stabilit\u00e9 et durabilit\u00e9<br \/>\n&#8211; Polyvalent pour une utilisation en int\u00e9rieur<br \/>\n&#8211; Peut \u00eatre color\u00e9 avec 108 couleurs<\/p>\n","protected":false},"excerpt":{"rendered":"<p>Stucco Veneziano Evolution Sel&amp;Poivre est un stuc de lissage tr\u00e8s fin pour la d\u00e9coration murale moderne et de haute qualit\u00e9.<br \/>\nLe rev\u00eatement mural de haute qualit\u00e9 avec des pigments de granit noirs conf\u00e8re \u00e0 vos murs des textures uniques et cr\u00e9e une ambiance \u00e9l\u00e9gante avec un effet brillant.<\/p>\n<h4>Caract\u00e9ristiques du produit :<\/h4>\n<p><span class=\"warning\">Attention&nbsp;: ce produit est vendu en blanc. Choisissez les toners ci-dessous. <\/span><br \/>\n<span class=\"extern\">Rendement par couche&nbsp;: <strong>env. 4&nbsp;m\u00b2\/kg<\/strong><\/span><br \/>\n<span class=\"extern\">Ext\u00e9rieur : Le toner convient aux applications ext\u00e9rieures<\/span><br \/>\n<span class=\"avvertenze\">Remarques&nbsp;: 550&nbsp;g de toner \u00e0 m\u00e9langer avec Stucco Veneziano Evolution  <\/span><br \/>\n<span class=\"nature\">Nature&nbsp;: Chaux + marbre noir et sable 200&nbsp;microns <\/span><br \/>\n<span class=\"aspetto\">Aspect&nbsp;: Lisse super brillant avec des points de marbre noirs, gris et micca <\/span><br \/>\n<a href=\"https:\/\/www.stuccovenezianoshop.com\/wp-content\/uploads\/pdf\/021_TECHNISCHES_MERKBLATT_STUCCO_VENEZIANO_EVOLUTION_SALZ_PFEFFER.pdf\" target=\"_blank\" rel=\"noopener noreferrer\"><span class=\"pdf\">Fiche technique<\/span><\/a><br \/>\n<a href=\"https:\/\/www.stuccovenezianoshop.com\/wp-content\/uploads\/pdf\/security\/021_SICHERHEITSDATENBLATT_STUCCO_VENEZIANO_SALZ_PFEFFER.pdf\" target=\"_blank\" rel=\"noopener noreferrer\"><span class=\"pdf\">Fiche de donn\u00e9es de s\u00e9curit\u00e9<\/span><\/a><\/p>\n<p><a href=\"https:\/\/www.stuccovenezianoshop.com\/fr\/tutoriel\/#StuccoVenezianoEvolutionSalz&#038;Pfepper\"><button class=\"video-button\">Tutoriel vid\u00e9o<\/button><\/a><\/p>\n","protected":false},"featured_media":33336,"comment_status":"closed","ping_status":"closed","template":"","meta":{"_acf_changed":false},"product_brand":[],"product_cat":[1355,1005,952,1425],"product_tag":[],"class_list":{"0":"post-51150","1":"product","2":"type-product","3":"status-publish","4":"has-post-thumbnail","6":"product_cat-effet-de-brillance","7":"product_cat-enduits-de-marbre","8":"product_cat-melange","9":"product_cat-stucco-veneziano-fr","10":"description-off","12":"first","13":"instock","14":"taxable","15":"shipping-taxable","16":"purchasable","17":"product-type-variable","18":"has-default-attributes"},"acf":[],"yoast_head":"<!-- This site is optimized with the Yoast SEO plugin v27.5 - https:\/\/yoast.com\/product\/yoast-seo-wordpress\/ -->\n<title>Stucco Veneziano Evolution Sel&amp;Poivre &#8226; Stucco Veneziano<\/title>\n<meta name=\"description\" content=\"Stucco Veneziano Evolution Sel&amp;Poivre est un stuc de lissage tr\u00e8s fin pour la d\u00e9coration murale moderne et de haute qualit\u00e9.\" \/>\n<meta name=\"robots\" content=\"index, follow, max-snippet:-1, max-image-preview:large, max-video-preview:-1\" \/>\n<link rel=\"canonical\" href=\"https:\/\/www.stuccovenezianoshop.com\/fr\/prodotto\/stucco-veneziano-evolution-selpoivre\/\" \/>\n<meta property=\"og:locale\" content=\"fr_FR\" \/>\n<meta property=\"og:type\" content=\"article\" \/>\n<meta property=\"og:title\" content=\"Stucco Veneziano Evolution Sel&amp;Poivre &#8226; Stucco Veneziano\" \/>\n<meta property=\"og:description\" content=\"Stucco Veneziano Evolution Sel&amp;Poivre est un stuc de lissage tr\u00e8s fin pour la d\u00e9coration murale moderne et de haute qualit\u00e9.\" \/>\n<meta property=\"og:url\" content=\"https:\/\/www.stuccovenezianoshop.com\/fr\/prodotto\/stucco-veneziano-evolution-selpoivre\/\" \/>\n<meta property=\"og:site_name\" content=\"Stucco Veneziano\" \/>\n<meta property=\"article:publisher\" content=\"https:\/\/www.facebook.com\/stuccovenezianoshop\" \/>\n<meta name=\"twitter:card\" content=\"summary_large_image\" \/>\n<meta name=\"twitter:label1\" content=\"Dur\u00e9e de lecture estim\u00e9e\" \/>\n\t<meta name=\"twitter:data1\" content=\"1 minute\" \/>\n<script type=\"application\/ld+json\" class=\"yoast-schema-graph\">{\"@context\":\"https:\\\/\\\/schema.org\",\"@graph\":[{\"@type\":\"WebPage\",\"@id\":\"https:\\\/\\\/www.stuccovenezianoshop.com\\\/fr\\\/prodotto\\\/stucco-veneziano-evolution-selpoivre\\\/\",\"url\":\"https:\\\/\\\/www.stuccovenezianoshop.com\\\/fr\\\/prodotto\\\/stucco-veneziano-evolution-selpoivre\\\/\",\"name\":\"Stucco Veneziano Evolution Sel&amp;Poivre &#8226; Stucco Veneziano\",\"isPartOf\":{\"@id\":\"https:\\\/\\\/www.stuccovenezianoshop.com\\\/fr\\\/#website\"},\"primaryImageOfPage\":{\"@id\":\"https:\\\/\\\/www.stuccovenezianoshop.com\\\/fr\\\/prodotto\\\/stucco-veneziano-evolution-selpoivre\\\/#primaryimage\"},\"image\":{\"@id\":\"https:\\\/\\\/www.stuccovenezianoshop.com\\\/fr\\\/prodotto\\\/stucco-veneziano-evolution-selpoivre\\\/#primaryimage\"},\"thumbnailUrl\":\"https:\\\/\\\/www.stuccovenezianoshop.com\\\/wp-content\\\/uploads\\\/2020\\\/10\\\/sale-pepe-lucido.avif\",\"datePublished\":\"2020-10-27T14:39:56+00:00\",\"description\":\"Stucco Veneziano Evolution Sel&Poivre est un stuc de lissage tr\u00e8s fin pour la d\u00e9coration murale moderne et de haute qualit\u00e9.\",\"breadcrumb\":{\"@id\":\"https:\\\/\\\/www.stuccovenezianoshop.com\\\/fr\\\/prodotto\\\/stucco-veneziano-evolution-selpoivre\\\/#breadcrumb\"},\"inLanguage\":\"fr-FR\",\"potentialAction\":[{\"@type\":\"ReadAction\",\"target\":[\"https:\\\/\\\/www.stuccovenezianoshop.com\\\/fr\\\/prodotto\\\/stucco-veneziano-evolution-selpoivre\\\/\"]}]},{\"@type\":\"ImageObject\",\"inLanguage\":\"fr-FR\",\"@id\":\"https:\\\/\\\/www.stuccovenezianoshop.com\\\/fr\\\/prodotto\\\/stucco-veneziano-evolution-selpoivre\\\/#primaryimage\",\"url\":\"https:\\\/\\\/www.stuccovenezianoshop.com\\\/wp-content\\\/uploads\\\/2020\\\/10\\\/sale-pepe-lucido.avif\",\"contentUrl\":\"https:\\\/\\\/www.stuccovenezianoshop.com\\\/wp-content\\\/uploads\\\/2020\\\/10\\\/sale-pepe-lucido.avif\",\"width\":1080,\"height\":1080},{\"@type\":\"BreadcrumbList\",\"@id\":\"https:\\\/\\\/www.stuccovenezianoshop.com\\\/fr\\\/prodotto\\\/stucco-veneziano-evolution-selpoivre\\\/#breadcrumb\",\"itemListElement\":[{\"@type\":\"ListItem\",\"position\":1,\"name\":\"Accueil\",\"item\":\"https:\\\/\\\/www.stuccovenezianoshop.com\\\/fr\\\/\"},{\"@type\":\"ListItem\",\"position\":2,\"name\":\"Boutique\",\"item\":\"https:\\\/\\\/www.stuccovenezianoshop.com\\\/fr\\\/boutique\\\/\"},{\"@type\":\"ListItem\",\"position\":3,\"name\":\"Stucco Veneziano Evolution Sel&amp;Poivre\"}]},{\"@type\":\"WebSite\",\"@id\":\"https:\\\/\\\/www.stuccovenezianoshop.com\\\/fr\\\/#website\",\"url\":\"https:\\\/\\\/www.stuccovenezianoshop.com\\\/fr\\\/\",\"name\":\"Stucco Veneziano\",\"description\":\"\",\"publisher\":{\"@id\":\"https:\\\/\\\/www.stuccovenezianoshop.com\\\/fr\\\/#organization\"},\"potentialAction\":[{\"@type\":\"SearchAction\",\"target\":{\"@type\":\"EntryPoint\",\"urlTemplate\":\"https:\\\/\\\/www.stuccovenezianoshop.com\\\/fr\\\/?s={search_term_string}\"},\"query-input\":{\"@type\":\"PropertyValueSpecification\",\"valueRequired\":true,\"valueName\":\"search_term_string\"}}],\"inLanguage\":\"fr-FR\"},{\"@type\":\"Organization\",\"@id\":\"https:\\\/\\\/www.stuccovenezianoshop.com\\\/fr\\\/#organization\",\"name\":\"Stucco Veneziano\",\"url\":\"https:\\\/\\\/www.stuccovenezianoshop.com\\\/fr\\\/\",\"logo\":{\"@type\":\"ImageObject\",\"inLanguage\":\"fr-FR\",\"@id\":\"https:\\\/\\\/www.stuccovenezianoshop.com\\\/fr\\\/#\\\/schema\\\/logo\\\/image\\\/\",\"url\":\"https:\\\/\\\/www.stuccovenezianoshop.com\\\/wp-content\\\/uploads\\\/2021\\\/08\\\/Logo-mobile-2x.avif\",\"contentUrl\":\"https:\\\/\\\/www.stuccovenezianoshop.com\\\/wp-content\\\/uploads\\\/2021\\\/08\\\/Logo-mobile-2x.avif\",\"width\":121,\"height\":70,\"caption\":\"Stucco Veneziano\"},\"image\":{\"@id\":\"https:\\\/\\\/www.stuccovenezianoshop.com\\\/fr\\\/#\\\/schema\\\/logo\\\/image\\\/\"},\"sameAs\":[\"https:\\\/\\\/www.facebook.com\\\/stuccovenezianoshop\",\"https:\\\/\\\/www.instagram.com\\\/stuccovenezianoshop\\\/\"]}]}<\/script>\n<!-- \/ Yoast SEO plugin. -->","yoast_head_json":{"title":"Stucco Veneziano Evolution Sel&amp;Poivre &#8226; Stucco Veneziano","description":"Stucco Veneziano Evolution Sel&Poivre est un stuc de lissage tr\u00e8s fin pour la d\u00e9coration murale moderne et de haute qualit\u00e9.","robots":{"index":"index","follow":"follow","max-snippet":"max-snippet:-1","max-image-preview":"max-image-preview:large","max-video-preview":"max-video-preview:-1"},"canonical":"https:\/\/www.stuccovenezianoshop.com\/fr\/prodotto\/stucco-veneziano-evolution-selpoivre\/","og_locale":"fr_FR","og_type":"article","og_title":"Stucco Veneziano Evolution Sel&amp;Poivre &#8226; Stucco Veneziano","og_description":"Stucco Veneziano Evolution Sel&Poivre est un stuc de lissage tr\u00e8s fin pour la d\u00e9coration murale moderne et de haute qualit\u00e9.","og_url":"https:\/\/www.stuccovenezianoshop.com\/fr\/prodotto\/stucco-veneziano-evolution-selpoivre\/","og_site_name":"Stucco Veneziano","article_publisher":"https:\/\/www.facebook.com\/stuccovenezianoshop","twitter_card":"summary_large_image","twitter_misc":{"Dur\u00e9e de lecture estim\u00e9e":"1 minute"},"schema":{"@context":"https:\/\/schema.org","@graph":[{"@type":"WebPage","@id":"https:\/\/www.stuccovenezianoshop.com\/fr\/prodotto\/stucco-veneziano-evolution-selpoivre\/","url":"https:\/\/www.stuccovenezianoshop.com\/fr\/prodotto\/stucco-veneziano-evolution-selpoivre\/","name":"Stucco Veneziano Evolution Sel&amp;Poivre &#8226; Stucco Veneziano","isPartOf":{"@id":"https:\/\/www.stuccovenezianoshop.com\/fr\/#website"},"primaryImageOfPage":{"@id":"https:\/\/www.stuccovenezianoshop.com\/fr\/prodotto\/stucco-veneziano-evolution-selpoivre\/#primaryimage"},"image":{"@id":"https:\/\/www.stuccovenezianoshop.com\/fr\/prodotto\/stucco-veneziano-evolution-selpoivre\/#primaryimage"},"thumbnailUrl":"https:\/\/www.stuccovenezianoshop.com\/wp-content\/uploads\/2020\/10\/sale-pepe-lucido.avif","datePublished":"2020-10-27T14:39:56+00:00","description":"Stucco Veneziano Evolution Sel&Poivre est un stuc de lissage tr\u00e8s fin pour la d\u00e9coration murale moderne et de haute qualit\u00e9.","breadcrumb":{"@id":"https:\/\/www.stuccovenezianoshop.com\/fr\/prodotto\/stucco-veneziano-evolution-selpoivre\/#breadcrumb"},"inLanguage":"fr-FR","potentialAction":[{"@type":"ReadAction","target":["https:\/\/www.stuccovenezianoshop.com\/fr\/prodotto\/stucco-veneziano-evolution-selpoivre\/"]}]},{"@type":"ImageObject","inLanguage":"fr-FR","@id":"https:\/\/www.stuccovenezianoshop.com\/fr\/prodotto\/stucco-veneziano-evolution-selpoivre\/#primaryimage","url":"https:\/\/www.stuccovenezianoshop.com\/wp-content\/uploads\/2020\/10\/sale-pepe-lucido.avif","contentUrl":"https:\/\/www.stuccovenezianoshop.com\/wp-content\/uploads\/2020\/10\/sale-pepe-lucido.avif","width":1080,"height":1080},{"@type":"BreadcrumbList","@id":"https:\/\/www.stuccovenezianoshop.com\/fr\/prodotto\/stucco-veneziano-evolution-selpoivre\/#breadcrumb","itemListElement":[{"@type":"ListItem","position":1,"name":"Accueil","item":"https:\/\/www.stuccovenezianoshop.com\/fr\/"},{"@type":"ListItem","position":2,"name":"Boutique","item":"https:\/\/www.stuccovenezianoshop.com\/fr\/boutique\/"},{"@type":"ListItem","position":3,"name":"Stucco Veneziano Evolution Sel&amp;Poivre"}]},{"@type":"WebSite","@id":"https:\/\/www.stuccovenezianoshop.com\/fr\/#website","url":"https:\/\/www.stuccovenezianoshop.com\/fr\/","name":"Stucco Veneziano","description":"","publisher":{"@id":"https:\/\/www.stuccovenezianoshop.com\/fr\/#organization"},"potentialAction":[{"@type":"SearchAction","target":{"@type":"EntryPoint","urlTemplate":"https:\/\/www.stuccovenezianoshop.com\/fr\/?s={search_term_string}"},"query-input":{"@type":"PropertyValueSpecification","valueRequired":true,"valueName":"search_term_string"}}],"inLanguage":"fr-FR"},{"@type":"Organization","@id":"https:\/\/www.stuccovenezianoshop.com\/fr\/#organization","name":"Stucco Veneziano","url":"https:\/\/www.stuccovenezianoshop.com\/fr\/","logo":{"@type":"ImageObject","inLanguage":"fr-FR","@id":"https:\/\/www.stuccovenezianoshop.com\/fr\/#\/schema\/logo\/image\/","url":"https:\/\/www.stuccovenezianoshop.com\/wp-content\/uploads\/2021\/08\/Logo-mobile-2x.avif","contentUrl":"https:\/\/www.stuccovenezianoshop.com\/wp-content\/uploads\/2021\/08\/Logo-mobile-2x.avif","width":121,"height":70,"caption":"Stucco Veneziano"},"image":{"@id":"https:\/\/www.stuccovenezianoshop.com\/fr\/#\/schema\/logo\/image\/"},"sameAs":["https:\/\/www.facebook.com\/stuccovenezianoshop","https:\/\/www.instagram.com\/stuccovenezianoshop\/"]}]}},"_links":{"self":[{"href":"https:\/\/www.stuccovenezianoshop.com\/fr\/wp-json\/wp\/v2\/product\/51150","targetHints":{"allow":["GET"]}}],"collection":[{"href":"https:\/\/www.stuccovenezianoshop.com\/fr\/wp-json\/wp\/v2\/product"}],"about":[{"href":"https:\/\/www.stuccovenezianoshop.com\/fr\/wp-json\/wp\/v2\/types\/product"}],"replies":[{"embeddable":true,"href":"https:\/\/www.stuccovenezianoshop.com\/fr\/wp-json\/wp\/v2\/comments?post=51150"}],"wp:featuredmedia":[{"embeddable":true,"href":"https:\/\/www.stuccovenezianoshop.com\/fr\/wp-json\/wp\/v2\/media\/33336"}],"wp:attachment":[{"href":"https:\/\/www.stuccovenezianoshop.com\/fr\/wp-json\/wp\/v2\/media?parent=51150"}],"wp:term":[{"taxonomy":"product_brand","embeddable":true,"href":"https:\/\/www.stuccovenezianoshop.com\/fr\/wp-json\/wp\/v2\/product_brand?post=51150"},{"taxonomy":"product_cat","embeddable":true,"href":"https:\/\/www.stuccovenezianoshop.com\/fr\/wp-json\/wp\/v2\/product_cat?post=51150"},{"taxonomy":"product_tag","embeddable":true,"href":"https:\/\/www.stuccovenezianoshop.com\/fr\/wp-json\/wp\/v2\/product_tag?post=51150"}],"curies":[{"name":"wp","href":"https:\/\/api.w.org\/{rel}","templated":true}]}}